{"id":987528969,"date":"2023-03-10T05:32:41","date_gmt":"2023-03-09T21:32:41","guid":{"rendered":"https:\/\/craftygenesindonesia.com\/shop\/unkategorisiert\/mona\/"},"modified":"2025-11-12T18:53:36","modified_gmt":"2025-11-12T10:53:36","slug":"mona","status":"publish","type":"product","link":"https:\/\/craftygenesindonesia.com\/de\/shop\/kinder-puppen-hakeln-muster\/mona\/","title":{"rendered":"Mona"},"content":{"rendered":"<p><strong>**Dieses Muster ist ein DIGITALER DOWNLOAD und ist in Englisch und Niederl\u00e4ndisch verf\u00fcgbar**<\/strong><\/p>\n<p>&nbsp;<\/p>\n<p>Das M\u00e4dchen ist 18,5 cm gro\u00df, der Markierer ist 12,5 cm gro\u00df. Beide werden mit leichtem Garn (3), das f\u00fcr Amigurumi geeignet ist, und einer H\u00e4kelnadel der Gr\u00f6\u00dfe 2mm hergestellt.<\/p>\n<p>&nbsp;<\/p>\n<p>Sie ben\u00f6tigen diese Farben:<\/p>\n<ul>\n<li>Braun<\/li>\n<li>Schwarz<\/li>\n<li>Rosa<\/li>\n<li>Hellrosa<\/li>\n<li>Hellblau<\/li>\n<li>Blau<\/li>\n<li>Dunkelblau<\/li>\n<li>Marineblau<\/li>\n<li>Wei\u00df<\/li>\n<li>Gelb<\/li>\n<li>Rot<\/li>\n<li>Dunkelrot<\/li>\n<li>Orange<\/li>\n<\/ul>\n<p>Sie ben\u00f6tigen au\u00dferdem: F\u00fcllung &#8211; Maschenmarkierer &#8211; Schere &#8211; Karton &#8211; Bleistift &#8211; Gobelin-Nadel &#8211; Wattest\u00e4bchen &#8211; 2 Ringe mit 30 mm Durchmesser<\/p>\n<p>&nbsp;<\/p>\n<p>H\u00e4kelnadel: Gr\u00f6\u00dfe 2mm<\/p>\n<p>&nbsp;<\/p>\n<p>Dieses H\u00e4kelmuster, das in Englisch und Niederl\u00e4ndisch verf\u00fcgbar ist, enth\u00e4lt viele Bilder, um Ihnen zu helfen. Wenn Sie noch Fragen haben, k\u00f6nnen Sie mich gerne kontaktieren unter: <a href=\"mailto:craftygenesindonesia@gmail.com\">craftygenesindonesia@gmail.com<\/a><\/p>\n<p>&nbsp;<\/p>\n<p>Dieses Muster ist mit einem COPYRIGHT versehen. Das Muster ist daher nur f\u00fcr den pers\u00f6nlichen Gebrauch bestimmt und darf NICHT kopiert, verkauft, weiterverkauft, \u00fcbersetzt, als eigenes Design beansprucht, verteilt, geteilt, ver\u00f6ffentlicht, online gestellt werden&#8230; in keiner Form ohne meine Zustimmung. Nicht einmal ein Teil davon!!!<\/p>\n<p>&nbsp;<\/p>\n<p>Sie k\u00f6nnen die fertige Puppe in kleinen Mengen verkaufen, ABER NICHT DAS MUSTER SELBST! Bitte erw\u00e4hnen Sie, dass das Schnittmuster von Craftygenesindonesia ist und wo man es kaufen kann<\/p>\n","protected":false},"excerpt":{"rendered":"<p>Dies ist ein leicht zu befolgendes H\u00e4kelmuster f\u00fcr eine niedliche kleine Zeichentrickfigur und ihren Marker. Ein wunderbares Geschenk f\u00fcr ein Kind.<\/p>\n","protected":false},"featured_media":987528972,"comment_status":"open","ping_status":"closed","template":"","meta":{"_acf_changed":false},"product_brand":[],"product_cat":[12218],"product_tag":[12488,12307],"class_list":{"0":"post-987528969","1":"product","2":"type-product","3":"status-publish","4":"has-post-thumbnail","6":"product_cat-kinder-puppen-hakeln-muster","7":"product_tag-cartoon-de","8":"product_tag-madchen","9":"pa_available_on-craftygenesindonesia","10":"pa_languages-niederlaendisch","11":"pa_languages-us-englisch","13":"first","14":"instock","15":"downloadable","16":"virtual","17":"purchasable","18":"product-type-simple"},"acf":[],"yoast_head":"<!-- This site is optimized with the Yoast SEO plugin v27.3 - https:\/\/yoast.com\/product\/yoast-seo-wordpress\/ -->\n<title>Mona H\u00e4kelmuster - Craftygenesindonesia<\/title>\n<meta name=\"description\" content=\"Kaufen Sie hier mein &quot;Mona&quot; H\u00e4kelmuster in Englisch &amp; Niederl\u00e4ndisch. Es ist ein leicht zu befolgendes Muster f\u00fcr eine liebenswerte Zeichentrickfigur.\" \/>\n<meta name=\"robots\" content=\"index, follow, max-snippet:-1, max-image-preview:large, max-video-preview:-1\" \/>\n<link rel=\"canonical\" href=\"https:\/\/craftygenesindonesia.com\/de\/shop\/kinder-puppen-hakeln-muster\/mona\/\" \/>\n<meta property=\"og:locale\" content=\"de_DE\" \/>\n<meta property=\"og:type\" content=\"article\" \/>\n<meta property=\"og:title\" content=\"Mona H\u00e4kelmuster\" \/>\n<meta property=\"og:description\" content=\"Kaufen Sie hier mein &quot;Mona&quot; H\u00e4kelmuster in Englisch &amp; Niederl\u00e4ndisch. Es ist ein leicht zu befolgendes Muster f\u00fcr eine liebenswerte Zeichentrickfigur.\" \/>\n<meta property=\"og:url\" content=\"https:\/\/craftygenesindonesia.com\/de\/shop\/kinder-puppen-hakeln-muster\/mona\/\" \/>\n<meta property=\"og:site_name\" content=\"Craftygenesindonesia\" \/>\n<meta property=\"article:modified_time\" content=\"2025-11-12T10:53:36+00:00\" \/>\n<meta property=\"og:image\" content=\"https:\/\/craftygenesindonesia.com\/wp-content\/uploads\/2023\/03\/image0_medium2-300x300.webp\" \/>\n<meta name=\"twitter:card\" content=\"summary_large_image\" \/>\n<meta name=\"twitter:title\" content=\"Mona H\u00e4kelmuster\" \/>\n<meta name=\"twitter:description\" content=\"Kaufen Sie hier mein &quot;Mona&quot; H\u00e4kelmuster in Englisch &amp; Niederl\u00e4ndisch. Es ist ein leicht zu befolgendes Muster f\u00fcr eine liebenswerte Zeichentrickfigur.\" \/>\n<meta name=\"twitter:image\" content=\"https:\/\/craftygenesindonesia.com\/wp-content\/uploads\/2023\/03\/image0_medium2.webp\" \/>\n<meta name=\"twitter:label1\" content=\"Gesch\u00e4tzte Lesezeit\" \/>\n\t<meta name=\"twitter:data1\" content=\"1\u00a0Minute\" \/>\n<script type=\"application\/ld+json\" class=\"yoast-schema-graph\">{\"@context\":\"https:\\\/\\\/schema.org\",\"@graph\":[{\"@type\":\"WebPage\",\"@id\":\"https:\\\/\\\/craftygenesindonesia.com\\\/de\\\/shop\\\/kinder-puppen-hakeln-muster\\\/mona\\\/\",\"url\":\"https:\\\/\\\/craftygenesindonesia.com\\\/de\\\/shop\\\/kinder-puppen-hakeln-muster\\\/mona\\\/\",\"name\":\"Mona H\u00e4kelmuster - Craftygenesindonesia\",\"isPartOf\":{\"@id\":\"https:\\\/\\\/craftygenesindonesia.com\\\/de\\\/#website\"},\"primaryImageOfPage\":{\"@id\":\"https:\\\/\\\/craftygenesindonesia.com\\\/de\\\/shop\\\/kinder-puppen-hakeln-muster\\\/mona\\\/#primaryimage\"},\"image\":{\"@id\":\"https:\\\/\\\/craftygenesindonesia.com\\\/de\\\/shop\\\/kinder-puppen-hakeln-muster\\\/mona\\\/#primaryimage\"},\"thumbnailUrl\":\"https:\\\/\\\/craftygenesindonesia.com\\\/wp-content\\\/uploads\\\/2023\\\/03\\\/Untitled-design-2023-08-17T082324.661.jpg\",\"datePublished\":\"2023-03-09T21:32:41+00:00\",\"dateModified\":\"2025-11-12T10:53:36+00:00\",\"description\":\"Kaufen Sie hier mein \\\"Mona\\\" H\u00e4kelmuster in Englisch & Niederl\u00e4ndisch. Es ist ein leicht zu befolgendes Muster f\u00fcr eine liebenswerte Zeichentrickfigur.\",\"breadcrumb\":{\"@id\":\"https:\\\/\\\/craftygenesindonesia.com\\\/de\\\/shop\\\/kinder-puppen-hakeln-muster\\\/mona\\\/#breadcrumb\"},\"inLanguage\":\"de\",\"potentialAction\":[{\"@type\":\"ReadAction\",\"target\":[\"https:\\\/\\\/craftygenesindonesia.com\\\/de\\\/shop\\\/kinder-puppen-hakeln-muster\\\/mona\\\/\"]}]},{\"@type\":\"ImageObject\",\"inLanguage\":\"de\",\"@id\":\"https:\\\/\\\/craftygenesindonesia.com\\\/de\\\/shop\\\/kinder-puppen-hakeln-muster\\\/mona\\\/#primaryimage\",\"url\":\"https:\\\/\\\/craftygenesindonesia.com\\\/wp-content\\\/uploads\\\/2023\\\/03\\\/Untitled-design-2023-08-17T082324.661.jpg\",\"contentUrl\":\"https:\\\/\\\/craftygenesindonesia.com\\\/wp-content\\\/uploads\\\/2023\\\/03\\\/Untitled-design-2023-08-17T082324.661.jpg\",\"width\":1024,\"height\":1024,\"caption\":\"Mona\"},{\"@type\":\"BreadcrumbList\",\"@id\":\"https:\\\/\\\/craftygenesindonesia.com\\\/de\\\/shop\\\/kinder-puppen-hakeln-muster\\\/mona\\\/#breadcrumb\",\"itemListElement\":[{\"@type\":\"ListItem\",\"position\":1,\"name\":\"Home\",\"item\":\"https:\\\/\\\/craftygenesindonesia.com\\\/de\\\/\"},{\"@type\":\"ListItem\",\"position\":2,\"name\":\"Mustershop\",\"item\":\"https:\\\/\\\/craftygenesindonesia.com\\\/de\\\/muster-shop\\\/\"},{\"@type\":\"ListItem\",\"position\":3,\"name\":\"Mona\"}]},{\"@type\":\"WebSite\",\"@id\":\"https:\\\/\\\/craftygenesindonesia.com\\\/de\\\/#website\",\"url\":\"https:\\\/\\\/craftygenesindonesia.com\\\/de\\\/\",\"name\":\"Craftygenesindonesia\",\"description\":\"\",\"publisher\":{\"@id\":\"https:\\\/\\\/craftygenesindonesia.com\\\/de\\\/#organization\"},\"potentialAction\":[{\"@type\":\"SearchAction\",\"target\":{\"@type\":\"EntryPoint\",\"urlTemplate\":\"https:\\\/\\\/craftygenesindonesia.com\\\/de\\\/?s={search_term_string}\"},\"query-input\":{\"@type\":\"PropertyValueSpecification\",\"valueRequired\":true,\"valueName\":\"search_term_string\"}}],\"inLanguage\":\"de\"},{\"@type\":\"Organization\",\"@id\":\"https:\\\/\\\/craftygenesindonesia.com\\\/de\\\/#organization\",\"name\":\"Craftygenesindonesia\",\"url\":\"https:\\\/\\\/craftygenesindonesia.com\\\/de\\\/\",\"logo\":{\"@type\":\"ImageObject\",\"inLanguage\":\"de\",\"@id\":\"https:\\\/\\\/craftygenesindonesia.com\\\/de\\\/#\\\/schema\\\/logo\\\/image\\\/\",\"url\":\"https:\\\/\\\/craftygenesindonesia.com\\\/wp-content\\\/uploads\\\/2025\\\/11\\\/cropped-Copy-of-Craftygenesindonesia.jpg\",\"contentUrl\":\"https:\\\/\\\/craftygenesindonesia.com\\\/wp-content\\\/uploads\\\/2025\\\/11\\\/cropped-Copy-of-Craftygenesindonesia.jpg\",\"width\":180,\"height\":60,\"caption\":\"Craftygenesindonesia\"},\"image\":{\"@id\":\"https:\\\/\\\/craftygenesindonesia.com\\\/de\\\/#\\\/schema\\\/logo\\\/image\\\/\"}}]}<\/script>\n<!-- \/ Yoast SEO plugin. -->","yoast_head_json":{"title":"Mona H\u00e4kelmuster - Craftygenesindonesia","description":"Kaufen Sie hier mein \"Mona\" H\u00e4kelmuster in Englisch & Niederl\u00e4ndisch. Es ist ein leicht zu befolgendes Muster f\u00fcr eine liebenswerte Zeichentrickfigur.","robots":{"index":"index","follow":"follow","max-snippet":"max-snippet:-1","max-image-preview":"max-image-preview:large","max-video-preview":"max-video-preview:-1"},"canonical":"https:\/\/craftygenesindonesia.com\/de\/shop\/kinder-puppen-hakeln-muster\/mona\/","og_locale":"de_DE","og_type":"article","og_title":"Mona H\u00e4kelmuster","og_description":"Kaufen Sie hier mein \"Mona\" H\u00e4kelmuster in Englisch & Niederl\u00e4ndisch. Es ist ein leicht zu befolgendes Muster f\u00fcr eine liebenswerte Zeichentrickfigur.","og_url":"https:\/\/craftygenesindonesia.com\/de\/shop\/kinder-puppen-hakeln-muster\/mona\/","og_site_name":"Craftygenesindonesia","article_modified_time":"2025-11-12T10:53:36+00:00","og_image":[{"url":"https:\/\/craftygenesindonesia.com\/wp-content\/uploads\/2023\/03\/image0_medium2-300x300.webp","type":"","width":"","height":""}],"twitter_card":"summary_large_image","twitter_title":"Mona H\u00e4kelmuster","twitter_description":"Kaufen Sie hier mein \"Mona\" H\u00e4kelmuster in Englisch & Niederl\u00e4ndisch. Es ist ein leicht zu befolgendes Muster f\u00fcr eine liebenswerte Zeichentrickfigur.","twitter_image":"https:\/\/craftygenesindonesia.com\/wp-content\/uploads\/2023\/03\/image0_medium2.webp","twitter_misc":{"Gesch\u00e4tzte Lesezeit":"1\u00a0Minute"},"schema":{"@context":"https:\/\/schema.org","@graph":[{"@type":"WebPage","@id":"https:\/\/craftygenesindonesia.com\/de\/shop\/kinder-puppen-hakeln-muster\/mona\/","url":"https:\/\/craftygenesindonesia.com\/de\/shop\/kinder-puppen-hakeln-muster\/mona\/","name":"Mona H\u00e4kelmuster - Craftygenesindonesia","isPartOf":{"@id":"https:\/\/craftygenesindonesia.com\/de\/#website"},"primaryImageOfPage":{"@id":"https:\/\/craftygenesindonesia.com\/de\/shop\/kinder-puppen-hakeln-muster\/mona\/#primaryimage"},"image":{"@id":"https:\/\/craftygenesindonesia.com\/de\/shop\/kinder-puppen-hakeln-muster\/mona\/#primaryimage"},"thumbnailUrl":"https:\/\/craftygenesindonesia.com\/wp-content\/uploads\/2023\/03\/Untitled-design-2023-08-17T082324.661.jpg","datePublished":"2023-03-09T21:32:41+00:00","dateModified":"2025-11-12T10:53:36+00:00","description":"Kaufen Sie hier mein \"Mona\" H\u00e4kelmuster in Englisch & Niederl\u00e4ndisch. Es ist ein leicht zu befolgendes Muster f\u00fcr eine liebenswerte Zeichentrickfigur.","breadcrumb":{"@id":"https:\/\/craftygenesindonesia.com\/de\/shop\/kinder-puppen-hakeln-muster\/mona\/#breadcrumb"},"inLanguage":"de","potentialAction":[{"@type":"ReadAction","target":["https:\/\/craftygenesindonesia.com\/de\/shop\/kinder-puppen-hakeln-muster\/mona\/"]}]},{"@type":"ImageObject","inLanguage":"de","@id":"https:\/\/craftygenesindonesia.com\/de\/shop\/kinder-puppen-hakeln-muster\/mona\/#primaryimage","url":"https:\/\/craftygenesindonesia.com\/wp-content\/uploads\/2023\/03\/Untitled-design-2023-08-17T082324.661.jpg","contentUrl":"https:\/\/craftygenesindonesia.com\/wp-content\/uploads\/2023\/03\/Untitled-design-2023-08-17T082324.661.jpg","width":1024,"height":1024,"caption":"Mona"},{"@type":"BreadcrumbList","@id":"https:\/\/craftygenesindonesia.com\/de\/shop\/kinder-puppen-hakeln-muster\/mona\/#breadcrumb","itemListElement":[{"@type":"ListItem","position":1,"name":"Home","item":"https:\/\/craftygenesindonesia.com\/de\/"},{"@type":"ListItem","position":2,"name":"Mustershop","item":"https:\/\/craftygenesindonesia.com\/de\/muster-shop\/"},{"@type":"ListItem","position":3,"name":"Mona"}]},{"@type":"WebSite","@id":"https:\/\/craftygenesindonesia.com\/de\/#website","url":"https:\/\/craftygenesindonesia.com\/de\/","name":"Craftygenesindonesia","description":"","publisher":{"@id":"https:\/\/craftygenesindonesia.com\/de\/#organization"},"potentialAction":[{"@type":"SearchAction","target":{"@type":"EntryPoint","urlTemplate":"https:\/\/craftygenesindonesia.com\/de\/?s={search_term_string}"},"query-input":{"@type":"PropertyValueSpecification","valueRequired":true,"valueName":"search_term_string"}}],"inLanguage":"de"},{"@type":"Organization","@id":"https:\/\/craftygenesindonesia.com\/de\/#organization","name":"Craftygenesindonesia","url":"https:\/\/craftygenesindonesia.com\/de\/","logo":{"@type":"ImageObject","inLanguage":"de","@id":"https:\/\/craftygenesindonesia.com\/de\/#\/schema\/logo\/image\/","url":"https:\/\/craftygenesindonesia.com\/wp-content\/uploads\/2025\/11\/cropped-Copy-of-Craftygenesindonesia.jpg","contentUrl":"https:\/\/craftygenesindonesia.com\/wp-content\/uploads\/2025\/11\/cropped-Copy-of-Craftygenesindonesia.jpg","width":180,"height":60,"caption":"Craftygenesindonesia"},"image":{"@id":"https:\/\/craftygenesindonesia.com\/de\/#\/schema\/logo\/image\/"}}]}},"_links":{"self":[{"href":"https:\/\/craftygenesindonesia.com\/de\/wp-json\/wp\/v2\/product\/987528969","targetHints":{"allow":["GET"]}}],"collection":[{"href":"https:\/\/craftygenesindonesia.com\/de\/wp-json\/wp\/v2\/product"}],"about":[{"href":"https:\/\/craftygenesindonesia.com\/de\/wp-json\/wp\/v2\/types\/product"}],"replies":[{"embeddable":true,"href":"https:\/\/craftygenesindonesia.com\/de\/wp-json\/wp\/v2\/comments?post=987528969"}],"wp:featuredmedia":[{"embeddable":true,"href":"https:\/\/craftygenesindonesia.com\/de\/wp-json\/wp\/v2\/media\/987528972"}],"wp:attachment":[{"href":"https:\/\/craftygenesindonesia.com\/de\/wp-json\/wp\/v2\/media?parent=987528969"}],"wp:term":[{"taxonomy":"product_brand","embeddable":true,"href":"https:\/\/craftygenesindonesia.com\/de\/wp-json\/wp\/v2\/product_brand?post=987528969"},{"taxonomy":"product_cat","embeddable":true,"href":"https:\/\/craftygenesindonesia.com\/de\/wp-json\/wp\/v2\/product_cat?post=987528969"},{"taxonomy":"product_tag","embeddable":true,"href":"https:\/\/craftygenesindonesia.com\/de\/wp-json\/wp\/v2\/product_tag?post=987528969"}],"curies":[{"name":"wp","href":"https:\/\/api.w.org\/{rel}","templated":true}]}}