{"id":987528962,"date":"2023-03-01T07:19:56","date_gmt":"2023-02-28T23:19:56","guid":{"rendered":"https:\/\/craftygenesindonesia.com\/shop\/unkategorisiert\/lola-erstkommunionausgabe\/"},"modified":"2025-11-12T18:54:55","modified_gmt":"2025-11-12T10:54:55","slug":"lola-erstkommunionausgabe","status":"publish","type":"product","link":"https:\/\/craftygenesindonesia.com\/de\/shop\/religiose-hakelmuster\/lola-erstkommunionausgabe\/","title":{"rendered":"Lola, Erstkommunionausgabe"},"content":{"rendered":"<p><strong>Dieses Muster enth\u00e4lt die Erstkommunionskerze, die Sie auf dem Bild sehen<\/strong><\/p>\n<p>Gr\u00f6\u00dfe: Sie ist 35cm\/13.8inch gro\u00df. Die Erstkommunionskerze ist 21cm\/8.2inch gro\u00df (ohne Flamme).<\/p>\n<p>Garn: Beide werden mit einem f\u00fcr Amigurumi geeigneten Garn der St\u00e4rke &#8220;FINGERING&#8221; und einer H\u00e4kelnadel der Gr\u00f6\u00dfe 2 mm hergestellt.<\/p>\n<p>Sie ben\u00f6tigen folgende Farben: Hellbraun, Silbermetallic, Off-White, Hautfarbe, Wei\u00df<\/p>\n<p>H\u00e4kelnadel: Gr\u00f6\u00dfe 2mm<\/p>\n<p>Dieses Muster ist ein schriftliches Muster mit vielen Bildern, um Ihnen zu helfen. Wenn Sie noch Fragen haben, senden Sie mir bitte eine Nachricht an: <a href=\"mailto:craftygenesindonesia@gmail.com\">craftygenesindonesia@gmail.com<\/a><\/p>\n<p><strong>-Dieses Muster ist nur f\u00fcr den pers\u00f6nlichen Gebrauch bestimmt und unterliegt einem COPYRIGHT. Das Muster darf daher NICHT kopiert, verkauft, weiterverkauft, \u00fcbersetzt, als eigenes Design beansprucht, verteilt, geteilt, ver\u00f6ffentlicht, online gestellt werden&#8230; in keiner Form ohne meine Zustimmung. Nicht einmal einen Teil davon!!! <\/strong><\/p>\n<p><strong>-Sie d\u00fcrfen das fertige Produkt in kleinen Mengen verkaufen, ABER NICHT DAS MUSTER SELBST! Bitte erw\u00e4hnen Sie, dass das Muster von Craftygenesindonesia ist und wo man es kaufen kann <\/strong><\/p>\n","protected":false},"excerpt":{"rendered":"<p>In diesem H\u00e4kelmuster erhalten Sie das Muster f\u00fcr diese h\u00fcbsche Erstkommunionspuppe Lola + Sie erhalten auch das Muster f\u00fcr eine sch\u00f6ne geh\u00e4kelte Erstkommunionskerze!<\/p>\n<p>Lola ist Teil meiner Lola-Puppenserie. Klicken Sie <a href=\"https:\/\/craftygenesindonesia.com\/de\/produkt-kategorie\/lola-puppen-hakelmuster\/\" target=\"_blank\" rel=\"noopener\"><strong>hier<\/strong><\/a>, um die anderen Lola-Puppen zu sehen.<\/p>\n","protected":false},"featured_media":987528968,"comment_status":"open","ping_status":"closed","template":"","meta":{"_acf_changed":false},"product_brand":[],"product_cat":[12218,12217,12129],"product_tag":[12147,12486,12220,12487,12151,12284,12219,12178],"class_list":{"0":"post-987528962","1":"product","2":"type-product","3":"status-publish","4":"has-post-thumbnail","6":"product_cat-kinder-puppen-hakeln-muster","7":"product_cat-lola-puppen-hakelmuster","8":"product_cat-religiose-hakelmuster","9":"product_tag-christian-de","10":"product_tag-erstkommunion","11":"product_tag-hakelpuppe","12":"product_tag-heiliges-abendmahl","13":"product_tag-katholisch","14":"product_tag-kerze","15":"product_tag-kinderpuppen","16":"product_tag-kreuz","17":"pa_available_on-craftygenesindonesia","18":"pa_available_on-etsy","19":"pa_available_on-haked-nl","20":"pa_available_on-payhip","21":"pa_available_on-ravelry","22":"pa_languages-deutsch","23":"pa_languages-franzoesisch","24":"pa_languages-niederlaendisch","25":"pa_languages-spanisch","26":"pa_languages-us-englisch","28":"first","29":"instock","30":"downloadable","31":"virtual","32":"purchasable","33":"product-type-simple"},"acf":[],"yoast_head":"<!-- This site is optimized with the Yoast SEO plugin v27.3 - https:\/\/yoast.com\/product\/yoast-seo-wordpress\/ -->\n<title>Lola, Erstkommunionausgabe H\u00e4kelmuster - Craftygenesindonesia<\/title>\n<meta name=\"description\" content=\"Kaufen Sie hier mein H\u00e4kelmuster &quot;Lola, Erstkommunion Ausgabe&quot;. Das einfach zu befolgende H\u00e4kelmuster ist auch auf Etsy, Haked &amp; Ravelry erh\u00e4ltlich.\" \/>\n<meta name=\"robots\" content=\"index, follow, max-snippet:-1, max-image-preview:large, max-video-preview:-1\" \/>\n<link rel=\"canonical\" href=\"https:\/\/craftygenesindonesia.com\/de\/shop\/religiose-hakelmuster\/lola-erstkommunionausgabe\/\" \/>\n<meta property=\"og:locale\" content=\"de_DE\" \/>\n<meta property=\"og:type\" content=\"article\" \/>\n<meta property=\"og:title\" content=\"Lola, Erstkommunion Ausgabe H\u00e4kelmuster\" \/>\n<meta property=\"og:description\" content=\"Kaufen Sie hier mein H\u00e4kelmuster &quot;Lola, Erstkommunion Ausgabe&quot;. Das einfach zu befolgende H\u00e4kelmuster ist auch auf Etsy, Haked &amp; Ravelry erh\u00e4ltlich.\" \/>\n<meta property=\"og:url\" content=\"https:\/\/craftygenesindonesia.com\/de\/shop\/religiose-hakelmuster\/lola-erstkommunionausgabe\/\" \/>\n<meta property=\"og:site_name\" content=\"Craftygenesindonesia\" \/>\n<meta property=\"article:modified_time\" content=\"2025-11-12T10:54:55+00:00\" \/>\n<meta property=\"og:image\" content=\"https:\/\/craftygenesindonesia.com\/wp-content\/uploads\/2023\/03\/Lola-First-Communion-2-300x300.jpg\" \/>\n<meta name=\"twitter:card\" content=\"summary_large_image\" \/>\n<meta name=\"twitter:title\" content=\"Lola, Erstkommunion Ausgabe H\u00e4kelmuster\" \/>\n<meta name=\"twitter:description\" content=\"Kaufen Sie hier mein &quot;Lola, Erstkommunion Ausgabe&quot; H\u00e4kelmuster in Englisch &amp; Niederl\u00e4ndisch. Hier finden Sie auch Links zu den Mustern auf Etsy, Haked &amp; Ravelry\" \/>\n<meta name=\"twitter:image\" content=\"https:\/\/craftygenesindonesia.com\/wp-content\/uploads\/2023\/03\/image0-56-1024x1024.jpeg\" \/>\n<meta name=\"twitter:label1\" content=\"Gesch\u00e4tzte Lesezeit\" \/>\n\t<meta name=\"twitter:data1\" content=\"1\u00a0Minute\" \/>\n<script type=\"application\/ld+json\" class=\"yoast-schema-graph\">{\"@context\":\"https:\\\/\\\/schema.org\",\"@graph\":[{\"@type\":\"WebPage\",\"@id\":\"https:\\\/\\\/craftygenesindonesia.com\\\/de\\\/shop\\\/religiose-hakelmuster\\\/lola-erstkommunionausgabe\\\/\",\"url\":\"https:\\\/\\\/craftygenesindonesia.com\\\/de\\\/shop\\\/religiose-hakelmuster\\\/lola-erstkommunionausgabe\\\/\",\"name\":\"Lola, Erstkommunionausgabe H\u00e4kelmuster - Craftygenesindonesia\",\"isPartOf\":{\"@id\":\"https:\\\/\\\/craftygenesindonesia.com\\\/de\\\/#website\"},\"primaryImageOfPage\":{\"@id\":\"https:\\\/\\\/craftygenesindonesia.com\\\/de\\\/shop\\\/religiose-hakelmuster\\\/lola-erstkommunionausgabe\\\/#primaryimage\"},\"image\":{\"@id\":\"https:\\\/\\\/craftygenesindonesia.com\\\/de\\\/shop\\\/religiose-hakelmuster\\\/lola-erstkommunionausgabe\\\/#primaryimage\"},\"thumbnailUrl\":\"https:\\\/\\\/craftygenesindonesia.com\\\/wp-content\\\/uploads\\\/2023\\\/03\\\/Lola-First-Communion-2.jpg\",\"datePublished\":\"2023-02-28T23:19:56+00:00\",\"dateModified\":\"2025-11-12T10:54:55+00:00\",\"description\":\"Kaufen Sie hier mein H\u00e4kelmuster \\\"Lola, Erstkommunion Ausgabe\\\". Das einfach zu befolgende H\u00e4kelmuster ist auch auf Etsy, Haked & Ravelry erh\u00e4ltlich.\",\"breadcrumb\":{\"@id\":\"https:\\\/\\\/craftygenesindonesia.com\\\/de\\\/shop\\\/religiose-hakelmuster\\\/lola-erstkommunionausgabe\\\/#breadcrumb\"},\"inLanguage\":\"de\",\"potentialAction\":[{\"@type\":\"ReadAction\",\"target\":[\"https:\\\/\\\/craftygenesindonesia.com\\\/de\\\/shop\\\/religiose-hakelmuster\\\/lola-erstkommunionausgabe\\\/\"]}]},{\"@type\":\"ImageObject\",\"inLanguage\":\"de\",\"@id\":\"https:\\\/\\\/craftygenesindonesia.com\\\/de\\\/shop\\\/religiose-hakelmuster\\\/lola-erstkommunionausgabe\\\/#primaryimage\",\"url\":\"https:\\\/\\\/craftygenesindonesia.com\\\/wp-content\\\/uploads\\\/2023\\\/03\\\/Lola-First-Communion-2.jpg\",\"contentUrl\":\"https:\\\/\\\/craftygenesindonesia.com\\\/wp-content\\\/uploads\\\/2023\\\/03\\\/Lola-First-Communion-2.jpg\",\"width\":1080,\"height\":1080,\"caption\":\"crochet First Communion girl doll with crochet First Communion candle\"},{\"@type\":\"BreadcrumbList\",\"@id\":\"https:\\\/\\\/craftygenesindonesia.com\\\/de\\\/shop\\\/religiose-hakelmuster\\\/lola-erstkommunionausgabe\\\/#breadcrumb\",\"itemListElement\":[{\"@type\":\"ListItem\",\"position\":1,\"name\":\"Home\",\"item\":\"https:\\\/\\\/craftygenesindonesia.com\\\/de\\\/\"},{\"@type\":\"ListItem\",\"position\":2,\"name\":\"Mustershop\",\"item\":\"https:\\\/\\\/craftygenesindonesia.com\\\/de\\\/muster-shop\\\/\"},{\"@type\":\"ListItem\",\"position\":3,\"name\":\"Lola, Erstkommunionausgabe\"}]},{\"@type\":\"WebSite\",\"@id\":\"https:\\\/\\\/craftygenesindonesia.com\\\/de\\\/#website\",\"url\":\"https:\\\/\\\/craftygenesindonesia.com\\\/de\\\/\",\"name\":\"Craftygenesindonesia\",\"description\":\"\",\"publisher\":{\"@id\":\"https:\\\/\\\/craftygenesindonesia.com\\\/de\\\/#organization\"},\"potentialAction\":[{\"@type\":\"SearchAction\",\"target\":{\"@type\":\"EntryPoint\",\"urlTemplate\":\"https:\\\/\\\/craftygenesindonesia.com\\\/de\\\/?s={search_term_string}\"},\"query-input\":{\"@type\":\"PropertyValueSpecification\",\"valueRequired\":true,\"valueName\":\"search_term_string\"}}],\"inLanguage\":\"de\"},{\"@type\":\"Organization\",\"@id\":\"https:\\\/\\\/craftygenesindonesia.com\\\/de\\\/#organization\",\"name\":\"Craftygenesindonesia\",\"url\":\"https:\\\/\\\/craftygenesindonesia.com\\\/de\\\/\",\"logo\":{\"@type\":\"ImageObject\",\"inLanguage\":\"de\",\"@id\":\"https:\\\/\\\/craftygenesindonesia.com\\\/de\\\/#\\\/schema\\\/logo\\\/image\\\/\",\"url\":\"https:\\\/\\\/craftygenesindonesia.com\\\/wp-content\\\/uploads\\\/2025\\\/11\\\/cropped-Copy-of-Craftygenesindonesia.jpg\",\"contentUrl\":\"https:\\\/\\\/craftygenesindonesia.com\\\/wp-content\\\/uploads\\\/2025\\\/11\\\/cropped-Copy-of-Craftygenesindonesia.jpg\",\"width\":180,\"height\":60,\"caption\":\"Craftygenesindonesia\"},\"image\":{\"@id\":\"https:\\\/\\\/craftygenesindonesia.com\\\/de\\\/#\\\/schema\\\/logo\\\/image\\\/\"}}]}<\/script>\n<!-- \/ Yoast SEO plugin. -->","yoast_head_json":{"title":"Lola, Erstkommunionausgabe H\u00e4kelmuster - Craftygenesindonesia","description":"Kaufen Sie hier mein H\u00e4kelmuster \"Lola, Erstkommunion Ausgabe\". Das einfach zu befolgende H\u00e4kelmuster ist auch auf Etsy, Haked & Ravelry erh\u00e4ltlich.","robots":{"index":"index","follow":"follow","max-snippet":"max-snippet:-1","max-image-preview":"max-image-preview:large","max-video-preview":"max-video-preview:-1"},"canonical":"https:\/\/craftygenesindonesia.com\/de\/shop\/religiose-hakelmuster\/lola-erstkommunionausgabe\/","og_locale":"de_DE","og_type":"article","og_title":"Lola, Erstkommunion Ausgabe H\u00e4kelmuster","og_description":"Kaufen Sie hier mein H\u00e4kelmuster \"Lola, Erstkommunion Ausgabe\". Das einfach zu befolgende H\u00e4kelmuster ist auch auf Etsy, Haked & Ravelry erh\u00e4ltlich.","og_url":"https:\/\/craftygenesindonesia.com\/de\/shop\/religiose-hakelmuster\/lola-erstkommunionausgabe\/","og_site_name":"Craftygenesindonesia","article_modified_time":"2025-11-12T10:54:55+00:00","og_image":[{"url":"https:\/\/craftygenesindonesia.com\/wp-content\/uploads\/2023\/03\/Lola-First-Communion-2-300x300.jpg","type":"","width":"","height":""}],"twitter_card":"summary_large_image","twitter_title":"Lola, Erstkommunion Ausgabe H\u00e4kelmuster","twitter_description":"Kaufen Sie hier mein \"Lola, Erstkommunion Ausgabe\" H\u00e4kelmuster in Englisch & Niederl\u00e4ndisch. Hier finden Sie auch Links zu den Mustern auf Etsy, Haked & Ravelry","twitter_image":"https:\/\/craftygenesindonesia.com\/wp-content\/uploads\/2023\/03\/image0-56-1024x1024.jpeg","twitter_misc":{"Gesch\u00e4tzte Lesezeit":"1\u00a0Minute"},"schema":{"@context":"https:\/\/schema.org","@graph":[{"@type":"WebPage","@id":"https:\/\/craftygenesindonesia.com\/de\/shop\/religiose-hakelmuster\/lola-erstkommunionausgabe\/","url":"https:\/\/craftygenesindonesia.com\/de\/shop\/religiose-hakelmuster\/lola-erstkommunionausgabe\/","name":"Lola, Erstkommunionausgabe H\u00e4kelmuster - Craftygenesindonesia","isPartOf":{"@id":"https:\/\/craftygenesindonesia.com\/de\/#website"},"primaryImageOfPage":{"@id":"https:\/\/craftygenesindonesia.com\/de\/shop\/religiose-hakelmuster\/lola-erstkommunionausgabe\/#primaryimage"},"image":{"@id":"https:\/\/craftygenesindonesia.com\/de\/shop\/religiose-hakelmuster\/lola-erstkommunionausgabe\/#primaryimage"},"thumbnailUrl":"https:\/\/craftygenesindonesia.com\/wp-content\/uploads\/2023\/03\/Lola-First-Communion-2.jpg","datePublished":"2023-02-28T23:19:56+00:00","dateModified":"2025-11-12T10:54:55+00:00","description":"Kaufen Sie hier mein H\u00e4kelmuster \"Lola, Erstkommunion Ausgabe\". Das einfach zu befolgende H\u00e4kelmuster ist auch auf Etsy, Haked & Ravelry erh\u00e4ltlich.","breadcrumb":{"@id":"https:\/\/craftygenesindonesia.com\/de\/shop\/religiose-hakelmuster\/lola-erstkommunionausgabe\/#breadcrumb"},"inLanguage":"de","potentialAction":[{"@type":"ReadAction","target":["https:\/\/craftygenesindonesia.com\/de\/shop\/religiose-hakelmuster\/lola-erstkommunionausgabe\/"]}]},{"@type":"ImageObject","inLanguage":"de","@id":"https:\/\/craftygenesindonesia.com\/de\/shop\/religiose-hakelmuster\/lola-erstkommunionausgabe\/#primaryimage","url":"https:\/\/craftygenesindonesia.com\/wp-content\/uploads\/2023\/03\/Lola-First-Communion-2.jpg","contentUrl":"https:\/\/craftygenesindonesia.com\/wp-content\/uploads\/2023\/03\/Lola-First-Communion-2.jpg","width":1080,"height":1080,"caption":"crochet First Communion girl doll with crochet First Communion candle"},{"@type":"BreadcrumbList","@id":"https:\/\/craftygenesindonesia.com\/de\/shop\/religiose-hakelmuster\/lola-erstkommunionausgabe\/#breadcrumb","itemListElement":[{"@type":"ListItem","position":1,"name":"Home","item":"https:\/\/craftygenesindonesia.com\/de\/"},{"@type":"ListItem","position":2,"name":"Mustershop","item":"https:\/\/craftygenesindonesia.com\/de\/muster-shop\/"},{"@type":"ListItem","position":3,"name":"Lola, Erstkommunionausgabe"}]},{"@type":"WebSite","@id":"https:\/\/craftygenesindonesia.com\/de\/#website","url":"https:\/\/craftygenesindonesia.com\/de\/","name":"Craftygenesindonesia","description":"","publisher":{"@id":"https:\/\/craftygenesindonesia.com\/de\/#organization"},"potentialAction":[{"@type":"SearchAction","target":{"@type":"EntryPoint","urlTemplate":"https:\/\/craftygenesindonesia.com\/de\/?s={search_term_string}"},"query-input":{"@type":"PropertyValueSpecification","valueRequired":true,"valueName":"search_term_string"}}],"inLanguage":"de"},{"@type":"Organization","@id":"https:\/\/craftygenesindonesia.com\/de\/#organization","name":"Craftygenesindonesia","url":"https:\/\/craftygenesindonesia.com\/de\/","logo":{"@type":"ImageObject","inLanguage":"de","@id":"https:\/\/craftygenesindonesia.com\/de\/#\/schema\/logo\/image\/","url":"https:\/\/craftygenesindonesia.com\/wp-content\/uploads\/2025\/11\/cropped-Copy-of-Craftygenesindonesia.jpg","contentUrl":"https:\/\/craftygenesindonesia.com\/wp-content\/uploads\/2025\/11\/cropped-Copy-of-Craftygenesindonesia.jpg","width":180,"height":60,"caption":"Craftygenesindonesia"},"image":{"@id":"https:\/\/craftygenesindonesia.com\/de\/#\/schema\/logo\/image\/"}}]}},"_links":{"self":[{"href":"https:\/\/craftygenesindonesia.com\/de\/wp-json\/wp\/v2\/product\/987528962","targetHints":{"allow":["GET"]}}],"collection":[{"href":"https:\/\/craftygenesindonesia.com\/de\/wp-json\/wp\/v2\/product"}],"about":[{"href":"https:\/\/craftygenesindonesia.com\/de\/wp-json\/wp\/v2\/types\/product"}],"replies":[{"embeddable":true,"href":"https:\/\/craftygenesindonesia.com\/de\/wp-json\/wp\/v2\/comments?post=987528962"}],"wp:featuredmedia":[{"embeddable":true,"href":"https:\/\/craftygenesindonesia.com\/de\/wp-json\/wp\/v2\/media\/987528968"}],"wp:attachment":[{"href":"https:\/\/craftygenesindonesia.com\/de\/wp-json\/wp\/v2\/media?parent=987528962"}],"wp:term":[{"taxonomy":"product_brand","embeddable":true,"href":"https:\/\/craftygenesindonesia.com\/de\/wp-json\/wp\/v2\/product_brand?post=987528962"},{"taxonomy":"product_cat","embeddable":true,"href":"https:\/\/craftygenesindonesia.com\/de\/wp-json\/wp\/v2\/product_cat?post=987528962"},{"taxonomy":"product_tag","embeddable":true,"href":"https:\/\/craftygenesindonesia.com\/de\/wp-json\/wp\/v2\/product_tag?post=987528962"}],"curies":[{"name":"wp","href":"https:\/\/api.w.org\/{rel}","templated":true}]}}