{"id":987528959,"date":"2023-02-15T06:12:14","date_gmt":"2023-02-14T22:12:14","guid":{"rendered":"https:\/\/craftygenesindonesia.com\/shop\/unkategorisiert\/elias-isabella-das-osterhasen-paket\/"},"modified":"2025-11-12T18:56:08","modified_gmt":"2025-11-12T10:56:08","slug":"elias-isabella-das-osterhasen-paket","status":"publish","type":"product","link":"https:\/\/craftygenesindonesia.com\/de\/shop\/tierische-hakelmuster\/elias-isabella-das-osterhasen-paket\/","title":{"rendered":"Elias &amp; Isabella Das Osterhasen-Paket"},"content":{"rendered":"<p>Elias ist 45 cm oder 17,7 Zoll gro\u00df und Isabella ist 43 cm\/17 Zoll gro\u00df. Dies schlie\u00dft ihre Ohren mit ein. Beide werden mit leichtem Garn (3), das f\u00fcr Amigurumi geeignet ist, und einer H\u00e4kelnadel der Gr\u00f6\u00dfe 2mm hergestellt.<\/p>\n<p>&nbsp;<\/p>\n<p>Diese Farben werden Sie f\u00fcr Elias ben\u00f6tigen:<\/p>\n<ul>\n<li><u>Schwarz:<\/u> 15-25<strong>m = meter<\/strong>\/20-30<strong>yd = yard <\/strong><\/li>\n<li><u>Gebrochen Wei\u00df:<\/u> 65-75m\/70-80yd<\/li>\n<li><u>Grau:<\/u> 45-55m\/ 50-60yd<\/li>\n<li><u>Rosa:<\/u> 15-25m\/ 20-30yd<\/li>\n<li><u>Creme:<\/u> 10-20m\/10-20yd<\/li>\n<li><u>Hellbraun:<\/u> 75-85m\/80-90yd<\/li>\n<li><u>Gr\u00fcn:<\/u> 130-140m\/145-155yd<\/li>\n<li><u>Helllila:<\/u> 15-25m\/ 20-30yd<\/li>\n<li><u>Blau:<\/u> Restst\u00fcck<\/li>\n<\/ul>\n<p>Sie ben\u00f6tigen diese Farben f\u00fcr Isabella:<\/p>\n<ul>\n<li>Blau: ein \u00fcbrig gebliebenes St\u00fcck<\/li>\n<li>Creme: 50-60m (meter)\/ 55-65yd (yard)<\/li>\n<li>Gr\u00fcn: 15-25m\/ 15-25yd<\/li>\n<li>Hellbraun: 80-90m\/ 90-100yd<\/li>\n<li>Helllila: 15-25m\/ 15-25yd<\/li>\n<li>Gebrochen Wei\u00df: 5-10m\/ 5-10yd<\/li>\n<li>Rosa: 180-200m\/ 200-220yd<\/li>\n<\/ul>\n<p>&nbsp;<\/p>\n<p>Au\u00dferdem brauchst du: F\u00fcllung &#8211; Filzstifte &#8211; Tapisserie-Nadel &#8211; Schere &#8211; Bleistift &#8211; Kleber &#8211; Klebepistole &#8211; Wattest\u00e4bchen &#8211; Pappe &#8211; Sicherheitsaugen &#8211; Holzst\u00e4bchen<\/p>\n<p>&nbsp;<\/p>\n<p>H\u00e4kelnadel: Gr\u00f6\u00dfe 2mm<\/p>\n<p>Diese H\u00e4kelmuster enthalten viele Bilder, um Ihnen zu helfen. Wenn Sie noch Fragen haben, k\u00f6nnen Sie mich gerne kontaktieren: <a href=\"mailto:craftygenesindonesia@gmail.com\">craftygenesindonesia@gmail.com<\/a><\/p>\n<p>&nbsp;<\/p>\n<p>Diese Muster haben ein COPYRIGHT auf sie. Diese Muster sind daher nur f\u00fcr den pers\u00f6nlichen Gebrauch und d\u00fcrfen NICHT kopiert, verkauft, weiterverkauft, \u00fcbersetzt, als eigenes Design beansprucht, verteilt, geteilt, ver\u00f6ffentlicht, online gestellt werden&#8230; in irgendeiner Form ohne meine Zustimmung. Nicht einmal ein Teil von ihnen!!!<\/p>\n<p>&nbsp;<\/p>\n<p>Sie k\u00f6nnen die fertigen Elias &amp; Isabella, Der Osterhase Puppen in kleinen Mengen verkaufen, ABER NICHT DIE MUSTER SELBST! Bitte erw\u00e4hnen Sie, dass diese Vorlagen von Craftygenesindonesia sind und wo sie gekauft werden k\u00f6nnen<\/p>\n","protected":false},"excerpt":{"rendered":"<p>Dieses H\u00e4kelmusterb\u00fcndel f\u00fcr meinen Elias &amp; Isabella ist ein Muss f\u00fcr Osterliebhaber!!!! Die Muster sind einfach zu folgen und so sch\u00f6n zu machen!<\/p>\n<p>Sie k\u00f6nnen die Muster auch separat erwerben als <strong><a href=\"https:\/\/craftygenesindonesia.com\/product\/elias-the-easter-bunny\/\" target=\"_blank\" rel=\"noopener\">Elias Der Osterhase<\/a><\/strong> &amp; <a href=\"https:\/\/craftygenesindonesia.com\/product\/isabella-the-easter-bunny\/\" target=\"_blank\" rel=\"noopener\"><strong>Isabella Der Osterhase<\/strong><\/a>. (Klicken Sie auf die Namen, um die Muster zu sehen)<\/p>\n","protected":false},"featured_media":987528961,"comment_status":"open","ping_status":"closed","template":"","meta":{"_acf_changed":false},"product_brand":[],"product_cat":[12196,12195],"product_tag":[12452,12198,12484,12211,12201,12200,12481,12485],"class_list":{"0":"post-987528959","1":"product","2":"type-product","3":"status-publish","4":"has-post-thumbnail","6":"product_cat-ostern-hakelmuster","7":"product_cat-tierische-hakelmuster","8":"product_tag-gehstock","9":"product_tag-hase","10":"product_tag-hut-de","11":"product_tag-kaninchen","12":"product_tag-osterhase","13":"product_tag-ostern","14":"product_tag-viktorianisch","15":"product_tag-zylinderhut","16":"pa_available_on-craftygenesindonesia","17":"pa_available_on-etsy","18":"pa_available_on-haked-nl","19":"pa_available_on-payhip","20":"pa_available_on-ravelry","21":"pa_languages-deutsch","22":"pa_languages-franzoesisch","23":"pa_languages-niederlaendisch","24":"pa_languages-spanisch","25":"pa_languages-us-englisch","27":"first","28":"instock","29":"sale","30":"downloadable","31":"virtual","32":"purchasable","33":"product-type-simple"},"acf":[],"yoast_head":"<!-- This site is optimized with the Yoast SEO plugin v27.3 - https:\/\/yoast.com\/product\/yoast-seo-wordpress\/ -->\n<title>Elias &amp; Isabella Das Osterhasen-Paket H\u00e4kelmuster - Craftygenesindonesia<\/title>\n<meta name=\"description\" content=\"Kaufen Sie hier mein &quot;Elias &amp; Isabella Das Osterhasen-Paket&quot;. Das einfache H\u00e4kelmuster ist auch erh\u00e4ltlich auf Etsy, Haked, Ravelry, Payhip\" \/>\n<meta name=\"robots\" content=\"index, follow, max-snippet:-1, max-image-preview:large, max-video-preview:-1\" \/>\n<link rel=\"canonical\" href=\"https:\/\/craftygenesindonesia.com\/de\/shop\/tierische-hakelmuster\/elias-isabella-das-osterhasen-paket\/\" \/>\n<meta property=\"og:locale\" content=\"de_DE\" \/>\n<meta property=\"og:type\" content=\"article\" \/>\n<meta property=\"og:title\" content=\"Elias &amp; Isabella Das Osterhasen-Paket\" \/>\n<meta property=\"og:description\" content=\"Kaufen Sie hier mein &quot;Elias &amp; Isabella Das Osterhasen-Paket&quot;. Das einfache H\u00e4kelmuster ist auch erh\u00e4ltlich auf Etsy, Haked, Ravelry, Payhip\" \/>\n<meta property=\"og:url\" content=\"https:\/\/craftygenesindonesia.com\/de\/shop\/tierische-hakelmuster\/elias-isabella-das-osterhasen-paket\/\" \/>\n<meta property=\"og:site_name\" content=\"Craftygenesindonesia\" \/>\n<meta property=\"article:modified_time\" content=\"2025-11-12T10:56:08+00:00\" \/>\n<meta property=\"og:image\" content=\"https:\/\/craftygenesindonesia.com\/wp-content\/uploads\/2023\/02\/Elias-Isabella-1-300x300.jpg\" \/>\n<meta name=\"twitter:card\" content=\"summary_large_image\" \/>\n<meta name=\"twitter:title\" content=\"Elias &amp; Isabella Das Osterhasen-Paket\" \/>\n<meta name=\"twitter:description\" content=\"Kaufen Sie hier mein &quot;Elias &amp; Isabella Das Osterhasen-Paket&quot; in Englisch &amp; Niederl\u00e4ndisch. Mit Links zu den Mustern auf Etsy, Haked &amp; Ravelry\" \/>\n<meta name=\"twitter:image\" content=\"https:\/\/craftygenesindonesia.com\/wp-content\/uploads\/2023\/02\/Picsart_23-02-14_12-24-00-036-1024x1024.jpg\" \/>\n<meta name=\"twitter:label1\" content=\"Gesch\u00e4tzte Lesezeit\" \/>\n\t<meta name=\"twitter:data1\" content=\"2\u00a0Minuten\" \/>\n<script type=\"application\/ld+json\" class=\"yoast-schema-graph\">{\"@context\":\"https:\\\/\\\/schema.org\",\"@graph\":[{\"@type\":\"WebPage\",\"@id\":\"https:\\\/\\\/craftygenesindonesia.com\\\/de\\\/shop\\\/tierische-hakelmuster\\\/elias-isabella-das-osterhasen-paket\\\/\",\"url\":\"https:\\\/\\\/craftygenesindonesia.com\\\/de\\\/shop\\\/tierische-hakelmuster\\\/elias-isabella-das-osterhasen-paket\\\/\",\"name\":\"Elias &amp; Isabella Das Osterhasen-Paket H\u00e4kelmuster - Craftygenesindonesia\",\"isPartOf\":{\"@id\":\"https:\\\/\\\/craftygenesindonesia.com\\\/de\\\/#website\"},\"primaryImageOfPage\":{\"@id\":\"https:\\\/\\\/craftygenesindonesia.com\\\/de\\\/shop\\\/tierische-hakelmuster\\\/elias-isabella-das-osterhasen-paket\\\/#primaryimage\"},\"image\":{\"@id\":\"https:\\\/\\\/craftygenesindonesia.com\\\/de\\\/shop\\\/tierische-hakelmuster\\\/elias-isabella-das-osterhasen-paket\\\/#primaryimage\"},\"thumbnailUrl\":\"https:\\\/\\\/craftygenesindonesia.com\\\/wp-content\\\/uploads\\\/2023\\\/02\\\/Elias-Isabella-1.jpg\",\"datePublished\":\"2023-02-14T22:12:14+00:00\",\"dateModified\":\"2025-11-12T10:56:08+00:00\",\"description\":\"Kaufen Sie hier mein \\\"Elias & Isabella Das Osterhasen-Paket\\\". Das einfache H\u00e4kelmuster ist auch erh\u00e4ltlich auf Etsy, Haked, Ravelry, Payhip\",\"breadcrumb\":{\"@id\":\"https:\\\/\\\/craftygenesindonesia.com\\\/de\\\/shop\\\/tierische-hakelmuster\\\/elias-isabella-das-osterhasen-paket\\\/#breadcrumb\"},\"inLanguage\":\"de\",\"potentialAction\":[{\"@type\":\"ReadAction\",\"target\":[\"https:\\\/\\\/craftygenesindonesia.com\\\/de\\\/shop\\\/tierische-hakelmuster\\\/elias-isabella-das-osterhasen-paket\\\/\"]}]},{\"@type\":\"ImageObject\",\"inLanguage\":\"de\",\"@id\":\"https:\\\/\\\/craftygenesindonesia.com\\\/de\\\/shop\\\/tierische-hakelmuster\\\/elias-isabella-das-osterhasen-paket\\\/#primaryimage\",\"url\":\"https:\\\/\\\/craftygenesindonesia.com\\\/wp-content\\\/uploads\\\/2023\\\/02\\\/Elias-Isabella-1.jpg\",\"contentUrl\":\"https:\\\/\\\/craftygenesindonesia.com\\\/wp-content\\\/uploads\\\/2023\\\/02\\\/Elias-Isabella-1.jpg\",\"width\":1080,\"height\":1080,\"caption\":\"Victorian Easter Bunnies\"},{\"@type\":\"BreadcrumbList\",\"@id\":\"https:\\\/\\\/craftygenesindonesia.com\\\/de\\\/shop\\\/tierische-hakelmuster\\\/elias-isabella-das-osterhasen-paket\\\/#breadcrumb\",\"itemListElement\":[{\"@type\":\"ListItem\",\"position\":1,\"name\":\"Home\",\"item\":\"https:\\\/\\\/craftygenesindonesia.com\\\/de\\\/\"},{\"@type\":\"ListItem\",\"position\":2,\"name\":\"Mustershop\",\"item\":\"https:\\\/\\\/craftygenesindonesia.com\\\/de\\\/muster-shop\\\/\"},{\"@type\":\"ListItem\",\"position\":3,\"name\":\"Elias &amp; Isabella Das Osterhasen-Paket\"}]},{\"@type\":\"WebSite\",\"@id\":\"https:\\\/\\\/craftygenesindonesia.com\\\/de\\\/#website\",\"url\":\"https:\\\/\\\/craftygenesindonesia.com\\\/de\\\/\",\"name\":\"Craftygenesindonesia\",\"description\":\"\",\"publisher\":{\"@id\":\"https:\\\/\\\/craftygenesindonesia.com\\\/de\\\/#organization\"},\"potentialAction\":[{\"@type\":\"SearchAction\",\"target\":{\"@type\":\"EntryPoint\",\"urlTemplate\":\"https:\\\/\\\/craftygenesindonesia.com\\\/de\\\/?s={search_term_string}\"},\"query-input\":{\"@type\":\"PropertyValueSpecification\",\"valueRequired\":true,\"valueName\":\"search_term_string\"}}],\"inLanguage\":\"de\"},{\"@type\":\"Organization\",\"@id\":\"https:\\\/\\\/craftygenesindonesia.com\\\/de\\\/#organization\",\"name\":\"Craftygenesindonesia\",\"url\":\"https:\\\/\\\/craftygenesindonesia.com\\\/de\\\/\",\"logo\":{\"@type\":\"ImageObject\",\"inLanguage\":\"de\",\"@id\":\"https:\\\/\\\/craftygenesindonesia.com\\\/de\\\/#\\\/schema\\\/logo\\\/image\\\/\",\"url\":\"https:\\\/\\\/craftygenesindonesia.com\\\/wp-content\\\/uploads\\\/2025\\\/11\\\/cropped-Copy-of-Craftygenesindonesia.jpg\",\"contentUrl\":\"https:\\\/\\\/craftygenesindonesia.com\\\/wp-content\\\/uploads\\\/2025\\\/11\\\/cropped-Copy-of-Craftygenesindonesia.jpg\",\"width\":180,\"height\":60,\"caption\":\"Craftygenesindonesia\"},\"image\":{\"@id\":\"https:\\\/\\\/craftygenesindonesia.com\\\/de\\\/#\\\/schema\\\/logo\\\/image\\\/\"}}]}<\/script>\n<!-- \/ Yoast SEO plugin. -->","yoast_head_json":{"title":"Elias &amp; Isabella Das Osterhasen-Paket H\u00e4kelmuster - Craftygenesindonesia","description":"Kaufen Sie hier mein \"Elias & Isabella Das Osterhasen-Paket\". Das einfache H\u00e4kelmuster ist auch erh\u00e4ltlich auf Etsy, Haked, Ravelry, Payhip","robots":{"index":"index","follow":"follow","max-snippet":"max-snippet:-1","max-image-preview":"max-image-preview:large","max-video-preview":"max-video-preview:-1"},"canonical":"https:\/\/craftygenesindonesia.com\/de\/shop\/tierische-hakelmuster\/elias-isabella-das-osterhasen-paket\/","og_locale":"de_DE","og_type":"article","og_title":"Elias & Isabella Das Osterhasen-Paket","og_description":"Kaufen Sie hier mein \"Elias & Isabella Das Osterhasen-Paket\". Das einfache H\u00e4kelmuster ist auch erh\u00e4ltlich auf Etsy, Haked, Ravelry, Payhip","og_url":"https:\/\/craftygenesindonesia.com\/de\/shop\/tierische-hakelmuster\/elias-isabella-das-osterhasen-paket\/","og_site_name":"Craftygenesindonesia","article_modified_time":"2025-11-12T10:56:08+00:00","og_image":[{"url":"https:\/\/craftygenesindonesia.com\/wp-content\/uploads\/2023\/02\/Elias-Isabella-1-300x300.jpg","type":"","width":"","height":""}],"twitter_card":"summary_large_image","twitter_title":"Elias & Isabella Das Osterhasen-Paket","twitter_description":"Kaufen Sie hier mein \"Elias & Isabella Das Osterhasen-Paket\" in Englisch & Niederl\u00e4ndisch. Mit Links zu den Mustern auf Etsy, Haked & Ravelry","twitter_image":"https:\/\/craftygenesindonesia.com\/wp-content\/uploads\/2023\/02\/Picsart_23-02-14_12-24-00-036-1024x1024.jpg","twitter_misc":{"Gesch\u00e4tzte Lesezeit":"2\u00a0Minuten"},"schema":{"@context":"https:\/\/schema.org","@graph":[{"@type":"WebPage","@id":"https:\/\/craftygenesindonesia.com\/de\/shop\/tierische-hakelmuster\/elias-isabella-das-osterhasen-paket\/","url":"https:\/\/craftygenesindonesia.com\/de\/shop\/tierische-hakelmuster\/elias-isabella-das-osterhasen-paket\/","name":"Elias &amp; Isabella Das Osterhasen-Paket H\u00e4kelmuster - Craftygenesindonesia","isPartOf":{"@id":"https:\/\/craftygenesindonesia.com\/de\/#website"},"primaryImageOfPage":{"@id":"https:\/\/craftygenesindonesia.com\/de\/shop\/tierische-hakelmuster\/elias-isabella-das-osterhasen-paket\/#primaryimage"},"image":{"@id":"https:\/\/craftygenesindonesia.com\/de\/shop\/tierische-hakelmuster\/elias-isabella-das-osterhasen-paket\/#primaryimage"},"thumbnailUrl":"https:\/\/craftygenesindonesia.com\/wp-content\/uploads\/2023\/02\/Elias-Isabella-1.jpg","datePublished":"2023-02-14T22:12:14+00:00","dateModified":"2025-11-12T10:56:08+00:00","description":"Kaufen Sie hier mein \"Elias & Isabella Das Osterhasen-Paket\". Das einfache H\u00e4kelmuster ist auch erh\u00e4ltlich auf Etsy, Haked, Ravelry, Payhip","breadcrumb":{"@id":"https:\/\/craftygenesindonesia.com\/de\/shop\/tierische-hakelmuster\/elias-isabella-das-osterhasen-paket\/#breadcrumb"},"inLanguage":"de","potentialAction":[{"@type":"ReadAction","target":["https:\/\/craftygenesindonesia.com\/de\/shop\/tierische-hakelmuster\/elias-isabella-das-osterhasen-paket\/"]}]},{"@type":"ImageObject","inLanguage":"de","@id":"https:\/\/craftygenesindonesia.com\/de\/shop\/tierische-hakelmuster\/elias-isabella-das-osterhasen-paket\/#primaryimage","url":"https:\/\/craftygenesindonesia.com\/wp-content\/uploads\/2023\/02\/Elias-Isabella-1.jpg","contentUrl":"https:\/\/craftygenesindonesia.com\/wp-content\/uploads\/2023\/02\/Elias-Isabella-1.jpg","width":1080,"height":1080,"caption":"Victorian Easter Bunnies"},{"@type":"BreadcrumbList","@id":"https:\/\/craftygenesindonesia.com\/de\/shop\/tierische-hakelmuster\/elias-isabella-das-osterhasen-paket\/#breadcrumb","itemListElement":[{"@type":"ListItem","position":1,"name":"Home","item":"https:\/\/craftygenesindonesia.com\/de\/"},{"@type":"ListItem","position":2,"name":"Mustershop","item":"https:\/\/craftygenesindonesia.com\/de\/muster-shop\/"},{"@type":"ListItem","position":3,"name":"Elias &amp; Isabella Das Osterhasen-Paket"}]},{"@type":"WebSite","@id":"https:\/\/craftygenesindonesia.com\/de\/#website","url":"https:\/\/craftygenesindonesia.com\/de\/","name":"Craftygenesindonesia","description":"","publisher":{"@id":"https:\/\/craftygenesindonesia.com\/de\/#organization"},"potentialAction":[{"@type":"SearchAction","target":{"@type":"EntryPoint","urlTemplate":"https:\/\/craftygenesindonesia.com\/de\/?s={search_term_string}"},"query-input":{"@type":"PropertyValueSpecification","valueRequired":true,"valueName":"search_term_string"}}],"inLanguage":"de"},{"@type":"Organization","@id":"https:\/\/craftygenesindonesia.com\/de\/#organization","name":"Craftygenesindonesia","url":"https:\/\/craftygenesindonesia.com\/de\/","logo":{"@type":"ImageObject","inLanguage":"de","@id":"https:\/\/craftygenesindonesia.com\/de\/#\/schema\/logo\/image\/","url":"https:\/\/craftygenesindonesia.com\/wp-content\/uploads\/2025\/11\/cropped-Copy-of-Craftygenesindonesia.jpg","contentUrl":"https:\/\/craftygenesindonesia.com\/wp-content\/uploads\/2025\/11\/cropped-Copy-of-Craftygenesindonesia.jpg","width":180,"height":60,"caption":"Craftygenesindonesia"},"image":{"@id":"https:\/\/craftygenesindonesia.com\/de\/#\/schema\/logo\/image\/"}}]}},"_links":{"self":[{"href":"https:\/\/craftygenesindonesia.com\/de\/wp-json\/wp\/v2\/product\/987528959","targetHints":{"allow":["GET"]}}],"collection":[{"href":"https:\/\/craftygenesindonesia.com\/de\/wp-json\/wp\/v2\/product"}],"about":[{"href":"https:\/\/craftygenesindonesia.com\/de\/wp-json\/wp\/v2\/types\/product"}],"replies":[{"embeddable":true,"href":"https:\/\/craftygenesindonesia.com\/de\/wp-json\/wp\/v2\/comments?post=987528959"}],"wp:featuredmedia":[{"embeddable":true,"href":"https:\/\/craftygenesindonesia.com\/de\/wp-json\/wp\/v2\/media\/987528961"}],"wp:attachment":[{"href":"https:\/\/craftygenesindonesia.com\/de\/wp-json\/wp\/v2\/media?parent=987528959"}],"wp:term":[{"taxonomy":"product_brand","embeddable":true,"href":"https:\/\/craftygenesindonesia.com\/de\/wp-json\/wp\/v2\/product_brand?post=987528959"},{"taxonomy":"product_cat","embeddable":true,"href":"https:\/\/craftygenesindonesia.com\/de\/wp-json\/wp\/v2\/product_cat?post=987528959"},{"taxonomy":"product_tag","embeddable":true,"href":"https:\/\/craftygenesindonesia.com\/de\/wp-json\/wp\/v2\/product_tag?post=987528959"}],"curies":[{"name":"wp","href":"https:\/\/api.w.org\/{rel}","templated":true}]}}