{"id":987528949,"date":"2023-02-08T16:25:07","date_gmt":"2023-02-08T08:25:07","guid":{"rendered":"https:\/\/craftygenesindonesia.com\/shop\/unkategorisiert\/unsere-liebe-frau\/"},"modified":"2025-11-12T18:58:53","modified_gmt":"2025-11-12T10:58:53","slug":"unsere-liebe-frau","status":"publish","type":"product","link":"https:\/\/craftygenesindonesia.com\/de\/shop\/religiose-hakelmuster\/unsere-liebe-frau\/","title":{"rendered":"Unsere Liebe Frau"},"content":{"rendered":"<p>Unsere Dame ist 24cm\/9.4inch gro\u00df. Der Schrein ist 16x44cm\/6.3&#215;17.3inch gro\u00df. Das ganze Set ist mit leichtem Garn (3), das f\u00fcr Amigurumi geeignet ist, und einer H\u00e4kelnadel der Gr\u00f6\u00dfe 2mm hergestellt.<\/p>\n<p>&nbsp;<\/p>\n<p>Sie ben\u00f6tigen diese Farben:<\/p>\n<ul>\n<li>Blau: 60-70m (meter)\/ 65-75yd (yard)<\/li>\n<li>Braun: 10-20m\/ 10-20yd<\/li>\n<li>Dunkelbraun: 290-310m\/ 320-340yd<\/li>\n<li>Metallic gold: 50-60m \/ 55-65yd<\/li>\n<li>Gebrochen Wei\u00df: 45-55m\/ 50-60yd<\/li>\n<li>Rot: 55-65m\/ 60-70yd<\/li>\n<li>Hautfarbe: 25-35m\/ 30-40yd<\/li>\n<\/ul>\n<p>Sie ben\u00f6tigen au\u00dferdem: F\u00fcllung &#8211; Filzstifte &#8211; Tapisserie-Nadel &#8211; Schere &#8211; Bleistift &#8211; Kleber &#8211; Klebepistole &#8211; Klebeband &#8211; Wattest\u00e4bchen &#8211; wei\u00dfes oder gelbes N\u00e4hgarn und Nadel &#8211; N\u00e4hnadeln &#8211; Karton &#8211; Aluminiumdraht &#8211; Schneidezange &#8211; Perlen &#8211; kleines Kreuz &#8211; gro\u00dfes Kreuz<\/p>\n<p>&nbsp;<\/p>\n<p>H\u00e4kelnadel: Gr\u00f6\u00dfe 2mm<\/p>\n<p>&nbsp;<\/p>\n<p>Dieses H\u00e4kelmuster enth\u00e4lt viele Bilder, um Ihnen zu helfen. Wenn Sie noch Fragen haben, k\u00f6nnen Sie mich gerne kontaktieren: <a href=\"mailto:craftygenesindonesia@gmail.com\">craftygenesindonesia@gmail.com<\/a><\/p>\n<p>&nbsp;<\/p>\n<p>Dieses Muster ist mit einem COPYRIGHT versehen. Das Muster ist daher nur f\u00fcr den pers\u00f6nlichen Gebrauch bestimmt und darf NICHT kopiert, verkauft, weiterverkauft, \u00fcbersetzt, als eigenes Design beansprucht, verteilt, geteilt, ver\u00f6ffentlicht, online gestellt werden&#8230; in keiner Form ohne meine Zustimmung. Nicht einmal ein Teil davon!!!<\/p>\n<p>&nbsp;<\/p>\n<p>Sie k\u00f6nnen die fertige Madonna und\/oder ihren Schrein in kleinen Mengen verkaufen, ABER NICHT DAS MUSTER SELBST! Bitte erw\u00e4hnen Sie, dass das Schnittmuster von Craftygenesindonesia ist und wo man es kaufen kann<\/p>\n","protected":false},"excerpt":{"rendered":"<p>Dies ist eine lustige Puppe der Jungfrau Maria mit Jezus und der Schrein ist im Muster enthalten!!! Perfekt f\u00fcr alle, die Maria lieben und gerne h\u00e4keln.<\/p>\n","protected":false},"featured_media":987528950,"comment_status":"open","ping_status":"closed","template":"","meta":{"_acf_changed":false},"product_brand":[],"product_cat":[12129],"product_tag":[12147,12299,12361,12148,12145,12155,12356,12135,12150,12151,12237,12178,12483,12425,12445],"class_list":{"0":"post-987528949","1":"product","2":"type-product","3":"status-publish","4":"has-post-thumbnail","6":"product_cat-religiose-hakelmuster","7":"product_tag-christian-de","8":"product_tag-christus-de","9":"product_tag-gesegnet","10":"product_tag-heilige-maria-de","11":"product_tag-heilige-maria","12":"product_tag-heilige-st-maria","13":"product_tag-heiliger","14":"product_tag-jesus-de","15":"product_tag-jungfrau-maria","16":"product_tag-katholisch","17":"product_tag-katholischer-heiliger","18":"product_tag-kreuz","19":"product_tag-schrein","20":"product_tag-schutzpatronin","21":"product_tag-unsere-dame","22":"pa_available_on-craftygenesindonesia","23":"pa_available_on-etsy","24":"pa_available_on-haked-nl","25":"pa_available_on-payhip","26":"pa_available_on-ravelry","27":"pa_languages-deutsch","28":"pa_languages-franzoesisch","29":"pa_languages-italienisch","30":"pa_languages-niederlaendisch","31":"pa_languages-spanisch","32":"pa_languages-us-englisch","34":"first","35":"instock","36":"downloadable","37":"virtual","38":"purchasable","39":"product-type-simple"},"acf":[],"yoast_head":"<!-- This site is optimized with the Yoast SEO plugin v27.3 - https:\/\/yoast.com\/product\/yoast-seo-wordpress\/ -->\n<title>Unsere Liebe Frau H\u00e4kelmuster - Craftygenesindonesia<\/title>\n<meta name=\"description\" content=\"Kaufen Sie hier mein &quot;Unsere Liebe Frau&quot; Jungfrau Maria mit Jesus auf Schrein H\u00e4kelmuster. Es ist auch erh\u00e4ltlich auf Etsy, Haked.nl, Ravelry, Payhip\" \/>\n<meta name=\"robots\" content=\"index, follow, max-snippet:-1, max-image-preview:large, max-video-preview:-1\" \/>\n<link rel=\"canonical\" href=\"https:\/\/craftygenesindonesia.com\/de\/shop\/religiose-hakelmuster\/unsere-liebe-frau\/\" \/>\n<meta property=\"og:locale\" content=\"de_DE\" \/>\n<meta property=\"og:type\" content=\"article\" \/>\n<meta property=\"og:title\" content=\"&quot;Unsere Liebe Frau&quot; Jungfrau Maria mit Jesus auf Schrein H\u00e4kelmuster.\" \/>\n<meta property=\"og:description\" content=\"Kaufen Sie hier mein &quot;Unsere Liebe Frau&quot; Jungfrau Maria mit Jesus auf Schrein H\u00e4kelmuster. Es ist auch erh\u00e4ltlich auf Etsy, Haked.nl, Ravelry, Payhip\" \/>\n<meta property=\"og:url\" content=\"https:\/\/craftygenesindonesia.com\/de\/shop\/religiose-hakelmuster\/unsere-liebe-frau\/\" \/>\n<meta property=\"og:site_name\" content=\"Craftygenesindonesia\" \/>\n<meta property=\"article:modified_time\" content=\"2025-11-12T10:58:53+00:00\" \/>\n<meta property=\"og:image\" content=\"https:\/\/craftygenesindonesia.com\/wp-content\/uploads\/2023\/02\/Our-Lady-1-300x300.jpg\" \/>\n<meta name=\"twitter:card\" content=\"summary_large_image\" \/>\n<meta name=\"twitter:title\" content=\"Unsere Liebe Frau H\u00e4kelmuster\" \/>\n<meta name=\"twitter:description\" content=\"Kaufen Sie hier mein &quot;Unsere Liebe Frau&quot; H\u00e4kelmuster . Hier finden Sie auch Links zu den Mustern auf Etsy, Haked &amp; Ravelry\" \/>\n<meta name=\"twitter:image\" content=\"https:\/\/craftygenesindonesia.com\/wp-content\/uploads\/2023\/02\/Untitled-design-18.png\" \/>\n<meta name=\"twitter:label1\" content=\"Gesch\u00e4tzte Lesezeit\" \/>\n\t<meta name=\"twitter:data1\" content=\"2\u00a0Minuten\" \/>\n<script type=\"application\/ld+json\" class=\"yoast-schema-graph\">{\"@context\":\"https:\\\/\\\/schema.org\",\"@graph\":[{\"@type\":\"WebPage\",\"@id\":\"https:\\\/\\\/craftygenesindonesia.com\\\/de\\\/shop\\\/religiose-hakelmuster\\\/unsere-liebe-frau\\\/\",\"url\":\"https:\\\/\\\/craftygenesindonesia.com\\\/de\\\/shop\\\/religiose-hakelmuster\\\/unsere-liebe-frau\\\/\",\"name\":\"Unsere Liebe Frau H\u00e4kelmuster - Craftygenesindonesia\",\"isPartOf\":{\"@id\":\"https:\\\/\\\/craftygenesindonesia.com\\\/de\\\/#website\"},\"primaryImageOfPage\":{\"@id\":\"https:\\\/\\\/craftygenesindonesia.com\\\/de\\\/shop\\\/religiose-hakelmuster\\\/unsere-liebe-frau\\\/#primaryimage\"},\"image\":{\"@id\":\"https:\\\/\\\/craftygenesindonesia.com\\\/de\\\/shop\\\/religiose-hakelmuster\\\/unsere-liebe-frau\\\/#primaryimage\"},\"thumbnailUrl\":\"https:\\\/\\\/craftygenesindonesia.com\\\/wp-content\\\/uploads\\\/2023\\\/02\\\/Our-Lady-1.jpg\",\"datePublished\":\"2023-02-08T08:25:07+00:00\",\"dateModified\":\"2025-11-12T10:58:53+00:00\",\"description\":\"Kaufen Sie hier mein \\\"Unsere Liebe Frau\\\" Jungfrau Maria mit Jesus auf Schrein H\u00e4kelmuster. Es ist auch erh\u00e4ltlich auf Etsy, Haked.nl, Ravelry, Payhip\",\"breadcrumb\":{\"@id\":\"https:\\\/\\\/craftygenesindonesia.com\\\/de\\\/shop\\\/religiose-hakelmuster\\\/unsere-liebe-frau\\\/#breadcrumb\"},\"inLanguage\":\"de\",\"potentialAction\":[{\"@type\":\"ReadAction\",\"target\":[\"https:\\\/\\\/craftygenesindonesia.com\\\/de\\\/shop\\\/religiose-hakelmuster\\\/unsere-liebe-frau\\\/\"]}]},{\"@type\":\"ImageObject\",\"inLanguage\":\"de\",\"@id\":\"https:\\\/\\\/craftygenesindonesia.com\\\/de\\\/shop\\\/religiose-hakelmuster\\\/unsere-liebe-frau\\\/#primaryimage\",\"url\":\"https:\\\/\\\/craftygenesindonesia.com\\\/wp-content\\\/uploads\\\/2023\\\/02\\\/Our-Lady-1.jpg\",\"contentUrl\":\"https:\\\/\\\/craftygenesindonesia.com\\\/wp-content\\\/uploads\\\/2023\\\/02\\\/Our-Lady-1.jpg\",\"width\":1080,\"height\":1080,\"caption\":\"crochet Virgin Mary with child Jesus on crochet shrine\"},{\"@type\":\"BreadcrumbList\",\"@id\":\"https:\\\/\\\/craftygenesindonesia.com\\\/de\\\/shop\\\/religiose-hakelmuster\\\/unsere-liebe-frau\\\/#breadcrumb\",\"itemListElement\":[{\"@type\":\"ListItem\",\"position\":1,\"name\":\"Home\",\"item\":\"https:\\\/\\\/craftygenesindonesia.com\\\/de\\\/\"},{\"@type\":\"ListItem\",\"position\":2,\"name\":\"Mustershop\",\"item\":\"https:\\\/\\\/craftygenesindonesia.com\\\/de\\\/muster-shop\\\/\"},{\"@type\":\"ListItem\",\"position\":3,\"name\":\"Unsere Liebe Frau\"}]},{\"@type\":\"WebSite\",\"@id\":\"https:\\\/\\\/craftygenesindonesia.com\\\/de\\\/#website\",\"url\":\"https:\\\/\\\/craftygenesindonesia.com\\\/de\\\/\",\"name\":\"Craftygenesindonesia\",\"description\":\"\",\"publisher\":{\"@id\":\"https:\\\/\\\/craftygenesindonesia.com\\\/de\\\/#organization\"},\"potentialAction\":[{\"@type\":\"SearchAction\",\"target\":{\"@type\":\"EntryPoint\",\"urlTemplate\":\"https:\\\/\\\/craftygenesindonesia.com\\\/de\\\/?s={search_term_string}\"},\"query-input\":{\"@type\":\"PropertyValueSpecification\",\"valueRequired\":true,\"valueName\":\"search_term_string\"}}],\"inLanguage\":\"de\"},{\"@type\":\"Organization\",\"@id\":\"https:\\\/\\\/craftygenesindonesia.com\\\/de\\\/#organization\",\"name\":\"Craftygenesindonesia\",\"url\":\"https:\\\/\\\/craftygenesindonesia.com\\\/de\\\/\",\"logo\":{\"@type\":\"ImageObject\",\"inLanguage\":\"de\",\"@id\":\"https:\\\/\\\/craftygenesindonesia.com\\\/de\\\/#\\\/schema\\\/logo\\\/image\\\/\",\"url\":\"https:\\\/\\\/craftygenesindonesia.com\\\/wp-content\\\/uploads\\\/2025\\\/11\\\/cropped-Copy-of-Craftygenesindonesia.jpg\",\"contentUrl\":\"https:\\\/\\\/craftygenesindonesia.com\\\/wp-content\\\/uploads\\\/2025\\\/11\\\/cropped-Copy-of-Craftygenesindonesia.jpg\",\"width\":180,\"height\":60,\"caption\":\"Craftygenesindonesia\"},\"image\":{\"@id\":\"https:\\\/\\\/craftygenesindonesia.com\\\/de\\\/#\\\/schema\\\/logo\\\/image\\\/\"}}]}<\/script>\n<!-- \/ Yoast SEO plugin. -->","yoast_head_json":{"title":"Unsere Liebe Frau H\u00e4kelmuster - Craftygenesindonesia","description":"Kaufen Sie hier mein \"Unsere Liebe Frau\" Jungfrau Maria mit Jesus auf Schrein H\u00e4kelmuster. Es ist auch erh\u00e4ltlich auf Etsy, Haked.nl, Ravelry, Payhip","robots":{"index":"index","follow":"follow","max-snippet":"max-snippet:-1","max-image-preview":"max-image-preview:large","max-video-preview":"max-video-preview:-1"},"canonical":"https:\/\/craftygenesindonesia.com\/de\/shop\/religiose-hakelmuster\/unsere-liebe-frau\/","og_locale":"de_DE","og_type":"article","og_title":"\"Unsere Liebe Frau\" Jungfrau Maria mit Jesus auf Schrein H\u00e4kelmuster.","og_description":"Kaufen Sie hier mein \"Unsere Liebe Frau\" Jungfrau Maria mit Jesus auf Schrein H\u00e4kelmuster. Es ist auch erh\u00e4ltlich auf Etsy, Haked.nl, Ravelry, Payhip","og_url":"https:\/\/craftygenesindonesia.com\/de\/shop\/religiose-hakelmuster\/unsere-liebe-frau\/","og_site_name":"Craftygenesindonesia","article_modified_time":"2025-11-12T10:58:53+00:00","og_image":[{"url":"https:\/\/craftygenesindonesia.com\/wp-content\/uploads\/2023\/02\/Our-Lady-1-300x300.jpg","type":"","width":"","height":""}],"twitter_card":"summary_large_image","twitter_title":"Unsere Liebe Frau H\u00e4kelmuster","twitter_description":"Kaufen Sie hier mein \"Unsere Liebe Frau\" H\u00e4kelmuster . Hier finden Sie auch Links zu den Mustern auf Etsy, Haked & Ravelry","twitter_image":"https:\/\/craftygenesindonesia.com\/wp-content\/uploads\/2023\/02\/Untitled-design-18.png","twitter_misc":{"Gesch\u00e4tzte Lesezeit":"2\u00a0Minuten"},"schema":{"@context":"https:\/\/schema.org","@graph":[{"@type":"WebPage","@id":"https:\/\/craftygenesindonesia.com\/de\/shop\/religiose-hakelmuster\/unsere-liebe-frau\/","url":"https:\/\/craftygenesindonesia.com\/de\/shop\/religiose-hakelmuster\/unsere-liebe-frau\/","name":"Unsere Liebe Frau H\u00e4kelmuster - Craftygenesindonesia","isPartOf":{"@id":"https:\/\/craftygenesindonesia.com\/de\/#website"},"primaryImageOfPage":{"@id":"https:\/\/craftygenesindonesia.com\/de\/shop\/religiose-hakelmuster\/unsere-liebe-frau\/#primaryimage"},"image":{"@id":"https:\/\/craftygenesindonesia.com\/de\/shop\/religiose-hakelmuster\/unsere-liebe-frau\/#primaryimage"},"thumbnailUrl":"https:\/\/craftygenesindonesia.com\/wp-content\/uploads\/2023\/02\/Our-Lady-1.jpg","datePublished":"2023-02-08T08:25:07+00:00","dateModified":"2025-11-12T10:58:53+00:00","description":"Kaufen Sie hier mein \"Unsere Liebe Frau\" Jungfrau Maria mit Jesus auf Schrein H\u00e4kelmuster. Es ist auch erh\u00e4ltlich auf Etsy, Haked.nl, Ravelry, Payhip","breadcrumb":{"@id":"https:\/\/craftygenesindonesia.com\/de\/shop\/religiose-hakelmuster\/unsere-liebe-frau\/#breadcrumb"},"inLanguage":"de","potentialAction":[{"@type":"ReadAction","target":["https:\/\/craftygenesindonesia.com\/de\/shop\/religiose-hakelmuster\/unsere-liebe-frau\/"]}]},{"@type":"ImageObject","inLanguage":"de","@id":"https:\/\/craftygenesindonesia.com\/de\/shop\/religiose-hakelmuster\/unsere-liebe-frau\/#primaryimage","url":"https:\/\/craftygenesindonesia.com\/wp-content\/uploads\/2023\/02\/Our-Lady-1.jpg","contentUrl":"https:\/\/craftygenesindonesia.com\/wp-content\/uploads\/2023\/02\/Our-Lady-1.jpg","width":1080,"height":1080,"caption":"crochet Virgin Mary with child Jesus on crochet shrine"},{"@type":"BreadcrumbList","@id":"https:\/\/craftygenesindonesia.com\/de\/shop\/religiose-hakelmuster\/unsere-liebe-frau\/#breadcrumb","itemListElement":[{"@type":"ListItem","position":1,"name":"Home","item":"https:\/\/craftygenesindonesia.com\/de\/"},{"@type":"ListItem","position":2,"name":"Mustershop","item":"https:\/\/craftygenesindonesia.com\/de\/muster-shop\/"},{"@type":"ListItem","position":3,"name":"Unsere Liebe Frau"}]},{"@type":"WebSite","@id":"https:\/\/craftygenesindonesia.com\/de\/#website","url":"https:\/\/craftygenesindonesia.com\/de\/","name":"Craftygenesindonesia","description":"","publisher":{"@id":"https:\/\/craftygenesindonesia.com\/de\/#organization"},"potentialAction":[{"@type":"SearchAction","target":{"@type":"EntryPoint","urlTemplate":"https:\/\/craftygenesindonesia.com\/de\/?s={search_term_string}"},"query-input":{"@type":"PropertyValueSpecification","valueRequired":true,"valueName":"search_term_string"}}],"inLanguage":"de"},{"@type":"Organization","@id":"https:\/\/craftygenesindonesia.com\/de\/#organization","name":"Craftygenesindonesia","url":"https:\/\/craftygenesindonesia.com\/de\/","logo":{"@type":"ImageObject","inLanguage":"de","@id":"https:\/\/craftygenesindonesia.com\/de\/#\/schema\/logo\/image\/","url":"https:\/\/craftygenesindonesia.com\/wp-content\/uploads\/2025\/11\/cropped-Copy-of-Craftygenesindonesia.jpg","contentUrl":"https:\/\/craftygenesindonesia.com\/wp-content\/uploads\/2025\/11\/cropped-Copy-of-Craftygenesindonesia.jpg","width":180,"height":60,"caption":"Craftygenesindonesia"},"image":{"@id":"https:\/\/craftygenesindonesia.com\/de\/#\/schema\/logo\/image\/"}}]}},"_links":{"self":[{"href":"https:\/\/craftygenesindonesia.com\/de\/wp-json\/wp\/v2\/product\/987528949","targetHints":{"allow":["GET"]}}],"collection":[{"href":"https:\/\/craftygenesindonesia.com\/de\/wp-json\/wp\/v2\/product"}],"about":[{"href":"https:\/\/craftygenesindonesia.com\/de\/wp-json\/wp\/v2\/types\/product"}],"replies":[{"embeddable":true,"href":"https:\/\/craftygenesindonesia.com\/de\/wp-json\/wp\/v2\/comments?post=987528949"}],"wp:featuredmedia":[{"embeddable":true,"href":"https:\/\/craftygenesindonesia.com\/de\/wp-json\/wp\/v2\/media\/987528950"}],"wp:attachment":[{"href":"https:\/\/craftygenesindonesia.com\/de\/wp-json\/wp\/v2\/media?parent=987528949"}],"wp:term":[{"taxonomy":"product_brand","embeddable":true,"href":"https:\/\/craftygenesindonesia.com\/de\/wp-json\/wp\/v2\/product_brand?post=987528949"},{"taxonomy":"product_cat","embeddable":true,"href":"https:\/\/craftygenesindonesia.com\/de\/wp-json\/wp\/v2\/product_cat?post=987528949"},{"taxonomy":"product_tag","embeddable":true,"href":"https:\/\/craftygenesindonesia.com\/de\/wp-json\/wp\/v2\/product_tag?post=987528949"}],"curies":[{"name":"wp","href":"https:\/\/api.w.org\/{rel}","templated":true}]}}