{"id":987528943,"date":"2023-01-30T08:41:39","date_gmt":"2023-01-30T00:41:39","guid":{"rendered":"https:\/\/craftygenesindonesia.com\/shop\/unkategorisiert\/for-the-fallen-all-in-one-haekelmuster-buendel\/"},"modified":"2025-11-12T19:00:02","modified_gmt":"2025-11-12T11:00:02","slug":"for-the-fallen-all-in-one-haekelmuster-buendel","status":"publish","type":"product","link":"https:\/\/craftygenesindonesia.com\/de\/shop\/damen-und-herren-hakelmuster\/for-the-fallen-all-in-one-haekelmuster-buendel\/","title":{"rendered":"For The Fallen &#8211; All in One H\u00e4kelmuster-B\u00fcndel"},"content":{"rendered":"<p>In diesem Paket erhalten Sie alle Muster, die Sie auf meinem Bild sehen = die Soldaten, die Plattformen, das Kreuz, die Fl\u00fcgel, die Mohnblumen, die Kerzenhalter.<\/p>\n<p>Sie sind alle mit einem f\u00fcr Amigurumi geeigneten Garn der St\u00e4rke &#8220;FINGERING&#8221; und einer H\u00e4kelnadel der Gr\u00f6\u00dfe 2mm hergestellt.<\/p>\n<p>Sie ben\u00f6tigen folgende Farben: Hautfarbe, Wei\u00df, Schwarz, Grau, Dunkelgrau, Rot, Beige, Unifarbenes Braun, Braun, (Brodie) Helmgr\u00fcn, Blau, Marineblau, Blaugrau, Hellblau<\/p>\n<p>H\u00e4kelnadel: Gr\u00f6\u00dfe 2 mm.<\/p>\n<p>Dieses Musterset enth\u00e4lt schriftliche Muster und viele Bilder, um Ihnen zu helfen.<br \/>\nFalls Sie Probleme haben sollten, die Muster zu verstehen, k\u00f6nnen Sie mir gerne eine Nachricht schicken: craftygenesindonesia@gmail.com<\/p>\n<p>Dieses Musterset ist nur f\u00fcr den pers\u00f6nlichen Gebrauch bestimmt und es besteht ein COPYRIGHT darauf. Das Musterset ist daher nur f\u00fcr den pers\u00f6nlichen Gebrauch bestimmt und darf NICHT kopiert, verkauft, weiterverkauft, \u00fcbersetzt, als eigenes Design beansprucht, verteilt, geteilt, ver\u00f6ffentlicht, online gestellt werden&#8230; in keiner Form ohne meine Zustimmung. Nicht einmal ein Teil davon!!<\/p>\n<p>Sie d\u00fcrfen die fertigen Artikel verkaufen, aber nicht die Muster selbst!!<\/p>\n","protected":false},"excerpt":{"rendered":"<p>Dies ist das perfekte Bundle f\u00fcr meine For The Fallen by Craftygenesindonesia H\u00e4kelmuster Fans!!! In diesem Bundle erhalten Sie alle meine For The Fallen H\u00e4kelmuster =<\/p>\n<ul>\n<li>For The Fallen Armed Forces<\/li>\n<li>For The Fallen Guardian<\/li>\n<li>Guardian Cross<\/li>\n<\/ul>\n<p>&nbsp;<\/p>\n","protected":false},"featured_media":987528944,"comment_status":"open","ping_status":"closed","template":"","meta":{"_acf_changed":false},"product_brand":[],"product_cat":[12348,12177,12250,12182],"product_tag":[12186,12253,12319,12178,12466,12321,12320,12322,12189,12190,12323,12324,12188,12187,12185],"class_list":{"0":"post-987528943","1":"product","2":"type-product","3":"status-publish","4":"has-post-thumbnail","6":"product_cat-bundel","7":"product_cat-damen-und-herren-hakelmuster","8":"product_cat-gedenk-hakelmuster","9":"product_cat-militar-de","10":"product_tag-armee","11":"product_tag-gedenkstatte","12":"product_tag-gedenktag","13":"product_tag-kreuz","14":"product_tag-kriegsdenkmal","15":"product_tag-luftwaffe","16":"product_tag-marine-de","17":"product_tag-marine-de-2","18":"product_tag-militar-de","19":"product_tag-mohn","20":"product_tag-pilot-de","21":"product_tag-seemann","22":"product_tag-soldat-de","23":"product_tag-tag-des-gedenkens","24":"product_tag-tag-des-waffenstillstands","25":"pa_available_on-craftygenesindonesia","26":"pa_available_on-etsy","27":"pa_available_on-haked-nl","28":"pa_available_on-payhip","29":"pa_available_on-ravelry","30":"pa_languages-franzoesisch","31":"pa_languages-niederlaendisch","32":"pa_languages-spanisch","33":"pa_languages-us-englisch","35":"first","36":"instock","37":"downloadable","38":"virtual","39":"purchasable","40":"product-type-simple"},"acf":[],"yoast_head":"<!-- This site is optimized with the Yoast SEO plugin v27.4 - https:\/\/yoast.com\/product\/yoast-seo-wordpress\/ -->\n<title>For The Fallen - Alles in 1 H\u00e4kelmusterset - Craftygenesindonesia<\/title>\n<meta name=\"description\" content=\"Kaufen Sie hier mein &quot;For The Fallen&quot; All-in-1-Soldaten-H\u00e4kelmusterset. Das Musterset ist auch auf Etsy, Haked und Ravelry erh\u00e4ltlich.\" \/>\n<meta name=\"robots\" content=\"index, follow, max-snippet:-1, max-image-preview:large, max-video-preview:-1\" \/>\n<link rel=\"canonical\" href=\"https:\/\/craftygenesindonesia.com\/de\/shop\/damen-und-herren-hakelmuster\/for-the-fallen-all-in-one-haekelmuster-buendel\/\" \/>\n<meta property=\"og:locale\" content=\"de_DE\" \/>\n<meta property=\"og:type\" content=\"article\" \/>\n<meta property=\"og:title\" content=\"&quot;For The Fallen&quot; Alles-in-1-Soldaten-H\u00e4kelmuster-Set\" \/>\n<meta property=\"og:description\" content=\"Kaufen Sie hier mein &quot;For The Fallen&quot; All-in-1-Soldaten-H\u00e4kelmusterset. Das Musterset ist auch auf Etsy, Haked und Ravelry erh\u00e4ltlich.\" \/>\n<meta property=\"og:url\" content=\"https:\/\/craftygenesindonesia.com\/de\/shop\/damen-und-herren-hakelmuster\/for-the-fallen-all-in-one-haekelmuster-buendel\/\" \/>\n<meta property=\"og:site_name\" content=\"Craftygenesindonesia\" \/>\n<meta property=\"article:modified_time\" content=\"2025-11-12T11:00:02+00:00\" \/>\n<meta property=\"og:image\" content=\"https:\/\/craftygenesindonesia.com\/wp-content\/uploads\/2023\/01\/For-The-Fallen-All-in-1-2-300x300.jpg\" \/>\n<meta name=\"twitter:card\" content=\"summary_large_image\" \/>\n<meta name=\"twitter:title\" content=\"For The Fallen - All in One H\u00e4kelmuster-B\u00fcndel\" \/>\n<meta name=\"twitter:description\" content=\"Kaufen Sie mein &quot;For The Fallen - All in One H\u00e4kelmusterpaket hier. Es enth\u00e4lt ALLE meine For The Fallen H\u00e4kelmuster in Englisch &amp; Niederl\u00e4ndisch\" \/>\n<meta name=\"twitter:image\" content=\"https:\/\/craftygenesindonesia.com\/wp-content\/uploads\/2023\/01\/For-The-Fallen.png\" \/>\n<meta name=\"twitter:label1\" content=\"Gesch\u00e4tzte Lesezeit\" \/>\n\t<meta name=\"twitter:data1\" content=\"1\u00a0Minute\" \/>\n<script type=\"application\/ld+json\" class=\"yoast-schema-graph\">{\"@context\":\"https:\\\/\\\/schema.org\",\"@graph\":[{\"@type\":\"WebPage\",\"@id\":\"https:\\\/\\\/craftygenesindonesia.com\\\/de\\\/shop\\\/damen-und-herren-hakelmuster\\\/for-the-fallen-all-in-one-haekelmuster-buendel\\\/\",\"url\":\"https:\\\/\\\/craftygenesindonesia.com\\\/de\\\/shop\\\/damen-und-herren-hakelmuster\\\/for-the-fallen-all-in-one-haekelmuster-buendel\\\/\",\"name\":\"For The Fallen - Alles in 1 H\u00e4kelmusterset - Craftygenesindonesia\",\"isPartOf\":{\"@id\":\"https:\\\/\\\/craftygenesindonesia.com\\\/de\\\/#website\"},\"primaryImageOfPage\":{\"@id\":\"https:\\\/\\\/craftygenesindonesia.com\\\/de\\\/shop\\\/damen-und-herren-hakelmuster\\\/for-the-fallen-all-in-one-haekelmuster-buendel\\\/#primaryimage\"},\"image\":{\"@id\":\"https:\\\/\\\/craftygenesindonesia.com\\\/de\\\/shop\\\/damen-und-herren-hakelmuster\\\/for-the-fallen-all-in-one-haekelmuster-buendel\\\/#primaryimage\"},\"thumbnailUrl\":\"https:\\\/\\\/craftygenesindonesia.com\\\/wp-content\\\/uploads\\\/2023\\\/01\\\/For-The-Fallen-All-in-1-2.jpg\",\"datePublished\":\"2023-01-30T00:41:39+00:00\",\"dateModified\":\"2025-11-12T11:00:02+00:00\",\"description\":\"Kaufen Sie hier mein \\\"For The Fallen\\\" All-in-1-Soldaten-H\u00e4kelmusterset. Das Musterset ist auch auf Etsy, Haked und Ravelry erh\u00e4ltlich.\",\"breadcrumb\":{\"@id\":\"https:\\\/\\\/craftygenesindonesia.com\\\/de\\\/shop\\\/damen-und-herren-hakelmuster\\\/for-the-fallen-all-in-one-haekelmuster-buendel\\\/#breadcrumb\"},\"inLanguage\":\"de\",\"potentialAction\":[{\"@type\":\"ReadAction\",\"target\":[\"https:\\\/\\\/craftygenesindonesia.com\\\/de\\\/shop\\\/damen-und-herren-hakelmuster\\\/for-the-fallen-all-in-one-haekelmuster-buendel\\\/\"]}]},{\"@type\":\"ImageObject\",\"inLanguage\":\"de\",\"@id\":\"https:\\\/\\\/craftygenesindonesia.com\\\/de\\\/shop\\\/damen-und-herren-hakelmuster\\\/for-the-fallen-all-in-one-haekelmuster-buendel\\\/#primaryimage\",\"url\":\"https:\\\/\\\/craftygenesindonesia.com\\\/wp-content\\\/uploads\\\/2023\\\/01\\\/For-The-Fallen-All-in-1-2.jpg\",\"contentUrl\":\"https:\\\/\\\/craftygenesindonesia.com\\\/wp-content\\\/uploads\\\/2023\\\/01\\\/For-The-Fallen-All-in-1-2.jpg\",\"width\":1080,\"height\":1080,\"caption\":\"crochet soldier, pilot and sailor with poppy and LED candle\"},{\"@type\":\"BreadcrumbList\",\"@id\":\"https:\\\/\\\/craftygenesindonesia.com\\\/de\\\/shop\\\/damen-und-herren-hakelmuster\\\/for-the-fallen-all-in-one-haekelmuster-buendel\\\/#breadcrumb\",\"itemListElement\":[{\"@type\":\"ListItem\",\"position\":1,\"name\":\"Home\",\"item\":\"https:\\\/\\\/craftygenesindonesia.com\\\/de\\\/\"},{\"@type\":\"ListItem\",\"position\":2,\"name\":\"Mustershop\",\"item\":\"https:\\\/\\\/craftygenesindonesia.com\\\/de\\\/muster-shop\\\/\"},{\"@type\":\"ListItem\",\"position\":3,\"name\":\"For The Fallen &#8211; All in One H\u00e4kelmuster-B\u00fcndel\"}]},{\"@type\":\"WebSite\",\"@id\":\"https:\\\/\\\/craftygenesindonesia.com\\\/de\\\/#website\",\"url\":\"https:\\\/\\\/craftygenesindonesia.com\\\/de\\\/\",\"name\":\"Craftygenesindonesia\",\"description\":\"\",\"publisher\":{\"@id\":\"https:\\\/\\\/craftygenesindonesia.com\\\/de\\\/#organization\"},\"potentialAction\":[{\"@type\":\"SearchAction\",\"target\":{\"@type\":\"EntryPoint\",\"urlTemplate\":\"https:\\\/\\\/craftygenesindonesia.com\\\/de\\\/?s={search_term_string}\"},\"query-input\":{\"@type\":\"PropertyValueSpecification\",\"valueRequired\":true,\"valueName\":\"search_term_string\"}}],\"inLanguage\":\"de\"},{\"@type\":\"Organization\",\"@id\":\"https:\\\/\\\/craftygenesindonesia.com\\\/de\\\/#organization\",\"name\":\"Craftygenesindonesia\",\"url\":\"https:\\\/\\\/craftygenesindonesia.com\\\/de\\\/\",\"logo\":{\"@type\":\"ImageObject\",\"inLanguage\":\"de\",\"@id\":\"https:\\\/\\\/craftygenesindonesia.com\\\/de\\\/#\\\/schema\\\/logo\\\/image\\\/\",\"url\":\"https:\\\/\\\/craftygenesindonesia.com\\\/wp-content\\\/uploads\\\/2025\\\/11\\\/cropped-Copy-of-Craftygenesindonesia.jpg\",\"contentUrl\":\"https:\\\/\\\/craftygenesindonesia.com\\\/wp-content\\\/uploads\\\/2025\\\/11\\\/cropped-Copy-of-Craftygenesindonesia.jpg\",\"width\":180,\"height\":60,\"caption\":\"Craftygenesindonesia\"},\"image\":{\"@id\":\"https:\\\/\\\/craftygenesindonesia.com\\\/de\\\/#\\\/schema\\\/logo\\\/image\\\/\"}}]}<\/script>\n<!-- \/ Yoast SEO plugin. -->","yoast_head_json":{"title":"For The Fallen - Alles in 1 H\u00e4kelmusterset - Craftygenesindonesia","description":"Kaufen Sie hier mein \"For The Fallen\" All-in-1-Soldaten-H\u00e4kelmusterset. Das Musterset ist auch auf Etsy, Haked und Ravelry erh\u00e4ltlich.","robots":{"index":"index","follow":"follow","max-snippet":"max-snippet:-1","max-image-preview":"max-image-preview:large","max-video-preview":"max-video-preview:-1"},"canonical":"https:\/\/craftygenesindonesia.com\/de\/shop\/damen-und-herren-hakelmuster\/for-the-fallen-all-in-one-haekelmuster-buendel\/","og_locale":"de_DE","og_type":"article","og_title":"\"For The Fallen\" Alles-in-1-Soldaten-H\u00e4kelmuster-Set","og_description":"Kaufen Sie hier mein \"For The Fallen\" All-in-1-Soldaten-H\u00e4kelmusterset. Das Musterset ist auch auf Etsy, Haked und Ravelry erh\u00e4ltlich.","og_url":"https:\/\/craftygenesindonesia.com\/de\/shop\/damen-und-herren-hakelmuster\/for-the-fallen-all-in-one-haekelmuster-buendel\/","og_site_name":"Craftygenesindonesia","article_modified_time":"2025-11-12T11:00:02+00:00","og_image":[{"url":"https:\/\/craftygenesindonesia.com\/wp-content\/uploads\/2023\/01\/For-The-Fallen-All-in-1-2-300x300.jpg","type":"","width":"","height":""}],"twitter_card":"summary_large_image","twitter_title":"For The Fallen - All in One H\u00e4kelmuster-B\u00fcndel","twitter_description":"Kaufen Sie mein \"For The Fallen - All in One H\u00e4kelmusterpaket hier. Es enth\u00e4lt ALLE meine For The Fallen H\u00e4kelmuster in Englisch & Niederl\u00e4ndisch","twitter_image":"https:\/\/craftygenesindonesia.com\/wp-content\/uploads\/2023\/01\/For-The-Fallen.png","twitter_misc":{"Gesch\u00e4tzte Lesezeit":"1\u00a0Minute"},"schema":{"@context":"https:\/\/schema.org","@graph":[{"@type":"WebPage","@id":"https:\/\/craftygenesindonesia.com\/de\/shop\/damen-und-herren-hakelmuster\/for-the-fallen-all-in-one-haekelmuster-buendel\/","url":"https:\/\/craftygenesindonesia.com\/de\/shop\/damen-und-herren-hakelmuster\/for-the-fallen-all-in-one-haekelmuster-buendel\/","name":"For The Fallen - Alles in 1 H\u00e4kelmusterset - Craftygenesindonesia","isPartOf":{"@id":"https:\/\/craftygenesindonesia.com\/de\/#website"},"primaryImageOfPage":{"@id":"https:\/\/craftygenesindonesia.com\/de\/shop\/damen-und-herren-hakelmuster\/for-the-fallen-all-in-one-haekelmuster-buendel\/#primaryimage"},"image":{"@id":"https:\/\/craftygenesindonesia.com\/de\/shop\/damen-und-herren-hakelmuster\/for-the-fallen-all-in-one-haekelmuster-buendel\/#primaryimage"},"thumbnailUrl":"https:\/\/craftygenesindonesia.com\/wp-content\/uploads\/2023\/01\/For-The-Fallen-All-in-1-2.jpg","datePublished":"2023-01-30T00:41:39+00:00","dateModified":"2025-11-12T11:00:02+00:00","description":"Kaufen Sie hier mein \"For The Fallen\" All-in-1-Soldaten-H\u00e4kelmusterset. Das Musterset ist auch auf Etsy, Haked und Ravelry erh\u00e4ltlich.","breadcrumb":{"@id":"https:\/\/craftygenesindonesia.com\/de\/shop\/damen-und-herren-hakelmuster\/for-the-fallen-all-in-one-haekelmuster-buendel\/#breadcrumb"},"inLanguage":"de","potentialAction":[{"@type":"ReadAction","target":["https:\/\/craftygenesindonesia.com\/de\/shop\/damen-und-herren-hakelmuster\/for-the-fallen-all-in-one-haekelmuster-buendel\/"]}]},{"@type":"ImageObject","inLanguage":"de","@id":"https:\/\/craftygenesindonesia.com\/de\/shop\/damen-und-herren-hakelmuster\/for-the-fallen-all-in-one-haekelmuster-buendel\/#primaryimage","url":"https:\/\/craftygenesindonesia.com\/wp-content\/uploads\/2023\/01\/For-The-Fallen-All-in-1-2.jpg","contentUrl":"https:\/\/craftygenesindonesia.com\/wp-content\/uploads\/2023\/01\/For-The-Fallen-All-in-1-2.jpg","width":1080,"height":1080,"caption":"crochet soldier, pilot and sailor with poppy and LED candle"},{"@type":"BreadcrumbList","@id":"https:\/\/craftygenesindonesia.com\/de\/shop\/damen-und-herren-hakelmuster\/for-the-fallen-all-in-one-haekelmuster-buendel\/#breadcrumb","itemListElement":[{"@type":"ListItem","position":1,"name":"Home","item":"https:\/\/craftygenesindonesia.com\/de\/"},{"@type":"ListItem","position":2,"name":"Mustershop","item":"https:\/\/craftygenesindonesia.com\/de\/muster-shop\/"},{"@type":"ListItem","position":3,"name":"For The Fallen &#8211; All in One H\u00e4kelmuster-B\u00fcndel"}]},{"@type":"WebSite","@id":"https:\/\/craftygenesindonesia.com\/de\/#website","url":"https:\/\/craftygenesindonesia.com\/de\/","name":"Craftygenesindonesia","description":"","publisher":{"@id":"https:\/\/craftygenesindonesia.com\/de\/#organization"},"potentialAction":[{"@type":"SearchAction","target":{"@type":"EntryPoint","urlTemplate":"https:\/\/craftygenesindonesia.com\/de\/?s={search_term_string}"},"query-input":{"@type":"PropertyValueSpecification","valueRequired":true,"valueName":"search_term_string"}}],"inLanguage":"de"},{"@type":"Organization","@id":"https:\/\/craftygenesindonesia.com\/de\/#organization","name":"Craftygenesindonesia","url":"https:\/\/craftygenesindonesia.com\/de\/","logo":{"@type":"ImageObject","inLanguage":"de","@id":"https:\/\/craftygenesindonesia.com\/de\/#\/schema\/logo\/image\/","url":"https:\/\/craftygenesindonesia.com\/wp-content\/uploads\/2025\/11\/cropped-Copy-of-Craftygenesindonesia.jpg","contentUrl":"https:\/\/craftygenesindonesia.com\/wp-content\/uploads\/2025\/11\/cropped-Copy-of-Craftygenesindonesia.jpg","width":180,"height":60,"caption":"Craftygenesindonesia"},"image":{"@id":"https:\/\/craftygenesindonesia.com\/de\/#\/schema\/logo\/image\/"}}]}},"_links":{"self":[{"href":"https:\/\/craftygenesindonesia.com\/de\/wp-json\/wp\/v2\/product\/987528943","targetHints":{"allow":["GET"]}}],"collection":[{"href":"https:\/\/craftygenesindonesia.com\/de\/wp-json\/wp\/v2\/product"}],"about":[{"href":"https:\/\/craftygenesindonesia.com\/de\/wp-json\/wp\/v2\/types\/product"}],"replies":[{"embeddable":true,"href":"https:\/\/craftygenesindonesia.com\/de\/wp-json\/wp\/v2\/comments?post=987528943"}],"wp:featuredmedia":[{"embeddable":true,"href":"https:\/\/craftygenesindonesia.com\/de\/wp-json\/wp\/v2\/media\/987528944"}],"wp:attachment":[{"href":"https:\/\/craftygenesindonesia.com\/de\/wp-json\/wp\/v2\/media?parent=987528943"}],"wp:term":[{"taxonomy":"product_brand","embeddable":true,"href":"https:\/\/craftygenesindonesia.com\/de\/wp-json\/wp\/v2\/product_brand?post=987528943"},{"taxonomy":"product_cat","embeddable":true,"href":"https:\/\/craftygenesindonesia.com\/de\/wp-json\/wp\/v2\/product_cat?post=987528943"},{"taxonomy":"product_tag","embeddable":true,"href":"https:\/\/craftygenesindonesia.com\/de\/wp-json\/wp\/v2\/product_tag?post=987528943"}],"curies":[{"name":"wp","href":"https:\/\/api.w.org\/{rel}","templated":true}]}}