{"id":987528936,"date":"2023-01-27T06:02:41","date_gmt":"2023-01-26T22:02:41","guid":{"rendered":"https:\/\/craftygenesindonesia.com\/shop\/unkategorisiert\/elias-der-osterhase\/"},"modified":"2025-11-12T19:01:55","modified_gmt":"2025-11-12T11:01:55","slug":"elias-der-osterhase","status":"publish","type":"product","link":"https:\/\/craftygenesindonesia.com\/de\/shop\/tierische-hakelmuster\/elias-der-osterhase\/","title":{"rendered":"Elias, der Osterhase"},"content":{"rendered":"<p>Der Hase ist 45 cm oder 17,7 Zoll gro\u00df. Dies schlie\u00dft den Hut und die Ohren ein. Er wird mit leichtem Garn (3), das f\u00fcr Amigurumi geeignet ist, und einer H\u00e4kelnadel der Gr\u00f6\u00dfe 2mm hergestellt.<\/p>\n<p>Sie ben\u00f6tigen diese Farben:<\/p>\n<ul>\n<li><u>Schwarz:<\/u> 15-25<strong>m = meter<\/strong>\/20-30<strong>yd = yard <\/strong><\/li>\n<li><u>Gebrochen Wei\u00df:<\/u> 65-75m\/70-80yd<\/li>\n<li><u>Grau:<\/u> 45-55m\/ 50-60yd<\/li>\n<li><u>Rosa:<\/u> 15-25m\/ 20-30yd<\/li>\n<li><u>Creme:<\/u> 10-20m\/10-20yd<\/li>\n<li><u>Hellbraun:<\/u> 75-85m\/80-90yd<\/li>\n<li><u>Gr\u00fcn:<\/u> 130-140m\/145-155yd<\/li>\n<li><u>Helllila:<\/u> 15-25m\/ 20-30yd<\/li>\n<li><u>Blae:<\/u> Restst\u00fcck<\/li>\n<\/ul>\n<p>Au\u00dferdem brauchst du: F\u00fcllung &#8211; Filzstifte &#8211; Tapisserie-Nadel &#8211; Schere &#8211; Bleistift &#8211; Kleber &#8211; Klebepistole &#8211; Wattest\u00e4bchen &#8211; Pappe &#8211; Sicherheitsaugen &#8211; Holzst\u00e4bchen<\/p>\n<p>&nbsp;<\/p>\n<p>H\u00e4kelnadel: Gr\u00f6\u00dfe 2mm<\/p>\n<p>&nbsp;<\/p>\n<p>Dieses H\u00e4kelmuster enth\u00e4lt viele Bilder, um Ihnen zu helfen. Wenn Sie noch Fragen haben, k\u00f6nnen Sie mich gerne kontaktieren: <a href=\"mailto:craftygenesindonesia@gmail.com\">craftygenesindonesia@gmail.com<\/a><\/p>\n<p>&nbsp;<\/p>\n<p>Dieses Muster ist mit einem COPYRIGHT versehen. Das Muster ist daher nur f\u00fcr den pers\u00f6nlichen Gebrauch bestimmt und darf NICHT kopiert, verkauft, weiterverkauft, \u00fcbersetzt, als eigenes Design beansprucht, verteilt, geteilt, ver\u00f6ffentlicht, online gestellt werden&#8230; in keiner Form ohne meine Zustimmung. Nicht einmal ein Teil davon!!!<\/p>\n","protected":false},"excerpt":{"rendered":"<p>Das H\u00e4kelmuster f\u00fcr diesen Osterhasen aus dem 19. Jahrhundert ist sehr einfach zu befolgen und ein Muss f\u00fcr Osterhasen-Fans, die gerne h\u00e4keln.<br \/>\nKlicken Sie <a href=\"https:\/\/craftygenesindonesia.com\/product\/the-irma-bunny\/\" target=\"_blank\" rel=\"noopener\"><strong>hier<\/strong><\/a>, wenn Sie auf der Suche nach einem Osterhasen f\u00fcr M\u00e4dchen sind.<\/p>\n","protected":false},"featured_media":987528941,"comment_status":"open","ping_status":"closed","template":"","meta":{"_acf_changed":false},"product_brand":[],"product_cat":[12218,12196,12195],"product_tag":[12452,12480,12198,12482,12201,12200,12481],"class_list":{"0":"post-987528936","1":"product","2":"type-product","3":"status-publish","4":"has-post-thumbnail","6":"product_cat-kinder-puppen-hakeln-muster","7":"product_cat-ostern-hakelmuster","8":"product_cat-tierische-hakelmuster","9":"product_tag-gehstock","10":"product_tag-georgisch-de","11":"product_tag-hase","12":"product_tag-herr","13":"product_tag-osterhase","14":"product_tag-ostern","15":"product_tag-viktorianisch","16":"pa_available_on-craftygenesindonesia","17":"pa_available_on-etsy","18":"pa_available_on-haked-nl","19":"pa_available_on-payhip","20":"pa_available_on-ravelry","21":"pa_languages-deutsch","22":"pa_languages-franzoesisch","23":"pa_languages-niederlaendisch","24":"pa_languages-spanisch","25":"pa_languages-us-englisch","27":"first","28":"instock","29":"downloadable","30":"virtual","31":"purchasable","32":"product-type-simple"},"acf":[],"yoast_head":"<!-- This site is optimized with the Yoast SEO plugin v27.5 - https:\/\/yoast.com\/product\/yoast-seo-wordpress\/ -->\n<title>Elias, der Osterhase H\u00e4kelmuster - Craftygenesindonesia<\/title>\n<meta name=\"description\" content=\"Kaufen Sie hier mein &quot;Elias Der Osterhase&quot;-H\u00e4kelmuster. Das einfache H\u00e4kelmuster ist auch erh\u00e4ltlich auf Etsy, Haked, Ravelry, Payhip\" \/>\n<meta name=\"robots\" content=\"index, follow, max-snippet:-1, max-image-preview:large, max-video-preview:-1\" \/>\n<link rel=\"canonical\" href=\"https:\/\/craftygenesindonesia.com\/de\/shop\/tierische-hakelmuster\/elias-der-osterhase\/\" \/>\n<meta property=\"og:locale\" content=\"de_DE\" \/>\n<meta property=\"og:type\" content=\"article\" \/>\n<meta property=\"og:title\" content=\"Elias Der Osterhase H\u00e4kelmuster\" \/>\n<meta property=\"og:description\" content=\"Kaufen Sie hier mein &quot;Elias Der Osterhase&quot;-H\u00e4kelmuster. Das einfache H\u00e4kelmuster ist auch erh\u00e4ltlich auf Etsy, Haked, Ravelry, Payhip\" \/>\n<meta property=\"og:url\" content=\"https:\/\/craftygenesindonesia.com\/de\/shop\/tierische-hakelmuster\/elias-der-osterhase\/\" \/>\n<meta property=\"og:site_name\" content=\"Craftygenesindonesia\" \/>\n<meta property=\"article:modified_time\" content=\"2025-11-12T11:01:55+00:00\" \/>\n<meta property=\"og:image\" content=\"https:\/\/craftygenesindonesia.com\/wp-content\/uploads\/2023\/01\/Elias-300x300.jpg\" \/>\n<meta name=\"twitter:card\" content=\"summary_large_image\" \/>\n<meta name=\"twitter:title\" content=\"Elias Der Osterhase H\u00e4kelmuster\" \/>\n<meta name=\"twitter:description\" content=\"Kaufen Sie hier mein &quot;Elias Der Osterhase&quot; H\u00e4kelmuster in Englisch &amp; Niederl\u00e4ndisch. Hier finden Sie auch Links zu den Mustern auf Etsy, Haked &amp; Ravelry\" \/>\n<meta name=\"twitter:image\" content=\"https:\/\/craftygenesindonesia.com\/wp-content\/uploads\/2023\/01\/Picsart_23-01-25_13-25-34-933-1024x1024.jpg\" \/>\n<meta name=\"twitter:label1\" content=\"Gesch\u00e4tzte Lesezeit\" \/>\n\t<meta name=\"twitter:data1\" content=\"1\u00a0Minute\" \/>\n<script type=\"application\/ld+json\" class=\"yoast-schema-graph\">{\"@context\":\"https:\\\/\\\/schema.org\",\"@graph\":[{\"@type\":\"WebPage\",\"@id\":\"https:\\\/\\\/craftygenesindonesia.com\\\/de\\\/shop\\\/tierische-hakelmuster\\\/elias-der-osterhase\\\/\",\"url\":\"https:\\\/\\\/craftygenesindonesia.com\\\/de\\\/shop\\\/tierische-hakelmuster\\\/elias-der-osterhase\\\/\",\"name\":\"Elias, der Osterhase H\u00e4kelmuster - Craftygenesindonesia\",\"isPartOf\":{\"@id\":\"https:\\\/\\\/craftygenesindonesia.com\\\/de\\\/#website\"},\"primaryImageOfPage\":{\"@id\":\"https:\\\/\\\/craftygenesindonesia.com\\\/de\\\/shop\\\/tierische-hakelmuster\\\/elias-der-osterhase\\\/#primaryimage\"},\"image\":{\"@id\":\"https:\\\/\\\/craftygenesindonesia.com\\\/de\\\/shop\\\/tierische-hakelmuster\\\/elias-der-osterhase\\\/#primaryimage\"},\"thumbnailUrl\":\"https:\\\/\\\/craftygenesindonesia.com\\\/wp-content\\\/uploads\\\/2023\\\/01\\\/Elias.jpg\",\"datePublished\":\"2023-01-26T22:02:41+00:00\",\"dateModified\":\"2025-11-12T11:01:55+00:00\",\"description\":\"Kaufen Sie hier mein \\\"Elias Der Osterhase\\\"-H\u00e4kelmuster. Das einfache H\u00e4kelmuster ist auch erh\u00e4ltlich auf Etsy, Haked, Ravelry, Payhip\",\"breadcrumb\":{\"@id\":\"https:\\\/\\\/craftygenesindonesia.com\\\/de\\\/shop\\\/tierische-hakelmuster\\\/elias-der-osterhase\\\/#breadcrumb\"},\"inLanguage\":\"de\",\"potentialAction\":[{\"@type\":\"ReadAction\",\"target\":[\"https:\\\/\\\/craftygenesindonesia.com\\\/de\\\/shop\\\/tierische-hakelmuster\\\/elias-der-osterhase\\\/\"]}]},{\"@type\":\"ImageObject\",\"inLanguage\":\"de\",\"@id\":\"https:\\\/\\\/craftygenesindonesia.com\\\/de\\\/shop\\\/tierische-hakelmuster\\\/elias-der-osterhase\\\/#primaryimage\",\"url\":\"https:\\\/\\\/craftygenesindonesia.com\\\/wp-content\\\/uploads\\\/2023\\\/01\\\/Elias.jpg\",\"contentUrl\":\"https:\\\/\\\/craftygenesindonesia.com\\\/wp-content\\\/uploads\\\/2023\\\/01\\\/Elias.jpg\",\"width\":1080,\"height\":1080,\"caption\":\"crochet Victorian Eastern bunny\"},{\"@type\":\"BreadcrumbList\",\"@id\":\"https:\\\/\\\/craftygenesindonesia.com\\\/de\\\/shop\\\/tierische-hakelmuster\\\/elias-der-osterhase\\\/#breadcrumb\",\"itemListElement\":[{\"@type\":\"ListItem\",\"position\":1,\"name\":\"Home\",\"item\":\"https:\\\/\\\/craftygenesindonesia.com\\\/de\\\/\"},{\"@type\":\"ListItem\",\"position\":2,\"name\":\"Mustershop\",\"item\":\"https:\\\/\\\/craftygenesindonesia.com\\\/de\\\/muster-shop\\\/\"},{\"@type\":\"ListItem\",\"position\":3,\"name\":\"Elias, der Osterhase\"}]},{\"@type\":\"WebSite\",\"@id\":\"https:\\\/\\\/craftygenesindonesia.com\\\/de\\\/#website\",\"url\":\"https:\\\/\\\/craftygenesindonesia.com\\\/de\\\/\",\"name\":\"Craftygenesindonesia\",\"description\":\"\",\"publisher\":{\"@id\":\"https:\\\/\\\/craftygenesindonesia.com\\\/de\\\/#organization\"},\"potentialAction\":[{\"@type\":\"SearchAction\",\"target\":{\"@type\":\"EntryPoint\",\"urlTemplate\":\"https:\\\/\\\/craftygenesindonesia.com\\\/de\\\/?s={search_term_string}\"},\"query-input\":{\"@type\":\"PropertyValueSpecification\",\"valueRequired\":true,\"valueName\":\"search_term_string\"}}],\"inLanguage\":\"de\"},{\"@type\":\"Organization\",\"@id\":\"https:\\\/\\\/craftygenesindonesia.com\\\/de\\\/#organization\",\"name\":\"Craftygenesindonesia\",\"url\":\"https:\\\/\\\/craftygenesindonesia.com\\\/de\\\/\",\"logo\":{\"@type\":\"ImageObject\",\"inLanguage\":\"de\",\"@id\":\"https:\\\/\\\/craftygenesindonesia.com\\\/de\\\/#\\\/schema\\\/logo\\\/image\\\/\",\"url\":\"https:\\\/\\\/craftygenesindonesia.com\\\/wp-content\\\/uploads\\\/2025\\\/11\\\/cropped-Copy-of-Craftygenesindonesia.jpg\",\"contentUrl\":\"https:\\\/\\\/craftygenesindonesia.com\\\/wp-content\\\/uploads\\\/2025\\\/11\\\/cropped-Copy-of-Craftygenesindonesia.jpg\",\"width\":180,\"height\":60,\"caption\":\"Craftygenesindonesia\"},\"image\":{\"@id\":\"https:\\\/\\\/craftygenesindonesia.com\\\/de\\\/#\\\/schema\\\/logo\\\/image\\\/\"}}]}<\/script>\n<!-- \/ Yoast SEO plugin. -->","yoast_head_json":{"title":"Elias, der Osterhase H\u00e4kelmuster - Craftygenesindonesia","description":"Kaufen Sie hier mein \"Elias Der Osterhase\"-H\u00e4kelmuster. Das einfache H\u00e4kelmuster ist auch erh\u00e4ltlich auf Etsy, Haked, Ravelry, Payhip","robots":{"index":"index","follow":"follow","max-snippet":"max-snippet:-1","max-image-preview":"max-image-preview:large","max-video-preview":"max-video-preview:-1"},"canonical":"https:\/\/craftygenesindonesia.com\/de\/shop\/tierische-hakelmuster\/elias-der-osterhase\/","og_locale":"de_DE","og_type":"article","og_title":"Elias Der Osterhase H\u00e4kelmuster","og_description":"Kaufen Sie hier mein \"Elias Der Osterhase\"-H\u00e4kelmuster. Das einfache H\u00e4kelmuster ist auch erh\u00e4ltlich auf Etsy, Haked, Ravelry, Payhip","og_url":"https:\/\/craftygenesindonesia.com\/de\/shop\/tierische-hakelmuster\/elias-der-osterhase\/","og_site_name":"Craftygenesindonesia","article_modified_time":"2025-11-12T11:01:55+00:00","og_image":[{"url":"https:\/\/craftygenesindonesia.com\/wp-content\/uploads\/2023\/01\/Elias-300x300.jpg","type":"","width":"","height":""}],"twitter_card":"summary_large_image","twitter_title":"Elias Der Osterhase H\u00e4kelmuster","twitter_description":"Kaufen Sie hier mein \"Elias Der Osterhase\" H\u00e4kelmuster in Englisch & Niederl\u00e4ndisch. Hier finden Sie auch Links zu den Mustern auf Etsy, Haked & Ravelry","twitter_image":"https:\/\/craftygenesindonesia.com\/wp-content\/uploads\/2023\/01\/Picsart_23-01-25_13-25-34-933-1024x1024.jpg","twitter_misc":{"Gesch\u00e4tzte Lesezeit":"1\u00a0Minute"},"schema":{"@context":"https:\/\/schema.org","@graph":[{"@type":"WebPage","@id":"https:\/\/craftygenesindonesia.com\/de\/shop\/tierische-hakelmuster\/elias-der-osterhase\/","url":"https:\/\/craftygenesindonesia.com\/de\/shop\/tierische-hakelmuster\/elias-der-osterhase\/","name":"Elias, der Osterhase H\u00e4kelmuster - Craftygenesindonesia","isPartOf":{"@id":"https:\/\/craftygenesindonesia.com\/de\/#website"},"primaryImageOfPage":{"@id":"https:\/\/craftygenesindonesia.com\/de\/shop\/tierische-hakelmuster\/elias-der-osterhase\/#primaryimage"},"image":{"@id":"https:\/\/craftygenesindonesia.com\/de\/shop\/tierische-hakelmuster\/elias-der-osterhase\/#primaryimage"},"thumbnailUrl":"https:\/\/craftygenesindonesia.com\/wp-content\/uploads\/2023\/01\/Elias.jpg","datePublished":"2023-01-26T22:02:41+00:00","dateModified":"2025-11-12T11:01:55+00:00","description":"Kaufen Sie hier mein \"Elias Der Osterhase\"-H\u00e4kelmuster. Das einfache H\u00e4kelmuster ist auch erh\u00e4ltlich auf Etsy, Haked, Ravelry, Payhip","breadcrumb":{"@id":"https:\/\/craftygenesindonesia.com\/de\/shop\/tierische-hakelmuster\/elias-der-osterhase\/#breadcrumb"},"inLanguage":"de","potentialAction":[{"@type":"ReadAction","target":["https:\/\/craftygenesindonesia.com\/de\/shop\/tierische-hakelmuster\/elias-der-osterhase\/"]}]},{"@type":"ImageObject","inLanguage":"de","@id":"https:\/\/craftygenesindonesia.com\/de\/shop\/tierische-hakelmuster\/elias-der-osterhase\/#primaryimage","url":"https:\/\/craftygenesindonesia.com\/wp-content\/uploads\/2023\/01\/Elias.jpg","contentUrl":"https:\/\/craftygenesindonesia.com\/wp-content\/uploads\/2023\/01\/Elias.jpg","width":1080,"height":1080,"caption":"crochet Victorian Eastern bunny"},{"@type":"BreadcrumbList","@id":"https:\/\/craftygenesindonesia.com\/de\/shop\/tierische-hakelmuster\/elias-der-osterhase\/#breadcrumb","itemListElement":[{"@type":"ListItem","position":1,"name":"Home","item":"https:\/\/craftygenesindonesia.com\/de\/"},{"@type":"ListItem","position":2,"name":"Mustershop","item":"https:\/\/craftygenesindonesia.com\/de\/muster-shop\/"},{"@type":"ListItem","position":3,"name":"Elias, der Osterhase"}]},{"@type":"WebSite","@id":"https:\/\/craftygenesindonesia.com\/de\/#website","url":"https:\/\/craftygenesindonesia.com\/de\/","name":"Craftygenesindonesia","description":"","publisher":{"@id":"https:\/\/craftygenesindonesia.com\/de\/#organization"},"potentialAction":[{"@type":"SearchAction","target":{"@type":"EntryPoint","urlTemplate":"https:\/\/craftygenesindonesia.com\/de\/?s={search_term_string}"},"query-input":{"@type":"PropertyValueSpecification","valueRequired":true,"valueName":"search_term_string"}}],"inLanguage":"de"},{"@type":"Organization","@id":"https:\/\/craftygenesindonesia.com\/de\/#organization","name":"Craftygenesindonesia","url":"https:\/\/craftygenesindonesia.com\/de\/","logo":{"@type":"ImageObject","inLanguage":"de","@id":"https:\/\/craftygenesindonesia.com\/de\/#\/schema\/logo\/image\/","url":"https:\/\/craftygenesindonesia.com\/wp-content\/uploads\/2025\/11\/cropped-Copy-of-Craftygenesindonesia.jpg","contentUrl":"https:\/\/craftygenesindonesia.com\/wp-content\/uploads\/2025\/11\/cropped-Copy-of-Craftygenesindonesia.jpg","width":180,"height":60,"caption":"Craftygenesindonesia"},"image":{"@id":"https:\/\/craftygenesindonesia.com\/de\/#\/schema\/logo\/image\/"}}]}},"_links":{"self":[{"href":"https:\/\/craftygenesindonesia.com\/de\/wp-json\/wp\/v2\/product\/987528936","targetHints":{"allow":["GET"]}}],"collection":[{"href":"https:\/\/craftygenesindonesia.com\/de\/wp-json\/wp\/v2\/product"}],"about":[{"href":"https:\/\/craftygenesindonesia.com\/de\/wp-json\/wp\/v2\/types\/product"}],"replies":[{"embeddable":true,"href":"https:\/\/craftygenesindonesia.com\/de\/wp-json\/wp\/v2\/comments?post=987528936"}],"wp:featuredmedia":[{"embeddable":true,"href":"https:\/\/craftygenesindonesia.com\/de\/wp-json\/wp\/v2\/media\/987528941"}],"wp:attachment":[{"href":"https:\/\/craftygenesindonesia.com\/de\/wp-json\/wp\/v2\/media?parent=987528936"}],"wp:term":[{"taxonomy":"product_brand","embeddable":true,"href":"https:\/\/craftygenesindonesia.com\/de\/wp-json\/wp\/v2\/product_brand?post=987528936"},{"taxonomy":"product_cat","embeddable":true,"href":"https:\/\/craftygenesindonesia.com\/de\/wp-json\/wp\/v2\/product_cat?post=987528936"},{"taxonomy":"product_tag","embeddable":true,"href":"https:\/\/craftygenesindonesia.com\/de\/wp-json\/wp\/v2\/product_tag?post=987528936"}],"curies":[{"name":"wp","href":"https:\/\/api.w.org\/{rel}","templated":true}]}}