{"id":987528906,"date":"2023-01-06T09:31:42","date_gmt":"2023-01-06T01:31:42","guid":{"rendered":"https:\/\/craftygenesindonesia.com\/shop\/unkategorisiert\/der-papst\/"},"modified":"2025-11-13T05:12:51","modified_gmt":"2025-11-12T21:12:51","slug":"der-papst","status":"publish","type":"product","link":"https:\/\/craftygenesindonesia.com\/de\/shop\/religiose-hakelmuster\/der-papst\/","title":{"rendered":"Der Papst"},"content":{"rendered":"<ol>\n<li><strong>Der Papst<\/strong><\/li>\n<\/ol>\n<p>Dateityp: H\u00e4kelanleitung \u2013 digitaler Download, kein physischer Artikel<br \/>\n<strong>Verf\u00fcgbare Sprachen: Englisch, Niederl\u00e4ndisch, Franz\u00f6sisch, Spanisch, Deutsch<\/strong><\/p>\n<p>Gr\u00f6\u00dfe des fertigen Artikels: 30 cm hoch<br \/>\nGarnart: \u201eFingering\u201d-Garn = Gr\u00f6\u00dfe 3<br \/>\nEmpfohlene Marken: Catona von Scheepjes, Durable Coral, &#8230;<br \/>\nBen\u00f6tigte Garnfarben: Schwarz, Dunkelgrau, Metallic-Gold, Cremefarben, Hautfarbe<\/p>\n<p>Au\u00dferdem ben\u00f6tigst du: F\u00fcllmaterial \u2013 Maschenmarkierer \u2013 Tapisserienadel \u2013 Bleistift \u2013 Schere \u2013 Kleber \u2013 Hei\u00dfklebepistole \u2013 Aluminiumdraht \u2013 Schneidezange \u2013 10 x 12 mm gro\u00dfes goldfarbenes Kreuz \u2013 Wattest\u00e4bchen \u2013 Pappe<\/p>\n<p>H\u00e4kelnadel: Gr\u00f6\u00dfe 2 mm<\/p>\n<p><strong>Copyright und Hilfe-Informationen:<\/strong><br \/>\nDiese Anleitung ist eine schriftliche Anleitung (digital) mit vielen Bildern, die Ihnen helfen sollen. Wenn Sie Fragen zur Anleitung haben, senden Sie mir bitte eine E-Mail an craftygenesindonesia@gmail.com.<\/p>\n<p><strong>Diese digitale H\u00e4kelanleitung ist nur f\u00fcr den pers\u00f6nlichen Gebrauch bestimmt und urheberrechtlich gesch\u00fctzt. Daher d\u00fcrfen Sie es ohne meine Genehmigung in keiner Weise kopieren, verkaufen, weiterverkaufen, \u00fcbersetzen, als Ihr eigenes Design ausgeben, verbreiten, teilen, ver\u00f6ffentlichen, posten usw. Nicht einmal einen Teil davon!<\/strong><\/p>\n<p><strong>Sie d\u00fcrfen das fertige Produkt oder den fertigen Artikel in kleinen Mengen verkaufen, aber Sie d\u00fcrfen die H\u00e4kelanleitung selbst nicht verkaufen! Geben Sie bitte an, dass die H\u00e4kelanleitung von mir, Craftygenesindonesia, stammt und wo sie gekauft werden kann.<\/strong><\/p>\n","protected":false},"excerpt":{"rendered":"<p>Dies ist ein leicht zu befolgendes H\u00e4kelmuster f\u00fcr eine geh\u00e4kelte Version des Papstes. Wenn Sie gerne religi\u00f6se Gegenst\u00e4nde h\u00e4keln, dann ist dieses Muster ein absolutes Muss f\u00fcr Ihre Sammlung.<\/p>\n","protected":false},"featured_media":987530376,"comment_status":"open","ping_status":"closed","template":"","meta":{"_acf_changed":false},"product_brand":[],"product_cat":[12129],"product_tag":[12147,12468,12469,12275,12151,12237,12475,12178,12473,12470,12472,12471,12474,12425,12476],"class_list":{"0":"post-987528906","1":"product","2":"type-product","3":"status-publish","4":"has-post-thumbnail","6":"product_cat-religiose-hakelmuster","7":"product_tag-christian-de","8":"product_tag-der-papst","9":"product_tag-hakelpapst","10":"product_tag-heilige","11":"product_tag-katholisch","12":"product_tag-katholischer-heiliger","13":"product_tag-kirche","14":"product_tag-kreuz","15":"product_tag-papst","16":"product_tag-papst-benedikt","17":"product_tag-papst-franziskus","18":"product_tag-papst-johannes-paul-ii","19":"product_tag-papst-pius","20":"product_tag-schutzpatronin","21":"product_tag-vatican-de","22":"pa_available_on-craftygenesindonesia","23":"pa_available_on-etsy","24":"pa_available_on-haked-nl","25":"pa_available_on-payhip","26":"pa_available_on-ravelry","27":"pa_languages-deutsch","28":"pa_languages-franzoesisch","29":"pa_languages-niederlaendisch","30":"pa_languages-spanisch","31":"pa_languages-us-englisch","33":"first","34":"instock","35":"downloadable","36":"virtual","37":"purchasable","38":"product-type-simple"},"acf":[],"yoast_head":"<!-- This site is optimized with the Yoast SEO plugin v27.3 - https:\/\/yoast.com\/product\/yoast-seo-wordpress\/ -->\n<title>Der Papst H\u00e4kelmuster - Craftygenesindonesia<\/title>\n<meta name=\"description\" content=\"Kaufen Sie hier meine H\u00e4kelanleitung f\u00fcr den Papst. Die einfache H\u00e4kelanleitung ist auch auf Etsy, Haked.nl, Ravelry und Payhip erh\u00e4ltlich.\" \/>\n<meta name=\"robots\" content=\"index, follow, max-snippet:-1, max-image-preview:large, max-video-preview:-1\" \/>\n<link rel=\"canonical\" href=\"https:\/\/craftygenesindonesia.com\/de\/shop\/religiose-hakelmuster\/der-papst\/\" \/>\n<meta property=\"og:locale\" content=\"de_DE\" \/>\n<meta property=\"og:type\" content=\"article\" \/>\n<meta property=\"og:title\" content=\"Der Papst H\u00e4kelmuster\" \/>\n<meta property=\"og:description\" content=\"Kaufen Sie hier meine H\u00e4kelanleitung f\u00fcr den Papst. Die einfache H\u00e4kelanleitung ist auch auf Etsy, Haked.nl, Ravelry und Payhip erh\u00e4ltlich.\" \/>\n<meta property=\"og:url\" content=\"https:\/\/craftygenesindonesia.com\/de\/shop\/religiose-hakelmuster\/der-papst\/\" \/>\n<meta property=\"og:site_name\" content=\"Craftygenesindonesia\" \/>\n<meta property=\"article:modified_time\" content=\"2025-11-12T21:12:51+00:00\" \/>\n<meta property=\"og:image\" content=\"https:\/\/craftygenesindonesia.com\/wp-content\/uploads\/2023\/01\/The-Pope-2.jpg\" \/>\n\t<meta property=\"og:image:width\" content=\"1080\" \/>\n\t<meta property=\"og:image:height\" content=\"1080\" \/>\n\t<meta property=\"og:image:type\" content=\"image\/jpeg\" \/>\n<meta name=\"twitter:card\" content=\"summary_large_image\" \/>\n<meta name=\"twitter:title\" content=\"Der Papst H\u00e4kelmuster\" \/>\n<meta name=\"twitter:description\" content=\"Kaufen Sie hier mein &quot;The Pope&quot; H\u00e4kelmuster in ENGLISCH &amp; DUTCH (NEDERLANDS). Auch mit Links zu den Mustern auf Etsy, Ravelry &amp; Haked,\" \/>\n<meta name=\"twitter:image\" content=\"https:\/\/craftygenesindonesia.com\/wp-content\/uploads\/2023\/01\/Picsart_23-01-05_13-39-14-292-1024x1024.jpg\" \/>\n<meta name=\"twitter:label1\" content=\"Gesch\u00e4tzte Lesezeit\" \/>\n\t<meta name=\"twitter:data1\" content=\"1\u00a0Minute\" \/>\n<script type=\"application\/ld+json\" class=\"yoast-schema-graph\">{\"@context\":\"https:\\\/\\\/schema.org\",\"@graph\":[{\"@type\":\"WebPage\",\"@id\":\"https:\\\/\\\/craftygenesindonesia.com\\\/de\\\/shop\\\/religiose-hakelmuster\\\/der-papst\\\/\",\"url\":\"https:\\\/\\\/craftygenesindonesia.com\\\/de\\\/shop\\\/religiose-hakelmuster\\\/der-papst\\\/\",\"name\":\"Der Papst H\u00e4kelmuster - Craftygenesindonesia\",\"isPartOf\":{\"@id\":\"https:\\\/\\\/craftygenesindonesia.com\\\/de\\\/#website\"},\"primaryImageOfPage\":{\"@id\":\"https:\\\/\\\/craftygenesindonesia.com\\\/de\\\/shop\\\/religiose-hakelmuster\\\/der-papst\\\/#primaryimage\"},\"image\":{\"@id\":\"https:\\\/\\\/craftygenesindonesia.com\\\/de\\\/shop\\\/religiose-hakelmuster\\\/der-papst\\\/#primaryimage\"},\"thumbnailUrl\":\"https:\\\/\\\/craftygenesindonesia.com\\\/wp-content\\\/uploads\\\/2023\\\/01\\\/The-Pope-2.jpg\",\"datePublished\":\"2023-01-06T01:31:42+00:00\",\"dateModified\":\"2025-11-12T21:12:51+00:00\",\"description\":\"Kaufen Sie hier meine H\u00e4kelanleitung f\u00fcr den Papst. Die einfache H\u00e4kelanleitung ist auch auf Etsy, Haked.nl, Ravelry und Payhip erh\u00e4ltlich.\",\"breadcrumb\":{\"@id\":\"https:\\\/\\\/craftygenesindonesia.com\\\/de\\\/shop\\\/religiose-hakelmuster\\\/der-papst\\\/#breadcrumb\"},\"inLanguage\":\"de\",\"potentialAction\":[{\"@type\":\"ReadAction\",\"target\":[\"https:\\\/\\\/craftygenesindonesia.com\\\/de\\\/shop\\\/religiose-hakelmuster\\\/der-papst\\\/\"]}]},{\"@type\":\"ImageObject\",\"inLanguage\":\"de\",\"@id\":\"https:\\\/\\\/craftygenesindonesia.com\\\/de\\\/shop\\\/religiose-hakelmuster\\\/der-papst\\\/#primaryimage\",\"url\":\"https:\\\/\\\/craftygenesindonesia.com\\\/wp-content\\\/uploads\\\/2023\\\/01\\\/The-Pope-2.jpg\",\"contentUrl\":\"https:\\\/\\\/craftygenesindonesia.com\\\/wp-content\\\/uploads\\\/2023\\\/01\\\/The-Pope-2.jpg\",\"width\":1080,\"height\":1080,\"caption\":\"crochet pope doll\"},{\"@type\":\"BreadcrumbList\",\"@id\":\"https:\\\/\\\/craftygenesindonesia.com\\\/de\\\/shop\\\/religiose-hakelmuster\\\/der-papst\\\/#breadcrumb\",\"itemListElement\":[{\"@type\":\"ListItem\",\"position\":1,\"name\":\"Home\",\"item\":\"https:\\\/\\\/craftygenesindonesia.com\\\/de\\\/\"},{\"@type\":\"ListItem\",\"position\":2,\"name\":\"Mustershop\",\"item\":\"https:\\\/\\\/craftygenesindonesia.com\\\/de\\\/muster-shop\\\/\"},{\"@type\":\"ListItem\",\"position\":3,\"name\":\"Der Papst\"}]},{\"@type\":\"WebSite\",\"@id\":\"https:\\\/\\\/craftygenesindonesia.com\\\/de\\\/#website\",\"url\":\"https:\\\/\\\/craftygenesindonesia.com\\\/de\\\/\",\"name\":\"Craftygenesindonesia\",\"description\":\"\",\"publisher\":{\"@id\":\"https:\\\/\\\/craftygenesindonesia.com\\\/de\\\/#organization\"},\"potentialAction\":[{\"@type\":\"SearchAction\",\"target\":{\"@type\":\"EntryPoint\",\"urlTemplate\":\"https:\\\/\\\/craftygenesindonesia.com\\\/de\\\/?s={search_term_string}\"},\"query-input\":{\"@type\":\"PropertyValueSpecification\",\"valueRequired\":true,\"valueName\":\"search_term_string\"}}],\"inLanguage\":\"de\"},{\"@type\":\"Organization\",\"@id\":\"https:\\\/\\\/craftygenesindonesia.com\\\/de\\\/#organization\",\"name\":\"Craftygenesindonesia\",\"url\":\"https:\\\/\\\/craftygenesindonesia.com\\\/de\\\/\",\"logo\":{\"@type\":\"ImageObject\",\"inLanguage\":\"de\",\"@id\":\"https:\\\/\\\/craftygenesindonesia.com\\\/de\\\/#\\\/schema\\\/logo\\\/image\\\/\",\"url\":\"https:\\\/\\\/craftygenesindonesia.com\\\/wp-content\\\/uploads\\\/2025\\\/11\\\/cropped-Copy-of-Craftygenesindonesia.jpg\",\"contentUrl\":\"https:\\\/\\\/craftygenesindonesia.com\\\/wp-content\\\/uploads\\\/2025\\\/11\\\/cropped-Copy-of-Craftygenesindonesia.jpg\",\"width\":180,\"height\":60,\"caption\":\"Craftygenesindonesia\"},\"image\":{\"@id\":\"https:\\\/\\\/craftygenesindonesia.com\\\/de\\\/#\\\/schema\\\/logo\\\/image\\\/\"}}]}<\/script>\n<!-- \/ Yoast SEO plugin. -->","yoast_head_json":{"title":"Der Papst H\u00e4kelmuster - Craftygenesindonesia","description":"Kaufen Sie hier meine H\u00e4kelanleitung f\u00fcr den Papst. Die einfache H\u00e4kelanleitung ist auch auf Etsy, Haked.nl, Ravelry und Payhip erh\u00e4ltlich.","robots":{"index":"index","follow":"follow","max-snippet":"max-snippet:-1","max-image-preview":"max-image-preview:large","max-video-preview":"max-video-preview:-1"},"canonical":"https:\/\/craftygenesindonesia.com\/de\/shop\/religiose-hakelmuster\/der-papst\/","og_locale":"de_DE","og_type":"article","og_title":"Der Papst H\u00e4kelmuster","og_description":"Kaufen Sie hier meine H\u00e4kelanleitung f\u00fcr den Papst. Die einfache H\u00e4kelanleitung ist auch auf Etsy, Haked.nl, Ravelry und Payhip erh\u00e4ltlich.","og_url":"https:\/\/craftygenesindonesia.com\/de\/shop\/religiose-hakelmuster\/der-papst\/","og_site_name":"Craftygenesindonesia","article_modified_time":"2025-11-12T21:12:51+00:00","og_image":[{"width":1080,"height":1080,"url":"https:\/\/craftygenesindonesia.com\/wp-content\/uploads\/2023\/01\/The-Pope-2.jpg","type":"image\/jpeg"}],"twitter_card":"summary_large_image","twitter_title":"Der Papst H\u00e4kelmuster","twitter_description":"Kaufen Sie hier mein \"The Pope\" H\u00e4kelmuster in ENGLISCH & DUTCH (NEDERLANDS). Auch mit Links zu den Mustern auf Etsy, Ravelry & Haked,","twitter_image":"https:\/\/craftygenesindonesia.com\/wp-content\/uploads\/2023\/01\/Picsart_23-01-05_13-39-14-292-1024x1024.jpg","twitter_misc":{"Gesch\u00e4tzte Lesezeit":"1\u00a0Minute"},"schema":{"@context":"https:\/\/schema.org","@graph":[{"@type":"WebPage","@id":"https:\/\/craftygenesindonesia.com\/de\/shop\/religiose-hakelmuster\/der-papst\/","url":"https:\/\/craftygenesindonesia.com\/de\/shop\/religiose-hakelmuster\/der-papst\/","name":"Der Papst H\u00e4kelmuster - Craftygenesindonesia","isPartOf":{"@id":"https:\/\/craftygenesindonesia.com\/de\/#website"},"primaryImageOfPage":{"@id":"https:\/\/craftygenesindonesia.com\/de\/shop\/religiose-hakelmuster\/der-papst\/#primaryimage"},"image":{"@id":"https:\/\/craftygenesindonesia.com\/de\/shop\/religiose-hakelmuster\/der-papst\/#primaryimage"},"thumbnailUrl":"https:\/\/craftygenesindonesia.com\/wp-content\/uploads\/2023\/01\/The-Pope-2.jpg","datePublished":"2023-01-06T01:31:42+00:00","dateModified":"2025-11-12T21:12:51+00:00","description":"Kaufen Sie hier meine H\u00e4kelanleitung f\u00fcr den Papst. Die einfache H\u00e4kelanleitung ist auch auf Etsy, Haked.nl, Ravelry und Payhip erh\u00e4ltlich.","breadcrumb":{"@id":"https:\/\/craftygenesindonesia.com\/de\/shop\/religiose-hakelmuster\/der-papst\/#breadcrumb"},"inLanguage":"de","potentialAction":[{"@type":"ReadAction","target":["https:\/\/craftygenesindonesia.com\/de\/shop\/religiose-hakelmuster\/der-papst\/"]}]},{"@type":"ImageObject","inLanguage":"de","@id":"https:\/\/craftygenesindonesia.com\/de\/shop\/religiose-hakelmuster\/der-papst\/#primaryimage","url":"https:\/\/craftygenesindonesia.com\/wp-content\/uploads\/2023\/01\/The-Pope-2.jpg","contentUrl":"https:\/\/craftygenesindonesia.com\/wp-content\/uploads\/2023\/01\/The-Pope-2.jpg","width":1080,"height":1080,"caption":"crochet pope doll"},{"@type":"BreadcrumbList","@id":"https:\/\/craftygenesindonesia.com\/de\/shop\/religiose-hakelmuster\/der-papst\/#breadcrumb","itemListElement":[{"@type":"ListItem","position":1,"name":"Home","item":"https:\/\/craftygenesindonesia.com\/de\/"},{"@type":"ListItem","position":2,"name":"Mustershop","item":"https:\/\/craftygenesindonesia.com\/de\/muster-shop\/"},{"@type":"ListItem","position":3,"name":"Der Papst"}]},{"@type":"WebSite","@id":"https:\/\/craftygenesindonesia.com\/de\/#website","url":"https:\/\/craftygenesindonesia.com\/de\/","name":"Craftygenesindonesia","description":"","publisher":{"@id":"https:\/\/craftygenesindonesia.com\/de\/#organization"},"potentialAction":[{"@type":"SearchAction","target":{"@type":"EntryPoint","urlTemplate":"https:\/\/craftygenesindonesia.com\/de\/?s={search_term_string}"},"query-input":{"@type":"PropertyValueSpecification","valueRequired":true,"valueName":"search_term_string"}}],"inLanguage":"de"},{"@type":"Organization","@id":"https:\/\/craftygenesindonesia.com\/de\/#organization","name":"Craftygenesindonesia","url":"https:\/\/craftygenesindonesia.com\/de\/","logo":{"@type":"ImageObject","inLanguage":"de","@id":"https:\/\/craftygenesindonesia.com\/de\/#\/schema\/logo\/image\/","url":"https:\/\/craftygenesindonesia.com\/wp-content\/uploads\/2025\/11\/cropped-Copy-of-Craftygenesindonesia.jpg","contentUrl":"https:\/\/craftygenesindonesia.com\/wp-content\/uploads\/2025\/11\/cropped-Copy-of-Craftygenesindonesia.jpg","width":180,"height":60,"caption":"Craftygenesindonesia"},"image":{"@id":"https:\/\/craftygenesindonesia.com\/de\/#\/schema\/logo\/image\/"}}]}},"_links":{"self":[{"href":"https:\/\/craftygenesindonesia.com\/de\/wp-json\/wp\/v2\/product\/987528906","targetHints":{"allow":["GET"]}}],"collection":[{"href":"https:\/\/craftygenesindonesia.com\/de\/wp-json\/wp\/v2\/product"}],"about":[{"href":"https:\/\/craftygenesindonesia.com\/de\/wp-json\/wp\/v2\/types\/product"}],"replies":[{"embeddable":true,"href":"https:\/\/craftygenesindonesia.com\/de\/wp-json\/wp\/v2\/comments?post=987528906"}],"wp:featuredmedia":[{"embeddable":true,"href":"https:\/\/craftygenesindonesia.com\/de\/wp-json\/wp\/v2\/media\/987530376"}],"wp:attachment":[{"href":"https:\/\/craftygenesindonesia.com\/de\/wp-json\/wp\/v2\/media?parent=987528906"}],"wp:term":[{"taxonomy":"product_brand","embeddable":true,"href":"https:\/\/craftygenesindonesia.com\/de\/wp-json\/wp\/v2\/product_brand?post=987528906"},{"taxonomy":"product_cat","embeddable":true,"href":"https:\/\/craftygenesindonesia.com\/de\/wp-json\/wp\/v2\/product_cat?post=987528906"},{"taxonomy":"product_tag","embeddable":true,"href":"https:\/\/craftygenesindonesia.com\/de\/wp-json\/wp\/v2\/product_tag?post=987528906"}],"curies":[{"name":"wp","href":"https:\/\/api.w.org\/{rel}","templated":true}]}}