{"id":987528899,"date":"2023-10-22T10:45:40","date_gmt":"2023-10-22T02:45:40","guid":{"rendered":"https:\/\/craftygenesindonesia.com\/shop\/unkategorisiert\/for-the-fallen-dames\/"},"modified":"2026-04-20T08:44:24","modified_gmt":"2026-04-20T00:44:24","slug":"for-the-fallen-dames","status":"publish","type":"product","link":"https:\/\/craftygenesindonesia.com\/de\/shop\/damen-und-herren-hakelmuster\/for-the-fallen-dames\/","title":{"rendered":"For The Fallen Damen"},"content":{"rendered":"<p><b>For the fallen Damen<\/b><b><\/b><\/p>\n<p>&nbsp;<\/p>\n<p><b>Dateityp<\/b>: H\u00e4kelmuster &#8211; digitaler Download, kein physischer Gegenstand<\/p>\n<p>Verf\u00fcgbare Sprachen: Englisch (US &amp; UK), Niederl\u00e4ndisch, Franz\u00f6sisch, Spanisch, Deutsch<\/p>\n<p><b>Gr\u00f6\u00dfe des fertigen St\u00fccks<\/b>: 25 cm hoch<\/p>\n<p>&nbsp;<\/p>\n<p><b>Garnart: <\/b>\u201eFingering\u201c-Garn (St\u00e4rke 3)<\/p>\n<p><b>Empfohlene Marken<\/b>: Catona by Scheepjes, Durable Coral, &#8230;<\/p>\n<p><b>Ben\u00f6tigte Garnfarben:<\/b> Hautfarbe, Braun, Beige, Schwarz, Dunkelbraun, Rot, Marineblau, Wei\u00df, Blau, Blaugrau, Hellblau, Rot, Grau<\/p>\n<p>&nbsp;<\/p>\n<p><b>H\u00e4kelnadel<\/b>: 2mm<\/p>\n<p>&nbsp;<\/p>\n<p><b>Copyright und Hilfe-Informationen:<\/b><\/p>\n<p>Dieses Muster ist ein schriftliches Muster (digital) mit vielen Bildern, um Ihnen zu helfen. Wenn Sie Fragen zum Muster haben, schicken Sie mir eine E-Mail an <a href=\"mailto:craftygenesindonesia@gmail.com\">Craftygenesindonesia@gmail.com<\/a><\/p>\n<p><b>Dieses digitale H\u00e4kelmuster ist nur f\u00fcr den pers\u00f6nlichen Gebrauch bestimmt und unterliegt dem Copyright. Daher d\u00fcrfen Sie ohne meine Erlaubnis nicht kopieren, verkaufen, weiterverkaufen, \u00fcbersetzen, als Ihr eigenes Design ausgeben, verteilen, teilen, ver\u00f6ffentlichen, nur posten, &#8230; in irgendeiner Weise oder Form. Nicht einmal ein Teil davon! <\/b><\/p>\n<p><b>Sie d\u00fcrfen das fertige Produkt oder den Gegenstand in kleinen Mengen verkaufen, aber nicht das H\u00e4kelmuster selbst! Bitte erw\u00e4hnen Sie, dass das H\u00e4kelmuster von mir, Craftygenesindonesia, stammt und wo man es kaufen kann. <\/b><\/p>\n","protected":false},"excerpt":{"rendered":"<p>Ein bedeutungsvolles H\u00e4kelmuster-Set mit drei Soldatinnen \u2013 aus der Armee, der Luftwaffe und der Marine \u2013, erg\u00e4nzt durch eine symbolische Mohnblume und einen LED-Kerzenhalter. Gestalten Sie eine herzliche Hommage zu Ehren der Frauen, die dienen oder gedient haben.<\/p>\n<p>Klicken Sie hier, um die anderen \u201eFor The Fallen\u201c-Muster anzusehen: <a href=\"https:\/\/craftygenesindonesia.com\/product\/for-the-fallen-all-in-one-crochet-pattern-bundle\/\" target=\"_blank\" rel=\"noopener\">For The Fallen &#8211; All in pattern bundle &#8211; Craftygenesindonesia<\/a><\/p>\n","protected":false},"featured_media":987540531,"comment_status":"open","ping_status":"closed","template":"","meta":{"_acf_changed":false},"product_brand":[],"product_cat":[12177,12250,12182],"product_tag":[12186,12243,12253,12466,12321,12320,12322,12189,12190,12323,12324,12188,12187,12185,12467],"class_list":{"0":"post-987528899","1":"product","2":"type-product","3":"status-publish","4":"has-post-thumbnail","6":"product_cat-damen-und-herren-hakelmuster","7":"product_cat-gedenk-hakelmuster","8":"product_cat-militar-de","9":"product_tag-armee","10":"product_tag-dame","11":"product_tag-gedenkstatte","12":"product_tag-kriegsdenkmal","13":"product_tag-luftwaffe","14":"product_tag-marine-de","15":"product_tag-marine-de-2","16":"product_tag-militar-de","17":"product_tag-mohn","18":"product_tag-pilot-de","19":"product_tag-seemann","20":"product_tag-soldat-de","21":"product_tag-tag-des-gedenkens","22":"product_tag-tag-des-waffenstillstands","23":"product_tag-weiblich","24":"pa_available_on-craftygenesindonesia","25":"pa_available_on-etsy","26":"pa_available_on-haked-nl","27":"pa_available_on-payhip","28":"pa_available_on-ravelry","29":"pa_languages-deutsch","30":"pa_languages-franzoesisch","31":"pa_languages-grossbritannien-englisch","32":"pa_languages-niederlaendisch","33":"pa_languages-spanisch","34":"pa_languages-us-englisch","36":"first","37":"instock","38":"downloadable","39":"virtual","40":"purchasable","41":"product-type-simple"},"acf":[],"yoast_head":"<!-- This site is optimized with the Yoast SEO plugin v27.4 - https:\/\/yoast.com\/product\/yoast-seo-wordpress\/ -->\n<title>For The Fallen Damen H\u00e4kelmuster - Craftygenesindonesia<\/title>\n<meta name=\"description\" content=\"Kaufen Sie hier meine leicht verst\u00e4ndliche H\u00e4kelanleitung \u201eFor The Fallen Damen\u201c. Sie ist auch auf Etsy, Ravelry, Haked.nl und Payhip erh\u00e4ltlich.\" \/>\n<meta name=\"robots\" content=\"index, follow, max-snippet:-1, max-image-preview:large, max-video-preview:-1\" \/>\n<link rel=\"canonical\" href=\"https:\/\/craftygenesindonesia.com\/de\/shop\/damen-und-herren-hakelmuster\/for-the-fallen-dames\/\" \/>\n<meta property=\"og:locale\" content=\"de_DE\" \/>\n<meta property=\"og:type\" content=\"article\" \/>\n<meta property=\"og:title\" content=\"&quot;For The Fallen Damen&quot; H\u00e4kelmuster\" \/>\n<meta property=\"og:description\" content=\"Kaufen Sie hier meine leicht verst\u00e4ndliche H\u00e4kelanleitung \u201eFor The Fallen Damen\u201c. Sie ist auch auf Etsy, Ravelry, Haked.nl und Payhip erh\u00e4ltlich.\" \/>\n<meta property=\"og:url\" content=\"https:\/\/craftygenesindonesia.com\/de\/shop\/damen-und-herren-hakelmuster\/for-the-fallen-dames\/\" \/>\n<meta property=\"og:site_name\" content=\"Craftygenesindonesia\" \/>\n<meta property=\"article:modified_time\" content=\"2026-04-20T00:44:24+00:00\" \/>\n<meta property=\"og:image\" content=\"https:\/\/craftygenesindonesia.com\/wp-content\/uploads\/2023\/10\/Fallen-Ladies.jpg\" \/>\n\t<meta property=\"og:image:width\" content=\"1080\" \/>\n\t<meta property=\"og:image:height\" content=\"1080\" \/>\n\t<meta property=\"og:image:type\" content=\"image\/jpeg\" \/>\n<meta name=\"twitter:card\" content=\"summary_large_image\" \/>\n<meta name=\"twitter:label1\" content=\"Gesch\u00e4tzte Lesezeit\" \/>\n\t<meta name=\"twitter:data1\" content=\"1\u00a0Minute\" \/>\n<script type=\"application\/ld+json\" class=\"yoast-schema-graph\">{\"@context\":\"https:\\\/\\\/schema.org\",\"@graph\":[{\"@type\":\"WebPage\",\"@id\":\"https:\\\/\\\/craftygenesindonesia.com\\\/de\\\/shop\\\/damen-und-herren-hakelmuster\\\/for-the-fallen-dames\\\/\",\"url\":\"https:\\\/\\\/craftygenesindonesia.com\\\/de\\\/shop\\\/damen-und-herren-hakelmuster\\\/for-the-fallen-dames\\\/\",\"name\":\"For The Fallen Damen H\u00e4kelmuster - Craftygenesindonesia\",\"isPartOf\":{\"@id\":\"https:\\\/\\\/craftygenesindonesia.com\\\/de\\\/#website\"},\"primaryImageOfPage\":{\"@id\":\"https:\\\/\\\/craftygenesindonesia.com\\\/de\\\/shop\\\/damen-und-herren-hakelmuster\\\/for-the-fallen-dames\\\/#primaryimage\"},\"image\":{\"@id\":\"https:\\\/\\\/craftygenesindonesia.com\\\/de\\\/shop\\\/damen-und-herren-hakelmuster\\\/for-the-fallen-dames\\\/#primaryimage\"},\"thumbnailUrl\":\"https:\\\/\\\/craftygenesindonesia.com\\\/wp-content\\\/uploads\\\/2023\\\/10\\\/Fallen-Ladies.jpg\",\"datePublished\":\"2023-10-22T02:45:40+00:00\",\"dateModified\":\"2026-04-20T00:44:24+00:00\",\"description\":\"Kaufen Sie hier meine leicht verst\u00e4ndliche H\u00e4kelanleitung \u201eFor The Fallen Damen\u201c. Sie ist auch auf Etsy, Ravelry, Haked.nl und Payhip erh\u00e4ltlich.\",\"breadcrumb\":{\"@id\":\"https:\\\/\\\/craftygenesindonesia.com\\\/de\\\/shop\\\/damen-und-herren-hakelmuster\\\/for-the-fallen-dames\\\/#breadcrumb\"},\"inLanguage\":\"de\",\"potentialAction\":[{\"@type\":\"ReadAction\",\"target\":[\"https:\\\/\\\/craftygenesindonesia.com\\\/de\\\/shop\\\/damen-und-herren-hakelmuster\\\/for-the-fallen-dames\\\/\"]}]},{\"@type\":\"ImageObject\",\"inLanguage\":\"de\",\"@id\":\"https:\\\/\\\/craftygenesindonesia.com\\\/de\\\/shop\\\/damen-und-herren-hakelmuster\\\/for-the-fallen-dames\\\/#primaryimage\",\"url\":\"https:\\\/\\\/craftygenesindonesia.com\\\/wp-content\\\/uploads\\\/2023\\\/10\\\/Fallen-Ladies.jpg\",\"contentUrl\":\"https:\\\/\\\/craftygenesindonesia.com\\\/wp-content\\\/uploads\\\/2023\\\/10\\\/Fallen-Ladies.jpg\",\"width\":1080,\"height\":1080,\"caption\":\"Geh\u00e4kelte Soldatinnenpuppen mit Mohnblume und LED-Kerze\"},{\"@type\":\"BreadcrumbList\",\"@id\":\"https:\\\/\\\/craftygenesindonesia.com\\\/de\\\/shop\\\/damen-und-herren-hakelmuster\\\/for-the-fallen-dames\\\/#breadcrumb\",\"itemListElement\":[{\"@type\":\"ListItem\",\"position\":1,\"name\":\"Home\",\"item\":\"https:\\\/\\\/craftygenesindonesia.com\\\/de\\\/\"},{\"@type\":\"ListItem\",\"position\":2,\"name\":\"Mustershop\",\"item\":\"https:\\\/\\\/craftygenesindonesia.com\\\/de\\\/muster-shop\\\/\"},{\"@type\":\"ListItem\",\"position\":3,\"name\":\"For The Fallen Damen\"}]},{\"@type\":\"WebSite\",\"@id\":\"https:\\\/\\\/craftygenesindonesia.com\\\/de\\\/#website\",\"url\":\"https:\\\/\\\/craftygenesindonesia.com\\\/de\\\/\",\"name\":\"Craftygenesindonesia\",\"description\":\"\",\"publisher\":{\"@id\":\"https:\\\/\\\/craftygenesindonesia.com\\\/de\\\/#organization\"},\"potentialAction\":[{\"@type\":\"SearchAction\",\"target\":{\"@type\":\"EntryPoint\",\"urlTemplate\":\"https:\\\/\\\/craftygenesindonesia.com\\\/de\\\/?s={search_term_string}\"},\"query-input\":{\"@type\":\"PropertyValueSpecification\",\"valueRequired\":true,\"valueName\":\"search_term_string\"}}],\"inLanguage\":\"de\"},{\"@type\":\"Organization\",\"@id\":\"https:\\\/\\\/craftygenesindonesia.com\\\/de\\\/#organization\",\"name\":\"Craftygenesindonesia\",\"url\":\"https:\\\/\\\/craftygenesindonesia.com\\\/de\\\/\",\"logo\":{\"@type\":\"ImageObject\",\"inLanguage\":\"de\",\"@id\":\"https:\\\/\\\/craftygenesindonesia.com\\\/de\\\/#\\\/schema\\\/logo\\\/image\\\/\",\"url\":\"https:\\\/\\\/craftygenesindonesia.com\\\/wp-content\\\/uploads\\\/2025\\\/11\\\/cropped-Copy-of-Craftygenesindonesia.jpg\",\"contentUrl\":\"https:\\\/\\\/craftygenesindonesia.com\\\/wp-content\\\/uploads\\\/2025\\\/11\\\/cropped-Copy-of-Craftygenesindonesia.jpg\",\"width\":180,\"height\":60,\"caption\":\"Craftygenesindonesia\"},\"image\":{\"@id\":\"https:\\\/\\\/craftygenesindonesia.com\\\/de\\\/#\\\/schema\\\/logo\\\/image\\\/\"}}]}<\/script>\n<!-- \/ Yoast SEO plugin. -->","yoast_head_json":{"title":"For The Fallen Damen H\u00e4kelmuster - Craftygenesindonesia","description":"Kaufen Sie hier meine leicht verst\u00e4ndliche H\u00e4kelanleitung \u201eFor The Fallen Damen\u201c. Sie ist auch auf Etsy, Ravelry, Haked.nl und Payhip erh\u00e4ltlich.","robots":{"index":"index","follow":"follow","max-snippet":"max-snippet:-1","max-image-preview":"max-image-preview:large","max-video-preview":"max-video-preview:-1"},"canonical":"https:\/\/craftygenesindonesia.com\/de\/shop\/damen-und-herren-hakelmuster\/for-the-fallen-dames\/","og_locale":"de_DE","og_type":"article","og_title":"\"For The Fallen Damen\" H\u00e4kelmuster","og_description":"Kaufen Sie hier meine leicht verst\u00e4ndliche H\u00e4kelanleitung \u201eFor The Fallen Damen\u201c. Sie ist auch auf Etsy, Ravelry, Haked.nl und Payhip erh\u00e4ltlich.","og_url":"https:\/\/craftygenesindonesia.com\/de\/shop\/damen-und-herren-hakelmuster\/for-the-fallen-dames\/","og_site_name":"Craftygenesindonesia","article_modified_time":"2026-04-20T00:44:24+00:00","og_image":[{"width":1080,"height":1080,"url":"https:\/\/craftygenesindonesia.com\/wp-content\/uploads\/2023\/10\/Fallen-Ladies.jpg","type":"image\/jpeg"}],"twitter_card":"summary_large_image","twitter_misc":{"Gesch\u00e4tzte Lesezeit":"1\u00a0Minute"},"schema":{"@context":"https:\/\/schema.org","@graph":[{"@type":"WebPage","@id":"https:\/\/craftygenesindonesia.com\/de\/shop\/damen-und-herren-hakelmuster\/for-the-fallen-dames\/","url":"https:\/\/craftygenesindonesia.com\/de\/shop\/damen-und-herren-hakelmuster\/for-the-fallen-dames\/","name":"For The Fallen Damen H\u00e4kelmuster - Craftygenesindonesia","isPartOf":{"@id":"https:\/\/craftygenesindonesia.com\/de\/#website"},"primaryImageOfPage":{"@id":"https:\/\/craftygenesindonesia.com\/de\/shop\/damen-und-herren-hakelmuster\/for-the-fallen-dames\/#primaryimage"},"image":{"@id":"https:\/\/craftygenesindonesia.com\/de\/shop\/damen-und-herren-hakelmuster\/for-the-fallen-dames\/#primaryimage"},"thumbnailUrl":"https:\/\/craftygenesindonesia.com\/wp-content\/uploads\/2023\/10\/Fallen-Ladies.jpg","datePublished":"2023-10-22T02:45:40+00:00","dateModified":"2026-04-20T00:44:24+00:00","description":"Kaufen Sie hier meine leicht verst\u00e4ndliche H\u00e4kelanleitung \u201eFor The Fallen Damen\u201c. Sie ist auch auf Etsy, Ravelry, Haked.nl und Payhip erh\u00e4ltlich.","breadcrumb":{"@id":"https:\/\/craftygenesindonesia.com\/de\/shop\/damen-und-herren-hakelmuster\/for-the-fallen-dames\/#breadcrumb"},"inLanguage":"de","potentialAction":[{"@type":"ReadAction","target":["https:\/\/craftygenesindonesia.com\/de\/shop\/damen-und-herren-hakelmuster\/for-the-fallen-dames\/"]}]},{"@type":"ImageObject","inLanguage":"de","@id":"https:\/\/craftygenesindonesia.com\/de\/shop\/damen-und-herren-hakelmuster\/for-the-fallen-dames\/#primaryimage","url":"https:\/\/craftygenesindonesia.com\/wp-content\/uploads\/2023\/10\/Fallen-Ladies.jpg","contentUrl":"https:\/\/craftygenesindonesia.com\/wp-content\/uploads\/2023\/10\/Fallen-Ladies.jpg","width":1080,"height":1080,"caption":"Geh\u00e4kelte Soldatinnenpuppen mit Mohnblume und LED-Kerze"},{"@type":"BreadcrumbList","@id":"https:\/\/craftygenesindonesia.com\/de\/shop\/damen-und-herren-hakelmuster\/for-the-fallen-dames\/#breadcrumb","itemListElement":[{"@type":"ListItem","position":1,"name":"Home","item":"https:\/\/craftygenesindonesia.com\/de\/"},{"@type":"ListItem","position":2,"name":"Mustershop","item":"https:\/\/craftygenesindonesia.com\/de\/muster-shop\/"},{"@type":"ListItem","position":3,"name":"For The Fallen Damen"}]},{"@type":"WebSite","@id":"https:\/\/craftygenesindonesia.com\/de\/#website","url":"https:\/\/craftygenesindonesia.com\/de\/","name":"Craftygenesindonesia","description":"","publisher":{"@id":"https:\/\/craftygenesindonesia.com\/de\/#organization"},"potentialAction":[{"@type":"SearchAction","target":{"@type":"EntryPoint","urlTemplate":"https:\/\/craftygenesindonesia.com\/de\/?s={search_term_string}"},"query-input":{"@type":"PropertyValueSpecification","valueRequired":true,"valueName":"search_term_string"}}],"inLanguage":"de"},{"@type":"Organization","@id":"https:\/\/craftygenesindonesia.com\/de\/#organization","name":"Craftygenesindonesia","url":"https:\/\/craftygenesindonesia.com\/de\/","logo":{"@type":"ImageObject","inLanguage":"de","@id":"https:\/\/craftygenesindonesia.com\/de\/#\/schema\/logo\/image\/","url":"https:\/\/craftygenesindonesia.com\/wp-content\/uploads\/2025\/11\/cropped-Copy-of-Craftygenesindonesia.jpg","contentUrl":"https:\/\/craftygenesindonesia.com\/wp-content\/uploads\/2025\/11\/cropped-Copy-of-Craftygenesindonesia.jpg","width":180,"height":60,"caption":"Craftygenesindonesia"},"image":{"@id":"https:\/\/craftygenesindonesia.com\/de\/#\/schema\/logo\/image\/"}}]}},"_links":{"self":[{"href":"https:\/\/craftygenesindonesia.com\/de\/wp-json\/wp\/v2\/product\/987528899","targetHints":{"allow":["GET"]}}],"collection":[{"href":"https:\/\/craftygenesindonesia.com\/de\/wp-json\/wp\/v2\/product"}],"about":[{"href":"https:\/\/craftygenesindonesia.com\/de\/wp-json\/wp\/v2\/types\/product"}],"replies":[{"embeddable":true,"href":"https:\/\/craftygenesindonesia.com\/de\/wp-json\/wp\/v2\/comments?post=987528899"}],"wp:featuredmedia":[{"embeddable":true,"href":"https:\/\/craftygenesindonesia.com\/de\/wp-json\/wp\/v2\/media\/987540531"}],"wp:attachment":[{"href":"https:\/\/craftygenesindonesia.com\/de\/wp-json\/wp\/v2\/media?parent=987528899"}],"wp:term":[{"taxonomy":"product_brand","embeddable":true,"href":"https:\/\/craftygenesindonesia.com\/de\/wp-json\/wp\/v2\/product_brand?post=987528899"},{"taxonomy":"product_cat","embeddable":true,"href":"https:\/\/craftygenesindonesia.com\/de\/wp-json\/wp\/v2\/product_cat?post=987528899"},{"taxonomy":"product_tag","embeddable":true,"href":"https:\/\/craftygenesindonesia.com\/de\/wp-json\/wp\/v2\/product_tag?post=987528899"}],"curies":[{"name":"wp","href":"https:\/\/api.w.org\/{rel}","templated":true}]}}