{"id":987528805,"date":"2023-05-19T11:00:39","date_gmt":"2023-05-19T03:00:39","guid":{"rendered":"https:\/\/craftygenesindonesia.com\/shop\/unkategorisiert\/mimi-maerchenhafte-ausgabe\/"},"modified":"2026-03-24T06:49:24","modified_gmt":"2026-03-23T22:49:24","slug":"mimi-maerchenhafte-ausgabe","status":"publish","type":"product","link":"https:\/\/craftygenesindonesia.com\/de\/shop\/kinder-puppen-hakeln-muster\/mimi-maerchenhafte-ausgabe\/","title":{"rendered":"Mimi, M\u00e4rchenhafte Ausgabe"},"content":{"rendered":"<p>Alle 4 Puppen sind 16cm oder 6.3inch gro\u00df. Sie werden mit leichtem Garn (3), das f\u00fcr Amigurumi geeignet ist, und einer H\u00e4kelnadel der Gr\u00f6\u00dfe 2mm hergestellt.<\/p>\n<p>Sie ben\u00f6tigen diese Farben:<br \/>\n&#8211; Schwarz: 40-60m\/45-65yd<br \/>\n&#8211; Blau: 5-10m\/5-10yd<br \/>\n&#8211; Dunkelbraun: 75-95m\/85-105yd<br \/>\n&#8211; Dunkelrosa: 5-10m\/5-10yd<br \/>\n&#8211; Dunkelgelb: 10-20m\/10-20yd<br \/>\n&#8211; Hellblau: 30-40m\/35-45yd<br \/>\n&#8211; Rosa: 35-45m\/40-50yd<br \/>\n&#8211; Rot: 15-25m\/17-27yd<br \/>\n&#8211; Hautfarbe: 220m-230m\/240-250yd<br \/>\n&#8211; Wei\u00df: 20-30m\/22-32yd<br \/>\n&#8211; Gelb: 135-155m\/150-170yd<\/p>\n<p>Au\u00dferdem brauchst du: F\u00fcllung &#8211; Filzstifte &#8211; Gobelin-Nadel &#8211; Schere &#8211; Kleber &#8211; Klebepistole &#8211; Pappe &#8211; St\u00e4bchen (um die K\u00f6pfe oben zu halten) &#8211; 8mm Sicherheitsaugen<\/p>\n<p>H\u00e4kelnadel: Gr\u00f6\u00dfe 2mm<\/p>\n<p>Dieses H\u00e4kelmuster, das in Englisch und Niederl\u00e4ndisch verf\u00fcgbar ist, enth\u00e4lt viele Bilder, um Ihnen zu helfen. Wenn Sie noch Fragen haben, k\u00f6nnen Sie mich gerne kontaktieren unter: <a href=\"mailto:craftygenesindonesia@gmail.com\">craftygenesindonesia@gmail.com<\/a><\/p>\n<p><strong>Dieses Muster ist mit einem COPYRIGHT versehen. Das Muster ist daher nur f\u00fcr den pers\u00f6nlichen Gebrauch bestimmt und darf NICHT kopiert, verkauft, weiterverkauft, \u00fcbersetzt, als eigenes Design beansprucht, verteilt, geteilt, ver\u00f6ffentlicht, online gestellt werden&#8230; in keiner Form ohne meine Zustimmung. Nicht einmal ein Teil davon!!! <\/strong><\/p>\n<p>Sie k\u00f6nnen die fertigen Mimi-Puppen in kleinen Mengen verkaufen, ABER NICHT DAS MUSTER SELBST! Bitte erw\u00e4hnen Sie, dass das Schnittmuster von Craftygenesindonesia ist und wo man es kaufen kann<\/p>\n","protected":false},"excerpt":{"rendered":"<p>Dies ist ein lustiges 4in1-H\u00e4kelmuster f\u00fcr 4 kleine Puppen, die Kinder wirklich sehr gl\u00fccklich machen werden. Ein Muss f\u00fcr Sie, wenn Sie etwas f\u00fcr Kinder (oder sogar f\u00fcr sich selbst&#8230;) machen wollen.<\/p>\n","protected":false},"featured_media":987528806,"comment_status":"open","ping_status":"closed","template":"","meta":{"_acf_changed":false},"product_brand":[],"product_cat":[12218],"product_tag":[12461,12220,12219,12460,12221,12463,12462],"class_list":{"0":"post-987528805","1":"product","2":"type-product","3":"status-publish","4":"has-post-thumbnail","6":"product_cat-kinder-puppen-hakeln-muster","7":"product_tag-aschenputtel","8":"product_tag-hakelpuppe","9":"product_tag-kinderpuppen","10":"product_tag-marchenhaft","11":"product_tag-puppe","12":"product_tag-schlafende-schonheit","13":"product_tag-schneewittchen","14":"pa_available_on-craftygenesindonesia","15":"pa_available_on-ravelry","16":"pa_languages-niederlaendisch","17":"pa_languages-us-englisch","19":"first","20":"instock","21":"downloadable","22":"virtual","23":"purchasable","24":"product-type-simple"},"acf":[],"yoast_head":"<!-- This site is optimized with the Yoast SEO plugin v27.3 - https:\/\/yoast.com\/product\/yoast-seo-wordpress\/ -->\n<title>Mimi, M\u00e4rchenhafte Ausgabe - Craftygenesindonesia<\/title>\n<meta name=\"description\" content=\"Kaufen Sie hier mein &quot;Mimi, M\u00e4rchenhafte Ausgabe&quot; H\u00e4kelmuster in Englisch &amp; Niederl\u00e4ndisch. Auch erh\u00e4ltlich bei Haked.nl, Haked.store und Ravelry\" \/>\n<meta name=\"robots\" content=\"index, follow, max-snippet:-1, max-image-preview:large, max-video-preview:-1\" \/>\n<link rel=\"canonical\" href=\"https:\/\/craftygenesindonesia.com\/de\/shop\/kinder-puppen-hakeln-muster\/mimi-maerchenhafte-ausgabe\/\" \/>\n<meta property=\"og:locale\" content=\"de_DE\" \/>\n<meta property=\"og:type\" content=\"article\" \/>\n<meta property=\"og:title\" content=\"Mimi, M\u00e4rchenhafte Ausgabe\" \/>\n<meta property=\"og:description\" content=\"Kaufen Sie hier mein &quot;Mimi, M\u00e4rchenhafte Ausgabe&quot; H\u00e4kelmuster in Englisch &amp; Niederl\u00e4ndisch. Auch erh\u00e4ltlich bei Haked.nl, Haked.store und Ravelry\" \/>\n<meta property=\"og:url\" content=\"https:\/\/craftygenesindonesia.com\/de\/shop\/kinder-puppen-hakeln-muster\/mimi-maerchenhafte-ausgabe\/\" \/>\n<meta property=\"og:site_name\" content=\"Craftygenesindonesia\" \/>\n<meta property=\"article:modified_time\" content=\"2026-03-23T22:49:24+00:00\" \/>\n<meta property=\"og:image\" content=\"https:\/\/craftygenesindonesia.com\/wp-content\/uploads\/2023\/05\/IMG_1320-300x300.jpg\" \/>\n<meta name=\"twitter:card\" content=\"summary_large_image\" \/>\n<meta name=\"twitter:title\" content=\"Mimi, M\u00e4rchenhafte Ausgabe\" \/>\n<meta name=\"twitter:description\" content=\"Kaufen Sie hier mein &quot;Mimi, M\u00e4rchenhafte Ausgabe&quot; H\u00e4kelmuster in Englisch &amp; Niederl\u00e4ndisch. Auch erh\u00e4ltlich bei Haked.nl, Haked.store und Ravelry\" \/>\n<meta name=\"twitter:image\" content=\"https:\/\/craftygenesindonesia.com\/wp-content\/uploads\/2023\/05\/IMG_1320.jpg\" \/>\n<meta name=\"twitter:label1\" content=\"Gesch\u00e4tzte Lesezeit\" \/>\n\t<meta name=\"twitter:data1\" content=\"1\u00a0Minute\" \/>\n<script type=\"application\/ld+json\" class=\"yoast-schema-graph\">{\"@context\":\"https:\\\/\\\/schema.org\",\"@graph\":[{\"@type\":\"WebPage\",\"@id\":\"https:\\\/\\\/craftygenesindonesia.com\\\/de\\\/shop\\\/kinder-puppen-hakeln-muster\\\/mimi-maerchenhafte-ausgabe\\\/\",\"url\":\"https:\\\/\\\/craftygenesindonesia.com\\\/de\\\/shop\\\/kinder-puppen-hakeln-muster\\\/mimi-maerchenhafte-ausgabe\\\/\",\"name\":\"Mimi, M\u00e4rchenhafte Ausgabe - Craftygenesindonesia\",\"isPartOf\":{\"@id\":\"https:\\\/\\\/craftygenesindonesia.com\\\/de\\\/#website\"},\"primaryImageOfPage\":{\"@id\":\"https:\\\/\\\/craftygenesindonesia.com\\\/de\\\/shop\\\/kinder-puppen-hakeln-muster\\\/mimi-maerchenhafte-ausgabe\\\/#primaryimage\"},\"image\":{\"@id\":\"https:\\\/\\\/craftygenesindonesia.com\\\/de\\\/shop\\\/kinder-puppen-hakeln-muster\\\/mimi-maerchenhafte-ausgabe\\\/#primaryimage\"},\"thumbnailUrl\":\"https:\\\/\\\/craftygenesindonesia.com\\\/wp-content\\\/uploads\\\/2023\\\/05\\\/IMG_1315.jpg\",\"datePublished\":\"2023-05-19T03:00:39+00:00\",\"dateModified\":\"2026-03-23T22:49:24+00:00\",\"description\":\"Kaufen Sie hier mein \\\"Mimi, M\u00e4rchenhafte Ausgabe\\\" H\u00e4kelmuster in Englisch & Niederl\u00e4ndisch. Auch erh\u00e4ltlich bei Haked.nl, Haked.store und Ravelry\",\"breadcrumb\":{\"@id\":\"https:\\\/\\\/craftygenesindonesia.com\\\/de\\\/shop\\\/kinder-puppen-hakeln-muster\\\/mimi-maerchenhafte-ausgabe\\\/#breadcrumb\"},\"inLanguage\":\"de\",\"potentialAction\":[{\"@type\":\"ReadAction\",\"target\":[\"https:\\\/\\\/craftygenesindonesia.com\\\/de\\\/shop\\\/kinder-puppen-hakeln-muster\\\/mimi-maerchenhafte-ausgabe\\\/\"]}]},{\"@type\":\"ImageObject\",\"inLanguage\":\"de\",\"@id\":\"https:\\\/\\\/craftygenesindonesia.com\\\/de\\\/shop\\\/kinder-puppen-hakeln-muster\\\/mimi-maerchenhafte-ausgabe\\\/#primaryimage\",\"url\":\"https:\\\/\\\/craftygenesindonesia.com\\\/wp-content\\\/uploads\\\/2023\\\/05\\\/IMG_1315.jpg\",\"contentUrl\":\"https:\\\/\\\/craftygenesindonesia.com\\\/wp-content\\\/uploads\\\/2023\\\/05\\\/IMG_1315.jpg\",\"width\":1024,\"height\":1024,\"caption\":\"Mimi, Fairy Tale Edition\"},{\"@type\":\"BreadcrumbList\",\"@id\":\"https:\\\/\\\/craftygenesindonesia.com\\\/de\\\/shop\\\/kinder-puppen-hakeln-muster\\\/mimi-maerchenhafte-ausgabe\\\/#breadcrumb\",\"itemListElement\":[{\"@type\":\"ListItem\",\"position\":1,\"name\":\"Home\",\"item\":\"https:\\\/\\\/craftygenesindonesia.com\\\/de\\\/\"},{\"@type\":\"ListItem\",\"position\":2,\"name\":\"Mustershop\",\"item\":\"https:\\\/\\\/craftygenesindonesia.com\\\/de\\\/muster-shop\\\/\"},{\"@type\":\"ListItem\",\"position\":3,\"name\":\"Mimi, M\u00e4rchenhafte Ausgabe\"}]},{\"@type\":\"WebSite\",\"@id\":\"https:\\\/\\\/craftygenesindonesia.com\\\/de\\\/#website\",\"url\":\"https:\\\/\\\/craftygenesindonesia.com\\\/de\\\/\",\"name\":\"Craftygenesindonesia\",\"description\":\"\",\"publisher\":{\"@id\":\"https:\\\/\\\/craftygenesindonesia.com\\\/de\\\/#organization\"},\"potentialAction\":[{\"@type\":\"SearchAction\",\"target\":{\"@type\":\"EntryPoint\",\"urlTemplate\":\"https:\\\/\\\/craftygenesindonesia.com\\\/de\\\/?s={search_term_string}\"},\"query-input\":{\"@type\":\"PropertyValueSpecification\",\"valueRequired\":true,\"valueName\":\"search_term_string\"}}],\"inLanguage\":\"de\"},{\"@type\":\"Organization\",\"@id\":\"https:\\\/\\\/craftygenesindonesia.com\\\/de\\\/#organization\",\"name\":\"Craftygenesindonesia\",\"url\":\"https:\\\/\\\/craftygenesindonesia.com\\\/de\\\/\",\"logo\":{\"@type\":\"ImageObject\",\"inLanguage\":\"de\",\"@id\":\"https:\\\/\\\/craftygenesindonesia.com\\\/de\\\/#\\\/schema\\\/logo\\\/image\\\/\",\"url\":\"https:\\\/\\\/craftygenesindonesia.com\\\/wp-content\\\/uploads\\\/2025\\\/11\\\/cropped-Copy-of-Craftygenesindonesia.jpg\",\"contentUrl\":\"https:\\\/\\\/craftygenesindonesia.com\\\/wp-content\\\/uploads\\\/2025\\\/11\\\/cropped-Copy-of-Craftygenesindonesia.jpg\",\"width\":180,\"height\":60,\"caption\":\"Craftygenesindonesia\"},\"image\":{\"@id\":\"https:\\\/\\\/craftygenesindonesia.com\\\/de\\\/#\\\/schema\\\/logo\\\/image\\\/\"}}]}<\/script>\n<!-- \/ Yoast SEO plugin. -->","yoast_head_json":{"title":"Mimi, M\u00e4rchenhafte Ausgabe - Craftygenesindonesia","description":"Kaufen Sie hier mein \"Mimi, M\u00e4rchenhafte Ausgabe\" H\u00e4kelmuster in Englisch & Niederl\u00e4ndisch. Auch erh\u00e4ltlich bei Haked.nl, Haked.store und Ravelry","robots":{"index":"index","follow":"follow","max-snippet":"max-snippet:-1","max-image-preview":"max-image-preview:large","max-video-preview":"max-video-preview:-1"},"canonical":"https:\/\/craftygenesindonesia.com\/de\/shop\/kinder-puppen-hakeln-muster\/mimi-maerchenhafte-ausgabe\/","og_locale":"de_DE","og_type":"article","og_title":"Mimi, M\u00e4rchenhafte Ausgabe","og_description":"Kaufen Sie hier mein \"Mimi, M\u00e4rchenhafte Ausgabe\" H\u00e4kelmuster in Englisch & Niederl\u00e4ndisch. Auch erh\u00e4ltlich bei Haked.nl, Haked.store und Ravelry","og_url":"https:\/\/craftygenesindonesia.com\/de\/shop\/kinder-puppen-hakeln-muster\/mimi-maerchenhafte-ausgabe\/","og_site_name":"Craftygenesindonesia","article_modified_time":"2026-03-23T22:49:24+00:00","og_image":[{"url":"https:\/\/craftygenesindonesia.com\/wp-content\/uploads\/2023\/05\/IMG_1320-300x300.jpg","type":"","width":"","height":""}],"twitter_card":"summary_large_image","twitter_title":"Mimi, M\u00e4rchenhafte Ausgabe","twitter_description":"Kaufen Sie hier mein \"Mimi, M\u00e4rchenhafte Ausgabe\" H\u00e4kelmuster in Englisch & Niederl\u00e4ndisch. Auch erh\u00e4ltlich bei Haked.nl, Haked.store und Ravelry","twitter_image":"https:\/\/craftygenesindonesia.com\/wp-content\/uploads\/2023\/05\/IMG_1320.jpg","twitter_misc":{"Gesch\u00e4tzte Lesezeit":"1\u00a0Minute"},"schema":{"@context":"https:\/\/schema.org","@graph":[{"@type":"WebPage","@id":"https:\/\/craftygenesindonesia.com\/de\/shop\/kinder-puppen-hakeln-muster\/mimi-maerchenhafte-ausgabe\/","url":"https:\/\/craftygenesindonesia.com\/de\/shop\/kinder-puppen-hakeln-muster\/mimi-maerchenhafte-ausgabe\/","name":"Mimi, M\u00e4rchenhafte Ausgabe - Craftygenesindonesia","isPartOf":{"@id":"https:\/\/craftygenesindonesia.com\/de\/#website"},"primaryImageOfPage":{"@id":"https:\/\/craftygenesindonesia.com\/de\/shop\/kinder-puppen-hakeln-muster\/mimi-maerchenhafte-ausgabe\/#primaryimage"},"image":{"@id":"https:\/\/craftygenesindonesia.com\/de\/shop\/kinder-puppen-hakeln-muster\/mimi-maerchenhafte-ausgabe\/#primaryimage"},"thumbnailUrl":"https:\/\/craftygenesindonesia.com\/wp-content\/uploads\/2023\/05\/IMG_1315.jpg","datePublished":"2023-05-19T03:00:39+00:00","dateModified":"2026-03-23T22:49:24+00:00","description":"Kaufen Sie hier mein \"Mimi, M\u00e4rchenhafte Ausgabe\" H\u00e4kelmuster in Englisch & Niederl\u00e4ndisch. Auch erh\u00e4ltlich bei Haked.nl, Haked.store und Ravelry","breadcrumb":{"@id":"https:\/\/craftygenesindonesia.com\/de\/shop\/kinder-puppen-hakeln-muster\/mimi-maerchenhafte-ausgabe\/#breadcrumb"},"inLanguage":"de","potentialAction":[{"@type":"ReadAction","target":["https:\/\/craftygenesindonesia.com\/de\/shop\/kinder-puppen-hakeln-muster\/mimi-maerchenhafte-ausgabe\/"]}]},{"@type":"ImageObject","inLanguage":"de","@id":"https:\/\/craftygenesindonesia.com\/de\/shop\/kinder-puppen-hakeln-muster\/mimi-maerchenhafte-ausgabe\/#primaryimage","url":"https:\/\/craftygenesindonesia.com\/wp-content\/uploads\/2023\/05\/IMG_1315.jpg","contentUrl":"https:\/\/craftygenesindonesia.com\/wp-content\/uploads\/2023\/05\/IMG_1315.jpg","width":1024,"height":1024,"caption":"Mimi, Fairy Tale Edition"},{"@type":"BreadcrumbList","@id":"https:\/\/craftygenesindonesia.com\/de\/shop\/kinder-puppen-hakeln-muster\/mimi-maerchenhafte-ausgabe\/#breadcrumb","itemListElement":[{"@type":"ListItem","position":1,"name":"Home","item":"https:\/\/craftygenesindonesia.com\/de\/"},{"@type":"ListItem","position":2,"name":"Mustershop","item":"https:\/\/craftygenesindonesia.com\/de\/muster-shop\/"},{"@type":"ListItem","position":3,"name":"Mimi, M\u00e4rchenhafte Ausgabe"}]},{"@type":"WebSite","@id":"https:\/\/craftygenesindonesia.com\/de\/#website","url":"https:\/\/craftygenesindonesia.com\/de\/","name":"Craftygenesindonesia","description":"","publisher":{"@id":"https:\/\/craftygenesindonesia.com\/de\/#organization"},"potentialAction":[{"@type":"SearchAction","target":{"@type":"EntryPoint","urlTemplate":"https:\/\/craftygenesindonesia.com\/de\/?s={search_term_string}"},"query-input":{"@type":"PropertyValueSpecification","valueRequired":true,"valueName":"search_term_string"}}],"inLanguage":"de"},{"@type":"Organization","@id":"https:\/\/craftygenesindonesia.com\/de\/#organization","name":"Craftygenesindonesia","url":"https:\/\/craftygenesindonesia.com\/de\/","logo":{"@type":"ImageObject","inLanguage":"de","@id":"https:\/\/craftygenesindonesia.com\/de\/#\/schema\/logo\/image\/","url":"https:\/\/craftygenesindonesia.com\/wp-content\/uploads\/2025\/11\/cropped-Copy-of-Craftygenesindonesia.jpg","contentUrl":"https:\/\/craftygenesindonesia.com\/wp-content\/uploads\/2025\/11\/cropped-Copy-of-Craftygenesindonesia.jpg","width":180,"height":60,"caption":"Craftygenesindonesia"},"image":{"@id":"https:\/\/craftygenesindonesia.com\/de\/#\/schema\/logo\/image\/"}}]}},"_links":{"self":[{"href":"https:\/\/craftygenesindonesia.com\/de\/wp-json\/wp\/v2\/product\/987528805","targetHints":{"allow":["GET"]}}],"collection":[{"href":"https:\/\/craftygenesindonesia.com\/de\/wp-json\/wp\/v2\/product"}],"about":[{"href":"https:\/\/craftygenesindonesia.com\/de\/wp-json\/wp\/v2\/types\/product"}],"replies":[{"embeddable":true,"href":"https:\/\/craftygenesindonesia.com\/de\/wp-json\/wp\/v2\/comments?post=987528805"}],"wp:featuredmedia":[{"embeddable":true,"href":"https:\/\/craftygenesindonesia.com\/de\/wp-json\/wp\/v2\/media\/987528806"}],"wp:attachment":[{"href":"https:\/\/craftygenesindonesia.com\/de\/wp-json\/wp\/v2\/media?parent=987528805"}],"wp:term":[{"taxonomy":"product_brand","embeddable":true,"href":"https:\/\/craftygenesindonesia.com\/de\/wp-json\/wp\/v2\/product_brand?post=987528805"},{"taxonomy":"product_cat","embeddable":true,"href":"https:\/\/craftygenesindonesia.com\/de\/wp-json\/wp\/v2\/product_cat?post=987528805"},{"taxonomy":"product_tag","embeddable":true,"href":"https:\/\/craftygenesindonesia.com\/de\/wp-json\/wp\/v2\/product_tag?post=987528805"}],"curies":[{"name":"wp","href":"https:\/\/api.w.org\/{rel}","templated":true}]}}