{"id":987528766,"date":"2023-06-15T15:36:44","date_gmt":"2023-06-15T07:36:44","guid":{"rendered":"https:\/\/craftygenesindonesia.com\/shop\/unkategorisiert\/weihnachtsschmuck-5\/"},"modified":"2026-03-24T06:23:06","modified_gmt":"2026-03-23T22:23:06","slug":"weihnachtsschmuck-5","status":"publish","type":"product","link":"https:\/\/craftygenesindonesia.com\/de\/shop\/weihnachts-hakelmuster\/weihnachtsschmuck-5\/","title":{"rendered":"Weihnachtsschmuck 5"},"content":{"rendered":"<p><strong>**Dieses H\u00e4kelmuster ist ein digitaler Download &amp; ist in Englisch &amp; Niederl\u00e4ndisch verf\u00fcgbar**<\/strong><\/p>\n<p>&nbsp;<\/p>\n<p>Dieser Weihnachtsschmuck wird aus leichtem Garn (3) hergestellt, das f\u00fcr eine 2mm-H\u00e4kelnadel geeignet ist.<\/p>\n<p>&nbsp;<\/p>\n<p>Sie ben\u00f6tigen folgende Farben: wei\u00df &#8211; hellviolett &#8211; silbermetallic<\/p>\n<p>Au\u00dferdem ben\u00f6tigen Sie: F\u00fcllung &#8211; Maschenmarkierer &#8211; Schere &#8211; Gobelin-Nadel<\/p>\n<p>&nbsp;<\/p>\n<p>H\u00e4kelnadel: Gr\u00f6\u00dfe 2mm<\/p>\n<p>&nbsp;<\/p>\n<p>Dieses H\u00e4kelmuster, das in Englisch und Niederl\u00e4ndisch verf\u00fcgbar ist, enth\u00e4lt viele Bilder, um Ihnen zu helfen. Wenn Sie noch Fragen haben, k\u00f6nnen Sie mich gerne kontaktieren unter: <a href=\"mailto:craftygenesindonesia@gmail.com\">craftygenesindonesia@gmail.com<\/a><\/p>\n<p>&nbsp;<\/p>\n<p>Dieses Muster ist mit einem COPYRIGHT versehen. Das Muster ist daher nur f\u00fcr den pers\u00f6nlichen Gebrauch bestimmt und darf NICHT kopiert, verkauft, weiterverkauft, \u00fcbersetzt, als eigenes Design beansprucht, verteilt, geteilt, ver\u00f6ffentlicht, online gestellt werden&#8230; in keiner Form ohne meine Zustimmung. Nicht einmal ein Teil davon!!!<\/p>\n<p>&nbsp;<\/p>\n<p>Sie k\u00f6nnen den fertigen Weihnachtsschmuck in kleinen Mengen verkaufen, ABER NICHT DAS MUSTER SELBST! Bitte erw\u00e4hnen Sie, dass das Muster von Craftygenesindonesia ist und wo es gekauft werden kann<\/p>\n","protected":false},"excerpt":{"rendered":"<p>Das einfach zu befolgende H\u00e4kelmuster f\u00fcr diesen geh\u00e4kelten Weihnachtsschmuck ist perfekt f\u00fcr Sie, wenn Sie gerne Weihnachtskugeln anfertigen. Sie k\u00f6nnen es in jeder beliebigen Farbe anfertigen.<\/p>\n","protected":false},"featured_media":987528769,"comment_status":"open","ping_status":"closed","template":"","meta":{"_acf_changed":false},"product_brand":[],"product_cat":[12164,12130,12433],"product_tag":[12438,12440,12435,12437,12436,12439,12154],"class_list":{"0":"post-987528766","1":"product","2":"type-product","3":"status-publish","4":"has-post-thumbnail","6":"product_cat-3d-hakelmuster","7":"product_cat-weihnachts-hakelmuster","8":"product_cat-weihnachtsschmuck","9":"product_tag-baumschmuck","10":"product_tag-christbaumschmuck","11":"product_tag-kugeln","12":"product_tag-ornament-de","13":"product_tag-weihnachtskugel","14":"product_tag-weihnachtsschmuck-de","15":"product_tag-xmas-de","16":"pa_available_on-craftygenesindonesia","17":"pa_available_on-creative-fabrica","18":"pa_languages-niederlaendisch","19":"pa_languages-us-englisch","21":"first","22":"instock","23":"downloadable","24":"virtual","25":"purchasable","26":"product-type-simple"},"acf":[],"yoast_head":"<!-- This site is optimized with the Yoast SEO plugin v27.4 - https:\/\/yoast.com\/product\/yoast-seo-wordpress\/ -->\n<title>Weihnachtsschmuck 5 H\u00e4kelmuster - Craftygenesindonesia<\/title>\n<meta name=\"description\" content=\"Kaufen Sie hier mein &quot;Christmas Ornament 5&quot; H\u00e4kelmuster in Englisch &amp; Niederl\u00e4ndisch. Das Muster ist einfach zu folgen und kann in vielen Farben gemacht werden.\" \/>\n<meta name=\"robots\" content=\"index, follow, max-snippet:-1, max-image-preview:large, max-video-preview:-1\" \/>\n<link rel=\"canonical\" href=\"https:\/\/craftygenesindonesia.com\/de\/shop\/weihnachts-hakelmuster\/weihnachtsschmuck-5\/\" \/>\n<meta property=\"og:locale\" content=\"de_DE\" \/>\n<meta property=\"og:type\" content=\"article\" \/>\n<meta property=\"og:title\" content=\"Weihnachtsschmuck 5 H\u00e4kelmuster\" \/>\n<meta property=\"og:description\" content=\"Kaufen Sie hier mein &quot;Christmas Ornament 5&quot; H\u00e4kelmuster in Englisch &amp; Niederl\u00e4ndisch. Das Muster ist einfach zu folgen und kann in vielen Farben gemacht werden.\" \/>\n<meta property=\"og:url\" content=\"https:\/\/craftygenesindonesia.com\/de\/shop\/weihnachts-hakelmuster\/weihnachtsschmuck-5\/\" \/>\n<meta property=\"og:site_name\" content=\"Craftygenesindonesia\" \/>\n<meta property=\"article:modified_time\" content=\"2026-03-23T22:23:06+00:00\" \/>\n<meta property=\"og:image\" content=\"https:\/\/craftygenesindonesia.com\/wp-content\/uploads\/2023\/06\/image0-5-300x300.jpeg\" \/>\n<meta name=\"twitter:card\" content=\"summary_large_image\" \/>\n<meta name=\"twitter:title\" content=\"Weihnachtsschmuck 5 H\u00e4kelmuster\" \/>\n<meta name=\"twitter:description\" content=\"Kaufen Sie hier mein &quot;Christmas Ornament 5&quot; H\u00e4kelmuster in Englisch &amp; Niederl\u00e4ndisch. Das Muster ist einfach zu folgen und kann in vielen Farben gemacht werden.\" \/>\n<meta name=\"twitter:image\" content=\"https:\/\/craftygenesindonesia.com\/wp-content\/uploads\/2023\/06\/image0-5.jpeg\" \/>\n<meta name=\"twitter:label1\" content=\"Gesch\u00e4tzte Lesezeit\" \/>\n\t<meta name=\"twitter:data1\" content=\"1\u00a0Minute\" \/>\n<script type=\"application\/ld+json\" class=\"yoast-schema-graph\">{\"@context\":\"https:\\\/\\\/schema.org\",\"@graph\":[{\"@type\":\"WebPage\",\"@id\":\"https:\\\/\\\/craftygenesindonesia.com\\\/de\\\/shop\\\/weihnachts-hakelmuster\\\/weihnachtsschmuck-5\\\/\",\"url\":\"https:\\\/\\\/craftygenesindonesia.com\\\/de\\\/shop\\\/weihnachts-hakelmuster\\\/weihnachtsschmuck-5\\\/\",\"name\":\"Weihnachtsschmuck 5 H\u00e4kelmuster - Craftygenesindonesia\",\"isPartOf\":{\"@id\":\"https:\\\/\\\/craftygenesindonesia.com\\\/de\\\/#website\"},\"primaryImageOfPage\":{\"@id\":\"https:\\\/\\\/craftygenesindonesia.com\\\/de\\\/shop\\\/weihnachts-hakelmuster\\\/weihnachtsschmuck-5\\\/#primaryimage\"},\"image\":{\"@id\":\"https:\\\/\\\/craftygenesindonesia.com\\\/de\\\/shop\\\/weihnachts-hakelmuster\\\/weihnachtsschmuck-5\\\/#primaryimage\"},\"thumbnailUrl\":\"https:\\\/\\\/craftygenesindonesia.com\\\/wp-content\\\/uploads\\\/2023\\\/06\\\/Untitled-design-74.jpg\",\"datePublished\":\"2023-06-15T07:36:44+00:00\",\"dateModified\":\"2026-03-23T22:23:06+00:00\",\"description\":\"Kaufen Sie hier mein \\\"Christmas Ornament 5\\\" H\u00e4kelmuster in Englisch & Niederl\u00e4ndisch. Das Muster ist einfach zu folgen und kann in vielen Farben gemacht werden.\",\"breadcrumb\":{\"@id\":\"https:\\\/\\\/craftygenesindonesia.com\\\/de\\\/shop\\\/weihnachts-hakelmuster\\\/weihnachtsschmuck-5\\\/#breadcrumb\"},\"inLanguage\":\"de\",\"potentialAction\":[{\"@type\":\"ReadAction\",\"target\":[\"https:\\\/\\\/craftygenesindonesia.com\\\/de\\\/shop\\\/weihnachts-hakelmuster\\\/weihnachtsschmuck-5\\\/\"]}]},{\"@type\":\"ImageObject\",\"inLanguage\":\"de\",\"@id\":\"https:\\\/\\\/craftygenesindonesia.com\\\/de\\\/shop\\\/weihnachts-hakelmuster\\\/weihnachtsschmuck-5\\\/#primaryimage\",\"url\":\"https:\\\/\\\/craftygenesindonesia.com\\\/wp-content\\\/uploads\\\/2023\\\/06\\\/Untitled-design-74.jpg\",\"contentUrl\":\"https:\\\/\\\/craftygenesindonesia.com\\\/wp-content\\\/uploads\\\/2023\\\/06\\\/Untitled-design-74.jpg\",\"width\":1024,\"height\":1024,\"caption\":\"Christmas Ornament 5\"},{\"@type\":\"BreadcrumbList\",\"@id\":\"https:\\\/\\\/craftygenesindonesia.com\\\/de\\\/shop\\\/weihnachts-hakelmuster\\\/weihnachtsschmuck-5\\\/#breadcrumb\",\"itemListElement\":[{\"@type\":\"ListItem\",\"position\":1,\"name\":\"Home\",\"item\":\"https:\\\/\\\/craftygenesindonesia.com\\\/de\\\/\"},{\"@type\":\"ListItem\",\"position\":2,\"name\":\"Mustershop\",\"item\":\"https:\\\/\\\/craftygenesindonesia.com\\\/de\\\/muster-shop\\\/\"},{\"@type\":\"ListItem\",\"position\":3,\"name\":\"Weihnachtsschmuck 5\"}]},{\"@type\":\"WebSite\",\"@id\":\"https:\\\/\\\/craftygenesindonesia.com\\\/de\\\/#website\",\"url\":\"https:\\\/\\\/craftygenesindonesia.com\\\/de\\\/\",\"name\":\"Craftygenesindonesia\",\"description\":\"\",\"publisher\":{\"@id\":\"https:\\\/\\\/craftygenesindonesia.com\\\/de\\\/#organization\"},\"potentialAction\":[{\"@type\":\"SearchAction\",\"target\":{\"@type\":\"EntryPoint\",\"urlTemplate\":\"https:\\\/\\\/craftygenesindonesia.com\\\/de\\\/?s={search_term_string}\"},\"query-input\":{\"@type\":\"PropertyValueSpecification\",\"valueRequired\":true,\"valueName\":\"search_term_string\"}}],\"inLanguage\":\"de\"},{\"@type\":\"Organization\",\"@id\":\"https:\\\/\\\/craftygenesindonesia.com\\\/de\\\/#organization\",\"name\":\"Craftygenesindonesia\",\"url\":\"https:\\\/\\\/craftygenesindonesia.com\\\/de\\\/\",\"logo\":{\"@type\":\"ImageObject\",\"inLanguage\":\"de\",\"@id\":\"https:\\\/\\\/craftygenesindonesia.com\\\/de\\\/#\\\/schema\\\/logo\\\/image\\\/\",\"url\":\"https:\\\/\\\/craftygenesindonesia.com\\\/wp-content\\\/uploads\\\/2025\\\/11\\\/cropped-Copy-of-Craftygenesindonesia.jpg\",\"contentUrl\":\"https:\\\/\\\/craftygenesindonesia.com\\\/wp-content\\\/uploads\\\/2025\\\/11\\\/cropped-Copy-of-Craftygenesindonesia.jpg\",\"width\":180,\"height\":60,\"caption\":\"Craftygenesindonesia\"},\"image\":{\"@id\":\"https:\\\/\\\/craftygenesindonesia.com\\\/de\\\/#\\\/schema\\\/logo\\\/image\\\/\"}}]}<\/script>\n<!-- \/ Yoast SEO plugin. -->","yoast_head_json":{"title":"Weihnachtsschmuck 5 H\u00e4kelmuster - Craftygenesindonesia","description":"Kaufen Sie hier mein \"Christmas Ornament 5\" H\u00e4kelmuster in Englisch & Niederl\u00e4ndisch. Das Muster ist einfach zu folgen und kann in vielen Farben gemacht werden.","robots":{"index":"index","follow":"follow","max-snippet":"max-snippet:-1","max-image-preview":"max-image-preview:large","max-video-preview":"max-video-preview:-1"},"canonical":"https:\/\/craftygenesindonesia.com\/de\/shop\/weihnachts-hakelmuster\/weihnachtsschmuck-5\/","og_locale":"de_DE","og_type":"article","og_title":"Weihnachtsschmuck 5 H\u00e4kelmuster","og_description":"Kaufen Sie hier mein \"Christmas Ornament 5\" H\u00e4kelmuster in Englisch & Niederl\u00e4ndisch. Das Muster ist einfach zu folgen und kann in vielen Farben gemacht werden.","og_url":"https:\/\/craftygenesindonesia.com\/de\/shop\/weihnachts-hakelmuster\/weihnachtsschmuck-5\/","og_site_name":"Craftygenesindonesia","article_modified_time":"2026-03-23T22:23:06+00:00","og_image":[{"url":"https:\/\/craftygenesindonesia.com\/wp-content\/uploads\/2023\/06\/image0-5-300x300.jpeg","type":"","width":"","height":""}],"twitter_card":"summary_large_image","twitter_title":"Weihnachtsschmuck 5 H\u00e4kelmuster","twitter_description":"Kaufen Sie hier mein \"Christmas Ornament 5\" H\u00e4kelmuster in Englisch & Niederl\u00e4ndisch. Das Muster ist einfach zu folgen und kann in vielen Farben gemacht werden.","twitter_image":"https:\/\/craftygenesindonesia.com\/wp-content\/uploads\/2023\/06\/image0-5.jpeg","twitter_misc":{"Gesch\u00e4tzte Lesezeit":"1\u00a0Minute"},"schema":{"@context":"https:\/\/schema.org","@graph":[{"@type":"WebPage","@id":"https:\/\/craftygenesindonesia.com\/de\/shop\/weihnachts-hakelmuster\/weihnachtsschmuck-5\/","url":"https:\/\/craftygenesindonesia.com\/de\/shop\/weihnachts-hakelmuster\/weihnachtsschmuck-5\/","name":"Weihnachtsschmuck 5 H\u00e4kelmuster - Craftygenesindonesia","isPartOf":{"@id":"https:\/\/craftygenesindonesia.com\/de\/#website"},"primaryImageOfPage":{"@id":"https:\/\/craftygenesindonesia.com\/de\/shop\/weihnachts-hakelmuster\/weihnachtsschmuck-5\/#primaryimage"},"image":{"@id":"https:\/\/craftygenesindonesia.com\/de\/shop\/weihnachts-hakelmuster\/weihnachtsschmuck-5\/#primaryimage"},"thumbnailUrl":"https:\/\/craftygenesindonesia.com\/wp-content\/uploads\/2023\/06\/Untitled-design-74.jpg","datePublished":"2023-06-15T07:36:44+00:00","dateModified":"2026-03-23T22:23:06+00:00","description":"Kaufen Sie hier mein \"Christmas Ornament 5\" H\u00e4kelmuster in Englisch & Niederl\u00e4ndisch. Das Muster ist einfach zu folgen und kann in vielen Farben gemacht werden.","breadcrumb":{"@id":"https:\/\/craftygenesindonesia.com\/de\/shop\/weihnachts-hakelmuster\/weihnachtsschmuck-5\/#breadcrumb"},"inLanguage":"de","potentialAction":[{"@type":"ReadAction","target":["https:\/\/craftygenesindonesia.com\/de\/shop\/weihnachts-hakelmuster\/weihnachtsschmuck-5\/"]}]},{"@type":"ImageObject","inLanguage":"de","@id":"https:\/\/craftygenesindonesia.com\/de\/shop\/weihnachts-hakelmuster\/weihnachtsschmuck-5\/#primaryimage","url":"https:\/\/craftygenesindonesia.com\/wp-content\/uploads\/2023\/06\/Untitled-design-74.jpg","contentUrl":"https:\/\/craftygenesindonesia.com\/wp-content\/uploads\/2023\/06\/Untitled-design-74.jpg","width":1024,"height":1024,"caption":"Christmas Ornament 5"},{"@type":"BreadcrumbList","@id":"https:\/\/craftygenesindonesia.com\/de\/shop\/weihnachts-hakelmuster\/weihnachtsschmuck-5\/#breadcrumb","itemListElement":[{"@type":"ListItem","position":1,"name":"Home","item":"https:\/\/craftygenesindonesia.com\/de\/"},{"@type":"ListItem","position":2,"name":"Mustershop","item":"https:\/\/craftygenesindonesia.com\/de\/muster-shop\/"},{"@type":"ListItem","position":3,"name":"Weihnachtsschmuck 5"}]},{"@type":"WebSite","@id":"https:\/\/craftygenesindonesia.com\/de\/#website","url":"https:\/\/craftygenesindonesia.com\/de\/","name":"Craftygenesindonesia","description":"","publisher":{"@id":"https:\/\/craftygenesindonesia.com\/de\/#organization"},"potentialAction":[{"@type":"SearchAction","target":{"@type":"EntryPoint","urlTemplate":"https:\/\/craftygenesindonesia.com\/de\/?s={search_term_string}"},"query-input":{"@type":"PropertyValueSpecification","valueRequired":true,"valueName":"search_term_string"}}],"inLanguage":"de"},{"@type":"Organization","@id":"https:\/\/craftygenesindonesia.com\/de\/#organization","name":"Craftygenesindonesia","url":"https:\/\/craftygenesindonesia.com\/de\/","logo":{"@type":"ImageObject","inLanguage":"de","@id":"https:\/\/craftygenesindonesia.com\/de\/#\/schema\/logo\/image\/","url":"https:\/\/craftygenesindonesia.com\/wp-content\/uploads\/2025\/11\/cropped-Copy-of-Craftygenesindonesia.jpg","contentUrl":"https:\/\/craftygenesindonesia.com\/wp-content\/uploads\/2025\/11\/cropped-Copy-of-Craftygenesindonesia.jpg","width":180,"height":60,"caption":"Craftygenesindonesia"},"image":{"@id":"https:\/\/craftygenesindonesia.com\/de\/#\/schema\/logo\/image\/"}}]}},"_links":{"self":[{"href":"https:\/\/craftygenesindonesia.com\/de\/wp-json\/wp\/v2\/product\/987528766","targetHints":{"allow":["GET"]}}],"collection":[{"href":"https:\/\/craftygenesindonesia.com\/de\/wp-json\/wp\/v2\/product"}],"about":[{"href":"https:\/\/craftygenesindonesia.com\/de\/wp-json\/wp\/v2\/types\/product"}],"replies":[{"embeddable":true,"href":"https:\/\/craftygenesindonesia.com\/de\/wp-json\/wp\/v2\/comments?post=987528766"}],"wp:featuredmedia":[{"embeddable":true,"href":"https:\/\/craftygenesindonesia.com\/de\/wp-json\/wp\/v2\/media\/987528769"}],"wp:attachment":[{"href":"https:\/\/craftygenesindonesia.com\/de\/wp-json\/wp\/v2\/media?parent=987528766"}],"wp:term":[{"taxonomy":"product_brand","embeddable":true,"href":"https:\/\/craftygenesindonesia.com\/de\/wp-json\/wp\/v2\/product_brand?post=987528766"},{"taxonomy":"product_cat","embeddable":true,"href":"https:\/\/craftygenesindonesia.com\/de\/wp-json\/wp\/v2\/product_cat?post=987528766"},{"taxonomy":"product_tag","embeddable":true,"href":"https:\/\/craftygenesindonesia.com\/de\/wp-json\/wp\/v2\/product_tag?post=987528766"}],"curies":[{"name":"wp","href":"https:\/\/api.w.org\/{rel}","templated":true}]}}