{"id":987528753,"date":"2023-07-07T07:36:31","date_gmt":"2023-07-06T23:36:31","guid":{"rendered":"https:\/\/craftygenesindonesia.com\/shop\/unkategorisiert\/unsere-liebe-frau-von-lourdes-mit-der-heiligen-bernadette\/"},"modified":"2026-03-24T06:17:40","modified_gmt":"2026-03-23T22:17:40","slug":"unsere-liebe-frau-von-lourdes-mit-der-heiligen-bernadette","status":"publish","type":"product","link":"https:\/\/craftygenesindonesia.com\/de\/shop\/religiose-hakelmuster\/unsere-liebe-frau-von-lourdes-mit-der-heiligen-bernadette\/","title":{"rendered":"Unsere Liebe Frau von Lourdes mit der heiligen Bernadette"},"content":{"rendered":"<p>Das Set ist 39 cm gro\u00df und wird mit 4fachem Garn (Gr\u00f6\u00dfe 3), das f\u00fcr Amigurumi geeignet ist, und einer H\u00e4kelnadel der Gr\u00f6\u00dfe 2 mm hergestellt.<\/p>\n<p>&nbsp;<\/p>\n<p>Sie ben\u00f6tigen folgende Farben: Blau &#8211; Dunkelbraun &#8211; Dunkelgr\u00fcn &#8211; 4 Graut\u00f6ne &#8211; Hellblau &#8211; Magenta &#8211; Goldmetallic &#8211; Milchwei\u00df &#8211; Orange &#8211; Rot &#8211; Hautfarbe<\/p>\n<p>&nbsp;<\/p>\n<p>H\u00e4kelnadel: Gr\u00f6\u00dfe 2mm<\/p>\n<p>&nbsp;<\/p>\n<p>Au\u00dferdem brauchst du: F\u00fcllung &#8211; Stichmarker &#8211; N\u00e4hnadeln &#8211; Gobelinnadel &#8211; N\u00e4hnadel &#8211; wei\u00dfes N\u00e4hgarn &#8211; Schere &#8211; Bleistift &#8211; Kleber &#8211; Klebepistole &#8211; Lineal &#8211; Schneidezange &#8211; 2 Wattest\u00e4bchen &#8211; Papier &#8211; Ma\u00dfband &#8211; Pappe &#8211; Aluminiumdraht &#8211; Evaschaum oder eine einigerma\u00dfen steife Yogamatte oder Schaumstoffplatte &#8211; Kreuze &#8211; Perlen<\/p>\n<p>&nbsp;<\/p>\n<p>Dieses H\u00e4kelmuster enth\u00e4lt viele Bilder, um Ihnen zu helfen. Wenn Sie noch Fragen haben, k\u00f6nnen Sie mich gerne kontaktieren unter: <a href=\"mailto:craftygenesindonesia@gmail.com\">craftygenesindonesia@gmail.com<\/a><\/p>\n<p>&nbsp;<\/p>\n<p>Dieses Muster ist mit einem COPYRIGHT versehen. Das Muster ist daher nur f\u00fcr den pers\u00f6nlichen Gebrauch bestimmt und darf NICHT kopiert, verkauft, weiterverkauft, \u00fcbersetzt, als eigenes Design beansprucht, verteilt, geteilt, ver\u00f6ffentlicht, online gestellt werden&#8230; in keiner Form ohne meine Zustimmung. Nicht einmal ein Teil davon!!!<\/p>\n<p>&nbsp;<\/p>\n<p>You can sell the finished Our Lady of Lourdes with St Bernadette in small quantities BUT NOT THE PATTERN ITSELF! Please mention that the pattern is by Craftygenesindonesia and where it can be purchased<\/p>\n<p>&nbsp;<\/p>\n<p><u>Catona-Farben<\/u> f\u00fcr diejenigen, die diese Marke verwenden m\u00f6chten:<\/p>\n<p>Blau: 201 Electric Blue<\/p>\n<p>Dunkelgr\u00fcn: 391 Deep Ocean<\/p>\n<p>Grau 1: 242 Metal Grey<\/p>\n<p>Grau 2: 074 Mercury<\/p>\n<p>Grau 3: 501 Anthracite<\/p>\n<p>Grau 4: 393 Charcoal<\/p>\n<p>Magenta: 413 Cherry<\/p>\n<p>Milch wei\u00df: 130 Old Lace<\/p>\n<p>Orange: 411 Sweet Orange<\/p>\n<p>Rot: 115 Hot Red<\/p>\n<p>Hautfarbe: 255 Shell<\/p>\n<p>Dunkelbraun: 162 Black Coffee<\/p>\n<p>Hellblau: 173 Bluebell<\/p>\n","protected":false},"excerpt":{"rendered":"<p>In diesem Muster erhalten Sie Unsere Liebe Frau von Lourdes &amp; auch eine geh\u00e4kelte St. Bernadette. Alles, was Sie auf den Bildern sehen, ist im Muster enthalten = die Jungfrau Maria, St. Bernadette, die H\u00f6hle &amp; die Plattform mit Felsen und Rosen.<\/p>\n","protected":false},"featured_media":987528760,"comment_status":"open","ping_status":"closed","template":"","meta":{"_acf_changed":false},"product_brand":[],"product_cat":[12129],"product_tag":[12147,12275,12457,12148,12145,12155,12356,12458,12150,12151,12237,12456,12138,12179,12445],"class_list":{"0":"post-987528753","1":"product","2":"type-product","3":"status-publish","4":"has-post-thumbnail","6":"product_cat-religiose-hakelmuster","7":"product_tag-christian-de","8":"product_tag-heilige","9":"product_tag-heilige-bernadette","10":"product_tag-heilige-maria-de","11":"product_tag-heilige-maria","12":"product_tag-heilige-st-maria","13":"product_tag-heiliger","14":"product_tag-hohle","15":"product_tag-jungfrau-maria","16":"product_tag-katholisch","17":"product_tag-katholischer-heiliger","18":"product_tag-lourdes-de","19":"product_tag-maria","20":"product_tag-rosen","21":"product_tag-unsere-dame","22":"pa_available_on-craftygenesindonesia","23":"pa_available_on-etsy","24":"pa_available_on-haked-nl","25":"pa_available_on-payhip","26":"pa_available_on-ravelry","27":"pa_languages-deutsch","28":"pa_languages-franzoesisch","29":"pa_languages-niederlaendisch","30":"pa_languages-spanisch","31":"pa_languages-us-englisch","33":"first","34":"instock","35":"downloadable","36":"virtual","37":"purchasable","38":"product-type-simple"},"acf":[],"yoast_head":"<!-- This site is optimized with the Yoast SEO plugin v27.3 - https:\/\/yoast.com\/product\/yoast-seo-wordpress\/ -->\n<title>Unsere Liebe Frau von Lourdes mit der heiligen Bernadette H\u00e4kelmuster - Craftygenesindonesia<\/title>\n<meta name=\"description\" content=\"Kaufen Sie hier mein H\u00e4kelmuster &quot;Unsere Liebe Frau von Lourdes mit der heiligen Bernadette&quot;. Das H\u00e4kelmuster ist auch erh\u00e4ltlich auf Etsy, Haked, Raverly, Payhip\" \/>\n<meta name=\"robots\" content=\"index, follow, max-snippet:-1, max-image-preview:large, max-video-preview:-1\" \/>\n<link rel=\"canonical\" href=\"https:\/\/craftygenesindonesia.com\/de\/shop\/religiose-hakelmuster\/unsere-liebe-frau-von-lourdes-mit-der-heiligen-bernadette\/\" \/>\n<meta property=\"og:locale\" content=\"de_DE\" \/>\n<meta property=\"og:type\" content=\"article\" \/>\n<meta property=\"og:title\" content=\"Unsere Liebe Frau von Lourdes mit St. Bernadette H\u00e4kelmuster\" \/>\n<meta property=\"og:description\" content=\"Kaufen Sie hier mein H\u00e4kelmuster &quot;Unsere Liebe Frau von Lourdes mit der heiligen Bernadette&quot;. Das H\u00e4kelmuster ist auch erh\u00e4ltlich auf Etsy, Haked, Raverly, Payhip\" \/>\n<meta property=\"og:url\" content=\"https:\/\/craftygenesindonesia.com\/de\/shop\/religiose-hakelmuster\/unsere-liebe-frau-von-lourdes-mit-der-heiligen-bernadette\/\" \/>\n<meta property=\"og:site_name\" content=\"Craftygenesindonesia\" \/>\n<meta property=\"article:modified_time\" content=\"2026-03-23T22:17:40+00:00\" \/>\n<meta property=\"og:image\" content=\"https:\/\/craftygenesindonesia.com\/wp-content\/uploads\/2023\/07\/Our-Lady-Lourdes-1-300x300.jpg\" \/>\n<meta name=\"twitter:card\" content=\"summary_large_image\" \/>\n<meta name=\"twitter:title\" content=\"Unsere Liebe Frau von Lourdes mit St. Bernadette H\u00e4kelmuster\" \/>\n<meta name=\"twitter:description\" content=\"Kaufen Sie hier mein H\u00e4kelmuster &quot;Unsere Liebe Frau von Lourdes mit der heiligen Bernadette&quot; in Englisch, Niederl\u00e4ndisch, Spanisch und Franz\u00f6sisch. Auch erh\u00e4ltlich auf Etsy, Haked &amp; Ravelry.\" \/>\n<meta name=\"twitter:image\" content=\"https:\/\/craftygenesindonesia.com\/wp-content\/uploads\/2023\/07\/3BFE1BD1-3FBD-42E7-B7C8-B10113C0B84C.png\" \/>\n<meta name=\"twitter:label1\" content=\"Gesch\u00e4tzte Lesezeit\" \/>\n\t<meta name=\"twitter:data1\" content=\"2\u00a0Minuten\" \/>\n<script type=\"application\/ld+json\" class=\"yoast-schema-graph\">{\"@context\":\"https:\\\/\\\/schema.org\",\"@graph\":[{\"@type\":\"WebPage\",\"@id\":\"https:\\\/\\\/craftygenesindonesia.com\\\/de\\\/shop\\\/religiose-hakelmuster\\\/unsere-liebe-frau-von-lourdes-mit-der-heiligen-bernadette\\\/\",\"url\":\"https:\\\/\\\/craftygenesindonesia.com\\\/de\\\/shop\\\/religiose-hakelmuster\\\/unsere-liebe-frau-von-lourdes-mit-der-heiligen-bernadette\\\/\",\"name\":\"Unsere Liebe Frau von Lourdes mit der heiligen Bernadette H\u00e4kelmuster - Craftygenesindonesia\",\"isPartOf\":{\"@id\":\"https:\\\/\\\/craftygenesindonesia.com\\\/de\\\/#website\"},\"primaryImageOfPage\":{\"@id\":\"https:\\\/\\\/craftygenesindonesia.com\\\/de\\\/shop\\\/religiose-hakelmuster\\\/unsere-liebe-frau-von-lourdes-mit-der-heiligen-bernadette\\\/#primaryimage\"},\"image\":{\"@id\":\"https:\\\/\\\/craftygenesindonesia.com\\\/de\\\/shop\\\/religiose-hakelmuster\\\/unsere-liebe-frau-von-lourdes-mit-der-heiligen-bernadette\\\/#primaryimage\"},\"thumbnailUrl\":\"https:\\\/\\\/craftygenesindonesia.com\\\/wp-content\\\/uploads\\\/2023\\\/07\\\/Our-Lady-Lourdes-1.jpg\",\"datePublished\":\"2023-07-06T23:36:31+00:00\",\"dateModified\":\"2026-03-23T22:17:40+00:00\",\"description\":\"Kaufen Sie hier mein H\u00e4kelmuster \\\"Unsere Liebe Frau von Lourdes mit der heiligen Bernadette\\\". Das H\u00e4kelmuster ist auch erh\u00e4ltlich auf Etsy, Haked, Raverly, Payhip\",\"breadcrumb\":{\"@id\":\"https:\\\/\\\/craftygenesindonesia.com\\\/de\\\/shop\\\/religiose-hakelmuster\\\/unsere-liebe-frau-von-lourdes-mit-der-heiligen-bernadette\\\/#breadcrumb\"},\"inLanguage\":\"de\",\"potentialAction\":[{\"@type\":\"ReadAction\",\"target\":[\"https:\\\/\\\/craftygenesindonesia.com\\\/de\\\/shop\\\/religiose-hakelmuster\\\/unsere-liebe-frau-von-lourdes-mit-der-heiligen-bernadette\\\/\"]}]},{\"@type\":\"ImageObject\",\"inLanguage\":\"de\",\"@id\":\"https:\\\/\\\/craftygenesindonesia.com\\\/de\\\/shop\\\/religiose-hakelmuster\\\/unsere-liebe-frau-von-lourdes-mit-der-heiligen-bernadette\\\/#primaryimage\",\"url\":\"https:\\\/\\\/craftygenesindonesia.com\\\/wp-content\\\/uploads\\\/2023\\\/07\\\/Our-Lady-Lourdes-1.jpg\",\"contentUrl\":\"https:\\\/\\\/craftygenesindonesia.com\\\/wp-content\\\/uploads\\\/2023\\\/07\\\/Our-Lady-Lourdes-1.jpg\",\"width\":1080,\"height\":1080,\"caption\":\"crochet Our Lady of Lourdes in crochet grotto with crochet St Bernadette\"},{\"@type\":\"BreadcrumbList\",\"@id\":\"https:\\\/\\\/craftygenesindonesia.com\\\/de\\\/shop\\\/religiose-hakelmuster\\\/unsere-liebe-frau-von-lourdes-mit-der-heiligen-bernadette\\\/#breadcrumb\",\"itemListElement\":[{\"@type\":\"ListItem\",\"position\":1,\"name\":\"Home\",\"item\":\"https:\\\/\\\/craftygenesindonesia.com\\\/de\\\/\"},{\"@type\":\"ListItem\",\"position\":2,\"name\":\"Mustershop\",\"item\":\"https:\\\/\\\/craftygenesindonesia.com\\\/de\\\/muster-shop\\\/\"},{\"@type\":\"ListItem\",\"position\":3,\"name\":\"Unsere Liebe Frau von Lourdes mit der heiligen Bernadette\"}]},{\"@type\":\"WebSite\",\"@id\":\"https:\\\/\\\/craftygenesindonesia.com\\\/de\\\/#website\",\"url\":\"https:\\\/\\\/craftygenesindonesia.com\\\/de\\\/\",\"name\":\"Craftygenesindonesia\",\"description\":\"\",\"publisher\":{\"@id\":\"https:\\\/\\\/craftygenesindonesia.com\\\/de\\\/#organization\"},\"potentialAction\":[{\"@type\":\"SearchAction\",\"target\":{\"@type\":\"EntryPoint\",\"urlTemplate\":\"https:\\\/\\\/craftygenesindonesia.com\\\/de\\\/?s={search_term_string}\"},\"query-input\":{\"@type\":\"PropertyValueSpecification\",\"valueRequired\":true,\"valueName\":\"search_term_string\"}}],\"inLanguage\":\"de\"},{\"@type\":\"Organization\",\"@id\":\"https:\\\/\\\/craftygenesindonesia.com\\\/de\\\/#organization\",\"name\":\"Craftygenesindonesia\",\"url\":\"https:\\\/\\\/craftygenesindonesia.com\\\/de\\\/\",\"logo\":{\"@type\":\"ImageObject\",\"inLanguage\":\"de\",\"@id\":\"https:\\\/\\\/craftygenesindonesia.com\\\/de\\\/#\\\/schema\\\/logo\\\/image\\\/\",\"url\":\"https:\\\/\\\/craftygenesindonesia.com\\\/wp-content\\\/uploads\\\/2025\\\/11\\\/cropped-Copy-of-Craftygenesindonesia.jpg\",\"contentUrl\":\"https:\\\/\\\/craftygenesindonesia.com\\\/wp-content\\\/uploads\\\/2025\\\/11\\\/cropped-Copy-of-Craftygenesindonesia.jpg\",\"width\":180,\"height\":60,\"caption\":\"Craftygenesindonesia\"},\"image\":{\"@id\":\"https:\\\/\\\/craftygenesindonesia.com\\\/de\\\/#\\\/schema\\\/logo\\\/image\\\/\"}}]}<\/script>\n<!-- \/ Yoast SEO plugin. -->","yoast_head_json":{"title":"Unsere Liebe Frau von Lourdes mit der heiligen Bernadette H\u00e4kelmuster - Craftygenesindonesia","description":"Kaufen Sie hier mein H\u00e4kelmuster \"Unsere Liebe Frau von Lourdes mit der heiligen Bernadette\". Das H\u00e4kelmuster ist auch erh\u00e4ltlich auf Etsy, Haked, Raverly, Payhip","robots":{"index":"index","follow":"follow","max-snippet":"max-snippet:-1","max-image-preview":"max-image-preview:large","max-video-preview":"max-video-preview:-1"},"canonical":"https:\/\/craftygenesindonesia.com\/de\/shop\/religiose-hakelmuster\/unsere-liebe-frau-von-lourdes-mit-der-heiligen-bernadette\/","og_locale":"de_DE","og_type":"article","og_title":"Unsere Liebe Frau von Lourdes mit St. Bernadette H\u00e4kelmuster","og_description":"Kaufen Sie hier mein H\u00e4kelmuster \"Unsere Liebe Frau von Lourdes mit der heiligen Bernadette\". Das H\u00e4kelmuster ist auch erh\u00e4ltlich auf Etsy, Haked, Raverly, Payhip","og_url":"https:\/\/craftygenesindonesia.com\/de\/shop\/religiose-hakelmuster\/unsere-liebe-frau-von-lourdes-mit-der-heiligen-bernadette\/","og_site_name":"Craftygenesindonesia","article_modified_time":"2026-03-23T22:17:40+00:00","og_image":[{"url":"https:\/\/craftygenesindonesia.com\/wp-content\/uploads\/2023\/07\/Our-Lady-Lourdes-1-300x300.jpg","type":"","width":"","height":""}],"twitter_card":"summary_large_image","twitter_title":"Unsere Liebe Frau von Lourdes mit St. Bernadette H\u00e4kelmuster","twitter_description":"Kaufen Sie hier mein H\u00e4kelmuster \"Unsere Liebe Frau von Lourdes mit der heiligen Bernadette\" in Englisch, Niederl\u00e4ndisch, Spanisch und Franz\u00f6sisch. Auch erh\u00e4ltlich auf Etsy, Haked & Ravelry.","twitter_image":"https:\/\/craftygenesindonesia.com\/wp-content\/uploads\/2023\/07\/3BFE1BD1-3FBD-42E7-B7C8-B10113C0B84C.png","twitter_misc":{"Gesch\u00e4tzte Lesezeit":"2\u00a0Minuten"},"schema":{"@context":"https:\/\/schema.org","@graph":[{"@type":"WebPage","@id":"https:\/\/craftygenesindonesia.com\/de\/shop\/religiose-hakelmuster\/unsere-liebe-frau-von-lourdes-mit-der-heiligen-bernadette\/","url":"https:\/\/craftygenesindonesia.com\/de\/shop\/religiose-hakelmuster\/unsere-liebe-frau-von-lourdes-mit-der-heiligen-bernadette\/","name":"Unsere Liebe Frau von Lourdes mit der heiligen Bernadette H\u00e4kelmuster - Craftygenesindonesia","isPartOf":{"@id":"https:\/\/craftygenesindonesia.com\/de\/#website"},"primaryImageOfPage":{"@id":"https:\/\/craftygenesindonesia.com\/de\/shop\/religiose-hakelmuster\/unsere-liebe-frau-von-lourdes-mit-der-heiligen-bernadette\/#primaryimage"},"image":{"@id":"https:\/\/craftygenesindonesia.com\/de\/shop\/religiose-hakelmuster\/unsere-liebe-frau-von-lourdes-mit-der-heiligen-bernadette\/#primaryimage"},"thumbnailUrl":"https:\/\/craftygenesindonesia.com\/wp-content\/uploads\/2023\/07\/Our-Lady-Lourdes-1.jpg","datePublished":"2023-07-06T23:36:31+00:00","dateModified":"2026-03-23T22:17:40+00:00","description":"Kaufen Sie hier mein H\u00e4kelmuster \"Unsere Liebe Frau von Lourdes mit der heiligen Bernadette\". Das H\u00e4kelmuster ist auch erh\u00e4ltlich auf Etsy, Haked, Raverly, Payhip","breadcrumb":{"@id":"https:\/\/craftygenesindonesia.com\/de\/shop\/religiose-hakelmuster\/unsere-liebe-frau-von-lourdes-mit-der-heiligen-bernadette\/#breadcrumb"},"inLanguage":"de","potentialAction":[{"@type":"ReadAction","target":["https:\/\/craftygenesindonesia.com\/de\/shop\/religiose-hakelmuster\/unsere-liebe-frau-von-lourdes-mit-der-heiligen-bernadette\/"]}]},{"@type":"ImageObject","inLanguage":"de","@id":"https:\/\/craftygenesindonesia.com\/de\/shop\/religiose-hakelmuster\/unsere-liebe-frau-von-lourdes-mit-der-heiligen-bernadette\/#primaryimage","url":"https:\/\/craftygenesindonesia.com\/wp-content\/uploads\/2023\/07\/Our-Lady-Lourdes-1.jpg","contentUrl":"https:\/\/craftygenesindonesia.com\/wp-content\/uploads\/2023\/07\/Our-Lady-Lourdes-1.jpg","width":1080,"height":1080,"caption":"crochet Our Lady of Lourdes in crochet grotto with crochet St Bernadette"},{"@type":"BreadcrumbList","@id":"https:\/\/craftygenesindonesia.com\/de\/shop\/religiose-hakelmuster\/unsere-liebe-frau-von-lourdes-mit-der-heiligen-bernadette\/#breadcrumb","itemListElement":[{"@type":"ListItem","position":1,"name":"Home","item":"https:\/\/craftygenesindonesia.com\/de\/"},{"@type":"ListItem","position":2,"name":"Mustershop","item":"https:\/\/craftygenesindonesia.com\/de\/muster-shop\/"},{"@type":"ListItem","position":3,"name":"Unsere Liebe Frau von Lourdes mit der heiligen Bernadette"}]},{"@type":"WebSite","@id":"https:\/\/craftygenesindonesia.com\/de\/#website","url":"https:\/\/craftygenesindonesia.com\/de\/","name":"Craftygenesindonesia","description":"","publisher":{"@id":"https:\/\/craftygenesindonesia.com\/de\/#organization"},"potentialAction":[{"@type":"SearchAction","target":{"@type":"EntryPoint","urlTemplate":"https:\/\/craftygenesindonesia.com\/de\/?s={search_term_string}"},"query-input":{"@type":"PropertyValueSpecification","valueRequired":true,"valueName":"search_term_string"}}],"inLanguage":"de"},{"@type":"Organization","@id":"https:\/\/craftygenesindonesia.com\/de\/#organization","name":"Craftygenesindonesia","url":"https:\/\/craftygenesindonesia.com\/de\/","logo":{"@type":"ImageObject","inLanguage":"de","@id":"https:\/\/craftygenesindonesia.com\/de\/#\/schema\/logo\/image\/","url":"https:\/\/craftygenesindonesia.com\/wp-content\/uploads\/2025\/11\/cropped-Copy-of-Craftygenesindonesia.jpg","contentUrl":"https:\/\/craftygenesindonesia.com\/wp-content\/uploads\/2025\/11\/cropped-Copy-of-Craftygenesindonesia.jpg","width":180,"height":60,"caption":"Craftygenesindonesia"},"image":{"@id":"https:\/\/craftygenesindonesia.com\/de\/#\/schema\/logo\/image\/"}}]}},"_links":{"self":[{"href":"https:\/\/craftygenesindonesia.com\/de\/wp-json\/wp\/v2\/product\/987528753","targetHints":{"allow":["GET"]}}],"collection":[{"href":"https:\/\/craftygenesindonesia.com\/de\/wp-json\/wp\/v2\/product"}],"about":[{"href":"https:\/\/craftygenesindonesia.com\/de\/wp-json\/wp\/v2\/types\/product"}],"replies":[{"embeddable":true,"href":"https:\/\/craftygenesindonesia.com\/de\/wp-json\/wp\/v2\/comments?post=987528753"}],"wp:featuredmedia":[{"embeddable":true,"href":"https:\/\/craftygenesindonesia.com\/de\/wp-json\/wp\/v2\/media\/987528760"}],"wp:attachment":[{"href":"https:\/\/craftygenesindonesia.com\/de\/wp-json\/wp\/v2\/media?parent=987528753"}],"wp:term":[{"taxonomy":"product_brand","embeddable":true,"href":"https:\/\/craftygenesindonesia.com\/de\/wp-json\/wp\/v2\/product_brand?post=987528753"},{"taxonomy":"product_cat","embeddable":true,"href":"https:\/\/craftygenesindonesia.com\/de\/wp-json\/wp\/v2\/product_cat?post=987528753"},{"taxonomy":"product_tag","embeddable":true,"href":"https:\/\/craftygenesindonesia.com\/de\/wp-json\/wp\/v2\/product_tag?post=987528753"}],"curies":[{"name":"wp","href":"https:\/\/api.w.org\/{rel}","templated":true}]}}