{"id":987528742,"date":"2023-08-03T11:25:36","date_gmt":"2023-08-03T03:25:36","guid":{"rendered":"https:\/\/craftygenesindonesia.com\/shop\/unkategorisiert\/die-heilige-nacht-krippe\/"},"modified":"2026-03-24T06:03:57","modified_gmt":"2026-03-23T22:03:57","slug":"die-heilige-nacht-krippe","status":"publish","type":"product","link":"https:\/\/craftygenesindonesia.com\/de\/shop\/religiose-hakelmuster\/die-heilige-nacht-krippe\/","title":{"rendered":"Die Heilige Nacht-Krippe"},"content":{"rendered":"<p>Gr\u00f6\u00dfen:<\/p>\n<ul>\n<li>Stall: 27x24x22cm\/ 10.6&#215;9.5&#215;8.7inch<\/li>\n<li>Joseph: 18cm\/ 7inch<\/li>\n<li>Maria: 15cm\/ 5.9inch<\/li>\n<li>Krippe: 10x4x6cm\/ 4&#215;1.6&#215;2.4inch<\/li>\n<\/ul>\n<p>Garn: Garn der Gr\u00f6\u00dfe 3, geeignet f\u00fcr Amigurumi, und eine H\u00e4kelnadel der Gr\u00f6\u00dfe 2 mm in den Farben: beige, schwarz, braun, dunkelcreme, dunkelter Terrakotta, dunkelbraun, hellblau, goldmetallic, mintgr\u00fcn, hautfarben, wei\u00df &amp; gelb.<\/p>\n<p>Sie ben\u00f6tigen au\u00dferdem: F\u00fcllung &#8211; Schere &#8211; Bleistift &#8211; Filzstifte &#8211; Gobelin-Nadel &#8211; N\u00e4hnadeln &#8211; Kleber &#8211; Klebepistole &#8211; 2 Wattest\u00e4bchen &#8211; 1,5 mm Aludraht &#8211; Lineal &#8211; Schneidezange &#8211; 3 mm Karton &#8211; 4 mm Blumendraht &#8211; Eva-Schaumstoff (oder eine 6 mm Yogamatte oder Schaumstoffplatte)<\/p>\n<p>H\u00e4kelnadel: Gr\u00f6\u00dfe 2mm<\/p>\n<p>&nbsp;<\/p>\n<p><strong>Dieses H\u00e4kelmuster enth\u00e4lt viele Bilder, um Ihnen zu helfen. Wenn Sie noch Fragen haben, k\u00f6nnen Sie mich gerne kontaktieren: craftygenesindonesia@gmail.com Dieses Muster ist mit einem COPYRIGHT versehen. Das Muster ist daher nur f\u00fcr den pers\u00f6nlichen Gebrauch bestimmt und darf NICHT kopiert, verkauft, weiterverkauft, \u00fcbersetzt, als eigenes Design beansprucht, verteilt, geteilt, ver\u00f6ffentlicht, online gestellt werden&#8230; in keiner Form ohne meine Zustimmung. Nicht einmal ein Teil davon!!! <\/strong><\/p>\n<p><strong>Sie k\u00f6nnen die fertige Krippe in kleinen Mengen verkaufen, ABER NICHT DAS MUSTER SELBST! Bitte erw\u00e4hnen Sie, dass das Schnittmuster von Craftygenesindonesia ist und wo man es kaufen kann <\/strong><\/p>\n","protected":false},"excerpt":{"rendered":"<p>Dies ist mein Krippenset 2023 mit der Heiligen Familie, einem Stall und einem Stern = alles ist in der Vorlage enthalten.<\/p>\n","protected":false},"featured_media":987528746,"comment_status":"open","ping_status":"closed","template":"","meta":{"_acf_changed":false},"product_brand":[],"product_cat":[12164,12131,12129,12130],"product_tag":[12136,12147,12299,12452,12142,12145,12148,12149,12453,12135,12137,12150,12151,12454,12455,12134,12140,12425,12143,12141,12445,12144,12154],"class_list":{"0":"post-987528742","1":"product","2":"type-product","3":"status-publish","4":"has-post-thumbnail","6":"product_cat-3d-hakelmuster","7":"product_cat-krippen-hakelmuster","8":"product_cat-religiose-hakelmuster","9":"product_cat-weihnachts-hakelmuster","10":"product_tag-bethlehem-de","11":"product_tag-christian-de","12":"product_tag-christus-de","13":"product_tag-gehstock","14":"product_tag-heilige-familie","15":"product_tag-heilige-maria","16":"product_tag-heilige-maria-de","17":"product_tag-heilige-maria-de-2","18":"product_tag-heu","19":"product_tag-jesus-de","20":"product_tag-joseph-de","21":"product_tag-jungfrau-maria","22":"product_tag-katholisch","23":"product_tag-krippe","24":"product_tag-krippe-de","25":"product_tag-krippenspiel","26":"product_tag-nativity-de","27":"product_tag-schutzpatronin","28":"product_tag-stall","29":"product_tag-stern","30":"product_tag-unsere-dame","31":"product_tag-weihnachtskrippe","32":"product_tag-xmas-de","33":"pa_available_on-craftygenesindonesia","34":"pa_available_on-etsy","35":"pa_available_on-haked-nl","36":"pa_available_on-payhip","37":"pa_available_on-ravelry","38":"pa_languages-deutsch","39":"pa_languages-franzoesisch","40":"pa_languages-niederlaendisch","41":"pa_languages-portugiesisch","42":"pa_languages-spanisch","43":"pa_languages-us-englisch","45":"first","46":"instock","47":"downloadable","48":"virtual","49":"purchasable","50":"product-type-simple"},"acf":[],"yoast_head":"<!-- This site is optimized with the Yoast SEO plugin v27.3 - https:\/\/yoast.com\/product\/yoast-seo-wordpress\/ -->\n<title>Die Heilige Nacht-Krippe H\u00e4kelmuster - Craftygenesindonesia<\/title>\n<meta name=\"description\" content=\"Kaufen Sie hier mein &quot;Heilige Nacht Krippenset&quot; H\u00e4kelmuster. Das einfach zu befolgende H\u00e4kelmuster ist auch erh\u00e4ltlich auf Etsy, Haked,nl, Ravelry, Payhip\" \/>\n<meta name=\"robots\" content=\"index, follow, max-snippet:-1, max-image-preview:large, max-video-preview:-1\" \/>\n<link rel=\"canonical\" href=\"https:\/\/craftygenesindonesia.com\/de\/shop\/religiose-hakelmuster\/die-heilige-nacht-krippe\/\" \/>\n<meta property=\"og:locale\" content=\"de_DE\" \/>\n<meta property=\"og:type\" content=\"article\" \/>\n<meta property=\"og:title\" content=\"&quot;Heilige Nacht Krippenset&quot; H\u00e4kelmuster\" \/>\n<meta property=\"og:description\" content=\"Kaufen Sie hier mein &quot;Heilige Nacht Krippenset&quot; H\u00e4kelmuster. Das einfach zu befolgende H\u00e4kelmuster ist auch erh\u00e4ltlich auf Etsy, Haked,nl, Ravelry, Payhip\" \/>\n<meta property=\"og:url\" content=\"https:\/\/craftygenesindonesia.com\/de\/shop\/religiose-hakelmuster\/die-heilige-nacht-krippe\/\" \/>\n<meta property=\"og:site_name\" content=\"Craftygenesindonesia\" \/>\n<meta property=\"article:modified_time\" content=\"2026-03-23T22:03:57+00:00\" \/>\n<meta property=\"og:image\" content=\"https:\/\/craftygenesindonesia.com\/wp-content\/uploads\/2023\/08\/Holy-Night-Nativity-1-300x300.jpg\" \/>\n<meta name=\"twitter:card\" content=\"summary_large_image\" \/>\n<meta name=\"twitter:label1\" content=\"Gesch\u00e4tzte Lesezeit\" \/>\n\t<meta name=\"twitter:data1\" content=\"1\u00a0Minute\" \/>\n<script type=\"application\/ld+json\" class=\"yoast-schema-graph\">{\"@context\":\"https:\\\/\\\/schema.org\",\"@graph\":[{\"@type\":\"WebPage\",\"@id\":\"https:\\\/\\\/craftygenesindonesia.com\\\/de\\\/shop\\\/religiose-hakelmuster\\\/die-heilige-nacht-krippe\\\/\",\"url\":\"https:\\\/\\\/craftygenesindonesia.com\\\/de\\\/shop\\\/religiose-hakelmuster\\\/die-heilige-nacht-krippe\\\/\",\"name\":\"Die Heilige Nacht-Krippe H\u00e4kelmuster - Craftygenesindonesia\",\"isPartOf\":{\"@id\":\"https:\\\/\\\/craftygenesindonesia.com\\\/de\\\/#website\"},\"primaryImageOfPage\":{\"@id\":\"https:\\\/\\\/craftygenesindonesia.com\\\/de\\\/shop\\\/religiose-hakelmuster\\\/die-heilige-nacht-krippe\\\/#primaryimage\"},\"image\":{\"@id\":\"https:\\\/\\\/craftygenesindonesia.com\\\/de\\\/shop\\\/religiose-hakelmuster\\\/die-heilige-nacht-krippe\\\/#primaryimage\"},\"thumbnailUrl\":\"https:\\\/\\\/craftygenesindonesia.com\\\/wp-content\\\/uploads\\\/2023\\\/08\\\/Holy-Night-Nativity-1.jpg\",\"datePublished\":\"2023-08-03T03:25:36+00:00\",\"dateModified\":\"2026-03-23T22:03:57+00:00\",\"description\":\"Kaufen Sie hier mein \\\"Heilige Nacht Krippenset\\\" H\u00e4kelmuster. Das einfach zu befolgende H\u00e4kelmuster ist auch erh\u00e4ltlich auf Etsy, Haked,nl, Ravelry, Payhip\",\"breadcrumb\":{\"@id\":\"https:\\\/\\\/craftygenesindonesia.com\\\/de\\\/shop\\\/religiose-hakelmuster\\\/die-heilige-nacht-krippe\\\/#breadcrumb\"},\"inLanguage\":\"de\",\"potentialAction\":[{\"@type\":\"ReadAction\",\"target\":[\"https:\\\/\\\/craftygenesindonesia.com\\\/de\\\/shop\\\/religiose-hakelmuster\\\/die-heilige-nacht-krippe\\\/\"]}]},{\"@type\":\"ImageObject\",\"inLanguage\":\"de\",\"@id\":\"https:\\\/\\\/craftygenesindonesia.com\\\/de\\\/shop\\\/religiose-hakelmuster\\\/die-heilige-nacht-krippe\\\/#primaryimage\",\"url\":\"https:\\\/\\\/craftygenesindonesia.com\\\/wp-content\\\/uploads\\\/2023\\\/08\\\/Holy-Night-Nativity-1.jpg\",\"contentUrl\":\"https:\\\/\\\/craftygenesindonesia.com\\\/wp-content\\\/uploads\\\/2023\\\/08\\\/Holy-Night-Nativity-1.jpg\",\"width\":1080,\"height\":1080,\"caption\":\"crochet nativity set\"},{\"@type\":\"BreadcrumbList\",\"@id\":\"https:\\\/\\\/craftygenesindonesia.com\\\/de\\\/shop\\\/religiose-hakelmuster\\\/die-heilige-nacht-krippe\\\/#breadcrumb\",\"itemListElement\":[{\"@type\":\"ListItem\",\"position\":1,\"name\":\"Home\",\"item\":\"https:\\\/\\\/craftygenesindonesia.com\\\/de\\\/\"},{\"@type\":\"ListItem\",\"position\":2,\"name\":\"Mustershop\",\"item\":\"https:\\\/\\\/craftygenesindonesia.com\\\/de\\\/muster-shop\\\/\"},{\"@type\":\"ListItem\",\"position\":3,\"name\":\"Die Heilige Nacht-Krippe\"}]},{\"@type\":\"WebSite\",\"@id\":\"https:\\\/\\\/craftygenesindonesia.com\\\/de\\\/#website\",\"url\":\"https:\\\/\\\/craftygenesindonesia.com\\\/de\\\/\",\"name\":\"Craftygenesindonesia\",\"description\":\"\",\"publisher\":{\"@id\":\"https:\\\/\\\/craftygenesindonesia.com\\\/de\\\/#organization\"},\"potentialAction\":[{\"@type\":\"SearchAction\",\"target\":{\"@type\":\"EntryPoint\",\"urlTemplate\":\"https:\\\/\\\/craftygenesindonesia.com\\\/de\\\/?s={search_term_string}\"},\"query-input\":{\"@type\":\"PropertyValueSpecification\",\"valueRequired\":true,\"valueName\":\"search_term_string\"}}],\"inLanguage\":\"de\"},{\"@type\":\"Organization\",\"@id\":\"https:\\\/\\\/craftygenesindonesia.com\\\/de\\\/#organization\",\"name\":\"Craftygenesindonesia\",\"url\":\"https:\\\/\\\/craftygenesindonesia.com\\\/de\\\/\",\"logo\":{\"@type\":\"ImageObject\",\"inLanguage\":\"de\",\"@id\":\"https:\\\/\\\/craftygenesindonesia.com\\\/de\\\/#\\\/schema\\\/logo\\\/image\\\/\",\"url\":\"https:\\\/\\\/craftygenesindonesia.com\\\/wp-content\\\/uploads\\\/2025\\\/11\\\/cropped-Copy-of-Craftygenesindonesia.jpg\",\"contentUrl\":\"https:\\\/\\\/craftygenesindonesia.com\\\/wp-content\\\/uploads\\\/2025\\\/11\\\/cropped-Copy-of-Craftygenesindonesia.jpg\",\"width\":180,\"height\":60,\"caption\":\"Craftygenesindonesia\"},\"image\":{\"@id\":\"https:\\\/\\\/craftygenesindonesia.com\\\/de\\\/#\\\/schema\\\/logo\\\/image\\\/\"}}]}<\/script>\n<!-- \/ Yoast SEO plugin. -->","yoast_head_json":{"title":"Die Heilige Nacht-Krippe H\u00e4kelmuster - Craftygenesindonesia","description":"Kaufen Sie hier mein \"Heilige Nacht Krippenset\" H\u00e4kelmuster. Das einfach zu befolgende H\u00e4kelmuster ist auch erh\u00e4ltlich auf Etsy, Haked,nl, Ravelry, Payhip","robots":{"index":"index","follow":"follow","max-snippet":"max-snippet:-1","max-image-preview":"max-image-preview:large","max-video-preview":"max-video-preview:-1"},"canonical":"https:\/\/craftygenesindonesia.com\/de\/shop\/religiose-hakelmuster\/die-heilige-nacht-krippe\/","og_locale":"de_DE","og_type":"article","og_title":"\"Heilige Nacht Krippenset\" H\u00e4kelmuster","og_description":"Kaufen Sie hier mein \"Heilige Nacht Krippenset\" H\u00e4kelmuster. Das einfach zu befolgende H\u00e4kelmuster ist auch erh\u00e4ltlich auf Etsy, Haked,nl, Ravelry, Payhip","og_url":"https:\/\/craftygenesindonesia.com\/de\/shop\/religiose-hakelmuster\/die-heilige-nacht-krippe\/","og_site_name":"Craftygenesindonesia","article_modified_time":"2026-03-23T22:03:57+00:00","og_image":[{"url":"https:\/\/craftygenesindonesia.com\/wp-content\/uploads\/2023\/08\/Holy-Night-Nativity-1-300x300.jpg","type":"","width":"","height":""}],"twitter_card":"summary_large_image","twitter_misc":{"Gesch\u00e4tzte Lesezeit":"1\u00a0Minute"},"schema":{"@context":"https:\/\/schema.org","@graph":[{"@type":"WebPage","@id":"https:\/\/craftygenesindonesia.com\/de\/shop\/religiose-hakelmuster\/die-heilige-nacht-krippe\/","url":"https:\/\/craftygenesindonesia.com\/de\/shop\/religiose-hakelmuster\/die-heilige-nacht-krippe\/","name":"Die Heilige Nacht-Krippe H\u00e4kelmuster - Craftygenesindonesia","isPartOf":{"@id":"https:\/\/craftygenesindonesia.com\/de\/#website"},"primaryImageOfPage":{"@id":"https:\/\/craftygenesindonesia.com\/de\/shop\/religiose-hakelmuster\/die-heilige-nacht-krippe\/#primaryimage"},"image":{"@id":"https:\/\/craftygenesindonesia.com\/de\/shop\/religiose-hakelmuster\/die-heilige-nacht-krippe\/#primaryimage"},"thumbnailUrl":"https:\/\/craftygenesindonesia.com\/wp-content\/uploads\/2023\/08\/Holy-Night-Nativity-1.jpg","datePublished":"2023-08-03T03:25:36+00:00","dateModified":"2026-03-23T22:03:57+00:00","description":"Kaufen Sie hier mein \"Heilige Nacht Krippenset\" H\u00e4kelmuster. Das einfach zu befolgende H\u00e4kelmuster ist auch erh\u00e4ltlich auf Etsy, Haked,nl, Ravelry, Payhip","breadcrumb":{"@id":"https:\/\/craftygenesindonesia.com\/de\/shop\/religiose-hakelmuster\/die-heilige-nacht-krippe\/#breadcrumb"},"inLanguage":"de","potentialAction":[{"@type":"ReadAction","target":["https:\/\/craftygenesindonesia.com\/de\/shop\/religiose-hakelmuster\/die-heilige-nacht-krippe\/"]}]},{"@type":"ImageObject","inLanguage":"de","@id":"https:\/\/craftygenesindonesia.com\/de\/shop\/religiose-hakelmuster\/die-heilige-nacht-krippe\/#primaryimage","url":"https:\/\/craftygenesindonesia.com\/wp-content\/uploads\/2023\/08\/Holy-Night-Nativity-1.jpg","contentUrl":"https:\/\/craftygenesindonesia.com\/wp-content\/uploads\/2023\/08\/Holy-Night-Nativity-1.jpg","width":1080,"height":1080,"caption":"crochet nativity set"},{"@type":"BreadcrumbList","@id":"https:\/\/craftygenesindonesia.com\/de\/shop\/religiose-hakelmuster\/die-heilige-nacht-krippe\/#breadcrumb","itemListElement":[{"@type":"ListItem","position":1,"name":"Home","item":"https:\/\/craftygenesindonesia.com\/de\/"},{"@type":"ListItem","position":2,"name":"Mustershop","item":"https:\/\/craftygenesindonesia.com\/de\/muster-shop\/"},{"@type":"ListItem","position":3,"name":"Die Heilige Nacht-Krippe"}]},{"@type":"WebSite","@id":"https:\/\/craftygenesindonesia.com\/de\/#website","url":"https:\/\/craftygenesindonesia.com\/de\/","name":"Craftygenesindonesia","description":"","publisher":{"@id":"https:\/\/craftygenesindonesia.com\/de\/#organization"},"potentialAction":[{"@type":"SearchAction","target":{"@type":"EntryPoint","urlTemplate":"https:\/\/craftygenesindonesia.com\/de\/?s={search_term_string}"},"query-input":{"@type":"PropertyValueSpecification","valueRequired":true,"valueName":"search_term_string"}}],"inLanguage":"de"},{"@type":"Organization","@id":"https:\/\/craftygenesindonesia.com\/de\/#organization","name":"Craftygenesindonesia","url":"https:\/\/craftygenesindonesia.com\/de\/","logo":{"@type":"ImageObject","inLanguage":"de","@id":"https:\/\/craftygenesindonesia.com\/de\/#\/schema\/logo\/image\/","url":"https:\/\/craftygenesindonesia.com\/wp-content\/uploads\/2025\/11\/cropped-Copy-of-Craftygenesindonesia.jpg","contentUrl":"https:\/\/craftygenesindonesia.com\/wp-content\/uploads\/2025\/11\/cropped-Copy-of-Craftygenesindonesia.jpg","width":180,"height":60,"caption":"Craftygenesindonesia"},"image":{"@id":"https:\/\/craftygenesindonesia.com\/de\/#\/schema\/logo\/image\/"}}]}},"_links":{"self":[{"href":"https:\/\/craftygenesindonesia.com\/de\/wp-json\/wp\/v2\/product\/987528742","targetHints":{"allow":["GET"]}}],"collection":[{"href":"https:\/\/craftygenesindonesia.com\/de\/wp-json\/wp\/v2\/product"}],"about":[{"href":"https:\/\/craftygenesindonesia.com\/de\/wp-json\/wp\/v2\/types\/product"}],"replies":[{"embeddable":true,"href":"https:\/\/craftygenesindonesia.com\/de\/wp-json\/wp\/v2\/comments?post=987528742"}],"wp:featuredmedia":[{"embeddable":true,"href":"https:\/\/craftygenesindonesia.com\/de\/wp-json\/wp\/v2\/media\/987528746"}],"wp:attachment":[{"href":"https:\/\/craftygenesindonesia.com\/de\/wp-json\/wp\/v2\/media?parent=987528742"}],"wp:term":[{"taxonomy":"product_brand","embeddable":true,"href":"https:\/\/craftygenesindonesia.com\/de\/wp-json\/wp\/v2\/product_brand?post=987528742"},{"taxonomy":"product_cat","embeddable":true,"href":"https:\/\/craftygenesindonesia.com\/de\/wp-json\/wp\/v2\/product_cat?post=987528742"},{"taxonomy":"product_tag","embeddable":true,"href":"https:\/\/craftygenesindonesia.com\/de\/wp-json\/wp\/v2\/product_tag?post=987528742"}],"curies":[{"name":"wp","href":"https:\/\/api.w.org\/{rel}","templated":true}]}}