{"id":987528712,"date":"2023-09-08T04:43:48","date_gmt":"2023-09-07T20:43:48","guid":{"rendered":"https:\/\/craftygenesindonesia.com\/?post_type=product&#038;p=987528712"},"modified":"2026-03-24T05:39:41","modified_gmt":"2026-03-23T21:39:41","slug":"bennie-die-vogelscheuche","status":"publish","type":"product","link":"https:\/\/craftygenesindonesia.com\/de\/shop\/3d-hakelmuster\/bennie-die-vogelscheuche\/","title":{"rendered":"Bennie, die Vogelscheuche"},"content":{"rendered":"<p>Gr\u00f6\u00dfe: 24 x 20 x 20 cm\/9,5 x 7,8 x 7,8 Zoll (gemessen vom unteren Rand der Plattform bis zur Spitze des Hutes)<\/p>\n<p>Garn: Garn der St\u00e4rke 3, geeignet f\u00fcr Amigurumi, und eine 2-mm-H\u00e4kelnadel in den Farben Schwarz, Blau, Ziegelrot, Dunkelbraun, Dunkelrot, Gr\u00fcn, Olivgr\u00fcn, Orange, Hautfarbe, Terrakotta, sehr helles Braun und Gelb.<\/p>\n<p>Au\u00dferdem ben\u00f6tigen Sie: F\u00fcllmaterial, Schere, Maschenmarkierer, Bleistift, Lineal, Kleber, Hei\u00dfklebepistole, 5 mm Pappe, Stecknadeln, ein St\u00fcck 1,5 mm Aluminiumdraht und 5 mm Wackelaugen.<\/p>\n<p>H\u00e4kelnadel: 2 mm<\/p>\n<p><strong>Copyright und Hilfe:<\/strong><\/p>\n<p>Diese Anleitung ist eine schriftliche Anleitung (digital) mit vielen Bildern, die Ihnen helfen sollen.\u00a0\u00a0Wenn Sie Fragen zur Anleitung haben, senden Sie mir bitte eine E-Mail an craftygenesindonesia@gmail.com.<\/p>\n<p>Diese digitale H\u00e4kelanleitung ist nur f\u00fcr den pers\u00f6nlichen Gebrauch bestimmt und urheberrechtlich gesch\u00fctzt. Daher d\u00fcrfen Sie sie ohne meine Genehmigung in keiner Weise kopieren, verkaufen, weiterverkaufen, \u00fcbersetzen, als Ihr eigenes Design ausgeben, verbreiten, teilen, ver\u00f6ffentlichen, posten usw. Nicht einmal einen Teil davon!<\/p>\n<p>Sie d\u00fcrfen das fertige Produkt oder den fertigen Artikel in kleinen Mengen verkaufen, aber Sie d\u00fcrfen die H\u00e4kelanleitung selbst nicht verkaufen! Geben Sie bitte an, dass die H\u00e4kelanleitung von mir, Craftygenesindonesia, stammt und wo sie gekauft werden kann.<\/p>\n","protected":false},"excerpt":{"rendered":"<p>Dies ist eine H\u00e4kelanleitung f\u00fcr eine lustige Vogelscheuche, umgeben von Sonnenblumen, Pilzen, N\u00fcssen, K\u00fcrbissen, &#8230;<\/p>\n","protected":false},"featured_media":987530006,"comment_status":"open","ping_status":"closed","template":"","meta":{"_acf_changed":false},"product_brand":[],"product_cat":[12164,12177],"product_tag":[12312,12308,12310,12305,12309],"class_list":{"0":"post-987528712","1":"product","2":"type-product","3":"status-publish","4":"has-post-thumbnail","6":"product_cat-3d-hakelmuster","7":"product_cat-damen-und-herren-hakelmuster","8":"product_tag-blatt","9":"product_tag-herbst","10":"product_tag-herbst-de","11":"product_tag-kurbis","12":"product_tag-pilz","13":"pa_available_on-craftygenesindonesia","14":"pa_available_on-etsy","15":"pa_available_on-haked-nl","16":"pa_available_on-payhip","17":"pa_available_on-ravelry","18":"pa_languages-deutsch","19":"pa_languages-franzoesisch","20":"pa_languages-niederlaendisch","21":"pa_languages-spanisch","22":"pa_languages-us-englisch","24":"first","25":"instock","26":"downloadable","27":"virtual","28":"purchasable","29":"product-type-simple"},"acf":[],"yoast_head":"<!-- This site is optimized with the Yoast SEO plugin v27.3 - https:\/\/yoast.com\/product\/yoast-seo-wordpress\/ -->\n<title>Bennie, die Vogelscheuche h\u00e4kelmuster - Craftygenesindonesia<\/title>\n<meta name=\"description\" content=\"Kaufen Sie hier meine H\u00e4kelanleitung f\u00fcr Bennie, die Vogelscheuche. Die H\u00e4kelanleitung ist auch auf Etsy, Haked.nl, Ravelry und Payhip erh\u00e4ltlich.\" \/>\n<meta name=\"robots\" content=\"index, follow, max-snippet:-1, max-image-preview:large, max-video-preview:-1\" \/>\n<link rel=\"canonical\" href=\"https:\/\/craftygenesindonesia.com\/de\/shop\/3d-hakelmuster\/bennie-die-vogelscheuche\/\" \/>\n<meta property=\"og:locale\" content=\"de_DE\" \/>\n<meta property=\"og:type\" content=\"article\" \/>\n<meta property=\"og:title\" content=\"H\u00e4kelanleitung f\u00fcr Bennie, die Vogelscheuche\" \/>\n<meta property=\"og:description\" content=\"Kaufen Sie hier meine H\u00e4kelanleitung f\u00fcr Bennie, die Vogelscheuche. Die H\u00e4kelanleitung ist auch auf Etsy, Haked.nl, Ravelry und Payhip erh\u00e4ltlich.\" \/>\n<meta property=\"og:url\" content=\"https:\/\/craftygenesindonesia.com\/de\/shop\/3d-hakelmuster\/bennie-die-vogelscheuche\/\" \/>\n<meta property=\"og:site_name\" content=\"Craftygenesindonesia\" \/>\n<meta property=\"article:modified_time\" content=\"2026-03-23T21:39:41+00:00\" \/>\n<meta property=\"og:image\" content=\"https:\/\/craftygenesindonesia.com\/wp-content\/uploads\/2023\/09\/Bennie-2.jpg\" \/>\n\t<meta property=\"og:image:width\" content=\"1080\" \/>\n\t<meta property=\"og:image:height\" content=\"1080\" \/>\n\t<meta property=\"og:image:type\" content=\"image\/jpeg\" \/>\n<meta name=\"twitter:card\" content=\"summary_large_image\" \/>\n<meta name=\"twitter:label1\" content=\"Gesch\u00e4tzte Lesezeit\" \/>\n\t<meta name=\"twitter:data1\" content=\"2\u00a0Minuten\" \/>\n<script type=\"application\/ld+json\" class=\"yoast-schema-graph\">{\"@context\":\"https:\\\/\\\/schema.org\",\"@graph\":[{\"@type\":\"WebPage\",\"@id\":\"https:\\\/\\\/craftygenesindonesia.com\\\/de\\\/shop\\\/3d-hakelmuster\\\/bennie-die-vogelscheuche\\\/\",\"url\":\"https:\\\/\\\/craftygenesindonesia.com\\\/de\\\/shop\\\/3d-hakelmuster\\\/bennie-die-vogelscheuche\\\/\",\"name\":\"Bennie, die Vogelscheuche h\u00e4kelmuster - Craftygenesindonesia\",\"isPartOf\":{\"@id\":\"https:\\\/\\\/craftygenesindonesia.com\\\/de\\\/#website\"},\"primaryImageOfPage\":{\"@id\":\"https:\\\/\\\/craftygenesindonesia.com\\\/de\\\/shop\\\/3d-hakelmuster\\\/bennie-die-vogelscheuche\\\/#primaryimage\"},\"image\":{\"@id\":\"https:\\\/\\\/craftygenesindonesia.com\\\/de\\\/shop\\\/3d-hakelmuster\\\/bennie-die-vogelscheuche\\\/#primaryimage\"},\"thumbnailUrl\":\"https:\\\/\\\/craftygenesindonesia.com\\\/wp-content\\\/uploads\\\/2023\\\/09\\\/Bennie-2.jpg\",\"datePublished\":\"2023-09-07T20:43:48+00:00\",\"dateModified\":\"2026-03-23T21:39:41+00:00\",\"description\":\"Kaufen Sie hier meine H\u00e4kelanleitung f\u00fcr Bennie, die Vogelscheuche. Die H\u00e4kelanleitung ist auch auf Etsy, Haked.nl, Ravelry und Payhip erh\u00e4ltlich.\",\"breadcrumb\":{\"@id\":\"https:\\\/\\\/craftygenesindonesia.com\\\/de\\\/shop\\\/3d-hakelmuster\\\/bennie-die-vogelscheuche\\\/#breadcrumb\"},\"inLanguage\":\"de\",\"potentialAction\":[{\"@type\":\"ReadAction\",\"target\":[\"https:\\\/\\\/craftygenesindonesia.com\\\/de\\\/shop\\\/3d-hakelmuster\\\/bennie-die-vogelscheuche\\\/\"]}]},{\"@type\":\"ImageObject\",\"inLanguage\":\"de\",\"@id\":\"https:\\\/\\\/craftygenesindonesia.com\\\/de\\\/shop\\\/3d-hakelmuster\\\/bennie-die-vogelscheuche\\\/#primaryimage\",\"url\":\"https:\\\/\\\/craftygenesindonesia.com\\\/wp-content\\\/uploads\\\/2023\\\/09\\\/Bennie-2.jpg\",\"contentUrl\":\"https:\\\/\\\/craftygenesindonesia.com\\\/wp-content\\\/uploads\\\/2023\\\/09\\\/Bennie-2.jpg\",\"width\":1080,\"height\":1080,\"caption\":\"crochet scarecrow with crochet sunflowers, mushrooms, nuts, pumpkins, leafs\"},{\"@type\":\"BreadcrumbList\",\"@id\":\"https:\\\/\\\/craftygenesindonesia.com\\\/de\\\/shop\\\/3d-hakelmuster\\\/bennie-die-vogelscheuche\\\/#breadcrumb\",\"itemListElement\":[{\"@type\":\"ListItem\",\"position\":1,\"name\":\"Home\",\"item\":\"https:\\\/\\\/craftygenesindonesia.com\\\/de\\\/\"},{\"@type\":\"ListItem\",\"position\":2,\"name\":\"Mustershop\",\"item\":\"https:\\\/\\\/craftygenesindonesia.com\\\/de\\\/muster-shop\\\/\"},{\"@type\":\"ListItem\",\"position\":3,\"name\":\"Bennie, die Vogelscheuche\"}]},{\"@type\":\"WebSite\",\"@id\":\"https:\\\/\\\/craftygenesindonesia.com\\\/de\\\/#website\",\"url\":\"https:\\\/\\\/craftygenesindonesia.com\\\/de\\\/\",\"name\":\"Craftygenesindonesia\",\"description\":\"\",\"publisher\":{\"@id\":\"https:\\\/\\\/craftygenesindonesia.com\\\/de\\\/#organization\"},\"potentialAction\":[{\"@type\":\"SearchAction\",\"target\":{\"@type\":\"EntryPoint\",\"urlTemplate\":\"https:\\\/\\\/craftygenesindonesia.com\\\/de\\\/?s={search_term_string}\"},\"query-input\":{\"@type\":\"PropertyValueSpecification\",\"valueRequired\":true,\"valueName\":\"search_term_string\"}}],\"inLanguage\":\"de\"},{\"@type\":\"Organization\",\"@id\":\"https:\\\/\\\/craftygenesindonesia.com\\\/de\\\/#organization\",\"name\":\"Craftygenesindonesia\",\"url\":\"https:\\\/\\\/craftygenesindonesia.com\\\/de\\\/\",\"logo\":{\"@type\":\"ImageObject\",\"inLanguage\":\"de\",\"@id\":\"https:\\\/\\\/craftygenesindonesia.com\\\/de\\\/#\\\/schema\\\/logo\\\/image\\\/\",\"url\":\"https:\\\/\\\/craftygenesindonesia.com\\\/wp-content\\\/uploads\\\/2025\\\/11\\\/cropped-Copy-of-Craftygenesindonesia.jpg\",\"contentUrl\":\"https:\\\/\\\/craftygenesindonesia.com\\\/wp-content\\\/uploads\\\/2025\\\/11\\\/cropped-Copy-of-Craftygenesindonesia.jpg\",\"width\":180,\"height\":60,\"caption\":\"Craftygenesindonesia\"},\"image\":{\"@id\":\"https:\\\/\\\/craftygenesindonesia.com\\\/de\\\/#\\\/schema\\\/logo\\\/image\\\/\"}}]}<\/script>\n<!-- \/ Yoast SEO plugin. -->","yoast_head_json":{"title":"Bennie, die Vogelscheuche h\u00e4kelmuster - Craftygenesindonesia","description":"Kaufen Sie hier meine H\u00e4kelanleitung f\u00fcr Bennie, die Vogelscheuche. Die H\u00e4kelanleitung ist auch auf Etsy, Haked.nl, Ravelry und Payhip erh\u00e4ltlich.","robots":{"index":"index","follow":"follow","max-snippet":"max-snippet:-1","max-image-preview":"max-image-preview:large","max-video-preview":"max-video-preview:-1"},"canonical":"https:\/\/craftygenesindonesia.com\/de\/shop\/3d-hakelmuster\/bennie-die-vogelscheuche\/","og_locale":"de_DE","og_type":"article","og_title":"H\u00e4kelanleitung f\u00fcr Bennie, die Vogelscheuche","og_description":"Kaufen Sie hier meine H\u00e4kelanleitung f\u00fcr Bennie, die Vogelscheuche. Die H\u00e4kelanleitung ist auch auf Etsy, Haked.nl, Ravelry und Payhip erh\u00e4ltlich.","og_url":"https:\/\/craftygenesindonesia.com\/de\/shop\/3d-hakelmuster\/bennie-die-vogelscheuche\/","og_site_name":"Craftygenesindonesia","article_modified_time":"2026-03-23T21:39:41+00:00","og_image":[{"width":1080,"height":1080,"url":"https:\/\/craftygenesindonesia.com\/wp-content\/uploads\/2023\/09\/Bennie-2.jpg","type":"image\/jpeg"}],"twitter_card":"summary_large_image","twitter_misc":{"Gesch\u00e4tzte Lesezeit":"2\u00a0Minuten"},"schema":{"@context":"https:\/\/schema.org","@graph":[{"@type":"WebPage","@id":"https:\/\/craftygenesindonesia.com\/de\/shop\/3d-hakelmuster\/bennie-die-vogelscheuche\/","url":"https:\/\/craftygenesindonesia.com\/de\/shop\/3d-hakelmuster\/bennie-die-vogelscheuche\/","name":"Bennie, die Vogelscheuche h\u00e4kelmuster - Craftygenesindonesia","isPartOf":{"@id":"https:\/\/craftygenesindonesia.com\/de\/#website"},"primaryImageOfPage":{"@id":"https:\/\/craftygenesindonesia.com\/de\/shop\/3d-hakelmuster\/bennie-die-vogelscheuche\/#primaryimage"},"image":{"@id":"https:\/\/craftygenesindonesia.com\/de\/shop\/3d-hakelmuster\/bennie-die-vogelscheuche\/#primaryimage"},"thumbnailUrl":"https:\/\/craftygenesindonesia.com\/wp-content\/uploads\/2023\/09\/Bennie-2.jpg","datePublished":"2023-09-07T20:43:48+00:00","dateModified":"2026-03-23T21:39:41+00:00","description":"Kaufen Sie hier meine H\u00e4kelanleitung f\u00fcr Bennie, die Vogelscheuche. Die H\u00e4kelanleitung ist auch auf Etsy, Haked.nl, Ravelry und Payhip erh\u00e4ltlich.","breadcrumb":{"@id":"https:\/\/craftygenesindonesia.com\/de\/shop\/3d-hakelmuster\/bennie-die-vogelscheuche\/#breadcrumb"},"inLanguage":"de","potentialAction":[{"@type":"ReadAction","target":["https:\/\/craftygenesindonesia.com\/de\/shop\/3d-hakelmuster\/bennie-die-vogelscheuche\/"]}]},{"@type":"ImageObject","inLanguage":"de","@id":"https:\/\/craftygenesindonesia.com\/de\/shop\/3d-hakelmuster\/bennie-die-vogelscheuche\/#primaryimage","url":"https:\/\/craftygenesindonesia.com\/wp-content\/uploads\/2023\/09\/Bennie-2.jpg","contentUrl":"https:\/\/craftygenesindonesia.com\/wp-content\/uploads\/2023\/09\/Bennie-2.jpg","width":1080,"height":1080,"caption":"crochet scarecrow with crochet sunflowers, mushrooms, nuts, pumpkins, leafs"},{"@type":"BreadcrumbList","@id":"https:\/\/craftygenesindonesia.com\/de\/shop\/3d-hakelmuster\/bennie-die-vogelscheuche\/#breadcrumb","itemListElement":[{"@type":"ListItem","position":1,"name":"Home","item":"https:\/\/craftygenesindonesia.com\/de\/"},{"@type":"ListItem","position":2,"name":"Mustershop","item":"https:\/\/craftygenesindonesia.com\/de\/muster-shop\/"},{"@type":"ListItem","position":3,"name":"Bennie, die Vogelscheuche"}]},{"@type":"WebSite","@id":"https:\/\/craftygenesindonesia.com\/de\/#website","url":"https:\/\/craftygenesindonesia.com\/de\/","name":"Craftygenesindonesia","description":"","publisher":{"@id":"https:\/\/craftygenesindonesia.com\/de\/#organization"},"potentialAction":[{"@type":"SearchAction","target":{"@type":"EntryPoint","urlTemplate":"https:\/\/craftygenesindonesia.com\/de\/?s={search_term_string}"},"query-input":{"@type":"PropertyValueSpecification","valueRequired":true,"valueName":"search_term_string"}}],"inLanguage":"de"},{"@type":"Organization","@id":"https:\/\/craftygenesindonesia.com\/de\/#organization","name":"Craftygenesindonesia","url":"https:\/\/craftygenesindonesia.com\/de\/","logo":{"@type":"ImageObject","inLanguage":"de","@id":"https:\/\/craftygenesindonesia.com\/de\/#\/schema\/logo\/image\/","url":"https:\/\/craftygenesindonesia.com\/wp-content\/uploads\/2025\/11\/cropped-Copy-of-Craftygenesindonesia.jpg","contentUrl":"https:\/\/craftygenesindonesia.com\/wp-content\/uploads\/2025\/11\/cropped-Copy-of-Craftygenesindonesia.jpg","width":180,"height":60,"caption":"Craftygenesindonesia"},"image":{"@id":"https:\/\/craftygenesindonesia.com\/de\/#\/schema\/logo\/image\/"}}]}},"_links":{"self":[{"href":"https:\/\/craftygenesindonesia.com\/de\/wp-json\/wp\/v2\/product\/987528712","targetHints":{"allow":["GET"]}}],"collection":[{"href":"https:\/\/craftygenesindonesia.com\/de\/wp-json\/wp\/v2\/product"}],"about":[{"href":"https:\/\/craftygenesindonesia.com\/de\/wp-json\/wp\/v2\/types\/product"}],"replies":[{"embeddable":true,"href":"https:\/\/craftygenesindonesia.com\/de\/wp-json\/wp\/v2\/comments?post=987528712"}],"wp:featuredmedia":[{"embeddable":true,"href":"https:\/\/craftygenesindonesia.com\/de\/wp-json\/wp\/v2\/media\/987530006"}],"wp:attachment":[{"href":"https:\/\/craftygenesindonesia.com\/de\/wp-json\/wp\/v2\/media?parent=987528712"}],"wp:term":[{"taxonomy":"product_brand","embeddable":true,"href":"https:\/\/craftygenesindonesia.com\/de\/wp-json\/wp\/v2\/product_brand?post=987528712"},{"taxonomy":"product_cat","embeddable":true,"href":"https:\/\/craftygenesindonesia.com\/de\/wp-json\/wp\/v2\/product_cat?post=987528712"},{"taxonomy":"product_tag","embeddable":true,"href":"https:\/\/craftygenesindonesia.com\/de\/wp-json\/wp\/v2\/product_tag?post=987528712"}],"curies":[{"name":"wp","href":"https:\/\/api.w.org\/{rel}","templated":true}]}}