{"id":987528681,"date":"2023-10-14T06:05:50","date_gmt":"2023-10-13T22:05:50","guid":{"rendered":"https:\/\/craftygenesindonesia.com\/shop\/unkategorisiert\/weihnachtsschmuck-7\/"},"modified":"2026-03-23T18:53:24","modified_gmt":"2026-03-23T10:53:24","slug":"weihnachtsschmuck-7","status":"publish","type":"product","link":"https:\/\/craftygenesindonesia.com\/de\/shop\/weihnachts-hakelmuster\/weihnachtsschmuck-7\/","title":{"rendered":"Weihnachtsschmuck 7"},"content":{"rendered":"<p>F\u00fcr diese Christbaumkugel ben\u00f6tigen Sie Folgendes:<\/p>\n<p>Garn: Garn der Gr\u00f6\u00dfe 3, geeignet f\u00fcr eine 2 mm H\u00e4kelnadel, in den Farben: rot, wei\u00df, silbermetallic<\/p>\n<p>H\u00e4kelnadel: 2mm<\/p>\n<p>Sie ben\u00f6tigen au\u00dferdem: Schere, Stopfnadel, Stichmarker, 8 cm lange Styroporkugel.<\/p>\n<p>&nbsp;<\/p>\n<p>Dieses Muster ist ein schriftliches Muster mit vielen Bildern, um Ihnen zu helfen. Wenn Sie Fragen haben, senden Sie mir bitte eine Nachricht an: craftygenesindonesia@gmail.com<\/p>\n<p>**Dieses Muster ist ein Kaufmuster und es besteht ein COPYRIGHT darauf. Das Muster ist daher nur f\u00fcr den pers\u00f6nlichen Gebrauch bestimmt und darf NICHT ohne meine Erlaubnis kopiert, verkauft, weiterverkauft, \u00fcbersetzt, als<br \/>\ndein Design beansprucht, verteilt, geteilt, ver\u00f6ffentlicht oder in irgendeiner Form online gestellt werden<br \/>\n. Nicht einmal ein Teil davon!!!<\/p>\n<p>**Die fertige Kugel darf in kleinen Mengen verkauft werden, NICHT aber das Muster selbst!<br \/>\nBitte erw\u00e4hnen Sie, dass das Muster von Craftygenesindonesia ist und wo man es kaufen kann<\/p>\n","protected":false},"excerpt":{"rendered":"<p>Es macht Spa\u00df, diese Kugel zu basteln. In 1 Tag kann man sicherlich eine Menge machen. Und das Beste ist: Sie k\u00f6nnen sie in jeder Farbe und Farbkombination herstellen!<\/p>\n","protected":false},"featured_media":987528683,"comment_status":"open","ping_status":"closed","template":"","meta":{"_acf_changed":false},"product_brand":[],"product_cat":[12130,12433],"product_tag":[12440,12435,12290,12258,12436,12439,12154],"class_list":{"0":"post-987528681","1":"product","2":"type-product","3":"status-publish","4":"has-post-thumbnail","6":"product_cat-weihnachts-hakelmuster","7":"product_cat-weihnachtsschmuck","8":"product_tag-christbaumschmuck","9":"product_tag-kugeln","10":"product_tag-weihnachtsbaum","11":"product_tag-weihnachtsdekoration","12":"product_tag-weihnachtskugel","13":"product_tag-weihnachtsschmuck-de","14":"product_tag-xmas-de","15":"pa_available_on-craftygenesindonesia","16":"pa_available_on-creative-fabrica","17":"pa_languages-franzoesisch","18":"pa_languages-niederlaendisch","19":"pa_languages-us-englisch","21":"first","22":"instock","23":"downloadable","24":"virtual","25":"purchasable","26":"product-type-simple"},"acf":[],"yoast_head":"<!-- This site is optimized with the Yoast SEO plugin v27.4 - https:\/\/yoast.com\/product\/yoast-seo-wordpress\/ -->\n<title>Weihnachtsschmuck 7 H\u00e4kelmuster - Craftygenesindonesia<\/title>\n<meta name=\"description\" content=\"Bestellen Sie mein Weihnachtskugel 7 H\u00e4kelmuster hier. Es ist ein leicht zu befolgendes Muster und kann in jeder Farbe oder Farbkombination gemacht werden!\" \/>\n<meta name=\"robots\" content=\"index, follow, max-snippet:-1, max-image-preview:large, max-video-preview:-1\" \/>\n<link rel=\"canonical\" href=\"https:\/\/craftygenesindonesia.com\/de\/shop\/weihnachts-hakelmuster\/weihnachtsschmuck-7\/\" \/>\n<meta property=\"og:locale\" content=\"de_DE\" \/>\n<meta property=\"og:type\" content=\"article\" \/>\n<meta property=\"og:title\" content=\"Weihnachtsschmuck 7 H\u00e4kelmuster - Craftygenesindonesia\" \/>\n<meta property=\"og:description\" content=\"Bestellen Sie mein Weihnachtskugel 7 H\u00e4kelmuster hier. Es ist ein leicht zu befolgendes Muster und kann in jeder Farbe oder Farbkombination gemacht werden!\" \/>\n<meta property=\"og:url\" content=\"https:\/\/craftygenesindonesia.com\/de\/shop\/weihnachts-hakelmuster\/weihnachtsschmuck-7\/\" \/>\n<meta property=\"og:site_name\" content=\"Craftygenesindonesia\" \/>\n<meta property=\"article:modified_time\" content=\"2026-03-23T10:53:24+00:00\" \/>\n<meta property=\"og:image\" content=\"https:\/\/craftygenesindonesia.com\/wp-content\/uploads\/2023\/10\/Untitled-design-2023-11-08T191447.327.jpg\" \/>\n\t<meta property=\"og:image:width\" content=\"1080\" \/>\n\t<meta property=\"og:image:height\" content=\"1080\" \/>\n\t<meta property=\"og:image:type\" content=\"image\/jpeg\" \/>\n<meta name=\"twitter:card\" content=\"summary_large_image\" \/>\n<meta name=\"twitter:label1\" content=\"Gesch\u00e4tzte Lesezeit\" \/>\n\t<meta name=\"twitter:data1\" content=\"1\u00a0Minute\" \/>\n<script type=\"application\/ld+json\" class=\"yoast-schema-graph\">{\"@context\":\"https:\\\/\\\/schema.org\",\"@graph\":[{\"@type\":\"WebPage\",\"@id\":\"https:\\\/\\\/craftygenesindonesia.com\\\/de\\\/shop\\\/weihnachts-hakelmuster\\\/weihnachtsschmuck-7\\\/\",\"url\":\"https:\\\/\\\/craftygenesindonesia.com\\\/de\\\/shop\\\/weihnachts-hakelmuster\\\/weihnachtsschmuck-7\\\/\",\"name\":\"Weihnachtsschmuck 7 H\u00e4kelmuster - Craftygenesindonesia\",\"isPartOf\":{\"@id\":\"https:\\\/\\\/craftygenesindonesia.com\\\/de\\\/#website\"},\"primaryImageOfPage\":{\"@id\":\"https:\\\/\\\/craftygenesindonesia.com\\\/de\\\/shop\\\/weihnachts-hakelmuster\\\/weihnachtsschmuck-7\\\/#primaryimage\"},\"image\":{\"@id\":\"https:\\\/\\\/craftygenesindonesia.com\\\/de\\\/shop\\\/weihnachts-hakelmuster\\\/weihnachtsschmuck-7\\\/#primaryimage\"},\"thumbnailUrl\":\"https:\\\/\\\/craftygenesindonesia.com\\\/wp-content\\\/uploads\\\/2023\\\/10\\\/Untitled-design-2023-11-08T191447.327.jpg\",\"datePublished\":\"2023-10-13T22:05:50+00:00\",\"dateModified\":\"2026-03-23T10:53:24+00:00\",\"description\":\"Bestellen Sie mein Weihnachtskugel 7 H\u00e4kelmuster hier. Es ist ein leicht zu befolgendes Muster und kann in jeder Farbe oder Farbkombination gemacht werden!\",\"breadcrumb\":{\"@id\":\"https:\\\/\\\/craftygenesindonesia.com\\\/de\\\/shop\\\/weihnachts-hakelmuster\\\/weihnachtsschmuck-7\\\/#breadcrumb\"},\"inLanguage\":\"de\",\"potentialAction\":[{\"@type\":\"ReadAction\",\"target\":[\"https:\\\/\\\/craftygenesindonesia.com\\\/de\\\/shop\\\/weihnachts-hakelmuster\\\/weihnachtsschmuck-7\\\/\"]}]},{\"@type\":\"ImageObject\",\"inLanguage\":\"de\",\"@id\":\"https:\\\/\\\/craftygenesindonesia.com\\\/de\\\/shop\\\/weihnachts-hakelmuster\\\/weihnachtsschmuck-7\\\/#primaryimage\",\"url\":\"https:\\\/\\\/craftygenesindonesia.com\\\/wp-content\\\/uploads\\\/2023\\\/10\\\/Untitled-design-2023-11-08T191447.327.jpg\",\"contentUrl\":\"https:\\\/\\\/craftygenesindonesia.com\\\/wp-content\\\/uploads\\\/2023\\\/10\\\/Untitled-design-2023-11-08T191447.327.jpg\",\"width\":1080,\"height\":1080,\"caption\":\"Christmas Ornament 7\"},{\"@type\":\"BreadcrumbList\",\"@id\":\"https:\\\/\\\/craftygenesindonesia.com\\\/de\\\/shop\\\/weihnachts-hakelmuster\\\/weihnachtsschmuck-7\\\/#breadcrumb\",\"itemListElement\":[{\"@type\":\"ListItem\",\"position\":1,\"name\":\"Home\",\"item\":\"https:\\\/\\\/craftygenesindonesia.com\\\/de\\\/\"},{\"@type\":\"ListItem\",\"position\":2,\"name\":\"Mustershop\",\"item\":\"https:\\\/\\\/craftygenesindonesia.com\\\/de\\\/muster-shop\\\/\"},{\"@type\":\"ListItem\",\"position\":3,\"name\":\"Weihnachtsschmuck 7\"}]},{\"@type\":\"WebSite\",\"@id\":\"https:\\\/\\\/craftygenesindonesia.com\\\/de\\\/#website\",\"url\":\"https:\\\/\\\/craftygenesindonesia.com\\\/de\\\/\",\"name\":\"Craftygenesindonesia\",\"description\":\"\",\"publisher\":{\"@id\":\"https:\\\/\\\/craftygenesindonesia.com\\\/de\\\/#organization\"},\"potentialAction\":[{\"@type\":\"SearchAction\",\"target\":{\"@type\":\"EntryPoint\",\"urlTemplate\":\"https:\\\/\\\/craftygenesindonesia.com\\\/de\\\/?s={search_term_string}\"},\"query-input\":{\"@type\":\"PropertyValueSpecification\",\"valueRequired\":true,\"valueName\":\"search_term_string\"}}],\"inLanguage\":\"de\"},{\"@type\":\"Organization\",\"@id\":\"https:\\\/\\\/craftygenesindonesia.com\\\/de\\\/#organization\",\"name\":\"Craftygenesindonesia\",\"url\":\"https:\\\/\\\/craftygenesindonesia.com\\\/de\\\/\",\"logo\":{\"@type\":\"ImageObject\",\"inLanguage\":\"de\",\"@id\":\"https:\\\/\\\/craftygenesindonesia.com\\\/de\\\/#\\\/schema\\\/logo\\\/image\\\/\",\"url\":\"https:\\\/\\\/craftygenesindonesia.com\\\/wp-content\\\/uploads\\\/2025\\\/11\\\/cropped-Copy-of-Craftygenesindonesia.jpg\",\"contentUrl\":\"https:\\\/\\\/craftygenesindonesia.com\\\/wp-content\\\/uploads\\\/2025\\\/11\\\/cropped-Copy-of-Craftygenesindonesia.jpg\",\"width\":180,\"height\":60,\"caption\":\"Craftygenesindonesia\"},\"image\":{\"@id\":\"https:\\\/\\\/craftygenesindonesia.com\\\/de\\\/#\\\/schema\\\/logo\\\/image\\\/\"}}]}<\/script>\n<!-- \/ Yoast SEO plugin. -->","yoast_head_json":{"title":"Weihnachtsschmuck 7 H\u00e4kelmuster - Craftygenesindonesia","description":"Bestellen Sie mein Weihnachtskugel 7 H\u00e4kelmuster hier. Es ist ein leicht zu befolgendes Muster und kann in jeder Farbe oder Farbkombination gemacht werden!","robots":{"index":"index","follow":"follow","max-snippet":"max-snippet:-1","max-image-preview":"max-image-preview:large","max-video-preview":"max-video-preview:-1"},"canonical":"https:\/\/craftygenesindonesia.com\/de\/shop\/weihnachts-hakelmuster\/weihnachtsschmuck-7\/","og_locale":"de_DE","og_type":"article","og_title":"Weihnachtsschmuck 7 H\u00e4kelmuster - Craftygenesindonesia","og_description":"Bestellen Sie mein Weihnachtskugel 7 H\u00e4kelmuster hier. Es ist ein leicht zu befolgendes Muster und kann in jeder Farbe oder Farbkombination gemacht werden!","og_url":"https:\/\/craftygenesindonesia.com\/de\/shop\/weihnachts-hakelmuster\/weihnachtsschmuck-7\/","og_site_name":"Craftygenesindonesia","article_modified_time":"2026-03-23T10:53:24+00:00","og_image":[{"width":1080,"height":1080,"url":"https:\/\/craftygenesindonesia.com\/wp-content\/uploads\/2023\/10\/Untitled-design-2023-11-08T191447.327.jpg","type":"image\/jpeg"}],"twitter_card":"summary_large_image","twitter_misc":{"Gesch\u00e4tzte Lesezeit":"1\u00a0Minute"},"schema":{"@context":"https:\/\/schema.org","@graph":[{"@type":"WebPage","@id":"https:\/\/craftygenesindonesia.com\/de\/shop\/weihnachts-hakelmuster\/weihnachtsschmuck-7\/","url":"https:\/\/craftygenesindonesia.com\/de\/shop\/weihnachts-hakelmuster\/weihnachtsschmuck-7\/","name":"Weihnachtsschmuck 7 H\u00e4kelmuster - Craftygenesindonesia","isPartOf":{"@id":"https:\/\/craftygenesindonesia.com\/de\/#website"},"primaryImageOfPage":{"@id":"https:\/\/craftygenesindonesia.com\/de\/shop\/weihnachts-hakelmuster\/weihnachtsschmuck-7\/#primaryimage"},"image":{"@id":"https:\/\/craftygenesindonesia.com\/de\/shop\/weihnachts-hakelmuster\/weihnachtsschmuck-7\/#primaryimage"},"thumbnailUrl":"https:\/\/craftygenesindonesia.com\/wp-content\/uploads\/2023\/10\/Untitled-design-2023-11-08T191447.327.jpg","datePublished":"2023-10-13T22:05:50+00:00","dateModified":"2026-03-23T10:53:24+00:00","description":"Bestellen Sie mein Weihnachtskugel 7 H\u00e4kelmuster hier. Es ist ein leicht zu befolgendes Muster und kann in jeder Farbe oder Farbkombination gemacht werden!","breadcrumb":{"@id":"https:\/\/craftygenesindonesia.com\/de\/shop\/weihnachts-hakelmuster\/weihnachtsschmuck-7\/#breadcrumb"},"inLanguage":"de","potentialAction":[{"@type":"ReadAction","target":["https:\/\/craftygenesindonesia.com\/de\/shop\/weihnachts-hakelmuster\/weihnachtsschmuck-7\/"]}]},{"@type":"ImageObject","inLanguage":"de","@id":"https:\/\/craftygenesindonesia.com\/de\/shop\/weihnachts-hakelmuster\/weihnachtsschmuck-7\/#primaryimage","url":"https:\/\/craftygenesindonesia.com\/wp-content\/uploads\/2023\/10\/Untitled-design-2023-11-08T191447.327.jpg","contentUrl":"https:\/\/craftygenesindonesia.com\/wp-content\/uploads\/2023\/10\/Untitled-design-2023-11-08T191447.327.jpg","width":1080,"height":1080,"caption":"Christmas Ornament 7"},{"@type":"BreadcrumbList","@id":"https:\/\/craftygenesindonesia.com\/de\/shop\/weihnachts-hakelmuster\/weihnachtsschmuck-7\/#breadcrumb","itemListElement":[{"@type":"ListItem","position":1,"name":"Home","item":"https:\/\/craftygenesindonesia.com\/de\/"},{"@type":"ListItem","position":2,"name":"Mustershop","item":"https:\/\/craftygenesindonesia.com\/de\/muster-shop\/"},{"@type":"ListItem","position":3,"name":"Weihnachtsschmuck 7"}]},{"@type":"WebSite","@id":"https:\/\/craftygenesindonesia.com\/de\/#website","url":"https:\/\/craftygenesindonesia.com\/de\/","name":"Craftygenesindonesia","description":"","publisher":{"@id":"https:\/\/craftygenesindonesia.com\/de\/#organization"},"potentialAction":[{"@type":"SearchAction","target":{"@type":"EntryPoint","urlTemplate":"https:\/\/craftygenesindonesia.com\/de\/?s={search_term_string}"},"query-input":{"@type":"PropertyValueSpecification","valueRequired":true,"valueName":"search_term_string"}}],"inLanguage":"de"},{"@type":"Organization","@id":"https:\/\/craftygenesindonesia.com\/de\/#organization","name":"Craftygenesindonesia","url":"https:\/\/craftygenesindonesia.com\/de\/","logo":{"@type":"ImageObject","inLanguage":"de","@id":"https:\/\/craftygenesindonesia.com\/de\/#\/schema\/logo\/image\/","url":"https:\/\/craftygenesindonesia.com\/wp-content\/uploads\/2025\/11\/cropped-Copy-of-Craftygenesindonesia.jpg","contentUrl":"https:\/\/craftygenesindonesia.com\/wp-content\/uploads\/2025\/11\/cropped-Copy-of-Craftygenesindonesia.jpg","width":180,"height":60,"caption":"Craftygenesindonesia"},"image":{"@id":"https:\/\/craftygenesindonesia.com\/de\/#\/schema\/logo\/image\/"}}]}},"_links":{"self":[{"href":"https:\/\/craftygenesindonesia.com\/de\/wp-json\/wp\/v2\/product\/987528681","targetHints":{"allow":["GET"]}}],"collection":[{"href":"https:\/\/craftygenesindonesia.com\/de\/wp-json\/wp\/v2\/product"}],"about":[{"href":"https:\/\/craftygenesindonesia.com\/de\/wp-json\/wp\/v2\/types\/product"}],"replies":[{"embeddable":true,"href":"https:\/\/craftygenesindonesia.com\/de\/wp-json\/wp\/v2\/comments?post=987528681"}],"wp:featuredmedia":[{"embeddable":true,"href":"https:\/\/craftygenesindonesia.com\/de\/wp-json\/wp\/v2\/media\/987528683"}],"wp:attachment":[{"href":"https:\/\/craftygenesindonesia.com\/de\/wp-json\/wp\/v2\/media?parent=987528681"}],"wp:term":[{"taxonomy":"product_brand","embeddable":true,"href":"https:\/\/craftygenesindonesia.com\/de\/wp-json\/wp\/v2\/product_brand?post=987528681"},{"taxonomy":"product_cat","embeddable":true,"href":"https:\/\/craftygenesindonesia.com\/de\/wp-json\/wp\/v2\/product_cat?post=987528681"},{"taxonomy":"product_tag","embeddable":true,"href":"https:\/\/craftygenesindonesia.com\/de\/wp-json\/wp\/v2\/product_tag?post=987528681"}],"curies":[{"name":"wp","href":"https:\/\/api.w.org\/{rel}","templated":true}]}}