{"id":987528652,"date":"2023-12-02T13:51:23","date_gmt":"2023-12-02T05:51:23","guid":{"rendered":"https:\/\/craftygenesindonesia.com\/?post_type=product&#038;p=987528652"},"modified":"2026-03-23T18:33:31","modified_gmt":"2026-03-23T10:33:31","slug":"fuer-alle-unsere-waechter","status":"publish","type":"product","link":"https:\/\/craftygenesindonesia.com\/de\/shop\/militar-de\/fuer-alle-unsere-waechter\/","title":{"rendered":"F\u00fcr alle unsere W\u00e4chter"},"content":{"rendered":"<p>Dies ist ein Strickmuster, kein H\u00e4kelmuster!<\/p>\n<p>Das ganze Set wird mit 4ply Milchbaumwollgarn oder Scheepjes Softfun-Garn und 2,5 mm geraden + auch doppelspitzigen Stricknadeln und 3 mm Stricknadel zum An- und Abschlagen gestrickt.<\/p>\n<p>Sie ben\u00f6tigen folgende Farben: (die Zahlen zwischen den Klammern sind die Farben des Scheepjes Softfun Garns)<\/p>\n<ul>\n<li>Hautfarbe (2466) 50-70m\/ 55-75yd<\/li>\n<li>Wei\u00df (2412) 30-50m\/ 35-55yd<\/li>\n<li>Grau (2530) 200-220m\/ 220-240yd<\/li>\n<li>Marineblau (2401) 85-105m\/ 95-115yd<\/li>\n<li>Blau (2626) 90-110m\/ 100-120yd<\/li>\n<li>Hellblau: (2603) 15-25m\/ 15-25yd<\/li>\n<li>Schwarz (2408) 15-25m\/ 15-25yd<\/li>\n<li>Rot (2410) 25-45m\/ 25-50yd<\/li>\n<li>Moos oder hellgr\u00fcn (2606) 15-25m\/ 15-25yd<\/li>\n<li>Braun (2633 oder 2635) 60-80m\/ 65-85yd<\/li>\n<li>Dunkleres Braun (2491) 20-40m\/ 20-45yd<\/li>\n<li>Dunkelbraun (2623) 120-140m\/ 130-155yd<\/li>\n<li>Beige (2470): 15-25m\/ 15-25yd<\/li>\n<\/ul>\n<p>&nbsp;<\/p>\n<p>Au\u00dferdem ben\u00f6tigen Sie: einen Maschenhalter, F\u00fcllmaterial, Maschenmarker, Bleistift, Schere, Kleber, Lineal, 5 mm dicke Pappe, 1,5 mm dicken Aluminiumdraht, eine Gobelin-Nadel, eine schwarze 10-mm-Sicherheits\u00f6se mit flachem R\u00fccken, eine 30&#215;35-mm-LED-Kerze<\/p>\n<p>&nbsp;<\/p>\n<p>Dieses Muster ist ein schriftliches Muster mit vielen Bildern, um Ihnen zu helfen.\u00a0 Wenn Sie noch Fragen haben, schicken Sie mir bitte eine Nachricht an: craftygenesindonesia@gmail.com<\/p>\n<p>&nbsp;<\/p>\n<p>**Dieses Muster ist nur f\u00fcr den pers\u00f6nlichen Gebrauch bestimmt und unterliegt einem COPYRIGHT. Das Muster darf daher NICHT kopiert, verkauft, weiterverkauft, \u00fcbersetzt, als eigenes Design beansprucht, verteilt, geteilt, ver\u00f6ffentlicht, online gestellt werden&#8230; in keiner Form ohne meine Zustimmung. Nicht einmal einen Teil davon!!!<\/p>\n<p>&nbsp;<\/p>\n<p>**You can sell the soldiers set in small quantities BUT NOT THE PATTERN ITSELF! Please mention that the pattern is by Craftygenesindonesia and where it can be purchased<\/p>\n","protected":false},"excerpt":{"rendered":"<p>Dies ist ein Strickmuster f\u00fcr einen gestrickten Soldaten vor einem Kreuz.\u00a0 Das perfekte milit\u00e4rische Ehrenmal!<\/p>\n<p>H\u00f6he des Kreuzes + Plattform: 37cm\/14.5inch<br \/>\nH\u00f6he der einzelnen Soldaten: 26cm\/10.2inch<\/p>\n<p>Eine geh\u00e4kelte Version ist ebenfalls erh\u00e4ltlich<\/p>\n","protected":false},"featured_media":987528653,"comment_status":"open","ping_status":"closed","template":"","meta":{"_acf_changed":false},"product_brand":[],"product_cat":[12182,12295],"product_tag":[12186,12253,12319,12565,12300,12178,12466,12321,12320,12322,12189,12190,12323,12324,12188,12187,12185],"class_list":{"0":"post-987528652","1":"product","2":"type-product","3":"status-publish","4":"has-post-thumbnail","6":"product_cat-militar-de","7":"product_cat-strickmuster","8":"product_tag-armee","9":"product_tag-gedenkstatte","10":"product_tag-gedenktag","11":"product_tag-gestrickter-soldat","12":"product_tag-knitting-de","13":"product_tag-kreuz","14":"product_tag-kriegsdenkmal","15":"product_tag-luftwaffe","16":"product_tag-marine-de","17":"product_tag-marine-de-2","18":"product_tag-militar-de","19":"product_tag-mohn","20":"product_tag-pilot-de","21":"product_tag-seemann","22":"product_tag-soldat-de","23":"product_tag-tag-des-gedenkens","24":"product_tag-tag-des-waffenstillstands","25":"pa_available_on-craftygenesindonesia","26":"pa_available_on-etsy","27":"pa_available_on-haked-nl","28":"pa_available_on-payhip","29":"pa_available_on-ravelry","30":"pa_languages-franzoesisch","31":"pa_languages-niederlaendisch","32":"pa_languages-spanisch","33":"pa_languages-us-englisch","35":"first","36":"instock","37":"downloadable","38":"virtual","39":"purchasable","40":"product-type-simple"},"acf":[],"yoast_head":"<!-- This site is optimized with the Yoast SEO plugin v27.3 - https:\/\/yoast.com\/product\/yoast-seo-wordpress\/ -->\n<title>F\u00fcr alle unsere W\u00e4chter Strickmuster - Craftygenesindonesia<\/title>\n<meta name=\"description\" content=\"Kaufen Sie hier mein F\u00fcr alle unsere W\u00e4chter Soldat Strickmuster. Das Strickmuster ist auch erh\u00e4ltlich auf Etsy, Haked.nl, Ravelry, Payhip\" \/>\n<meta name=\"robots\" content=\"index, follow, max-snippet:-1, max-image-preview:large, max-video-preview:-1\" \/>\n<link rel=\"canonical\" href=\"https:\/\/craftygenesindonesia.com\/de\/shop\/militar-de\/fuer-alle-unsere-waechter\/\" \/>\n<meta property=\"og:locale\" content=\"de_DE\" \/>\n<meta property=\"og:type\" content=\"article\" \/>\n<meta property=\"og:title\" content=\"F\u00fcr alle unsere W\u00e4chter\" \/>\n<meta property=\"og:description\" content=\"Kaufen Sie hier mein F\u00fcr alle unsere W\u00e4chter Soldat Strickmuster. Das Strickmuster ist auch erh\u00e4ltlich auf Etsy, Haked.nl, Ravelry, Payhip\" \/>\n<meta property=\"og:url\" content=\"https:\/\/craftygenesindonesia.com\/de\/shop\/militar-de\/fuer-alle-unsere-waechter\/\" \/>\n<meta property=\"og:site_name\" content=\"Craftygenesindonesia\" \/>\n<meta property=\"article:modified_time\" content=\"2026-03-23T10:33:31+00:00\" \/>\n<meta property=\"og:image\" content=\"https:\/\/craftygenesindonesia.com\/wp-content\/uploads\/2023\/12\/For-all-our-guardians.jpg\" \/>\n\t<meta property=\"og:image:width\" content=\"1080\" \/>\n\t<meta property=\"og:image:height\" content=\"1080\" \/>\n\t<meta property=\"og:image:type\" content=\"image\/jpeg\" \/>\n<meta name=\"twitter:card\" content=\"summary_large_image\" \/>\n<meta name=\"twitter:label1\" content=\"Gesch\u00e4tzte Lesezeit\" \/>\n\t<meta name=\"twitter:data1\" content=\"2\u00a0Minuten\" \/>\n<script type=\"application\/ld+json\" class=\"yoast-schema-graph\">{\"@context\":\"https:\\\/\\\/schema.org\",\"@graph\":[{\"@type\":\"WebPage\",\"@id\":\"https:\\\/\\\/craftygenesindonesia.com\\\/de\\\/shop\\\/militar-de\\\/fuer-alle-unsere-waechter\\\/\",\"url\":\"https:\\\/\\\/craftygenesindonesia.com\\\/de\\\/shop\\\/militar-de\\\/fuer-alle-unsere-waechter\\\/\",\"name\":\"F\u00fcr alle unsere W\u00e4chter Strickmuster - Craftygenesindonesia\",\"isPartOf\":{\"@id\":\"https:\\\/\\\/craftygenesindonesia.com\\\/de\\\/#website\"},\"primaryImageOfPage\":{\"@id\":\"https:\\\/\\\/craftygenesindonesia.com\\\/de\\\/shop\\\/militar-de\\\/fuer-alle-unsere-waechter\\\/#primaryimage\"},\"image\":{\"@id\":\"https:\\\/\\\/craftygenesindonesia.com\\\/de\\\/shop\\\/militar-de\\\/fuer-alle-unsere-waechter\\\/#primaryimage\"},\"thumbnailUrl\":\"https:\\\/\\\/craftygenesindonesia.com\\\/wp-content\\\/uploads\\\/2023\\\/12\\\/For-all-our-guardians.jpg\",\"datePublished\":\"2023-12-02T05:51:23+00:00\",\"dateModified\":\"2026-03-23T10:33:31+00:00\",\"description\":\"Kaufen Sie hier mein F\u00fcr alle unsere W\u00e4chter Soldat Strickmuster. Das Strickmuster ist auch erh\u00e4ltlich auf Etsy, Haked.nl, Ravelry, Payhip\",\"breadcrumb\":{\"@id\":\"https:\\\/\\\/craftygenesindonesia.com\\\/de\\\/shop\\\/militar-de\\\/fuer-alle-unsere-waechter\\\/#breadcrumb\"},\"inLanguage\":\"de\",\"potentialAction\":[{\"@type\":\"ReadAction\",\"target\":[\"https:\\\/\\\/craftygenesindonesia.com\\\/de\\\/shop\\\/militar-de\\\/fuer-alle-unsere-waechter\\\/\"]}]},{\"@type\":\"ImageObject\",\"inLanguage\":\"de\",\"@id\":\"https:\\\/\\\/craftygenesindonesia.com\\\/de\\\/shop\\\/militar-de\\\/fuer-alle-unsere-waechter\\\/#primaryimage\",\"url\":\"https:\\\/\\\/craftygenesindonesia.com\\\/wp-content\\\/uploads\\\/2023\\\/12\\\/For-all-our-guardians.jpg\",\"contentUrl\":\"https:\\\/\\\/craftygenesindonesia.com\\\/wp-content\\\/uploads\\\/2023\\\/12\\\/For-all-our-guardians.jpg\",\"width\":1080,\"height\":1080,\"caption\":\"knitted soldiers in front of knitted cross with knitted poppy\"},{\"@type\":\"BreadcrumbList\",\"@id\":\"https:\\\/\\\/craftygenesindonesia.com\\\/de\\\/shop\\\/militar-de\\\/fuer-alle-unsere-waechter\\\/#breadcrumb\",\"itemListElement\":[{\"@type\":\"ListItem\",\"position\":1,\"name\":\"Home\",\"item\":\"https:\\\/\\\/craftygenesindonesia.com\\\/de\\\/\"},{\"@type\":\"ListItem\",\"position\":2,\"name\":\"Mustershop\",\"item\":\"https:\\\/\\\/craftygenesindonesia.com\\\/de\\\/muster-shop\\\/\"},{\"@type\":\"ListItem\",\"position\":3,\"name\":\"F\u00fcr alle unsere W\u00e4chter\"}]},{\"@type\":\"WebSite\",\"@id\":\"https:\\\/\\\/craftygenesindonesia.com\\\/de\\\/#website\",\"url\":\"https:\\\/\\\/craftygenesindonesia.com\\\/de\\\/\",\"name\":\"Craftygenesindonesia\",\"description\":\"\",\"publisher\":{\"@id\":\"https:\\\/\\\/craftygenesindonesia.com\\\/de\\\/#organization\"},\"potentialAction\":[{\"@type\":\"SearchAction\",\"target\":{\"@type\":\"EntryPoint\",\"urlTemplate\":\"https:\\\/\\\/craftygenesindonesia.com\\\/de\\\/?s={search_term_string}\"},\"query-input\":{\"@type\":\"PropertyValueSpecification\",\"valueRequired\":true,\"valueName\":\"search_term_string\"}}],\"inLanguage\":\"de\"},{\"@type\":\"Organization\",\"@id\":\"https:\\\/\\\/craftygenesindonesia.com\\\/de\\\/#organization\",\"name\":\"Craftygenesindonesia\",\"url\":\"https:\\\/\\\/craftygenesindonesia.com\\\/de\\\/\",\"logo\":{\"@type\":\"ImageObject\",\"inLanguage\":\"de\",\"@id\":\"https:\\\/\\\/craftygenesindonesia.com\\\/de\\\/#\\\/schema\\\/logo\\\/image\\\/\",\"url\":\"https:\\\/\\\/craftygenesindonesia.com\\\/wp-content\\\/uploads\\\/2025\\\/11\\\/cropped-Copy-of-Craftygenesindonesia.jpg\",\"contentUrl\":\"https:\\\/\\\/craftygenesindonesia.com\\\/wp-content\\\/uploads\\\/2025\\\/11\\\/cropped-Copy-of-Craftygenesindonesia.jpg\",\"width\":180,\"height\":60,\"caption\":\"Craftygenesindonesia\"},\"image\":{\"@id\":\"https:\\\/\\\/craftygenesindonesia.com\\\/de\\\/#\\\/schema\\\/logo\\\/image\\\/\"}}]}<\/script>\n<!-- \/ Yoast SEO plugin. -->","yoast_head_json":{"title":"F\u00fcr alle unsere W\u00e4chter Strickmuster - Craftygenesindonesia","description":"Kaufen Sie hier mein F\u00fcr alle unsere W\u00e4chter Soldat Strickmuster. Das Strickmuster ist auch erh\u00e4ltlich auf Etsy, Haked.nl, Ravelry, Payhip","robots":{"index":"index","follow":"follow","max-snippet":"max-snippet:-1","max-image-preview":"max-image-preview:large","max-video-preview":"max-video-preview:-1"},"canonical":"https:\/\/craftygenesindonesia.com\/de\/shop\/militar-de\/fuer-alle-unsere-waechter\/","og_locale":"de_DE","og_type":"article","og_title":"F\u00fcr alle unsere W\u00e4chter","og_description":"Kaufen Sie hier mein F\u00fcr alle unsere W\u00e4chter Soldat Strickmuster. Das Strickmuster ist auch erh\u00e4ltlich auf Etsy, Haked.nl, Ravelry, Payhip","og_url":"https:\/\/craftygenesindonesia.com\/de\/shop\/militar-de\/fuer-alle-unsere-waechter\/","og_site_name":"Craftygenesindonesia","article_modified_time":"2026-03-23T10:33:31+00:00","og_image":[{"width":1080,"height":1080,"url":"https:\/\/craftygenesindonesia.com\/wp-content\/uploads\/2023\/12\/For-all-our-guardians.jpg","type":"image\/jpeg"}],"twitter_card":"summary_large_image","twitter_misc":{"Gesch\u00e4tzte Lesezeit":"2\u00a0Minuten"},"schema":{"@context":"https:\/\/schema.org","@graph":[{"@type":"WebPage","@id":"https:\/\/craftygenesindonesia.com\/de\/shop\/militar-de\/fuer-alle-unsere-waechter\/","url":"https:\/\/craftygenesindonesia.com\/de\/shop\/militar-de\/fuer-alle-unsere-waechter\/","name":"F\u00fcr alle unsere W\u00e4chter Strickmuster - Craftygenesindonesia","isPartOf":{"@id":"https:\/\/craftygenesindonesia.com\/de\/#website"},"primaryImageOfPage":{"@id":"https:\/\/craftygenesindonesia.com\/de\/shop\/militar-de\/fuer-alle-unsere-waechter\/#primaryimage"},"image":{"@id":"https:\/\/craftygenesindonesia.com\/de\/shop\/militar-de\/fuer-alle-unsere-waechter\/#primaryimage"},"thumbnailUrl":"https:\/\/craftygenesindonesia.com\/wp-content\/uploads\/2023\/12\/For-all-our-guardians.jpg","datePublished":"2023-12-02T05:51:23+00:00","dateModified":"2026-03-23T10:33:31+00:00","description":"Kaufen Sie hier mein F\u00fcr alle unsere W\u00e4chter Soldat Strickmuster. Das Strickmuster ist auch erh\u00e4ltlich auf Etsy, Haked.nl, Ravelry, Payhip","breadcrumb":{"@id":"https:\/\/craftygenesindonesia.com\/de\/shop\/militar-de\/fuer-alle-unsere-waechter\/#breadcrumb"},"inLanguage":"de","potentialAction":[{"@type":"ReadAction","target":["https:\/\/craftygenesindonesia.com\/de\/shop\/militar-de\/fuer-alle-unsere-waechter\/"]}]},{"@type":"ImageObject","inLanguage":"de","@id":"https:\/\/craftygenesindonesia.com\/de\/shop\/militar-de\/fuer-alle-unsere-waechter\/#primaryimage","url":"https:\/\/craftygenesindonesia.com\/wp-content\/uploads\/2023\/12\/For-all-our-guardians.jpg","contentUrl":"https:\/\/craftygenesindonesia.com\/wp-content\/uploads\/2023\/12\/For-all-our-guardians.jpg","width":1080,"height":1080,"caption":"knitted soldiers in front of knitted cross with knitted poppy"},{"@type":"BreadcrumbList","@id":"https:\/\/craftygenesindonesia.com\/de\/shop\/militar-de\/fuer-alle-unsere-waechter\/#breadcrumb","itemListElement":[{"@type":"ListItem","position":1,"name":"Home","item":"https:\/\/craftygenesindonesia.com\/de\/"},{"@type":"ListItem","position":2,"name":"Mustershop","item":"https:\/\/craftygenesindonesia.com\/de\/muster-shop\/"},{"@type":"ListItem","position":3,"name":"F\u00fcr alle unsere W\u00e4chter"}]},{"@type":"WebSite","@id":"https:\/\/craftygenesindonesia.com\/de\/#website","url":"https:\/\/craftygenesindonesia.com\/de\/","name":"Craftygenesindonesia","description":"","publisher":{"@id":"https:\/\/craftygenesindonesia.com\/de\/#organization"},"potentialAction":[{"@type":"SearchAction","target":{"@type":"EntryPoint","urlTemplate":"https:\/\/craftygenesindonesia.com\/de\/?s={search_term_string}"},"query-input":{"@type":"PropertyValueSpecification","valueRequired":true,"valueName":"search_term_string"}}],"inLanguage":"de"},{"@type":"Organization","@id":"https:\/\/craftygenesindonesia.com\/de\/#organization","name":"Craftygenesindonesia","url":"https:\/\/craftygenesindonesia.com\/de\/","logo":{"@type":"ImageObject","inLanguage":"de","@id":"https:\/\/craftygenesindonesia.com\/de\/#\/schema\/logo\/image\/","url":"https:\/\/craftygenesindonesia.com\/wp-content\/uploads\/2025\/11\/cropped-Copy-of-Craftygenesindonesia.jpg","contentUrl":"https:\/\/craftygenesindonesia.com\/wp-content\/uploads\/2025\/11\/cropped-Copy-of-Craftygenesindonesia.jpg","width":180,"height":60,"caption":"Craftygenesindonesia"},"image":{"@id":"https:\/\/craftygenesindonesia.com\/de\/#\/schema\/logo\/image\/"}}]}},"_links":{"self":[{"href":"https:\/\/craftygenesindonesia.com\/de\/wp-json\/wp\/v2\/product\/987528652","targetHints":{"allow":["GET"]}}],"collection":[{"href":"https:\/\/craftygenesindonesia.com\/de\/wp-json\/wp\/v2\/product"}],"about":[{"href":"https:\/\/craftygenesindonesia.com\/de\/wp-json\/wp\/v2\/types\/product"}],"replies":[{"embeddable":true,"href":"https:\/\/craftygenesindonesia.com\/de\/wp-json\/wp\/v2\/comments?post=987528652"}],"wp:featuredmedia":[{"embeddable":true,"href":"https:\/\/craftygenesindonesia.com\/de\/wp-json\/wp\/v2\/media\/987528653"}],"wp:attachment":[{"href":"https:\/\/craftygenesindonesia.com\/de\/wp-json\/wp\/v2\/media?parent=987528652"}],"wp:term":[{"taxonomy":"product_brand","embeddable":true,"href":"https:\/\/craftygenesindonesia.com\/de\/wp-json\/wp\/v2\/product_brand?post=987528652"},{"taxonomy":"product_cat","embeddable":true,"href":"https:\/\/craftygenesindonesia.com\/de\/wp-json\/wp\/v2\/product_cat?post=987528652"},{"taxonomy":"product_tag","embeddable":true,"href":"https:\/\/craftygenesindonesia.com\/de\/wp-json\/wp\/v2\/product_tag?post=987528652"}],"curies":[{"name":"wp","href":"https:\/\/api.w.org\/{rel}","templated":true}]}}