{"id":987528628,"date":"2023-12-13T04:37:34","date_gmt":"2023-12-12T20:37:34","guid":{"rendered":"https:\/\/craftygenesindonesia.com\/shop\/unkategorisiert\/tropischer-weihnachtsmann\/"},"modified":"2026-03-23T18:24:29","modified_gmt":"2026-03-23T10:24:29","slug":"tropischer-weihnachtsmann","status":"publish","type":"product","link":"https:\/\/craftygenesindonesia.com\/de\/shop\/weihnachts-hakelmuster\/tropischer-weihnachtsmann\/","title":{"rendered":"Tropischer Weihnachtsmann"},"content":{"rendered":"<p>Das ganze Set ist 34 cm hoch und wird mit 4fachem Garn aus Milchbaumwolle (Scheepjes Softfun ist genau dasselbe, also auch verwendbar) und einer 2,5 mm H\u00e4kelnadel hergestellt.<\/p>\n<p>Sie ben\u00f6tigen folgende Farben: hautfarben, rot, schwarz, (buntes) mehrfarbiges Garn, (helles) gr\u00fcn, sandfarben, braun, gelb, dunkelgr\u00fcn, wei\u00df<\/p>\n<p>Au\u00dferdem brauchst du: F\u00fcllung, Filzstifte, Schere, Bleistift, Lineal, Kleber, Pappe, steifen Aluminiumdraht, Gobelin-Nadel, 10-mm-Sicherheitsaugen, Haarspray, Schneidezange, Klebeband und ein Plastikschild &#8220;Frohe Weihnachten&#8221;.<\/p>\n<p>Dieses Muster ist ein schriftliches Muster mit vielen Bildern, um Ihnen zu helfen. Wenn Sie noch Fragen haben, senden Sie mir bitte eine Nachricht an: <a href=\"mailto:craftygenesindonesia@gmail.com\">craftygenesindonesia@gmail.com<\/a><\/p>\n<p>*<strong><em>Dieses Muster ist nur f\u00fcr den pers\u00f6nlichen Gebrauch bestimmt und unterliegt dem COPYRIGHT. Das Muster darf daher NICHT kopiert, verkauft, weiterverkauft, \u00fcbersetzt, als eigenes Design beansprucht, verteilt, geteilt, ver\u00f6ffentlicht, online gestellt werden&#8230; in keiner Form ohne meine Zustimmung. Nicht einmal ein Teil davon!!!**<\/em><\/strong><\/p>\n<p>*<strong><em>Sie k\u00f6nnen das Weihnachtsmann-Set in kleinen Mengen verkaufen, ABER NICHT DAS MUSTER SELBST! Bitte erw\u00e4hnen Sie, dass das Schnittmuster von Craftygenesindonesia ist und wo man es kaufen kann** <\/em><\/strong><\/p>\n","protected":false},"excerpt":{"rendered":"<p>Dieser Weihnachtsmann ist ein f\u00fcr die Santa-Liebhaber und vor allem f\u00fcr diejenigen, die die Sonne, Sommer, Strand, &#8230; und noch mehr perfekt f\u00fcr diejenigen, die in den Tropen leben.<\/p>\n","protected":false},"featured_media":987528636,"comment_status":"open","ping_status":"closed","template":"","meta":{"_acf_changed":false},"product_brand":[],"product_cat":[12130],"product_tag":[12430,12428,12427,12429,12268,12274,12265],"class_list":{"0":"post-987528628","1":"product","2":"type-product","3":"status-publish","4":"has-post-thumbnail","6":"product_cat-weihnachts-hakelmuster","7":"product_tag-ananas-de","8":"product_tag-sommer","9":"product_tag-strand-de","10":"product_tag-surfbrett","11":"product_tag-vater-weihnachten","12":"product_tag-weihnachtsmann-de","13":"product_tag-weihnachtsmann","14":"pa_available_on-craftygenesindonesia","15":"pa_available_on-etsy","16":"pa_available_on-haked-nl","17":"pa_available_on-payhip","18":"pa_available_on-ravelry","19":"pa_languages-deutsch","20":"pa_languages-franzoesisch","21":"pa_languages-italienisch","22":"pa_languages-niederlaendisch","23":"pa_languages-portugiesisch","24":"pa_languages-spanisch","25":"pa_languages-us-englisch","27":"first","28":"instock","29":"downloadable","30":"virtual","31":"purchasable","32":"product-type-simple"},"acf":[],"yoast_head":"<!-- This site is optimized with the Yoast SEO plugin v27.4 - https:\/\/yoast.com\/product\/yoast-seo-wordpress\/ -->\n<title>Tropischer Weihnachtsmann H\u00e4kelmuster - Craftygenesindonesia<\/title>\n<meta name=\"description\" content=\"Kaufen Sie hier mein H\u00e4kelmuster &quot;Tropischer Weihnachtsmann&quot;. Das einfache H\u00e4kelmuster ist auch erh\u00e4ltlich auf Etsy, Haked.nl, Ravelry, Payhip\" \/>\n<meta name=\"robots\" content=\"index, follow, max-snippet:-1, max-image-preview:large, max-video-preview:-1\" \/>\n<link rel=\"canonical\" href=\"https:\/\/craftygenesindonesia.com\/de\/shop\/weihnachts-hakelmuster\/tropischer-weihnachtsmann\/\" \/>\n<meta property=\"og:locale\" content=\"de_DE\" \/>\n<meta property=\"og:type\" content=\"article\" \/>\n<meta property=\"og:title\" content=\"Tropischer Weihnachtsmann H\u00e4kelmuster\" \/>\n<meta property=\"og:description\" content=\"Kaufen Sie hier mein H\u00e4kelmuster &quot;Tropischer Weihnachtsmann&quot;. Das einfache H\u00e4kelmuster ist auch erh\u00e4ltlich auf Etsy, Haked.nl, Ravelry, Payhip\" \/>\n<meta property=\"og:url\" content=\"https:\/\/craftygenesindonesia.com\/de\/shop\/weihnachts-hakelmuster\/tropischer-weihnachtsmann\/\" \/>\n<meta property=\"og:site_name\" content=\"Craftygenesindonesia\" \/>\n<meta property=\"article:modified_time\" content=\"2026-03-23T10:24:29+00:00\" \/>\n<meta property=\"og:image\" content=\"https:\/\/craftygenesindonesia.com\/wp-content\/uploads\/2023\/12\/2-2-300x300.jpg\" \/>\n<meta name=\"twitter:card\" content=\"summary_large_image\" \/>\n<meta name=\"twitter:label1\" content=\"Gesch\u00e4tzte Lesezeit\" \/>\n\t<meta name=\"twitter:data1\" content=\"1\u00a0Minute\" \/>\n<script type=\"application\/ld+json\" class=\"yoast-schema-graph\">{\"@context\":\"https:\\\/\\\/schema.org\",\"@graph\":[{\"@type\":\"WebPage\",\"@id\":\"https:\\\/\\\/craftygenesindonesia.com\\\/de\\\/shop\\\/weihnachts-hakelmuster\\\/tropischer-weihnachtsmann\\\/\",\"url\":\"https:\\\/\\\/craftygenesindonesia.com\\\/de\\\/shop\\\/weihnachts-hakelmuster\\\/tropischer-weihnachtsmann\\\/\",\"name\":\"Tropischer Weihnachtsmann H\u00e4kelmuster - Craftygenesindonesia\",\"isPartOf\":{\"@id\":\"https:\\\/\\\/craftygenesindonesia.com\\\/de\\\/#website\"},\"primaryImageOfPage\":{\"@id\":\"https:\\\/\\\/craftygenesindonesia.com\\\/de\\\/shop\\\/weihnachts-hakelmuster\\\/tropischer-weihnachtsmann\\\/#primaryimage\"},\"image\":{\"@id\":\"https:\\\/\\\/craftygenesindonesia.com\\\/de\\\/shop\\\/weihnachts-hakelmuster\\\/tropischer-weihnachtsmann\\\/#primaryimage\"},\"thumbnailUrl\":\"https:\\\/\\\/craftygenesindonesia.com\\\/wp-content\\\/uploads\\\/2023\\\/12\\\/2-2.jpg\",\"datePublished\":\"2023-12-12T20:37:34+00:00\",\"dateModified\":\"2026-03-23T10:24:29+00:00\",\"description\":\"Kaufen Sie hier mein H\u00e4kelmuster \\\"Tropischer Weihnachtsmann\\\". Das einfache H\u00e4kelmuster ist auch erh\u00e4ltlich auf Etsy, Haked.nl, Ravelry, Payhip\",\"breadcrumb\":{\"@id\":\"https:\\\/\\\/craftygenesindonesia.com\\\/de\\\/shop\\\/weihnachts-hakelmuster\\\/tropischer-weihnachtsmann\\\/#breadcrumb\"},\"inLanguage\":\"de\",\"potentialAction\":[{\"@type\":\"ReadAction\",\"target\":[\"https:\\\/\\\/craftygenesindonesia.com\\\/de\\\/shop\\\/weihnachts-hakelmuster\\\/tropischer-weihnachtsmann\\\/\"]}]},{\"@type\":\"ImageObject\",\"inLanguage\":\"de\",\"@id\":\"https:\\\/\\\/craftygenesindonesia.com\\\/de\\\/shop\\\/weihnachts-hakelmuster\\\/tropischer-weihnachtsmann\\\/#primaryimage\",\"url\":\"https:\\\/\\\/craftygenesindonesia.com\\\/wp-content\\\/uploads\\\/2023\\\/12\\\/2-2.jpg\",\"contentUrl\":\"https:\\\/\\\/craftygenesindonesia.com\\\/wp-content\\\/uploads\\\/2023\\\/12\\\/2-2.jpg\",\"width\":1080,\"height\":1080,\"caption\":\"crochet tropical Santa with crochet surfboard and pineapple\"},{\"@type\":\"BreadcrumbList\",\"@id\":\"https:\\\/\\\/craftygenesindonesia.com\\\/de\\\/shop\\\/weihnachts-hakelmuster\\\/tropischer-weihnachtsmann\\\/#breadcrumb\",\"itemListElement\":[{\"@type\":\"ListItem\",\"position\":1,\"name\":\"Home\",\"item\":\"https:\\\/\\\/craftygenesindonesia.com\\\/de\\\/\"},{\"@type\":\"ListItem\",\"position\":2,\"name\":\"Mustershop\",\"item\":\"https:\\\/\\\/craftygenesindonesia.com\\\/de\\\/muster-shop\\\/\"},{\"@type\":\"ListItem\",\"position\":3,\"name\":\"Tropischer Weihnachtsmann\"}]},{\"@type\":\"WebSite\",\"@id\":\"https:\\\/\\\/craftygenesindonesia.com\\\/de\\\/#website\",\"url\":\"https:\\\/\\\/craftygenesindonesia.com\\\/de\\\/\",\"name\":\"Craftygenesindonesia\",\"description\":\"\",\"publisher\":{\"@id\":\"https:\\\/\\\/craftygenesindonesia.com\\\/de\\\/#organization\"},\"potentialAction\":[{\"@type\":\"SearchAction\",\"target\":{\"@type\":\"EntryPoint\",\"urlTemplate\":\"https:\\\/\\\/craftygenesindonesia.com\\\/de\\\/?s={search_term_string}\"},\"query-input\":{\"@type\":\"PropertyValueSpecification\",\"valueRequired\":true,\"valueName\":\"search_term_string\"}}],\"inLanguage\":\"de\"},{\"@type\":\"Organization\",\"@id\":\"https:\\\/\\\/craftygenesindonesia.com\\\/de\\\/#organization\",\"name\":\"Craftygenesindonesia\",\"url\":\"https:\\\/\\\/craftygenesindonesia.com\\\/de\\\/\",\"logo\":{\"@type\":\"ImageObject\",\"inLanguage\":\"de\",\"@id\":\"https:\\\/\\\/craftygenesindonesia.com\\\/de\\\/#\\\/schema\\\/logo\\\/image\\\/\",\"url\":\"https:\\\/\\\/craftygenesindonesia.com\\\/wp-content\\\/uploads\\\/2025\\\/11\\\/cropped-Copy-of-Craftygenesindonesia.jpg\",\"contentUrl\":\"https:\\\/\\\/craftygenesindonesia.com\\\/wp-content\\\/uploads\\\/2025\\\/11\\\/cropped-Copy-of-Craftygenesindonesia.jpg\",\"width\":180,\"height\":60,\"caption\":\"Craftygenesindonesia\"},\"image\":{\"@id\":\"https:\\\/\\\/craftygenesindonesia.com\\\/de\\\/#\\\/schema\\\/logo\\\/image\\\/\"}}]}<\/script>\n<!-- \/ Yoast SEO plugin. -->","yoast_head_json":{"title":"Tropischer Weihnachtsmann H\u00e4kelmuster - Craftygenesindonesia","description":"Kaufen Sie hier mein H\u00e4kelmuster \"Tropischer Weihnachtsmann\". Das einfache H\u00e4kelmuster ist auch erh\u00e4ltlich auf Etsy, Haked.nl, Ravelry, Payhip","robots":{"index":"index","follow":"follow","max-snippet":"max-snippet:-1","max-image-preview":"max-image-preview:large","max-video-preview":"max-video-preview:-1"},"canonical":"https:\/\/craftygenesindonesia.com\/de\/shop\/weihnachts-hakelmuster\/tropischer-weihnachtsmann\/","og_locale":"de_DE","og_type":"article","og_title":"Tropischer Weihnachtsmann H\u00e4kelmuster","og_description":"Kaufen Sie hier mein H\u00e4kelmuster \"Tropischer Weihnachtsmann\". Das einfache H\u00e4kelmuster ist auch erh\u00e4ltlich auf Etsy, Haked.nl, Ravelry, Payhip","og_url":"https:\/\/craftygenesindonesia.com\/de\/shop\/weihnachts-hakelmuster\/tropischer-weihnachtsmann\/","og_site_name":"Craftygenesindonesia","article_modified_time":"2026-03-23T10:24:29+00:00","og_image":[{"url":"https:\/\/craftygenesindonesia.com\/wp-content\/uploads\/2023\/12\/2-2-300x300.jpg","type":"","width":"","height":""}],"twitter_card":"summary_large_image","twitter_misc":{"Gesch\u00e4tzte Lesezeit":"1\u00a0Minute"},"schema":{"@context":"https:\/\/schema.org","@graph":[{"@type":"WebPage","@id":"https:\/\/craftygenesindonesia.com\/de\/shop\/weihnachts-hakelmuster\/tropischer-weihnachtsmann\/","url":"https:\/\/craftygenesindonesia.com\/de\/shop\/weihnachts-hakelmuster\/tropischer-weihnachtsmann\/","name":"Tropischer Weihnachtsmann H\u00e4kelmuster - Craftygenesindonesia","isPartOf":{"@id":"https:\/\/craftygenesindonesia.com\/de\/#website"},"primaryImageOfPage":{"@id":"https:\/\/craftygenesindonesia.com\/de\/shop\/weihnachts-hakelmuster\/tropischer-weihnachtsmann\/#primaryimage"},"image":{"@id":"https:\/\/craftygenesindonesia.com\/de\/shop\/weihnachts-hakelmuster\/tropischer-weihnachtsmann\/#primaryimage"},"thumbnailUrl":"https:\/\/craftygenesindonesia.com\/wp-content\/uploads\/2023\/12\/2-2.jpg","datePublished":"2023-12-12T20:37:34+00:00","dateModified":"2026-03-23T10:24:29+00:00","description":"Kaufen Sie hier mein H\u00e4kelmuster \"Tropischer Weihnachtsmann\". Das einfache H\u00e4kelmuster ist auch erh\u00e4ltlich auf Etsy, Haked.nl, Ravelry, Payhip","breadcrumb":{"@id":"https:\/\/craftygenesindonesia.com\/de\/shop\/weihnachts-hakelmuster\/tropischer-weihnachtsmann\/#breadcrumb"},"inLanguage":"de","potentialAction":[{"@type":"ReadAction","target":["https:\/\/craftygenesindonesia.com\/de\/shop\/weihnachts-hakelmuster\/tropischer-weihnachtsmann\/"]}]},{"@type":"ImageObject","inLanguage":"de","@id":"https:\/\/craftygenesindonesia.com\/de\/shop\/weihnachts-hakelmuster\/tropischer-weihnachtsmann\/#primaryimage","url":"https:\/\/craftygenesindonesia.com\/wp-content\/uploads\/2023\/12\/2-2.jpg","contentUrl":"https:\/\/craftygenesindonesia.com\/wp-content\/uploads\/2023\/12\/2-2.jpg","width":1080,"height":1080,"caption":"crochet tropical Santa with crochet surfboard and pineapple"},{"@type":"BreadcrumbList","@id":"https:\/\/craftygenesindonesia.com\/de\/shop\/weihnachts-hakelmuster\/tropischer-weihnachtsmann\/#breadcrumb","itemListElement":[{"@type":"ListItem","position":1,"name":"Home","item":"https:\/\/craftygenesindonesia.com\/de\/"},{"@type":"ListItem","position":2,"name":"Mustershop","item":"https:\/\/craftygenesindonesia.com\/de\/muster-shop\/"},{"@type":"ListItem","position":3,"name":"Tropischer Weihnachtsmann"}]},{"@type":"WebSite","@id":"https:\/\/craftygenesindonesia.com\/de\/#website","url":"https:\/\/craftygenesindonesia.com\/de\/","name":"Craftygenesindonesia","description":"","publisher":{"@id":"https:\/\/craftygenesindonesia.com\/de\/#organization"},"potentialAction":[{"@type":"SearchAction","target":{"@type":"EntryPoint","urlTemplate":"https:\/\/craftygenesindonesia.com\/de\/?s={search_term_string}"},"query-input":{"@type":"PropertyValueSpecification","valueRequired":true,"valueName":"search_term_string"}}],"inLanguage":"de"},{"@type":"Organization","@id":"https:\/\/craftygenesindonesia.com\/de\/#organization","name":"Craftygenesindonesia","url":"https:\/\/craftygenesindonesia.com\/de\/","logo":{"@type":"ImageObject","inLanguage":"de","@id":"https:\/\/craftygenesindonesia.com\/de\/#\/schema\/logo\/image\/","url":"https:\/\/craftygenesindonesia.com\/wp-content\/uploads\/2025\/11\/cropped-Copy-of-Craftygenesindonesia.jpg","contentUrl":"https:\/\/craftygenesindonesia.com\/wp-content\/uploads\/2025\/11\/cropped-Copy-of-Craftygenesindonesia.jpg","width":180,"height":60,"caption":"Craftygenesindonesia"},"image":{"@id":"https:\/\/craftygenesindonesia.com\/de\/#\/schema\/logo\/image\/"}}]}},"_links":{"self":[{"href":"https:\/\/craftygenesindonesia.com\/de\/wp-json\/wp\/v2\/product\/987528628","targetHints":{"allow":["GET"]}}],"collection":[{"href":"https:\/\/craftygenesindonesia.com\/de\/wp-json\/wp\/v2\/product"}],"about":[{"href":"https:\/\/craftygenesindonesia.com\/de\/wp-json\/wp\/v2\/types\/product"}],"replies":[{"embeddable":true,"href":"https:\/\/craftygenesindonesia.com\/de\/wp-json\/wp\/v2\/comments?post=987528628"}],"wp:featuredmedia":[{"embeddable":true,"href":"https:\/\/craftygenesindonesia.com\/de\/wp-json\/wp\/v2\/media\/987528636"}],"wp:attachment":[{"href":"https:\/\/craftygenesindonesia.com\/de\/wp-json\/wp\/v2\/media?parent=987528628"}],"wp:term":[{"taxonomy":"product_brand","embeddable":true,"href":"https:\/\/craftygenesindonesia.com\/de\/wp-json\/wp\/v2\/product_brand?post=987528628"},{"taxonomy":"product_cat","embeddable":true,"href":"https:\/\/craftygenesindonesia.com\/de\/wp-json\/wp\/v2\/product_cat?post=987528628"},{"taxonomy":"product_tag","embeddable":true,"href":"https:\/\/craftygenesindonesia.com\/de\/wp-json\/wp\/v2\/product_tag?post=987528628"}],"curies":[{"name":"wp","href":"https:\/\/api.w.org\/{rel}","templated":true}]}}