{"id":987528614,"date":"2023-12-16T05:39:37","date_gmt":"2023-12-15T21:39:37","guid":{"rendered":"https:\/\/craftygenesindonesia.com\/shop\/unkategorisiert\/die-honorina-engel\/"},"modified":"2026-03-23T18:22:14","modified_gmt":"2026-03-23T10:22:14","slug":"die-honorina-engel","status":"publish","type":"product","link":"https:\/\/craftygenesindonesia.com\/de\/shop\/weihnachts-hakelmuster\/die-honorina-engel\/","title":{"rendered":"Die Honorina Engel"},"content":{"rendered":"<p>Der Engel ist 25 cm hoch und wird mit einem f\u00fcr Amigurumi geeigneten Garn der Gr\u00f6\u00dfe 3 und einer 2 mm H\u00e4kelnadel hergestellt.<\/p>\n<p>&nbsp;<\/p>\n<p>Sie ben\u00f6tigen diese Farben: Wei\u00df, Hautfarbe, Off-White.<\/p>\n<p>Au\u00dferdem brauchst du wei\u00dfes Chenillegarn, F\u00fcllmaterial, N\u00e4hnadeln, Maschenmarkierer, Gobelin-Nadel, Schere, Kleber, Bleistift, Schneidezange, 1,5 mm Aluminiumdraht, feinen wei\u00dfen Glitter, Haarspray, 5 mm dicke Pappe, Wattest\u00e4bchen<\/p>\n<p>&nbsp;<\/p>\n<p>H\u00e4kelnadel: Gr\u00f6\u00dfe 2mm<\/p>\n<p>&nbsp;<\/p>\n<p>Dieses Muster ist ein schriftliches Muster mit vielen Bildern, um Ihnen zu helfen. Wenn Sie noch Fragen haben, senden Sie mir bitte eine Nachricht an: <a href=\"mailto:craftygenesindonesia@gmail.com\">craftygenesindonesia@gmail.com<\/a><\/p>\n<p>&nbsp;<\/p>\n<p><strong>**Dieses Muster ist nur f\u00fcr den pers\u00f6nlichen Gebrauch bestimmt und unterliegt einem COPYRIGHT. Das Muster darf daher NICHT kopiert, verkauft, weiterverkauft, \u00fcbersetzt, als eigenes Design beansprucht, verteilt, geteilt, ver\u00f6ffentlicht, online gestellt werden&#8230; in keiner Form ohne meine Zustimmung. Nicht einmal einen Teil davon!!! <\/strong><\/p>\n<p>&nbsp;<\/p>\n<p><strong>**Sie k\u00f6nnen den Engel in kleinen Mengen verkaufen, aber nicht die Vorlage selbst! Bitte erw\u00e4hnen Sie, dass das Muster von Craftygenesindonesia ist und wo man es kaufen kann <\/strong><\/p>\n","protected":false},"excerpt":{"rendered":"<p>Dies ist ein einfacher, aber sch\u00f6ner Engel, den du zu Weihnachten und eigentlich zu jeder anderen Zeit des Jahres machen kannst. Er wird ein wunderbares Geschenk sein.<\/p>\n<p>Dieser Engel wurde nach meiner dreifachen Urgro\u00dfmutter Honorina benannt.<\/p>\n","protected":false},"featured_media":987528620,"comment_status":"open","ping_status":"closed","template":"","meta":{"_acf_changed":false},"product_brand":[],"product_cat":[12251,12130],"product_tag":[12256,12252,12366,12254,12257],"class_list":{"0":"post-987528614","1":"product","2":"type-product","3":"status-publish","4":"has-post-thumbnail","6":"product_cat-engel-hakelmuster","7":"product_cat-weihnachts-hakelmuster","8":"product_tag-engel-de","9":"product_tag-flugel","10":"product_tag-himmel-de","11":"product_tag-weihnachtsengel","12":"product_tag-weis","13":"pa_available_on-craftygenesindonesia","14":"pa_available_on-etsy","15":"pa_available_on-haked-nl","16":"pa_available_on-payhip","17":"pa_available_on-ravelry","18":"pa_languages-deutsch","19":"pa_languages-franzoesisch","20":"pa_languages-niederlaendisch","21":"pa_languages-portugiesisch","22":"pa_languages-spanisch","23":"pa_languages-us-englisch","25":"first","26":"instock","27":"downloadable","28":"virtual","29":"purchasable","30":"product-type-simple"},"acf":[],"yoast_head":"<!-- This site is optimized with the Yoast SEO plugin v27.3 - https:\/\/yoast.com\/product\/yoast-seo-wordpress\/ -->\n<title>Die Honorina Engel H\u00e4kelmuster - Craftygenesindonesia<\/title>\n<meta name=\"description\" content=\"Kaufen Sie hier mein &quot;Honorina Engel&quot; Weihnachtsengel-H\u00e4kelmuster. Das einfach zu befolgende H\u00e4kelmuster ist auch erh\u00e4ltlich bei Haked.nl, Etsy, Ravelry, Payhip\" \/>\n<meta name=\"robots\" content=\"index, follow, max-snippet:-1, max-image-preview:large, max-video-preview:-1\" \/>\n<link rel=\"canonical\" href=\"https:\/\/craftygenesindonesia.com\/de\/shop\/weihnachts-hakelmuster\/die-honorina-engel\/\" \/>\n<meta property=\"og:locale\" content=\"de_DE\" \/>\n<meta property=\"og:type\" content=\"article\" \/>\n<meta property=\"og:title\" content=\"&quot;Honorina Engel&quot; Weihnachtsengel H\u00e4kelmuster\" \/>\n<meta property=\"og:description\" content=\"Kaufen Sie hier mein &quot;Honorina Engel&quot; Weihnachtsengel-H\u00e4kelmuster. Das einfach zu befolgende H\u00e4kelmuster ist auch erh\u00e4ltlich bei Haked.nl, Etsy, Ravelry, Payhip\" \/>\n<meta property=\"og:url\" content=\"https:\/\/craftygenesindonesia.com\/de\/shop\/weihnachts-hakelmuster\/die-honorina-engel\/\" \/>\n<meta property=\"og:site_name\" content=\"Craftygenesindonesia\" \/>\n<meta property=\"article:modified_time\" content=\"2026-03-23T10:22:14+00:00\" \/>\n<meta property=\"og:image\" content=\"https:\/\/craftygenesindonesia.com\/wp-content\/uploads\/2023\/12\/Honorina-300x300.jpg\" \/>\n<meta name=\"twitter:card\" content=\"summary_large_image\" \/>\n<meta name=\"twitter:label1\" content=\"Gesch\u00e4tzte Lesezeit\" \/>\n\t<meta name=\"twitter:data1\" content=\"1\u00a0Minute\" \/>\n<script type=\"application\/ld+json\" class=\"yoast-schema-graph\">{\"@context\":\"https:\\\/\\\/schema.org\",\"@graph\":[{\"@type\":\"WebPage\",\"@id\":\"https:\\\/\\\/craftygenesindonesia.com\\\/de\\\/shop\\\/weihnachts-hakelmuster\\\/die-honorina-engel\\\/\",\"url\":\"https:\\\/\\\/craftygenesindonesia.com\\\/de\\\/shop\\\/weihnachts-hakelmuster\\\/die-honorina-engel\\\/\",\"name\":\"Die Honorina Engel H\u00e4kelmuster - Craftygenesindonesia\",\"isPartOf\":{\"@id\":\"https:\\\/\\\/craftygenesindonesia.com\\\/de\\\/#website\"},\"primaryImageOfPage\":{\"@id\":\"https:\\\/\\\/craftygenesindonesia.com\\\/de\\\/shop\\\/weihnachts-hakelmuster\\\/die-honorina-engel\\\/#primaryimage\"},\"image\":{\"@id\":\"https:\\\/\\\/craftygenesindonesia.com\\\/de\\\/shop\\\/weihnachts-hakelmuster\\\/die-honorina-engel\\\/#primaryimage\"},\"thumbnailUrl\":\"https:\\\/\\\/craftygenesindonesia.com\\\/wp-content\\\/uploads\\\/2023\\\/12\\\/Honorina.jpg\",\"datePublished\":\"2023-12-15T21:39:37+00:00\",\"dateModified\":\"2026-03-23T10:22:14+00:00\",\"description\":\"Kaufen Sie hier mein \\\"Honorina Engel\\\" Weihnachtsengel-H\u00e4kelmuster. Das einfach zu befolgende H\u00e4kelmuster ist auch erh\u00e4ltlich bei Haked.nl, Etsy, Ravelry, Payhip\",\"breadcrumb\":{\"@id\":\"https:\\\/\\\/craftygenesindonesia.com\\\/de\\\/shop\\\/weihnachts-hakelmuster\\\/die-honorina-engel\\\/#breadcrumb\"},\"inLanguage\":\"de\",\"potentialAction\":[{\"@type\":\"ReadAction\",\"target\":[\"https:\\\/\\\/craftygenesindonesia.com\\\/de\\\/shop\\\/weihnachts-hakelmuster\\\/die-honorina-engel\\\/\"]}]},{\"@type\":\"ImageObject\",\"inLanguage\":\"de\",\"@id\":\"https:\\\/\\\/craftygenesindonesia.com\\\/de\\\/shop\\\/weihnachts-hakelmuster\\\/die-honorina-engel\\\/#primaryimage\",\"url\":\"https:\\\/\\\/craftygenesindonesia.com\\\/wp-content\\\/uploads\\\/2023\\\/12\\\/Honorina.jpg\",\"contentUrl\":\"https:\\\/\\\/craftygenesindonesia.com\\\/wp-content\\\/uploads\\\/2023\\\/12\\\/Honorina.jpg\",\"width\":1080,\"height\":1080,\"caption\":\"crochet angel\"},{\"@type\":\"BreadcrumbList\",\"@id\":\"https:\\\/\\\/craftygenesindonesia.com\\\/de\\\/shop\\\/weihnachts-hakelmuster\\\/die-honorina-engel\\\/#breadcrumb\",\"itemListElement\":[{\"@type\":\"ListItem\",\"position\":1,\"name\":\"Home\",\"item\":\"https:\\\/\\\/craftygenesindonesia.com\\\/de\\\/\"},{\"@type\":\"ListItem\",\"position\":2,\"name\":\"Mustershop\",\"item\":\"https:\\\/\\\/craftygenesindonesia.com\\\/de\\\/muster-shop\\\/\"},{\"@type\":\"ListItem\",\"position\":3,\"name\":\"Die Honorina Engel\"}]},{\"@type\":\"WebSite\",\"@id\":\"https:\\\/\\\/craftygenesindonesia.com\\\/de\\\/#website\",\"url\":\"https:\\\/\\\/craftygenesindonesia.com\\\/de\\\/\",\"name\":\"Craftygenesindonesia\",\"description\":\"\",\"publisher\":{\"@id\":\"https:\\\/\\\/craftygenesindonesia.com\\\/de\\\/#organization\"},\"potentialAction\":[{\"@type\":\"SearchAction\",\"target\":{\"@type\":\"EntryPoint\",\"urlTemplate\":\"https:\\\/\\\/craftygenesindonesia.com\\\/de\\\/?s={search_term_string}\"},\"query-input\":{\"@type\":\"PropertyValueSpecification\",\"valueRequired\":true,\"valueName\":\"search_term_string\"}}],\"inLanguage\":\"de\"},{\"@type\":\"Organization\",\"@id\":\"https:\\\/\\\/craftygenesindonesia.com\\\/de\\\/#organization\",\"name\":\"Craftygenesindonesia\",\"url\":\"https:\\\/\\\/craftygenesindonesia.com\\\/de\\\/\",\"logo\":{\"@type\":\"ImageObject\",\"inLanguage\":\"de\",\"@id\":\"https:\\\/\\\/craftygenesindonesia.com\\\/de\\\/#\\\/schema\\\/logo\\\/image\\\/\",\"url\":\"https:\\\/\\\/craftygenesindonesia.com\\\/wp-content\\\/uploads\\\/2025\\\/11\\\/cropped-Copy-of-Craftygenesindonesia.jpg\",\"contentUrl\":\"https:\\\/\\\/craftygenesindonesia.com\\\/wp-content\\\/uploads\\\/2025\\\/11\\\/cropped-Copy-of-Craftygenesindonesia.jpg\",\"width\":180,\"height\":60,\"caption\":\"Craftygenesindonesia\"},\"image\":{\"@id\":\"https:\\\/\\\/craftygenesindonesia.com\\\/de\\\/#\\\/schema\\\/logo\\\/image\\\/\"}}]}<\/script>\n<!-- \/ Yoast SEO plugin. -->","yoast_head_json":{"title":"Die Honorina Engel H\u00e4kelmuster - Craftygenesindonesia","description":"Kaufen Sie hier mein \"Honorina Engel\" Weihnachtsengel-H\u00e4kelmuster. Das einfach zu befolgende H\u00e4kelmuster ist auch erh\u00e4ltlich bei Haked.nl, Etsy, Ravelry, Payhip","robots":{"index":"index","follow":"follow","max-snippet":"max-snippet:-1","max-image-preview":"max-image-preview:large","max-video-preview":"max-video-preview:-1"},"canonical":"https:\/\/craftygenesindonesia.com\/de\/shop\/weihnachts-hakelmuster\/die-honorina-engel\/","og_locale":"de_DE","og_type":"article","og_title":"\"Honorina Engel\" Weihnachtsengel H\u00e4kelmuster","og_description":"Kaufen Sie hier mein \"Honorina Engel\" Weihnachtsengel-H\u00e4kelmuster. Das einfach zu befolgende H\u00e4kelmuster ist auch erh\u00e4ltlich bei Haked.nl, Etsy, Ravelry, Payhip","og_url":"https:\/\/craftygenesindonesia.com\/de\/shop\/weihnachts-hakelmuster\/die-honorina-engel\/","og_site_name":"Craftygenesindonesia","article_modified_time":"2026-03-23T10:22:14+00:00","og_image":[{"url":"https:\/\/craftygenesindonesia.com\/wp-content\/uploads\/2023\/12\/Honorina-300x300.jpg","type":"","width":"","height":""}],"twitter_card":"summary_large_image","twitter_misc":{"Gesch\u00e4tzte Lesezeit":"1\u00a0Minute"},"schema":{"@context":"https:\/\/schema.org","@graph":[{"@type":"WebPage","@id":"https:\/\/craftygenesindonesia.com\/de\/shop\/weihnachts-hakelmuster\/die-honorina-engel\/","url":"https:\/\/craftygenesindonesia.com\/de\/shop\/weihnachts-hakelmuster\/die-honorina-engel\/","name":"Die Honorina Engel H\u00e4kelmuster - Craftygenesindonesia","isPartOf":{"@id":"https:\/\/craftygenesindonesia.com\/de\/#website"},"primaryImageOfPage":{"@id":"https:\/\/craftygenesindonesia.com\/de\/shop\/weihnachts-hakelmuster\/die-honorina-engel\/#primaryimage"},"image":{"@id":"https:\/\/craftygenesindonesia.com\/de\/shop\/weihnachts-hakelmuster\/die-honorina-engel\/#primaryimage"},"thumbnailUrl":"https:\/\/craftygenesindonesia.com\/wp-content\/uploads\/2023\/12\/Honorina.jpg","datePublished":"2023-12-15T21:39:37+00:00","dateModified":"2026-03-23T10:22:14+00:00","description":"Kaufen Sie hier mein \"Honorina Engel\" Weihnachtsengel-H\u00e4kelmuster. Das einfach zu befolgende H\u00e4kelmuster ist auch erh\u00e4ltlich bei Haked.nl, Etsy, Ravelry, Payhip","breadcrumb":{"@id":"https:\/\/craftygenesindonesia.com\/de\/shop\/weihnachts-hakelmuster\/die-honorina-engel\/#breadcrumb"},"inLanguage":"de","potentialAction":[{"@type":"ReadAction","target":["https:\/\/craftygenesindonesia.com\/de\/shop\/weihnachts-hakelmuster\/die-honorina-engel\/"]}]},{"@type":"ImageObject","inLanguage":"de","@id":"https:\/\/craftygenesindonesia.com\/de\/shop\/weihnachts-hakelmuster\/die-honorina-engel\/#primaryimage","url":"https:\/\/craftygenesindonesia.com\/wp-content\/uploads\/2023\/12\/Honorina.jpg","contentUrl":"https:\/\/craftygenesindonesia.com\/wp-content\/uploads\/2023\/12\/Honorina.jpg","width":1080,"height":1080,"caption":"crochet angel"},{"@type":"BreadcrumbList","@id":"https:\/\/craftygenesindonesia.com\/de\/shop\/weihnachts-hakelmuster\/die-honorina-engel\/#breadcrumb","itemListElement":[{"@type":"ListItem","position":1,"name":"Home","item":"https:\/\/craftygenesindonesia.com\/de\/"},{"@type":"ListItem","position":2,"name":"Mustershop","item":"https:\/\/craftygenesindonesia.com\/de\/muster-shop\/"},{"@type":"ListItem","position":3,"name":"Die Honorina Engel"}]},{"@type":"WebSite","@id":"https:\/\/craftygenesindonesia.com\/de\/#website","url":"https:\/\/craftygenesindonesia.com\/de\/","name":"Craftygenesindonesia","description":"","publisher":{"@id":"https:\/\/craftygenesindonesia.com\/de\/#organization"},"potentialAction":[{"@type":"SearchAction","target":{"@type":"EntryPoint","urlTemplate":"https:\/\/craftygenesindonesia.com\/de\/?s={search_term_string}"},"query-input":{"@type":"PropertyValueSpecification","valueRequired":true,"valueName":"search_term_string"}}],"inLanguage":"de"},{"@type":"Organization","@id":"https:\/\/craftygenesindonesia.com\/de\/#organization","name":"Craftygenesindonesia","url":"https:\/\/craftygenesindonesia.com\/de\/","logo":{"@type":"ImageObject","inLanguage":"de","@id":"https:\/\/craftygenesindonesia.com\/de\/#\/schema\/logo\/image\/","url":"https:\/\/craftygenesindonesia.com\/wp-content\/uploads\/2025\/11\/cropped-Copy-of-Craftygenesindonesia.jpg","contentUrl":"https:\/\/craftygenesindonesia.com\/wp-content\/uploads\/2025\/11\/cropped-Copy-of-Craftygenesindonesia.jpg","width":180,"height":60,"caption":"Craftygenesindonesia"},"image":{"@id":"https:\/\/craftygenesindonesia.com\/de\/#\/schema\/logo\/image\/"}}]}},"_links":{"self":[{"href":"https:\/\/craftygenesindonesia.com\/de\/wp-json\/wp\/v2\/product\/987528614","targetHints":{"allow":["GET"]}}],"collection":[{"href":"https:\/\/craftygenesindonesia.com\/de\/wp-json\/wp\/v2\/product"}],"about":[{"href":"https:\/\/craftygenesindonesia.com\/de\/wp-json\/wp\/v2\/types\/product"}],"replies":[{"embeddable":true,"href":"https:\/\/craftygenesindonesia.com\/de\/wp-json\/wp\/v2\/comments?post=987528614"}],"wp:featuredmedia":[{"embeddable":true,"href":"https:\/\/craftygenesindonesia.com\/de\/wp-json\/wp\/v2\/media\/987528620"}],"wp:attachment":[{"href":"https:\/\/craftygenesindonesia.com\/de\/wp-json\/wp\/v2\/media?parent=987528614"}],"wp:term":[{"taxonomy":"product_brand","embeddable":true,"href":"https:\/\/craftygenesindonesia.com\/de\/wp-json\/wp\/v2\/product_brand?post=987528614"},{"taxonomy":"product_cat","embeddable":true,"href":"https:\/\/craftygenesindonesia.com\/de\/wp-json\/wp\/v2\/product_cat?post=987528614"},{"taxonomy":"product_tag","embeddable":true,"href":"https:\/\/craftygenesindonesia.com\/de\/wp-json\/wp\/v2\/product_tag?post=987528614"}],"curies":[{"name":"wp","href":"https:\/\/api.w.org\/{rel}","templated":true}]}}