{"id":987528586,"date":"2024-02-03T04:58:59","date_gmt":"2024-02-02T20:58:59","guid":{"rendered":"https:\/\/craftygenesindonesia.com\/shop\/unkategorisiert\/pedros-ostergeschenk\/"},"modified":"2026-03-23T11:44:25","modified_gmt":"2026-03-23T03:44:25","slug":"pedros-ostergeschenk","status":"publish","type":"product","link":"https:\/\/craftygenesindonesia.com\/de\/shop\/tierische-hakelmuster\/pedros-ostergeschenk\/","title":{"rendered":"Pedro&#8217;s Ostergeschenk"},"content":{"rendered":"<p>Dieses Set ist 18x24cm\/ 7&#215;9,5inch gro\u00df, wenn man es mit der gleichen Garn- und Hakengr\u00f6\u00dfe wie ich macht. Ich habe &#8220;Fingering&#8221;-Garn mit einer 2mm-H\u00e4kelnadel verwendet.<\/p>\n<p>&nbsp;<\/p>\n<p>Sie ben\u00f6tigen folgende Farben: braun, beige, jeansblau, gr\u00fcn, schwarz, magenta, gelb, wei\u00df und dunkelbraun<\/p>\n<p>&nbsp;<\/p>\n<p>Au\u00dferdem brauchst du: Wattest\u00e4bchen, F\u00fcllmaterial, Filzstifte, Schere, Bleistift, Klebstoff, Aluminiumdraht, starken 5 mm dicken Karton, Gobelin-Nadel, 6 mm Sicherheitsaugen, 8 mm Sicherheitsnase<\/p>\n<p>&nbsp;<\/p>\n<p>H\u00e4kelnadel: 2mm<\/p>\n<p>&nbsp;<\/p>\n<p>Dieses Muster ist ein schriftliches Muster mit vielen Bildern, um Ihnen zu helfen. Wenn Sie noch Fragen haben, senden Sie mir bitte eine Nachricht an: <a href=\"mailto:craftygenesindonesia@gmail.com\">craftygenesindonesia@gmail.com<\/a><\/p>\n<p>&nbsp;<\/p>\n<p>**Dieses Muster ist nur f\u00fcr den pers\u00f6nlichen Gebrauch bestimmt und unterliegt einem COPYRIGHT. Das Muster darf daher NICHT kopiert, verkauft, weiterverkauft, \u00fcbersetzt, als eigenes Design beansprucht, verteilt, geteilt, ver\u00f6ffentlicht, online gestellt werden&#8230; in keiner Form ohne meine Zustimmung. Nicht einmal einen Teil davon!!!<\/p>\n<p>&nbsp;<\/p>\n<p>**Sie k\u00f6nnen das fertige Produkt in kleinen Mengen verkaufen, ABER NICHT DAS MUSTER SELBST! Bitte erw\u00e4hnen Sie, dass das Muster von Craftygenesindonesia ist und wo man es kaufen kann<\/p>\n","protected":false},"excerpt":{"rendered":"<p>Dies ist ein einfach zu befolgendes H\u00e4kelmuster f\u00fcr einen lustigen Osterhasen in seiner Latzhose auf einem Roller mit einem Korb, Osterei, Narzisse und G\u00e4nsebl\u00fcmchen.<\/p>\n","protected":false},"featured_media":987528587,"comment_status":"open","ping_status":"closed","template":"","meta":{"_acf_changed":false},"product_brand":[],"product_cat":[12196,12195],"product_tag":[12412,12414,12413,12416,12415,12203,12201,12200,12213],"class_list":{"0":"post-987528586","1":"product","2":"type-product","3":"status-publish","4":"has-post-thumbnail","6":"product_cat-ostern-hakelmuster","7":"product_cat-tierische-hakelmuster","8":"product_tag-ei-de","9":"product_tag-ganseblumchen","10":"product_tag-korb","11":"product_tag-latzhose","12":"product_tag-margeritenblute","13":"product_tag-osterei","14":"product_tag-osterhase","15":"product_tag-ostern","16":"product_tag-scooter-de","17":"pa_available_on-craftygenesindonesia","18":"pa_available_on-etsy","19":"pa_available_on-haked-nl","20":"pa_available_on-payhip","21":"pa_available_on-ravelry","22":"pa_languages-deutsch","23":"pa_languages-franzoesisch","24":"pa_languages-niederlaendisch","25":"pa_languages-spanisch","26":"pa_languages-us-englisch","28":"first","29":"instock","30":"sale","31":"downloadable","32":"virtual","33":"purchasable","34":"product-type-simple"},"acf":[],"yoast_head":"<!-- This site is optimized with the Yoast SEO plugin v27.3 - https:\/\/yoast.com\/product\/yoast-seo-wordpress\/ -->\n<title>Pedro&#039;s Ostergeschenk - Craftygenesindonesia<\/title>\n<meta name=\"description\" content=\"Kaufen Sie hier mein Pedro&#039;s Ostergeschenk H\u00e4kelmuster. Es ist ein leicht zu befolgendes Muster f\u00fcr einen lustigen Osterhasen auf seinem Motorroller.\" \/>\n<meta name=\"robots\" content=\"index, follow, max-snippet:-1, max-image-preview:large, max-video-preview:-1\" \/>\n<link rel=\"canonical\" href=\"https:\/\/craftygenesindonesia.com\/de\/shop\/tierische-hakelmuster\/pedros-ostergeschenk\/\" \/>\n<meta property=\"og:locale\" content=\"de_DE\" \/>\n<meta property=\"og:type\" content=\"article\" \/>\n<meta property=\"og:title\" content=\"Pedro&#039;s Ostergeschenk H\u00e4kelmuster\" \/>\n<meta property=\"og:description\" content=\"Kaufen Sie hier mein Pedro&#039;s Ostergeschenk H\u00e4kelmuster. Es ist ein leicht zu befolgendes Muster f\u00fcr einen lustigen Osterhasen auf seinem Motorroller.\" \/>\n<meta property=\"og:url\" content=\"https:\/\/craftygenesindonesia.com\/de\/shop\/tierische-hakelmuster\/pedros-ostergeschenk\/\" \/>\n<meta property=\"og:site_name\" content=\"Craftygenesindonesia\" \/>\n<meta property=\"article:modified_time\" content=\"2026-03-23T03:44:25+00:00\" \/>\n<meta property=\"og:image\" content=\"https:\/\/craftygenesindonesia.com\/wp-content\/uploads\/2024\/02\/Untitled-design-2024-02-14T061606.410-300x300.jpg\" \/>\n<meta name=\"twitter:card\" content=\"summary_large_image\" \/>\n<meta name=\"twitter:label1\" content=\"Gesch\u00e4tzte Lesezeit\" \/>\n\t<meta name=\"twitter:data1\" content=\"1\u00a0Minute\" \/>\n<script type=\"application\/ld+json\" class=\"yoast-schema-graph\">{\"@context\":\"https:\\\/\\\/schema.org\",\"@graph\":[{\"@type\":\"WebPage\",\"@id\":\"https:\\\/\\\/craftygenesindonesia.com\\\/de\\\/shop\\\/tierische-hakelmuster\\\/pedros-ostergeschenk\\\/\",\"url\":\"https:\\\/\\\/craftygenesindonesia.com\\\/de\\\/shop\\\/tierische-hakelmuster\\\/pedros-ostergeschenk\\\/\",\"name\":\"Pedro's Ostergeschenk - Craftygenesindonesia\",\"isPartOf\":{\"@id\":\"https:\\\/\\\/craftygenesindonesia.com\\\/de\\\/#website\"},\"primaryImageOfPage\":{\"@id\":\"https:\\\/\\\/craftygenesindonesia.com\\\/de\\\/shop\\\/tierische-hakelmuster\\\/pedros-ostergeschenk\\\/#primaryimage\"},\"image\":{\"@id\":\"https:\\\/\\\/craftygenesindonesia.com\\\/de\\\/shop\\\/tierische-hakelmuster\\\/pedros-ostergeschenk\\\/#primaryimage\"},\"thumbnailUrl\":\"https:\\\/\\\/craftygenesindonesia.com\\\/wp-content\\\/uploads\\\/2024\\\/02\\\/Pedro.jpg\",\"datePublished\":\"2024-02-02T20:58:59+00:00\",\"dateModified\":\"2026-03-23T03:44:25+00:00\",\"description\":\"Kaufen Sie hier mein Pedro's Ostergeschenk H\u00e4kelmuster. Es ist ein leicht zu befolgendes Muster f\u00fcr einen lustigen Osterhasen auf seinem Motorroller.\",\"breadcrumb\":{\"@id\":\"https:\\\/\\\/craftygenesindonesia.com\\\/de\\\/shop\\\/tierische-hakelmuster\\\/pedros-ostergeschenk\\\/#breadcrumb\"},\"inLanguage\":\"de\",\"potentialAction\":[{\"@type\":\"ReadAction\",\"target\":[\"https:\\\/\\\/craftygenesindonesia.com\\\/de\\\/shop\\\/tierische-hakelmuster\\\/pedros-ostergeschenk\\\/\"]}]},{\"@type\":\"ImageObject\",\"inLanguage\":\"de\",\"@id\":\"https:\\\/\\\/craftygenesindonesia.com\\\/de\\\/shop\\\/tierische-hakelmuster\\\/pedros-ostergeschenk\\\/#primaryimage\",\"url\":\"https:\\\/\\\/craftygenesindonesia.com\\\/wp-content\\\/uploads\\\/2024\\\/02\\\/Pedro.jpg\",\"contentUrl\":\"https:\\\/\\\/craftygenesindonesia.com\\\/wp-content\\\/uploads\\\/2024\\\/02\\\/Pedro.jpg\",\"width\":1080,\"height\":1080,\"caption\":\"crochet Easter bunny on crochet scooter with a basket, Easter egg, daffodil and daisy\"},{\"@type\":\"BreadcrumbList\",\"@id\":\"https:\\\/\\\/craftygenesindonesia.com\\\/de\\\/shop\\\/tierische-hakelmuster\\\/pedros-ostergeschenk\\\/#breadcrumb\",\"itemListElement\":[{\"@type\":\"ListItem\",\"position\":1,\"name\":\"Home\",\"item\":\"https:\\\/\\\/craftygenesindonesia.com\\\/de\\\/\"},{\"@type\":\"ListItem\",\"position\":2,\"name\":\"Mustershop\",\"item\":\"https:\\\/\\\/craftygenesindonesia.com\\\/de\\\/muster-shop\\\/\"},{\"@type\":\"ListItem\",\"position\":3,\"name\":\"Pedro&#8217;s Ostergeschenk\"}]},{\"@type\":\"WebSite\",\"@id\":\"https:\\\/\\\/craftygenesindonesia.com\\\/de\\\/#website\",\"url\":\"https:\\\/\\\/craftygenesindonesia.com\\\/de\\\/\",\"name\":\"Craftygenesindonesia\",\"description\":\"\",\"publisher\":{\"@id\":\"https:\\\/\\\/craftygenesindonesia.com\\\/de\\\/#organization\"},\"potentialAction\":[{\"@type\":\"SearchAction\",\"target\":{\"@type\":\"EntryPoint\",\"urlTemplate\":\"https:\\\/\\\/craftygenesindonesia.com\\\/de\\\/?s={search_term_string}\"},\"query-input\":{\"@type\":\"PropertyValueSpecification\",\"valueRequired\":true,\"valueName\":\"search_term_string\"}}],\"inLanguage\":\"de\"},{\"@type\":\"Organization\",\"@id\":\"https:\\\/\\\/craftygenesindonesia.com\\\/de\\\/#organization\",\"name\":\"Craftygenesindonesia\",\"url\":\"https:\\\/\\\/craftygenesindonesia.com\\\/de\\\/\",\"logo\":{\"@type\":\"ImageObject\",\"inLanguage\":\"de\",\"@id\":\"https:\\\/\\\/craftygenesindonesia.com\\\/de\\\/#\\\/schema\\\/logo\\\/image\\\/\",\"url\":\"https:\\\/\\\/craftygenesindonesia.com\\\/wp-content\\\/uploads\\\/2025\\\/11\\\/cropped-Copy-of-Craftygenesindonesia.jpg\",\"contentUrl\":\"https:\\\/\\\/craftygenesindonesia.com\\\/wp-content\\\/uploads\\\/2025\\\/11\\\/cropped-Copy-of-Craftygenesindonesia.jpg\",\"width\":180,\"height\":60,\"caption\":\"Craftygenesindonesia\"},\"image\":{\"@id\":\"https:\\\/\\\/craftygenesindonesia.com\\\/de\\\/#\\\/schema\\\/logo\\\/image\\\/\"}}]}<\/script>\n<!-- \/ Yoast SEO plugin. -->","yoast_head_json":{"title":"Pedro's Ostergeschenk - Craftygenesindonesia","description":"Kaufen Sie hier mein Pedro's Ostergeschenk H\u00e4kelmuster. Es ist ein leicht zu befolgendes Muster f\u00fcr einen lustigen Osterhasen auf seinem Motorroller.","robots":{"index":"index","follow":"follow","max-snippet":"max-snippet:-1","max-image-preview":"max-image-preview:large","max-video-preview":"max-video-preview:-1"},"canonical":"https:\/\/craftygenesindonesia.com\/de\/shop\/tierische-hakelmuster\/pedros-ostergeschenk\/","og_locale":"de_DE","og_type":"article","og_title":"Pedro's Ostergeschenk H\u00e4kelmuster","og_description":"Kaufen Sie hier mein Pedro's Ostergeschenk H\u00e4kelmuster. Es ist ein leicht zu befolgendes Muster f\u00fcr einen lustigen Osterhasen auf seinem Motorroller.","og_url":"https:\/\/craftygenesindonesia.com\/de\/shop\/tierische-hakelmuster\/pedros-ostergeschenk\/","og_site_name":"Craftygenesindonesia","article_modified_time":"2026-03-23T03:44:25+00:00","og_image":[{"url":"https:\/\/craftygenesindonesia.com\/wp-content\/uploads\/2024\/02\/Untitled-design-2024-02-14T061606.410-300x300.jpg","type":"","width":"","height":""}],"twitter_card":"summary_large_image","twitter_misc":{"Gesch\u00e4tzte Lesezeit":"1\u00a0Minute"},"schema":{"@context":"https:\/\/schema.org","@graph":[{"@type":"WebPage","@id":"https:\/\/craftygenesindonesia.com\/de\/shop\/tierische-hakelmuster\/pedros-ostergeschenk\/","url":"https:\/\/craftygenesindonesia.com\/de\/shop\/tierische-hakelmuster\/pedros-ostergeschenk\/","name":"Pedro's Ostergeschenk - Craftygenesindonesia","isPartOf":{"@id":"https:\/\/craftygenesindonesia.com\/de\/#website"},"primaryImageOfPage":{"@id":"https:\/\/craftygenesindonesia.com\/de\/shop\/tierische-hakelmuster\/pedros-ostergeschenk\/#primaryimage"},"image":{"@id":"https:\/\/craftygenesindonesia.com\/de\/shop\/tierische-hakelmuster\/pedros-ostergeschenk\/#primaryimage"},"thumbnailUrl":"https:\/\/craftygenesindonesia.com\/wp-content\/uploads\/2024\/02\/Pedro.jpg","datePublished":"2024-02-02T20:58:59+00:00","dateModified":"2026-03-23T03:44:25+00:00","description":"Kaufen Sie hier mein Pedro's Ostergeschenk H\u00e4kelmuster. Es ist ein leicht zu befolgendes Muster f\u00fcr einen lustigen Osterhasen auf seinem Motorroller.","breadcrumb":{"@id":"https:\/\/craftygenesindonesia.com\/de\/shop\/tierische-hakelmuster\/pedros-ostergeschenk\/#breadcrumb"},"inLanguage":"de","potentialAction":[{"@type":"ReadAction","target":["https:\/\/craftygenesindonesia.com\/de\/shop\/tierische-hakelmuster\/pedros-ostergeschenk\/"]}]},{"@type":"ImageObject","inLanguage":"de","@id":"https:\/\/craftygenesindonesia.com\/de\/shop\/tierische-hakelmuster\/pedros-ostergeschenk\/#primaryimage","url":"https:\/\/craftygenesindonesia.com\/wp-content\/uploads\/2024\/02\/Pedro.jpg","contentUrl":"https:\/\/craftygenesindonesia.com\/wp-content\/uploads\/2024\/02\/Pedro.jpg","width":1080,"height":1080,"caption":"crochet Easter bunny on crochet scooter with a basket, Easter egg, daffodil and daisy"},{"@type":"BreadcrumbList","@id":"https:\/\/craftygenesindonesia.com\/de\/shop\/tierische-hakelmuster\/pedros-ostergeschenk\/#breadcrumb","itemListElement":[{"@type":"ListItem","position":1,"name":"Home","item":"https:\/\/craftygenesindonesia.com\/de\/"},{"@type":"ListItem","position":2,"name":"Mustershop","item":"https:\/\/craftygenesindonesia.com\/de\/muster-shop\/"},{"@type":"ListItem","position":3,"name":"Pedro&#8217;s Ostergeschenk"}]},{"@type":"WebSite","@id":"https:\/\/craftygenesindonesia.com\/de\/#website","url":"https:\/\/craftygenesindonesia.com\/de\/","name":"Craftygenesindonesia","description":"","publisher":{"@id":"https:\/\/craftygenesindonesia.com\/de\/#organization"},"potentialAction":[{"@type":"SearchAction","target":{"@type":"EntryPoint","urlTemplate":"https:\/\/craftygenesindonesia.com\/de\/?s={search_term_string}"},"query-input":{"@type":"PropertyValueSpecification","valueRequired":true,"valueName":"search_term_string"}}],"inLanguage":"de"},{"@type":"Organization","@id":"https:\/\/craftygenesindonesia.com\/de\/#organization","name":"Craftygenesindonesia","url":"https:\/\/craftygenesindonesia.com\/de\/","logo":{"@type":"ImageObject","inLanguage":"de","@id":"https:\/\/craftygenesindonesia.com\/de\/#\/schema\/logo\/image\/","url":"https:\/\/craftygenesindonesia.com\/wp-content\/uploads\/2025\/11\/cropped-Copy-of-Craftygenesindonesia.jpg","contentUrl":"https:\/\/craftygenesindonesia.com\/wp-content\/uploads\/2025\/11\/cropped-Copy-of-Craftygenesindonesia.jpg","width":180,"height":60,"caption":"Craftygenesindonesia"},"image":{"@id":"https:\/\/craftygenesindonesia.com\/de\/#\/schema\/logo\/image\/"}}]}},"_links":{"self":[{"href":"https:\/\/craftygenesindonesia.com\/de\/wp-json\/wp\/v2\/product\/987528586","targetHints":{"allow":["GET"]}}],"collection":[{"href":"https:\/\/craftygenesindonesia.com\/de\/wp-json\/wp\/v2\/product"}],"about":[{"href":"https:\/\/craftygenesindonesia.com\/de\/wp-json\/wp\/v2\/types\/product"}],"replies":[{"embeddable":true,"href":"https:\/\/craftygenesindonesia.com\/de\/wp-json\/wp\/v2\/comments?post=987528586"}],"wp:featuredmedia":[{"embeddable":true,"href":"https:\/\/craftygenesindonesia.com\/de\/wp-json\/wp\/v2\/media\/987528587"}],"wp:attachment":[{"href":"https:\/\/craftygenesindonesia.com\/de\/wp-json\/wp\/v2\/media?parent=987528586"}],"wp:term":[{"taxonomy":"product_brand","embeddable":true,"href":"https:\/\/craftygenesindonesia.com\/de\/wp-json\/wp\/v2\/product_brand?post=987528586"},{"taxonomy":"product_cat","embeddable":true,"href":"https:\/\/craftygenesindonesia.com\/de\/wp-json\/wp\/v2\/product_cat?post=987528586"},{"taxonomy":"product_tag","embeddable":true,"href":"https:\/\/craftygenesindonesia.com\/de\/wp-json\/wp\/v2\/product_tag?post=987528586"}],"curies":[{"name":"wp","href":"https:\/\/api.w.org\/{rel}","templated":true}]}}