{"id":987528546,"date":"2024-04-13T05:18:58","date_gmt":"2024-04-12T21:18:58","guid":{"rendered":"https:\/\/craftygenesindonesia.com\/shop\/unkategorisiert\/idalia-6tlg-handtaschen-set\/"},"modified":"2026-03-23T11:34:35","modified_gmt":"2026-03-23T03:34:35","slug":"idalia-6tlg-handtaschen-set","status":"publish","type":"product","link":"https:\/\/craftygenesindonesia.com\/de\/shop\/taschenmuster\/idalia-6tlg-handtaschen-set\/","title":{"rendered":"Idalia 6tlg. Handtaschen-Set"},"content":{"rendered":"<p>In diesem 6in1 Schnittmuster erhalten Sie die Schnittmuster f\u00fcr 6 verschiedene Taschen in diesen Gr\u00f6\u00dfen:<\/p>\n<ul>\n<li>Handtasche: 34x27x11cm\/ 13.4&#215;10.6&#215;4.3inch<\/li>\n<li>Tasche: 25x17x6cm\/ 9.8&#215;6.7&#215;2.4inch<\/li>\n<li>Brieftasche: 13x21x3cm\/ 5.1&#215;8.3&#215;1.2inch<\/li>\n<li>Etui f\u00fcr Schl\u00fcssel: 12x6x1cm\/ 4.7&#215;2.4&#215;0.4inch<\/li>\n<li>Telefonh\u00fclle: 17x11x1cm\/ 6.7x.4.3&#215;0.4inch<\/li>\n<li>M\u00fcnzgeldb\u00f6rse: 8x10x5cm\/ 3.1x4x2inch<\/li>\n<\/ul>\n<p>&nbsp;<\/p>\n<p>Ich habe goldenes Metallic-Nylongarn verwendet, aber Sie k\u00f6nnen jedes beliebige Garn verwenden. Es muss nicht unbedingt Nylon sein.<\/p>\n<p>Ich habe verwendet: 1500m oder etwa 1,3kg D27 Nylon-H\u00e4kelgarn (Gewicht &#8220;SPORT&#8221;)<\/p>\n<p>&nbsp;<\/p>\n<p>H\u00e4kelnadel: 3mm<\/p>\n<p>&nbsp;<\/p>\n<p>Ich habe au\u00dferdem verwendet: Eva-Schaum*, Druckkn\u00f6pfe, D-Ringe, Taschenmagnete, schmelzbare Einlage, Klebestifte, Klebepistole, Tapisserie-Nadel, N\u00e4hnadel und passendes Garn, 1mm durchsichtige und flexible Plastikfolie, N\u00e4hmaschine (optional), 15mm sch\u00f6ne Kn\u00f6pfe, Rei\u00dfverschluss + Rei\u00dfverschlusskopf, Haken, M\u00fcnzgeldbeutelverschluss, Schloss, Schere, Bleistift, Lineal, Stichmarker, N\u00e4hnadeln, B\u00fcgeleisen<\/p>\n<p>&nbsp;<\/p>\n<p>*Der Eva-Schaum kann durch eine einigerma\u00dfen steife Einlage, eine Yogamatte, eine Plastikplane, &#8230; ersetzt werden.<\/p>\n<p>**Auf Seite 2 des Musters sind die ben\u00f6tigten Materialien deutlich abgebildet, damit Sie genau wissen, wovon ich spreche.<\/p>\n<p>&nbsp;<\/p>\n<p>Ben\u00f6tigter Stoff: fester Stoff f\u00fcr das Futter, ca. 1-2m\/yd<\/p>\n<p>&nbsp;<\/p>\n<p><strong>MASCHENWEITE<\/strong>: 10 Maschen x 10 Reihen pro 5cm\/2inch (dies ist eine einfache Masche, die hin und her geh\u00e4kelt wird)<\/p>\n<p>&nbsp;<\/p>\n<p>Dieses Muster ist ein schriftliches Muster mit vielen Bildern, um Ihnen zu helfen. Wenn Sie noch Fragen haben, senden Sie mir bitte eine Nachricht an: <a href=\"mailto:craftygenesindonesia@gmail.com\">craftygenesindonesia@gmail.com<\/a><\/p>\n<p>&nbsp;<\/p>\n<p>**Dieses Muster ist nur f\u00fcr den pers\u00f6nlichen Gebrauch bestimmt und unterliegt einem COPYRIGHT. Das Muster darf daher NICHT kopiert, verkauft, weiterverkauft, \u00fcbersetzt, als eigenes Design beansprucht, verteilt, geteilt, ver\u00f6ffentlicht, online gestellt werden&#8230; in keiner Form ohne meine Zustimmung. Nicht einmal einen Teil davon!!!<\/p>\n<p>&nbsp;<\/p>\n<p>**Sie k\u00f6nnen das fertige Produkt in kleinen Mengen verkaufen, ABER NICHT DAS MUSTER SELBST! Bitte erw\u00e4hnen Sie, dass das Muster von Craftygenesindonesia ist und wo man es kaufen kann<\/p>\n","protected":false},"excerpt":{"rendered":"<p>Dies ist ein 6in1-H\u00e4kel-Handtaschenset. In diesem Muster erhalten Sie die Muster f\u00fcr eine gro\u00dfe Handtasche, eine mittlere Tasche\/Beutel, eine Geldb\u00f6rse, eine Schl\u00fcsseltasche, ein Telefonetui und eine Geldb\u00f6rse mit Verschluss. Alle sind in diesem Muster enthalten. Das Muster ist wirklich einfach und verwendet nur die Grundmaschen.<\/p>\n","protected":false},"featured_media":987528556,"comment_status":"open","ping_status":"closed","template":"","meta":{"_acf_changed":false},"product_brand":[],"product_cat":[12376],"product_tag":[12393,12394,12396,12378,12377,12392,12395],"class_list":{"0":"post-987528546","1":"product","2":"type-product","3":"status-publish","4":"has-post-thumbnail","6":"product_cat-taschenmuster","7":"product_tag-beutel","8":"product_tag-brieftasche","9":"product_tag-cartera-de","10":"product_tag-geldborse","11":"product_tag-handtasche","12":"product_tag-tasche","13":"product_tag-telefonhulle","14":"pa_available_on-craftygenesindonesia","15":"pa_available_on-etsy","16":"pa_available_on-haked-nl","17":"pa_available_on-payhip","18":"pa_available_on-ravelry","19":"pa_languages-deutsch","20":"pa_languages-franzoesisch","21":"pa_languages-niederlaendisch","22":"pa_languages-spanisch","23":"pa_languages-us-englisch","25":"first","26":"instock","27":"downloadable","28":"virtual","29":"purchasable","30":"product-type-simple"},"acf":[],"yoast_head":"<!-- This site is optimized with the Yoast SEO plugin v27.4 - https:\/\/yoast.com\/product\/yoast-seo-wordpress\/ -->\n<title>Idalia 6tlg. Handtaschen-Set H\u00e4kelmuster - Craftygenesindonesia<\/title>\n<meta name=\"description\" content=\"Kaufen Sie hier mein &quot;Idalia 6tlg. Handtaschen-Set&quot; H\u00e4kelmuster. Das einfach zu befolgende H\u00e4kelmuster ist auch erh\u00e4ltlich bei Haked, Etsy, Ravelry, Payhip\" \/>\n<meta name=\"robots\" content=\"index, follow, max-snippet:-1, max-image-preview:large, max-video-preview:-1\" \/>\n<link rel=\"canonical\" href=\"https:\/\/craftygenesindonesia.com\/de\/shop\/taschenmuster\/idalia-6tlg-handtaschen-set\/\" \/>\n<meta property=\"og:locale\" content=\"de_DE\" \/>\n<meta property=\"og:type\" content=\"article\" \/>\n<meta property=\"og:title\" content=\"&quot;Idalia 6pc Handtaschen-Set&quot; H\u00e4kelmuster\" \/>\n<meta property=\"og:description\" content=\"Kaufen Sie hier mein &quot;Idalia 6tlg. Handtaschen-Set&quot; H\u00e4kelmuster. Das einfach zu befolgende H\u00e4kelmuster ist auch erh\u00e4ltlich bei Haked, Etsy, Ravelry, Payhip\" \/>\n<meta property=\"og:url\" content=\"https:\/\/craftygenesindonesia.com\/de\/shop\/taschenmuster\/idalia-6tlg-handtaschen-set\/\" \/>\n<meta property=\"og:site_name\" content=\"Craftygenesindonesia\" \/>\n<meta property=\"article:modified_time\" content=\"2026-03-23T03:34:35+00:00\" \/>\n<meta property=\"og:image\" content=\"https:\/\/craftygenesindonesia.com\/wp-content\/uploads\/2024\/04\/Idalia-Handbag-2-300x300.jpg\" \/>\n<meta name=\"twitter:card\" content=\"summary_large_image\" \/>\n<meta name=\"twitter:label1\" content=\"Gesch\u00e4tzte Lesezeit\" \/>\n\t<meta name=\"twitter:data1\" content=\"2\u00a0Minuten\" \/>\n<script type=\"application\/ld+json\" class=\"yoast-schema-graph\">{\"@context\":\"https:\\\/\\\/schema.org\",\"@graph\":[{\"@type\":\"WebPage\",\"@id\":\"https:\\\/\\\/craftygenesindonesia.com\\\/de\\\/shop\\\/taschenmuster\\\/idalia-6tlg-handtaschen-set\\\/\",\"url\":\"https:\\\/\\\/craftygenesindonesia.com\\\/de\\\/shop\\\/taschenmuster\\\/idalia-6tlg-handtaschen-set\\\/\",\"name\":\"Idalia 6tlg. Handtaschen-Set H\u00e4kelmuster - Craftygenesindonesia\",\"isPartOf\":{\"@id\":\"https:\\\/\\\/craftygenesindonesia.com\\\/de\\\/#website\"},\"primaryImageOfPage\":{\"@id\":\"https:\\\/\\\/craftygenesindonesia.com\\\/de\\\/shop\\\/taschenmuster\\\/idalia-6tlg-handtaschen-set\\\/#primaryimage\"},\"image\":{\"@id\":\"https:\\\/\\\/craftygenesindonesia.com\\\/de\\\/shop\\\/taschenmuster\\\/idalia-6tlg-handtaschen-set\\\/#primaryimage\"},\"thumbnailUrl\":\"https:\\\/\\\/craftygenesindonesia.com\\\/wp-content\\\/uploads\\\/2024\\\/04\\\/Idalia-Handbag-2.jpg\",\"datePublished\":\"2024-04-12T21:18:58+00:00\",\"dateModified\":\"2026-03-23T03:34:35+00:00\",\"description\":\"Kaufen Sie hier mein \\\"Idalia 6tlg. Handtaschen-Set\\\" H\u00e4kelmuster. Das einfach zu befolgende H\u00e4kelmuster ist auch erh\u00e4ltlich bei Haked, Etsy, Ravelry, Payhip\",\"breadcrumb\":{\"@id\":\"https:\\\/\\\/craftygenesindonesia.com\\\/de\\\/shop\\\/taschenmuster\\\/idalia-6tlg-handtaschen-set\\\/#breadcrumb\"},\"inLanguage\":\"de\",\"potentialAction\":[{\"@type\":\"ReadAction\",\"target\":[\"https:\\\/\\\/craftygenesindonesia.com\\\/de\\\/shop\\\/taschenmuster\\\/idalia-6tlg-handtaschen-set\\\/\"]}]},{\"@type\":\"ImageObject\",\"inLanguage\":\"de\",\"@id\":\"https:\\\/\\\/craftygenesindonesia.com\\\/de\\\/shop\\\/taschenmuster\\\/idalia-6tlg-handtaschen-set\\\/#primaryimage\",\"url\":\"https:\\\/\\\/craftygenesindonesia.com\\\/wp-content\\\/uploads\\\/2024\\\/04\\\/Idalia-Handbag-2.jpg\",\"contentUrl\":\"https:\\\/\\\/craftygenesindonesia.com\\\/wp-content\\\/uploads\\\/2024\\\/04\\\/Idalia-Handbag-2.jpg\",\"width\":1080,\"height\":1080,\"caption\":\"\"},{\"@type\":\"BreadcrumbList\",\"@id\":\"https:\\\/\\\/craftygenesindonesia.com\\\/de\\\/shop\\\/taschenmuster\\\/idalia-6tlg-handtaschen-set\\\/#breadcrumb\",\"itemListElement\":[{\"@type\":\"ListItem\",\"position\":1,\"name\":\"Home\",\"item\":\"https:\\\/\\\/craftygenesindonesia.com\\\/de\\\/\"},{\"@type\":\"ListItem\",\"position\":2,\"name\":\"Mustershop\",\"item\":\"https:\\\/\\\/craftygenesindonesia.com\\\/de\\\/muster-shop\\\/\"},{\"@type\":\"ListItem\",\"position\":3,\"name\":\"Idalia 6tlg. Handtaschen-Set\"}]},{\"@type\":\"WebSite\",\"@id\":\"https:\\\/\\\/craftygenesindonesia.com\\\/de\\\/#website\",\"url\":\"https:\\\/\\\/craftygenesindonesia.com\\\/de\\\/\",\"name\":\"Craftygenesindonesia\",\"description\":\"\",\"publisher\":{\"@id\":\"https:\\\/\\\/craftygenesindonesia.com\\\/de\\\/#organization\"},\"potentialAction\":[{\"@type\":\"SearchAction\",\"target\":{\"@type\":\"EntryPoint\",\"urlTemplate\":\"https:\\\/\\\/craftygenesindonesia.com\\\/de\\\/?s={search_term_string}\"},\"query-input\":{\"@type\":\"PropertyValueSpecification\",\"valueRequired\":true,\"valueName\":\"search_term_string\"}}],\"inLanguage\":\"de\"},{\"@type\":\"Organization\",\"@id\":\"https:\\\/\\\/craftygenesindonesia.com\\\/de\\\/#organization\",\"name\":\"Craftygenesindonesia\",\"url\":\"https:\\\/\\\/craftygenesindonesia.com\\\/de\\\/\",\"logo\":{\"@type\":\"ImageObject\",\"inLanguage\":\"de\",\"@id\":\"https:\\\/\\\/craftygenesindonesia.com\\\/de\\\/#\\\/schema\\\/logo\\\/image\\\/\",\"url\":\"https:\\\/\\\/craftygenesindonesia.com\\\/wp-content\\\/uploads\\\/2025\\\/11\\\/cropped-Copy-of-Craftygenesindonesia.jpg\",\"contentUrl\":\"https:\\\/\\\/craftygenesindonesia.com\\\/wp-content\\\/uploads\\\/2025\\\/11\\\/cropped-Copy-of-Craftygenesindonesia.jpg\",\"width\":180,\"height\":60,\"caption\":\"Craftygenesindonesia\"},\"image\":{\"@id\":\"https:\\\/\\\/craftygenesindonesia.com\\\/de\\\/#\\\/schema\\\/logo\\\/image\\\/\"}}]}<\/script>\n<!-- \/ Yoast SEO plugin. -->","yoast_head_json":{"title":"Idalia 6tlg. Handtaschen-Set H\u00e4kelmuster - Craftygenesindonesia","description":"Kaufen Sie hier mein \"Idalia 6tlg. Handtaschen-Set\" H\u00e4kelmuster. Das einfach zu befolgende H\u00e4kelmuster ist auch erh\u00e4ltlich bei Haked, Etsy, Ravelry, Payhip","robots":{"index":"index","follow":"follow","max-snippet":"max-snippet:-1","max-image-preview":"max-image-preview:large","max-video-preview":"max-video-preview:-1"},"canonical":"https:\/\/craftygenesindonesia.com\/de\/shop\/taschenmuster\/idalia-6tlg-handtaschen-set\/","og_locale":"de_DE","og_type":"article","og_title":"\"Idalia 6pc Handtaschen-Set\" H\u00e4kelmuster","og_description":"Kaufen Sie hier mein \"Idalia 6tlg. Handtaschen-Set\" H\u00e4kelmuster. Das einfach zu befolgende H\u00e4kelmuster ist auch erh\u00e4ltlich bei Haked, Etsy, Ravelry, Payhip","og_url":"https:\/\/craftygenesindonesia.com\/de\/shop\/taschenmuster\/idalia-6tlg-handtaschen-set\/","og_site_name":"Craftygenesindonesia","article_modified_time":"2026-03-23T03:34:35+00:00","og_image":[{"url":"https:\/\/craftygenesindonesia.com\/wp-content\/uploads\/2024\/04\/Idalia-Handbag-2-300x300.jpg","type":"","width":"","height":""}],"twitter_card":"summary_large_image","twitter_misc":{"Gesch\u00e4tzte Lesezeit":"2\u00a0Minuten"},"schema":{"@context":"https:\/\/schema.org","@graph":[{"@type":"WebPage","@id":"https:\/\/craftygenesindonesia.com\/de\/shop\/taschenmuster\/idalia-6tlg-handtaschen-set\/","url":"https:\/\/craftygenesindonesia.com\/de\/shop\/taschenmuster\/idalia-6tlg-handtaschen-set\/","name":"Idalia 6tlg. Handtaschen-Set H\u00e4kelmuster - Craftygenesindonesia","isPartOf":{"@id":"https:\/\/craftygenesindonesia.com\/de\/#website"},"primaryImageOfPage":{"@id":"https:\/\/craftygenesindonesia.com\/de\/shop\/taschenmuster\/idalia-6tlg-handtaschen-set\/#primaryimage"},"image":{"@id":"https:\/\/craftygenesindonesia.com\/de\/shop\/taschenmuster\/idalia-6tlg-handtaschen-set\/#primaryimage"},"thumbnailUrl":"https:\/\/craftygenesindonesia.com\/wp-content\/uploads\/2024\/04\/Idalia-Handbag-2.jpg","datePublished":"2024-04-12T21:18:58+00:00","dateModified":"2026-03-23T03:34:35+00:00","description":"Kaufen Sie hier mein \"Idalia 6tlg. Handtaschen-Set\" H\u00e4kelmuster. Das einfach zu befolgende H\u00e4kelmuster ist auch erh\u00e4ltlich bei Haked, Etsy, Ravelry, Payhip","breadcrumb":{"@id":"https:\/\/craftygenesindonesia.com\/de\/shop\/taschenmuster\/idalia-6tlg-handtaschen-set\/#breadcrumb"},"inLanguage":"de","potentialAction":[{"@type":"ReadAction","target":["https:\/\/craftygenesindonesia.com\/de\/shop\/taschenmuster\/idalia-6tlg-handtaschen-set\/"]}]},{"@type":"ImageObject","inLanguage":"de","@id":"https:\/\/craftygenesindonesia.com\/de\/shop\/taschenmuster\/idalia-6tlg-handtaschen-set\/#primaryimage","url":"https:\/\/craftygenesindonesia.com\/wp-content\/uploads\/2024\/04\/Idalia-Handbag-2.jpg","contentUrl":"https:\/\/craftygenesindonesia.com\/wp-content\/uploads\/2024\/04\/Idalia-Handbag-2.jpg","width":1080,"height":1080,"caption":""},{"@type":"BreadcrumbList","@id":"https:\/\/craftygenesindonesia.com\/de\/shop\/taschenmuster\/idalia-6tlg-handtaschen-set\/#breadcrumb","itemListElement":[{"@type":"ListItem","position":1,"name":"Home","item":"https:\/\/craftygenesindonesia.com\/de\/"},{"@type":"ListItem","position":2,"name":"Mustershop","item":"https:\/\/craftygenesindonesia.com\/de\/muster-shop\/"},{"@type":"ListItem","position":3,"name":"Idalia 6tlg. Handtaschen-Set"}]},{"@type":"WebSite","@id":"https:\/\/craftygenesindonesia.com\/de\/#website","url":"https:\/\/craftygenesindonesia.com\/de\/","name":"Craftygenesindonesia","description":"","publisher":{"@id":"https:\/\/craftygenesindonesia.com\/de\/#organization"},"potentialAction":[{"@type":"SearchAction","target":{"@type":"EntryPoint","urlTemplate":"https:\/\/craftygenesindonesia.com\/de\/?s={search_term_string}"},"query-input":{"@type":"PropertyValueSpecification","valueRequired":true,"valueName":"search_term_string"}}],"inLanguage":"de"},{"@type":"Organization","@id":"https:\/\/craftygenesindonesia.com\/de\/#organization","name":"Craftygenesindonesia","url":"https:\/\/craftygenesindonesia.com\/de\/","logo":{"@type":"ImageObject","inLanguage":"de","@id":"https:\/\/craftygenesindonesia.com\/de\/#\/schema\/logo\/image\/","url":"https:\/\/craftygenesindonesia.com\/wp-content\/uploads\/2025\/11\/cropped-Copy-of-Craftygenesindonesia.jpg","contentUrl":"https:\/\/craftygenesindonesia.com\/wp-content\/uploads\/2025\/11\/cropped-Copy-of-Craftygenesindonesia.jpg","width":180,"height":60,"caption":"Craftygenesindonesia"},"image":{"@id":"https:\/\/craftygenesindonesia.com\/de\/#\/schema\/logo\/image\/"}}]}},"_links":{"self":[{"href":"https:\/\/craftygenesindonesia.com\/de\/wp-json\/wp\/v2\/product\/987528546","targetHints":{"allow":["GET"]}}],"collection":[{"href":"https:\/\/craftygenesindonesia.com\/de\/wp-json\/wp\/v2\/product"}],"about":[{"href":"https:\/\/craftygenesindonesia.com\/de\/wp-json\/wp\/v2\/types\/product"}],"replies":[{"embeddable":true,"href":"https:\/\/craftygenesindonesia.com\/de\/wp-json\/wp\/v2\/comments?post=987528546"}],"wp:featuredmedia":[{"embeddable":true,"href":"https:\/\/craftygenesindonesia.com\/de\/wp-json\/wp\/v2\/media\/987528556"}],"wp:attachment":[{"href":"https:\/\/craftygenesindonesia.com\/de\/wp-json\/wp\/v2\/media?parent=987528546"}],"wp:term":[{"taxonomy":"product_brand","embeddable":true,"href":"https:\/\/craftygenesindonesia.com\/de\/wp-json\/wp\/v2\/product_brand?post=987528546"},{"taxonomy":"product_cat","embeddable":true,"href":"https:\/\/craftygenesindonesia.com\/de\/wp-json\/wp\/v2\/product_cat?post=987528546"},{"taxonomy":"product_tag","embeddable":true,"href":"https:\/\/craftygenesindonesia.com\/de\/wp-json\/wp\/v2\/product_tag?post=987528546"}],"curies":[{"name":"wp","href":"https:\/\/api.w.org\/{rel}","templated":true}]}}