{"id":987528517,"date":"2024-05-15T08:55:35","date_gmt":"2024-05-15T00:55:35","guid":{"rendered":"https:\/\/craftygenesindonesia.com\/shop\/unkategorisiert\/koenigin-elizabeth-und-prinz-philip\/"},"modified":"2026-03-23T11:24:50","modified_gmt":"2026-03-23T03:24:50","slug":"koenigin-elizabeth-und-prinz-philip","status":"publish","type":"product","link":"https:\/\/craftygenesindonesia.com\/de\/shop\/damen-und-herren-hakelmuster\/koenigin-elizabeth-und-prinz-philip\/","title":{"rendered":"K\u00f6nigin Elizabeth und Prinz Philip"},"content":{"rendered":"<p>Die K\u00f6nigin ist 17 cm gro\u00df (einschlie\u00dflich Podest und Hut).<br \/>\nDer Prinz ist 21cm (8.4&#8243;) gro\u00df (einschlie\u00dflich Podest und Hut).<\/p>\n<p>Beide werden mit dem Garn &#8220;FINGERING&#8221; und einer H\u00e4kelnadel der Gr\u00f6\u00dfe 2mm hergestellt.<\/p>\n<p>Sie ben\u00f6tigen folgende Farben: hautfarben, wei\u00df, neongr\u00fcn, schwarz, grau, gelb, Mischgarn<\/p>\n<p>H\u00e4kelnadel: Gr\u00f6\u00dfe 2 mm.<\/p>\n<p>Dieses Muster enth\u00e4lt ein schriftliches Muster und viele Bilder, um Ihnen zu helfen.<br \/>\nFalls du Probleme mit dem Verst\u00e4ndnis hast, kannst du mir gerne eine Nachricht schicken: <a href=\"mailto:craftygenesindonesia@gmail.com\">craftygenesindonesia@gmail.com<\/a><\/p>\n<p><strong>Dieses Muster ist nur f\u00fcr den pers\u00f6nlichen Gebrauch bestimmt und unterliegt dem COPYRIGHT. Das Muster ist daher nur f\u00fcr den pers\u00f6nlichen Gebrauch bestimmt und darf NICHT kopiert, verkauft, weiterverkauft, \u00fcbersetzt, als eigenes Design beansprucht, verteilt, geteilt, ver\u00f6ffentlicht, online gestellt werden&#8230; in keiner Form ohne meine Zustimmung. Nicht einmal ein Teil davon!! <\/strong><\/p>\n<p><strong>Sie d\u00fcrfen das fertige Produkt verkaufen, aber nicht das Muster selbst!<\/strong><\/p>\n","protected":false},"excerpt":{"rendered":"<p>Wenn Sie nach einem H\u00e4kelmuster f\u00fcr K\u00f6nigin Elizabeth II. suchen, dann ist dies das Richtige f\u00fcr Sie! Es kommt auch mit Muster f\u00fcr Prinz Philip.<\/p>\n","protected":false},"featured_media":987528518,"comment_status":"open","ping_status":"closed","template":"","meta":{"_acf_changed":false},"product_brand":[],"product_cat":[12177,12325],"product_tag":[12329,12374,12369,12370,12368,12372,12371,12375,12373],"class_list":{"0":"post-987528517","1":"product","2":"type-product","3":"status-publish","4":"has-post-thumbnail","6":"product_cat-damen-und-herren-hakelmuster","7":"product_cat-monarchen-hakelmuster","8":"product_tag-england-de","9":"product_tag-grosbritannien-de","10":"product_tag-konig","11":"product_tag-konigin","12":"product_tag-konigin-elisabeth","13":"product_tag-krone","14":"product_tag-monarch-de","15":"product_tag-prinz","16":"product_tag-prinz-philipp","17":"pa_available_on-craftygenesindonesia","18":"pa_available_on-etsy","19":"pa_available_on-payhip","20":"pa_available_on-ravelry","21":"pa_languages-franzoesisch","22":"pa_languages-niederlaendisch","23":"pa_languages-spanisch","24":"pa_languages-us-englisch","26":"first","27":"instock","28":"downloadable","29":"virtual","30":"purchasable","31":"product-type-simple"},"acf":[],"yoast_head":"<!-- This site is optimized with the Yoast SEO plugin v27.4 - https:\/\/yoast.com\/product\/yoast-seo-wordpress\/ -->\n<title>K\u00f6nigin Elizabeth und Prinz Philip H\u00e4kelmuster - Craftygenesindonesia<\/title>\n<meta name=\"description\" content=\"Kaufen Sie hier mein H\u00e4kelmuster &quot;K\u00f6nigin Elizabeth und Prinz Philip&quot;. Das einfach zu befolgende Muster ist auch auf Etsy und Ravelry erh\u00e4ltlich.\" \/>\n<meta name=\"robots\" content=\"index, follow, max-snippet:-1, max-image-preview:large, max-video-preview:-1\" \/>\n<link rel=\"canonical\" href=\"https:\/\/craftygenesindonesia.com\/de\/shop\/damen-und-herren-hakelmuster\/koenigin-elizabeth-und-prinz-philip\/\" \/>\n<meta property=\"og:locale\" content=\"de_DE\" \/>\n<meta property=\"og:type\" content=\"article\" \/>\n<meta property=\"og:title\" content=\"&quot;K\u00f6nigin Elizabeth &amp; Prinz Philip&quot; H\u00e4kelmuster\" \/>\n<meta property=\"og:description\" content=\"Kaufen Sie hier mein H\u00e4kelmuster &quot;K\u00f6nigin Elizabeth und Prinz Philip&quot;. Das einfach zu befolgende Muster ist auch auf Etsy und Ravelry erh\u00e4ltlich.\" \/>\n<meta property=\"og:url\" content=\"https:\/\/craftygenesindonesia.com\/de\/shop\/damen-und-herren-hakelmuster\/koenigin-elizabeth-und-prinz-philip\/\" \/>\n<meta property=\"og:site_name\" content=\"Craftygenesindonesia\" \/>\n<meta property=\"article:modified_time\" content=\"2026-03-23T03:24:50+00:00\" \/>\n<meta property=\"og:image\" content=\"https:\/\/craftygenesindonesia.com\/wp-content\/uploads\/2024\/05\/Queen-Elizabeth-II-Prince-Philip-1-1-300x300.jpg\" \/>\n<meta name=\"twitter:card\" content=\"summary_large_image\" \/>\n<meta name=\"twitter:label1\" content=\"Gesch\u00e4tzte Lesezeit\" \/>\n\t<meta name=\"twitter:data1\" content=\"1\u00a0Minute\" \/>\n<script type=\"application\/ld+json\" class=\"yoast-schema-graph\">{\"@context\":\"https:\\\/\\\/schema.org\",\"@graph\":[{\"@type\":\"WebPage\",\"@id\":\"https:\\\/\\\/craftygenesindonesia.com\\\/de\\\/shop\\\/damen-und-herren-hakelmuster\\\/koenigin-elizabeth-und-prinz-philip\\\/\",\"url\":\"https:\\\/\\\/craftygenesindonesia.com\\\/de\\\/shop\\\/damen-und-herren-hakelmuster\\\/koenigin-elizabeth-und-prinz-philip\\\/\",\"name\":\"K\u00f6nigin Elizabeth und Prinz Philip H\u00e4kelmuster - Craftygenesindonesia\",\"isPartOf\":{\"@id\":\"https:\\\/\\\/craftygenesindonesia.com\\\/de\\\/#website\"},\"primaryImageOfPage\":{\"@id\":\"https:\\\/\\\/craftygenesindonesia.com\\\/de\\\/shop\\\/damen-und-herren-hakelmuster\\\/koenigin-elizabeth-und-prinz-philip\\\/#primaryimage\"},\"image\":{\"@id\":\"https:\\\/\\\/craftygenesindonesia.com\\\/de\\\/shop\\\/damen-und-herren-hakelmuster\\\/koenigin-elizabeth-und-prinz-philip\\\/#primaryimage\"},\"thumbnailUrl\":\"https:\\\/\\\/craftygenesindonesia.com\\\/wp-content\\\/uploads\\\/2024\\\/05\\\/Queen-Elizabeth-II-Prince-Philip-1-1.jpg\",\"datePublished\":\"2024-05-15T00:55:35+00:00\",\"dateModified\":\"2026-03-23T03:24:50+00:00\",\"description\":\"Kaufen Sie hier mein H\u00e4kelmuster \\\"K\u00f6nigin Elizabeth und Prinz Philip\\\". Das einfach zu befolgende Muster ist auch auf Etsy und Ravelry erh\u00e4ltlich.\",\"breadcrumb\":{\"@id\":\"https:\\\/\\\/craftygenesindonesia.com\\\/de\\\/shop\\\/damen-und-herren-hakelmuster\\\/koenigin-elizabeth-und-prinz-philip\\\/#breadcrumb\"},\"inLanguage\":\"de\",\"potentialAction\":[{\"@type\":\"ReadAction\",\"target\":[\"https:\\\/\\\/craftygenesindonesia.com\\\/de\\\/shop\\\/damen-und-herren-hakelmuster\\\/koenigin-elizabeth-und-prinz-philip\\\/\"]}]},{\"@type\":\"ImageObject\",\"inLanguage\":\"de\",\"@id\":\"https:\\\/\\\/craftygenesindonesia.com\\\/de\\\/shop\\\/damen-und-herren-hakelmuster\\\/koenigin-elizabeth-und-prinz-philip\\\/#primaryimage\",\"url\":\"https:\\\/\\\/craftygenesindonesia.com\\\/wp-content\\\/uploads\\\/2024\\\/05\\\/Queen-Elizabeth-II-Prince-Philip-1-1.jpg\",\"contentUrl\":\"https:\\\/\\\/craftygenesindonesia.com\\\/wp-content\\\/uploads\\\/2024\\\/05\\\/Queen-Elizabeth-II-Prince-Philip-1-1.jpg\",\"width\":1080,\"height\":1080,\"caption\":\"crochet queen Elizabeth II and prince Philip\"},{\"@type\":\"BreadcrumbList\",\"@id\":\"https:\\\/\\\/craftygenesindonesia.com\\\/de\\\/shop\\\/damen-und-herren-hakelmuster\\\/koenigin-elizabeth-und-prinz-philip\\\/#breadcrumb\",\"itemListElement\":[{\"@type\":\"ListItem\",\"position\":1,\"name\":\"Home\",\"item\":\"https:\\\/\\\/craftygenesindonesia.com\\\/de\\\/\"},{\"@type\":\"ListItem\",\"position\":2,\"name\":\"Mustershop\",\"item\":\"https:\\\/\\\/craftygenesindonesia.com\\\/de\\\/muster-shop\\\/\"},{\"@type\":\"ListItem\",\"position\":3,\"name\":\"K\u00f6nigin Elizabeth und Prinz Philip\"}]},{\"@type\":\"WebSite\",\"@id\":\"https:\\\/\\\/craftygenesindonesia.com\\\/de\\\/#website\",\"url\":\"https:\\\/\\\/craftygenesindonesia.com\\\/de\\\/\",\"name\":\"Craftygenesindonesia\",\"description\":\"\",\"publisher\":{\"@id\":\"https:\\\/\\\/craftygenesindonesia.com\\\/de\\\/#organization\"},\"potentialAction\":[{\"@type\":\"SearchAction\",\"target\":{\"@type\":\"EntryPoint\",\"urlTemplate\":\"https:\\\/\\\/craftygenesindonesia.com\\\/de\\\/?s={search_term_string}\"},\"query-input\":{\"@type\":\"PropertyValueSpecification\",\"valueRequired\":true,\"valueName\":\"search_term_string\"}}],\"inLanguage\":\"de\"},{\"@type\":\"Organization\",\"@id\":\"https:\\\/\\\/craftygenesindonesia.com\\\/de\\\/#organization\",\"name\":\"Craftygenesindonesia\",\"url\":\"https:\\\/\\\/craftygenesindonesia.com\\\/de\\\/\",\"logo\":{\"@type\":\"ImageObject\",\"inLanguage\":\"de\",\"@id\":\"https:\\\/\\\/craftygenesindonesia.com\\\/de\\\/#\\\/schema\\\/logo\\\/image\\\/\",\"url\":\"https:\\\/\\\/craftygenesindonesia.com\\\/wp-content\\\/uploads\\\/2025\\\/11\\\/cropped-Copy-of-Craftygenesindonesia.jpg\",\"contentUrl\":\"https:\\\/\\\/craftygenesindonesia.com\\\/wp-content\\\/uploads\\\/2025\\\/11\\\/cropped-Copy-of-Craftygenesindonesia.jpg\",\"width\":180,\"height\":60,\"caption\":\"Craftygenesindonesia\"},\"image\":{\"@id\":\"https:\\\/\\\/craftygenesindonesia.com\\\/de\\\/#\\\/schema\\\/logo\\\/image\\\/\"}}]}<\/script>\n<!-- \/ Yoast SEO plugin. -->","yoast_head_json":{"title":"K\u00f6nigin Elizabeth und Prinz Philip H\u00e4kelmuster - Craftygenesindonesia","description":"Kaufen Sie hier mein H\u00e4kelmuster \"K\u00f6nigin Elizabeth und Prinz Philip\". Das einfach zu befolgende Muster ist auch auf Etsy und Ravelry erh\u00e4ltlich.","robots":{"index":"index","follow":"follow","max-snippet":"max-snippet:-1","max-image-preview":"max-image-preview:large","max-video-preview":"max-video-preview:-1"},"canonical":"https:\/\/craftygenesindonesia.com\/de\/shop\/damen-und-herren-hakelmuster\/koenigin-elizabeth-und-prinz-philip\/","og_locale":"de_DE","og_type":"article","og_title":"\"K\u00f6nigin Elizabeth & Prinz Philip\" H\u00e4kelmuster","og_description":"Kaufen Sie hier mein H\u00e4kelmuster \"K\u00f6nigin Elizabeth und Prinz Philip\". Das einfach zu befolgende Muster ist auch auf Etsy und Ravelry erh\u00e4ltlich.","og_url":"https:\/\/craftygenesindonesia.com\/de\/shop\/damen-und-herren-hakelmuster\/koenigin-elizabeth-und-prinz-philip\/","og_site_name":"Craftygenesindonesia","article_modified_time":"2026-03-23T03:24:50+00:00","og_image":[{"url":"https:\/\/craftygenesindonesia.com\/wp-content\/uploads\/2024\/05\/Queen-Elizabeth-II-Prince-Philip-1-1-300x300.jpg","type":"","width":"","height":""}],"twitter_card":"summary_large_image","twitter_misc":{"Gesch\u00e4tzte Lesezeit":"1\u00a0Minute"},"schema":{"@context":"https:\/\/schema.org","@graph":[{"@type":"WebPage","@id":"https:\/\/craftygenesindonesia.com\/de\/shop\/damen-und-herren-hakelmuster\/koenigin-elizabeth-und-prinz-philip\/","url":"https:\/\/craftygenesindonesia.com\/de\/shop\/damen-und-herren-hakelmuster\/koenigin-elizabeth-und-prinz-philip\/","name":"K\u00f6nigin Elizabeth und Prinz Philip H\u00e4kelmuster - Craftygenesindonesia","isPartOf":{"@id":"https:\/\/craftygenesindonesia.com\/de\/#website"},"primaryImageOfPage":{"@id":"https:\/\/craftygenesindonesia.com\/de\/shop\/damen-und-herren-hakelmuster\/koenigin-elizabeth-und-prinz-philip\/#primaryimage"},"image":{"@id":"https:\/\/craftygenesindonesia.com\/de\/shop\/damen-und-herren-hakelmuster\/koenigin-elizabeth-und-prinz-philip\/#primaryimage"},"thumbnailUrl":"https:\/\/craftygenesindonesia.com\/wp-content\/uploads\/2024\/05\/Queen-Elizabeth-II-Prince-Philip-1-1.jpg","datePublished":"2024-05-15T00:55:35+00:00","dateModified":"2026-03-23T03:24:50+00:00","description":"Kaufen Sie hier mein H\u00e4kelmuster \"K\u00f6nigin Elizabeth und Prinz Philip\". Das einfach zu befolgende Muster ist auch auf Etsy und Ravelry erh\u00e4ltlich.","breadcrumb":{"@id":"https:\/\/craftygenesindonesia.com\/de\/shop\/damen-und-herren-hakelmuster\/koenigin-elizabeth-und-prinz-philip\/#breadcrumb"},"inLanguage":"de","potentialAction":[{"@type":"ReadAction","target":["https:\/\/craftygenesindonesia.com\/de\/shop\/damen-und-herren-hakelmuster\/koenigin-elizabeth-und-prinz-philip\/"]}]},{"@type":"ImageObject","inLanguage":"de","@id":"https:\/\/craftygenesindonesia.com\/de\/shop\/damen-und-herren-hakelmuster\/koenigin-elizabeth-und-prinz-philip\/#primaryimage","url":"https:\/\/craftygenesindonesia.com\/wp-content\/uploads\/2024\/05\/Queen-Elizabeth-II-Prince-Philip-1-1.jpg","contentUrl":"https:\/\/craftygenesindonesia.com\/wp-content\/uploads\/2024\/05\/Queen-Elizabeth-II-Prince-Philip-1-1.jpg","width":1080,"height":1080,"caption":"crochet queen Elizabeth II and prince Philip"},{"@type":"BreadcrumbList","@id":"https:\/\/craftygenesindonesia.com\/de\/shop\/damen-und-herren-hakelmuster\/koenigin-elizabeth-und-prinz-philip\/#breadcrumb","itemListElement":[{"@type":"ListItem","position":1,"name":"Home","item":"https:\/\/craftygenesindonesia.com\/de\/"},{"@type":"ListItem","position":2,"name":"Mustershop","item":"https:\/\/craftygenesindonesia.com\/de\/muster-shop\/"},{"@type":"ListItem","position":3,"name":"K\u00f6nigin Elizabeth und Prinz Philip"}]},{"@type":"WebSite","@id":"https:\/\/craftygenesindonesia.com\/de\/#website","url":"https:\/\/craftygenesindonesia.com\/de\/","name":"Craftygenesindonesia","description":"","publisher":{"@id":"https:\/\/craftygenesindonesia.com\/de\/#organization"},"potentialAction":[{"@type":"SearchAction","target":{"@type":"EntryPoint","urlTemplate":"https:\/\/craftygenesindonesia.com\/de\/?s={search_term_string}"},"query-input":{"@type":"PropertyValueSpecification","valueRequired":true,"valueName":"search_term_string"}}],"inLanguage":"de"},{"@type":"Organization","@id":"https:\/\/craftygenesindonesia.com\/de\/#organization","name":"Craftygenesindonesia","url":"https:\/\/craftygenesindonesia.com\/de\/","logo":{"@type":"ImageObject","inLanguage":"de","@id":"https:\/\/craftygenesindonesia.com\/de\/#\/schema\/logo\/image\/","url":"https:\/\/craftygenesindonesia.com\/wp-content\/uploads\/2025\/11\/cropped-Copy-of-Craftygenesindonesia.jpg","contentUrl":"https:\/\/craftygenesindonesia.com\/wp-content\/uploads\/2025\/11\/cropped-Copy-of-Craftygenesindonesia.jpg","width":180,"height":60,"caption":"Craftygenesindonesia"},"image":{"@id":"https:\/\/craftygenesindonesia.com\/de\/#\/schema\/logo\/image\/"}}]}},"_links":{"self":[{"href":"https:\/\/craftygenesindonesia.com\/de\/wp-json\/wp\/v2\/product\/987528517","targetHints":{"allow":["GET"]}}],"collection":[{"href":"https:\/\/craftygenesindonesia.com\/de\/wp-json\/wp\/v2\/product"}],"about":[{"href":"https:\/\/craftygenesindonesia.com\/de\/wp-json\/wp\/v2\/types\/product"}],"replies":[{"embeddable":true,"href":"https:\/\/craftygenesindonesia.com\/de\/wp-json\/wp\/v2\/comments?post=987528517"}],"wp:featuredmedia":[{"embeddable":true,"href":"https:\/\/craftygenesindonesia.com\/de\/wp-json\/wp\/v2\/media\/987528518"}],"wp:attachment":[{"href":"https:\/\/craftygenesindonesia.com\/de\/wp-json\/wp\/v2\/media?parent=987528517"}],"wp:term":[{"taxonomy":"product_brand","embeddable":true,"href":"https:\/\/craftygenesindonesia.com\/de\/wp-json\/wp\/v2\/product_brand?post=987528517"},{"taxonomy":"product_cat","embeddable":true,"href":"https:\/\/craftygenesindonesia.com\/de\/wp-json\/wp\/v2\/product_cat?post=987528517"},{"taxonomy":"product_tag","embeddable":true,"href":"https:\/\/craftygenesindonesia.com\/de\/wp-json\/wp\/v2\/product_tag?post=987528517"}],"curies":[{"name":"wp","href":"https:\/\/api.w.org\/{rel}","templated":true}]}}