{"id":987528496,"date":"2024-06-01T04:43:59","date_gmt":"2024-05-31T20:43:59","guid":{"rendered":"https:\/\/craftygenesindonesia.com\/shop\/unkategorisiert\/bombenflugzeug\/"},"modified":"2026-03-23T11:21:11","modified_gmt":"2026-03-23T03:21:11","slug":"bombenflugzeug","status":"publish","type":"product","link":"https:\/\/craftygenesindonesia.com\/de\/shop\/3d-hakelmuster\/bombenflugzeug\/","title":{"rendered":"Bombenflugzeug"},"content":{"rendered":"<p>Dieses Bombenflugzeug wird mit einem f\u00fcr Amigurumi geeigneten Garn der St\u00e4rke &#8220;FINGERING&#8221; und einer 2 mm H\u00e4kelnadel hergestellt.<\/p>\n<p>Gr\u00f6\u00dfe:<\/p>\n<ul>\n<li>Fl\u00fcgelspannweite: 74cm \/ 29inch<\/li>\n<li>L\u00e4nge des Flugzeugs: 52cm \/ 20.5inch<\/li>\n<\/ul>\n<p>&nbsp;<\/p>\n<p>Ben\u00f6tigte Farben: Armeegr\u00fcn, Schwarz, Hellgrau, Rot, Blau, Wei\u00df, Gelb<\/p>\n<p>H\u00e4kelnadel: Gr\u00f6\u00dfe 2mm<\/p>\n<p>Dieses Muster ist ein schriftliches Muster mit vielen Bildern, um Ihnen zu helfen. Wenn Sie noch Fragen haben, senden Sie mir bitte eine Nachricht an: <a href=\"mailto:craftygenesindonesia@gmail.com\">craftygenesindonesia@gmail.com<\/a><\/p>\n<p><strong><em>-Dieses Muster ist nur f\u00fcr den pers\u00f6nlichen Gebrauch bestimmt und unterliegt einem COPYRIGHT. Das Muster darf daher NICHT kopiert, verkauft, weiterverkauft, \u00fcbersetzt, als eigenes Design beansprucht, verteilt, geteilt, ver\u00f6ffentlicht, online gestellt werden&#8230; in keiner Form ohne meine Zustimmung. Nicht einmal ein Teil davon!!!**<\/em><\/strong><\/p>\n<p><strong>&#8211;<em>Sie k\u00f6nnen das fertige Produkt in kleinen Mengen verkaufen, aber NICHT das Muster selbst! Bitte erw\u00e4hnen Sie, dass das Muster von Craftygenesindonesia ist und wo man es kaufen kann <\/em><\/strong><\/p>\n","protected":false},"excerpt":{"rendered":"<p>Dieses Bombenflugzeug ist eines, das perfekt zu meinen geh\u00e4kelten Soldaten passt. Wenn Sie jemanden kennen, der Flugzeuge liebt, werden Sie dieses Muster brauchen. Wenn Sie jemanden kennen, der seine (geh\u00e4kelte oder gestrickte) Milit\u00e4rsammlung erweitern m\u00f6chte, dann ist dieses Muster genau das Richtige f\u00fcr Sie.<\/p>\n<p>Link zu den geh\u00e4kelten m\u00e4nnlichen Soldaten: <a href=\"https:\/\/craftygenesindonesia.com\/de\/?attachment_id=987527594\">For The Fallen Armed Forces H\u00e4kelmuster &#8211; Craftygenesindonesia<\/a><\/p>\n<p>Link zu den geh\u00e4kelten Soldatinnen: <a href=\"https:\/\/craftygenesindonesia.com\/product\/for-the-fallen-ladies\/\">F\u00fcr die Gefallenen Damen h\u00e4keln Muster &#8211; Craftygenesindonesia<\/a><\/p>\n<p>Link zu den gestrickten m\u00e4nnlichen Soldaten: <a href=\"https:\/\/craftygenesindonesia.com\/de\/?attachment_id=987520076\">For All Our Guardians Strickmuster &#8211; Craftygenesindonesia<\/a><\/p>\n","protected":false},"featured_media":987528503,"comment_status":"open","ping_status":"closed","template":"","meta":{"_acf_changed":false},"product_brand":[],"product_cat":[12164,12182],"product_tag":[12186,12364,12363,12362,12253,12321,12189,12365],"class_list":{"0":"post-987528496","1":"product","2":"type-product","3":"status-publish","4":"has-post-thumbnail","6":"product_cat-3d-hakelmuster","7":"product_cat-militar-de","8":"product_tag-armee","9":"product_tag-bombenflugzeug","10":"product_tag-bombenleger","11":"product_tag-flugzeug","12":"product_tag-gedenkstatte","13":"product_tag-luftwaffe","14":"product_tag-militar-de","15":"product_tag-zweiter-weltkrieg","16":"pa_available_on-craftygenesindonesia","17":"pa_available_on-etsy","18":"pa_available_on-haked-nl","19":"pa_available_on-payhip","20":"pa_available_on-ravelry","21":"pa_languages-deutsch","22":"pa_languages-franzoesisch","23":"pa_languages-grossbritannien-englisch","24":"pa_languages-niederlaendisch","25":"pa_languages-spanisch","26":"pa_languages-us-englisch","28":"first","29":"instock","30":"downloadable","31":"virtual","32":"purchasable","33":"product-type-simple"},"acf":[],"yoast_head":"<!-- This site is optimized with the Yoast SEO plugin v27.3 - https:\/\/yoast.com\/product\/yoast-seo-wordpress\/ -->\n<title>Bombenflugzeug H\u00e4kelmuster - Craftygenesindonesia<\/title>\n<meta name=\"description\" content=\"Kaufen Sie hier mein &quot;Bombenflugzeug&quot;-H\u00e4kelmuster. Das einfach zu befolgende H\u00e4kelmuster ist auch auf Etsy, Haked.nl, Ravelry\" \/>\n<meta name=\"robots\" content=\"index, follow, max-snippet:-1, max-image-preview:large, max-video-preview:-1\" \/>\n<link rel=\"canonical\" href=\"https:\/\/craftygenesindonesia.com\/de\/shop\/3d-hakelmuster\/bombenflugzeug\/\" \/>\n<meta property=\"og:locale\" content=\"de_DE\" \/>\n<meta property=\"og:type\" content=\"article\" \/>\n<meta property=\"og:title\" content=\"&quot;Bombenflugzeug&quot; H\u00e4kelmuster\" \/>\n<meta property=\"og:description\" content=\"Kaufen Sie hier mein &quot;Bombenflugzeug&quot;-H\u00e4kelmuster. Das einfach zu befolgende H\u00e4kelmuster ist auch auf Etsy, Haked.nl, Ravelry\" \/>\n<meta property=\"og:url\" content=\"https:\/\/craftygenesindonesia.com\/de\/shop\/3d-hakelmuster\/bombenflugzeug\/\" \/>\n<meta property=\"og:site_name\" content=\"Craftygenesindonesia\" \/>\n<meta property=\"article:modified_time\" content=\"2026-03-23T03:21:11+00:00\" \/>\n<meta property=\"og:image\" content=\"https:\/\/craftygenesindonesia.com\/wp-content\/uploads\/2024\/06\/Bomber-Plane-1-300x300.jpg\" \/>\n<meta name=\"twitter:card\" content=\"summary_large_image\" \/>\n<meta name=\"twitter:label1\" content=\"Gesch\u00e4tzte Lesezeit\" \/>\n\t<meta name=\"twitter:data1\" content=\"1\u00a0Minute\" \/>\n<script type=\"application\/ld+json\" class=\"yoast-schema-graph\">{\"@context\":\"https:\\\/\\\/schema.org\",\"@graph\":[{\"@type\":\"WebPage\",\"@id\":\"https:\\\/\\\/craftygenesindonesia.com\\\/de\\\/shop\\\/3d-hakelmuster\\\/bombenflugzeug\\\/\",\"url\":\"https:\\\/\\\/craftygenesindonesia.com\\\/de\\\/shop\\\/3d-hakelmuster\\\/bombenflugzeug\\\/\",\"name\":\"Bombenflugzeug H\u00e4kelmuster - Craftygenesindonesia\",\"isPartOf\":{\"@id\":\"https:\\\/\\\/craftygenesindonesia.com\\\/de\\\/#website\"},\"primaryImageOfPage\":{\"@id\":\"https:\\\/\\\/craftygenesindonesia.com\\\/de\\\/shop\\\/3d-hakelmuster\\\/bombenflugzeug\\\/#primaryimage\"},\"image\":{\"@id\":\"https:\\\/\\\/craftygenesindonesia.com\\\/de\\\/shop\\\/3d-hakelmuster\\\/bombenflugzeug\\\/#primaryimage\"},\"thumbnailUrl\":\"https:\\\/\\\/craftygenesindonesia.com\\\/wp-content\\\/uploads\\\/2024\\\/06\\\/Bomber-Plane-1.jpg\",\"datePublished\":\"2024-05-31T20:43:59+00:00\",\"dateModified\":\"2026-03-23T03:21:11+00:00\",\"description\":\"Kaufen Sie hier mein \\\"Bombenflugzeug\\\"-H\u00e4kelmuster. Das einfach zu befolgende H\u00e4kelmuster ist auch auf Etsy, Haked.nl, Ravelry\",\"breadcrumb\":{\"@id\":\"https:\\\/\\\/craftygenesindonesia.com\\\/de\\\/shop\\\/3d-hakelmuster\\\/bombenflugzeug\\\/#breadcrumb\"},\"inLanguage\":\"de\",\"potentialAction\":[{\"@type\":\"ReadAction\",\"target\":[\"https:\\\/\\\/craftygenesindonesia.com\\\/de\\\/shop\\\/3d-hakelmuster\\\/bombenflugzeug\\\/\"]}]},{\"@type\":\"ImageObject\",\"inLanguage\":\"de\",\"@id\":\"https:\\\/\\\/craftygenesindonesia.com\\\/de\\\/shop\\\/3d-hakelmuster\\\/bombenflugzeug\\\/#primaryimage\",\"url\":\"https:\\\/\\\/craftygenesindonesia.com\\\/wp-content\\\/uploads\\\/2024\\\/06\\\/Bomber-Plane-1.jpg\",\"contentUrl\":\"https:\\\/\\\/craftygenesindonesia.com\\\/wp-content\\\/uploads\\\/2024\\\/06\\\/Bomber-Plane-1.jpg\",\"width\":1080,\"height\":1080,\"caption\":\"crochet bomber plane\"},{\"@type\":\"BreadcrumbList\",\"@id\":\"https:\\\/\\\/craftygenesindonesia.com\\\/de\\\/shop\\\/3d-hakelmuster\\\/bombenflugzeug\\\/#breadcrumb\",\"itemListElement\":[{\"@type\":\"ListItem\",\"position\":1,\"name\":\"Home\",\"item\":\"https:\\\/\\\/craftygenesindonesia.com\\\/de\\\/\"},{\"@type\":\"ListItem\",\"position\":2,\"name\":\"Mustershop\",\"item\":\"https:\\\/\\\/craftygenesindonesia.com\\\/de\\\/muster-shop\\\/\"},{\"@type\":\"ListItem\",\"position\":3,\"name\":\"Bombenflugzeug\"}]},{\"@type\":\"WebSite\",\"@id\":\"https:\\\/\\\/craftygenesindonesia.com\\\/de\\\/#website\",\"url\":\"https:\\\/\\\/craftygenesindonesia.com\\\/de\\\/\",\"name\":\"Craftygenesindonesia\",\"description\":\"\",\"publisher\":{\"@id\":\"https:\\\/\\\/craftygenesindonesia.com\\\/de\\\/#organization\"},\"potentialAction\":[{\"@type\":\"SearchAction\",\"target\":{\"@type\":\"EntryPoint\",\"urlTemplate\":\"https:\\\/\\\/craftygenesindonesia.com\\\/de\\\/?s={search_term_string}\"},\"query-input\":{\"@type\":\"PropertyValueSpecification\",\"valueRequired\":true,\"valueName\":\"search_term_string\"}}],\"inLanguage\":\"de\"},{\"@type\":\"Organization\",\"@id\":\"https:\\\/\\\/craftygenesindonesia.com\\\/de\\\/#organization\",\"name\":\"Craftygenesindonesia\",\"url\":\"https:\\\/\\\/craftygenesindonesia.com\\\/de\\\/\",\"logo\":{\"@type\":\"ImageObject\",\"inLanguage\":\"de\",\"@id\":\"https:\\\/\\\/craftygenesindonesia.com\\\/de\\\/#\\\/schema\\\/logo\\\/image\\\/\",\"url\":\"https:\\\/\\\/craftygenesindonesia.com\\\/wp-content\\\/uploads\\\/2025\\\/11\\\/cropped-Copy-of-Craftygenesindonesia.jpg\",\"contentUrl\":\"https:\\\/\\\/craftygenesindonesia.com\\\/wp-content\\\/uploads\\\/2025\\\/11\\\/cropped-Copy-of-Craftygenesindonesia.jpg\",\"width\":180,\"height\":60,\"caption\":\"Craftygenesindonesia\"},\"image\":{\"@id\":\"https:\\\/\\\/craftygenesindonesia.com\\\/de\\\/#\\\/schema\\\/logo\\\/image\\\/\"}}]}<\/script>\n<!-- \/ Yoast SEO plugin. -->","yoast_head_json":{"title":"Bombenflugzeug H\u00e4kelmuster - Craftygenesindonesia","description":"Kaufen Sie hier mein \"Bombenflugzeug\"-H\u00e4kelmuster. Das einfach zu befolgende H\u00e4kelmuster ist auch auf Etsy, Haked.nl, Ravelry","robots":{"index":"index","follow":"follow","max-snippet":"max-snippet:-1","max-image-preview":"max-image-preview:large","max-video-preview":"max-video-preview:-1"},"canonical":"https:\/\/craftygenesindonesia.com\/de\/shop\/3d-hakelmuster\/bombenflugzeug\/","og_locale":"de_DE","og_type":"article","og_title":"\"Bombenflugzeug\" H\u00e4kelmuster","og_description":"Kaufen Sie hier mein \"Bombenflugzeug\"-H\u00e4kelmuster. Das einfach zu befolgende H\u00e4kelmuster ist auch auf Etsy, Haked.nl, Ravelry","og_url":"https:\/\/craftygenesindonesia.com\/de\/shop\/3d-hakelmuster\/bombenflugzeug\/","og_site_name":"Craftygenesindonesia","article_modified_time":"2026-03-23T03:21:11+00:00","og_image":[{"url":"https:\/\/craftygenesindonesia.com\/wp-content\/uploads\/2024\/06\/Bomber-Plane-1-300x300.jpg","type":"","width":"","height":""}],"twitter_card":"summary_large_image","twitter_misc":{"Gesch\u00e4tzte Lesezeit":"1\u00a0Minute"},"schema":{"@context":"https:\/\/schema.org","@graph":[{"@type":"WebPage","@id":"https:\/\/craftygenesindonesia.com\/de\/shop\/3d-hakelmuster\/bombenflugzeug\/","url":"https:\/\/craftygenesindonesia.com\/de\/shop\/3d-hakelmuster\/bombenflugzeug\/","name":"Bombenflugzeug H\u00e4kelmuster - Craftygenesindonesia","isPartOf":{"@id":"https:\/\/craftygenesindonesia.com\/de\/#website"},"primaryImageOfPage":{"@id":"https:\/\/craftygenesindonesia.com\/de\/shop\/3d-hakelmuster\/bombenflugzeug\/#primaryimage"},"image":{"@id":"https:\/\/craftygenesindonesia.com\/de\/shop\/3d-hakelmuster\/bombenflugzeug\/#primaryimage"},"thumbnailUrl":"https:\/\/craftygenesindonesia.com\/wp-content\/uploads\/2024\/06\/Bomber-Plane-1.jpg","datePublished":"2024-05-31T20:43:59+00:00","dateModified":"2026-03-23T03:21:11+00:00","description":"Kaufen Sie hier mein \"Bombenflugzeug\"-H\u00e4kelmuster. Das einfach zu befolgende H\u00e4kelmuster ist auch auf Etsy, Haked.nl, Ravelry","breadcrumb":{"@id":"https:\/\/craftygenesindonesia.com\/de\/shop\/3d-hakelmuster\/bombenflugzeug\/#breadcrumb"},"inLanguage":"de","potentialAction":[{"@type":"ReadAction","target":["https:\/\/craftygenesindonesia.com\/de\/shop\/3d-hakelmuster\/bombenflugzeug\/"]}]},{"@type":"ImageObject","inLanguage":"de","@id":"https:\/\/craftygenesindonesia.com\/de\/shop\/3d-hakelmuster\/bombenflugzeug\/#primaryimage","url":"https:\/\/craftygenesindonesia.com\/wp-content\/uploads\/2024\/06\/Bomber-Plane-1.jpg","contentUrl":"https:\/\/craftygenesindonesia.com\/wp-content\/uploads\/2024\/06\/Bomber-Plane-1.jpg","width":1080,"height":1080,"caption":"crochet bomber plane"},{"@type":"BreadcrumbList","@id":"https:\/\/craftygenesindonesia.com\/de\/shop\/3d-hakelmuster\/bombenflugzeug\/#breadcrumb","itemListElement":[{"@type":"ListItem","position":1,"name":"Home","item":"https:\/\/craftygenesindonesia.com\/de\/"},{"@type":"ListItem","position":2,"name":"Mustershop","item":"https:\/\/craftygenesindonesia.com\/de\/muster-shop\/"},{"@type":"ListItem","position":3,"name":"Bombenflugzeug"}]},{"@type":"WebSite","@id":"https:\/\/craftygenesindonesia.com\/de\/#website","url":"https:\/\/craftygenesindonesia.com\/de\/","name":"Craftygenesindonesia","description":"","publisher":{"@id":"https:\/\/craftygenesindonesia.com\/de\/#organization"},"potentialAction":[{"@type":"SearchAction","target":{"@type":"EntryPoint","urlTemplate":"https:\/\/craftygenesindonesia.com\/de\/?s={search_term_string}"},"query-input":{"@type":"PropertyValueSpecification","valueRequired":true,"valueName":"search_term_string"}}],"inLanguage":"de"},{"@type":"Organization","@id":"https:\/\/craftygenesindonesia.com\/de\/#organization","name":"Craftygenesindonesia","url":"https:\/\/craftygenesindonesia.com\/de\/","logo":{"@type":"ImageObject","inLanguage":"de","@id":"https:\/\/craftygenesindonesia.com\/de\/#\/schema\/logo\/image\/","url":"https:\/\/craftygenesindonesia.com\/wp-content\/uploads\/2025\/11\/cropped-Copy-of-Craftygenesindonesia.jpg","contentUrl":"https:\/\/craftygenesindonesia.com\/wp-content\/uploads\/2025\/11\/cropped-Copy-of-Craftygenesindonesia.jpg","width":180,"height":60,"caption":"Craftygenesindonesia"},"image":{"@id":"https:\/\/craftygenesindonesia.com\/de\/#\/schema\/logo\/image\/"}}]}},"_links":{"self":[{"href":"https:\/\/craftygenesindonesia.com\/de\/wp-json\/wp\/v2\/product\/987528496","targetHints":{"allow":["GET"]}}],"collection":[{"href":"https:\/\/craftygenesindonesia.com\/de\/wp-json\/wp\/v2\/product"}],"about":[{"href":"https:\/\/craftygenesindonesia.com\/de\/wp-json\/wp\/v2\/types\/product"}],"replies":[{"embeddable":true,"href":"https:\/\/craftygenesindonesia.com\/de\/wp-json\/wp\/v2\/comments?post=987528496"}],"wp:featuredmedia":[{"embeddable":true,"href":"https:\/\/craftygenesindonesia.com\/de\/wp-json\/wp\/v2\/media\/987528503"}],"wp:attachment":[{"href":"https:\/\/craftygenesindonesia.com\/de\/wp-json\/wp\/v2\/media?parent=987528496"}],"wp:term":[{"taxonomy":"product_brand","embeddable":true,"href":"https:\/\/craftygenesindonesia.com\/de\/wp-json\/wp\/v2\/product_brand?post=987528496"},{"taxonomy":"product_cat","embeddable":true,"href":"https:\/\/craftygenesindonesia.com\/de\/wp-json\/wp\/v2\/product_cat?post=987528496"},{"taxonomy":"product_tag","embeddable":true,"href":"https:\/\/craftygenesindonesia.com\/de\/wp-json\/wp\/v2\/product_tag?post=987528496"}],"curies":[{"name":"wp","href":"https:\/\/api.w.org\/{rel}","templated":true}]}}