{"id":987528449,"date":"2024-07-06T07:06:27","date_gmt":"2024-07-05T23:06:27","guid":{"rendered":"https:\/\/craftygenesindonesia.com\/shop\/unkategorisiert\/bethlehem-weihnachtskrippe\/"},"modified":"2026-03-23T11:14:06","modified_gmt":"2026-03-23T03:14:06","slug":"bethlehem-weihnachtskrippe","status":"publish","type":"product","link":"https:\/\/craftygenesindonesia.com\/de\/shop\/religiose-hakelmuster\/bethlehem-weihnachtskrippe\/","title":{"rendered":"Bethlehem Weihnachtskrippe"},"content":{"rendered":"<p>Gr\u00f6\u00dfe:<\/p>\n<ul>\n<li>Der gesamte Komplex: 80x54x36cm\/31.5x21x14inch<\/li>\n<li>Krippe: 12x7x7cm\/4.7&#215;2.7&#215;2.7inch<\/li>\n<li>Maria: 14cm\/ 5.5inch<\/li>\n<li>Joseph: 20cm\/ 7.8inch<\/li>\n<li>Stehende K\u00f6nige: 20cm\/ 7.8inch<\/li>\n<li>Kniender K\u00f6nig: 15cm\/ 5.9inch<\/li>\n<li>Hirte: 20cm\/ 7.8inch<\/li>\n<li>Gro\u00dfe Schafe: 7x10x7cm\/ 2.7x4x2.7inch<\/li>\n<li>Kleine Schafe: 8x6x4cm\/ 3.1&#215;2.4&#215;1.5inch<\/li>\n<li>Esel &amp; Ochse: 8x16x7cm\/ 3.1x\/6.2&#215;2.7inch<\/li>\n<li>Dromedar: 13x20x9cm\/ 5.1&#215;7.8&#215;3.5inch<\/li>\n<\/ul>\n<p>&nbsp;<\/p>\n<p>Das gesamte Muster wird mit FINGERING-Garn und einer 2mm-H\u00e4kelnadel hergestellt.<\/p>\n<p>&nbsp;<\/p>\n<p>Sie ben\u00f6tigen folgende Farben (siehe Farbkarte pdf unter Downloads): hautfarben, dunkelmagenta, cremefarben, hellblau, braun, goldmetallic, hellgold, olivgr\u00fcn, dunkelbraun, eiergelb, orange, schwarz, magenta, marineblau, olivgelb, hellgrau, lila, hellbraun, wei\u00df, dunkelbeige, gold, dunkelholzbraun, terrakotta, dunkelgr\u00fcn<\/p>\n<p>&nbsp;<\/p>\n<p>Au\u00dferdem brauchst du: F\u00fcllmaterial, Stichmarker, Schere, Stopfnadel, N\u00e4hnadeln, Bleistift, Lineal, Kleber, Cutter, Zange, 1 Schl\u00fcsselring, 6 Wattest\u00e4bchen, 1,5 mm Aluminiumdraht, 3 mm Aluminiumdraht, 5 mm Pappe, Filz, Plastikplane, Pappe, Sperrholz, Weihnachtsbeleuchtung<\/p>\n<p>&nbsp;<\/p>\n<p>H\u00e4kelnadel: Gr\u00f6\u00dfe 2mm<\/p>\n<p>&nbsp;<\/p>\n<p>Dieses Muster ist ein ausgeschriebenes Muster mit vielen Bildern, um Ihnen zu helfen. Wenn Sie Fragen haben, schicken Sie mir eine Nachricht an: craftygenesindonesia@gmail.com<\/p>\n<p>&nbsp;<\/p>\n<p>-Dieses Muster ist nur f\u00fcr den pers\u00f6nlichen Gebrauch bestimmt und ist mit einem COPYRIGHT versehen. Daher darf das Muster NICHT kopiert, verkauft, weiterverkauft, \u00fcbersetzt, als eigenes Design beansprucht, verteilt, geteilt, ver\u00f6ffentlicht, online in irgendeiner Form ohne meine Erlaubnis gepostet werden. Nicht einmal ein Teil davon!!!<\/p>\n<p>&nbsp;<\/p>\n<p>-Sie d\u00fcrfen das fertige Produkt in kleinen Mengen verkaufen, ABER NICHT DAS MUSTER SELBST! Erw\u00e4hnen Sie, dass das Schnittmuster von Craftygenesindonesia ist und wo man es kaufen kann<\/p>\n","protected":false},"excerpt":{"rendered":"<p>Dies ist ein erstaunliches All-in-One-H\u00e4kelmuster f\u00fcr eine Krippe, die Folgendes enth\u00e4lt: die heilige Familie, die drei Weisen, einen Hirten mit seinen Schafen, Ochse, Esel, Dromedar, Stall und Umgebung, einen Brunnen und sogar eine Palme = alles, was Sie auf den Bildern sehen, ist im Muster enthalten.<\/p>\n<p>Wenn Sie eines meiner fr\u00fcheren Krippensets ohne Geb\u00e4ude gekauft haben, dann haben Sie Gl\u00fcck, denn die Puppen aus diesen fr\u00fcheren Krippensets passen in diesen Stall! Das komplexe Stallmuster ist separat erh\u00e4ltlich. Die Puppen und Tiere sind auch in einer separaten Vorlage erh\u00e4ltlich.<\/p>\n<p>Wenn Sie das Muster hier herunterladen, k\u00f6nnen Sie auch eine Farbkarte als pdf herunterladen.<\/p>\n","protected":false},"featured_media":987528463,"comment_status":"open","ping_status":"closed","template":"","meta":{"_acf_changed":false},"product_brand":[],"product_cat":[12348,12131,12129,12130],"product_tag":[12136,12152,12142,12135,12137,12138,12140,12153,12143,12154],"class_list":{"0":"post-987528449","1":"product","2":"type-product","3":"status-publish","4":"has-post-thumbnail","6":"product_cat-bundel","7":"product_cat-krippen-hakelmuster","8":"product_cat-religiose-hakelmuster","9":"product_cat-weihnachts-hakelmuster","10":"product_tag-bethlehem-de","11":"product_tag-drei-weise-manner","12":"product_tag-heilige-familie","13":"product_tag-jesus-de","14":"product_tag-joseph-de","15":"product_tag-maria","16":"product_tag-nativity-de","17":"product_tag-palme","18":"product_tag-stall","19":"product_tag-xmas-de","20":"pa_available_on-craftygenesindonesia","21":"pa_available_on-etsy","22":"pa_available_on-haked-nl","23":"pa_available_on-payhip","24":"pa_available_on-ravelry","25":"pa_languages-deutsch","26":"pa_languages-franzoesisch","27":"pa_languages-italienisch","28":"pa_languages-niederlaendisch","29":"pa_languages-portugiesisch","30":"pa_languages-spanisch","31":"pa_languages-us-englisch","33":"first","34":"instock","35":"downloadable","36":"virtual","37":"purchasable","38":"product-type-simple"},"acf":[],"yoast_head":"<!-- This site is optimized with the Yoast SEO plugin v27.4 - https:\/\/yoast.com\/product\/yoast-seo-wordpress\/ -->\n<title>Bethlehem Weihnachtskrippe H\u00e4kelmuster - Craftygenesindonesia<\/title>\n<meta name=\"description\" content=\"Kaufen Sie hier mein H\u00e4kelmuster &quot;Bethlehem Weihnachtskrippe&quot;. Das All-in-One-H\u00e4kelmuster ist auch bei Haked, Etsy &amp; Ravelry erh\u00e4ltlich\" \/>\n<meta name=\"robots\" content=\"index, follow, max-snippet:-1, max-image-preview:large, max-video-preview:-1\" \/>\n<link rel=\"canonical\" href=\"https:\/\/craftygenesindonesia.com\/de\/shop\/religiose-hakelmuster\/bethlehem-weihnachtskrippe\/\" \/>\n<meta property=\"og:locale\" content=\"de_DE\" \/>\n<meta property=\"og:type\" content=\"article\" \/>\n<meta property=\"og:title\" content=\"&quot;Bethlehem-Krippe&quot; H\u00e4kelmuster\" \/>\n<meta property=\"og:description\" content=\"Kaufen Sie hier mein H\u00e4kelmuster &quot;Bethlehem Weihnachtskrippe&quot;. Das All-in-One-H\u00e4kelmuster ist auch bei Haked, Etsy &amp; Ravelry erh\u00e4ltlich\" \/>\n<meta property=\"og:url\" content=\"https:\/\/craftygenesindonesia.com\/de\/shop\/religiose-hakelmuster\/bethlehem-weihnachtskrippe\/\" \/>\n<meta property=\"og:site_name\" content=\"Craftygenesindonesia\" \/>\n<meta property=\"article:modified_time\" content=\"2026-03-23T03:14:06+00:00\" \/>\n<meta property=\"og:image\" content=\"https:\/\/craftygenesindonesia.com\/wp-content\/uploads\/2024\/07\/Copy-of-Bethlehem-Nativity-Set-300x300.jpg\" \/>\n<meta name=\"twitter:card\" content=\"summary_large_image\" \/>\n<meta name=\"twitter:label1\" content=\"Gesch\u00e4tzte Lesezeit\" \/>\n\t<meta name=\"twitter:data1\" content=\"2\u00a0Minuten\" \/>\n<script type=\"application\/ld+json\" class=\"yoast-schema-graph\">{\"@context\":\"https:\\\/\\\/schema.org\",\"@graph\":[{\"@type\":\"WebPage\",\"@id\":\"https:\\\/\\\/craftygenesindonesia.com\\\/de\\\/shop\\\/religiose-hakelmuster\\\/bethlehem-weihnachtskrippe\\\/\",\"url\":\"https:\\\/\\\/craftygenesindonesia.com\\\/de\\\/shop\\\/religiose-hakelmuster\\\/bethlehem-weihnachtskrippe\\\/\",\"name\":\"Bethlehem Weihnachtskrippe H\u00e4kelmuster - Craftygenesindonesia\",\"isPartOf\":{\"@id\":\"https:\\\/\\\/craftygenesindonesia.com\\\/de\\\/#website\"},\"primaryImageOfPage\":{\"@id\":\"https:\\\/\\\/craftygenesindonesia.com\\\/de\\\/shop\\\/religiose-hakelmuster\\\/bethlehem-weihnachtskrippe\\\/#primaryimage\"},\"image\":{\"@id\":\"https:\\\/\\\/craftygenesindonesia.com\\\/de\\\/shop\\\/religiose-hakelmuster\\\/bethlehem-weihnachtskrippe\\\/#primaryimage\"},\"thumbnailUrl\":\"https:\\\/\\\/craftygenesindonesia.com\\\/wp-content\\\/uploads\\\/2024\\\/07\\\/Bethlehem-Nativity-Set.jpg\",\"datePublished\":\"2024-07-05T23:06:27+00:00\",\"dateModified\":\"2026-03-23T03:14:06+00:00\",\"description\":\"Kaufen Sie hier mein H\u00e4kelmuster \\\"Bethlehem Weihnachtskrippe\\\". Das All-in-One-H\u00e4kelmuster ist auch bei Haked, Etsy & Ravelry erh\u00e4ltlich\",\"breadcrumb\":{\"@id\":\"https:\\\/\\\/craftygenesindonesia.com\\\/de\\\/shop\\\/religiose-hakelmuster\\\/bethlehem-weihnachtskrippe\\\/#breadcrumb\"},\"inLanguage\":\"de\",\"potentialAction\":[{\"@type\":\"ReadAction\",\"target\":[\"https:\\\/\\\/craftygenesindonesia.com\\\/de\\\/shop\\\/religiose-hakelmuster\\\/bethlehem-weihnachtskrippe\\\/\"]}]},{\"@type\":\"ImageObject\",\"inLanguage\":\"de\",\"@id\":\"https:\\\/\\\/craftygenesindonesia.com\\\/de\\\/shop\\\/religiose-hakelmuster\\\/bethlehem-weihnachtskrippe\\\/#primaryimage\",\"url\":\"https:\\\/\\\/craftygenesindonesia.com\\\/wp-content\\\/uploads\\\/2024\\\/07\\\/Bethlehem-Nativity-Set.jpg\",\"contentUrl\":\"https:\\\/\\\/craftygenesindonesia.com\\\/wp-content\\\/uploads\\\/2024\\\/07\\\/Bethlehem-Nativity-Set.jpg\",\"width\":1080,\"height\":1080,\"caption\":\"crochet nativity set with holy family, dromedary, ox, donkey, shepherd, sheep, wise men, well, pots, broom, stable, palm tree\"},{\"@type\":\"BreadcrumbList\",\"@id\":\"https:\\\/\\\/craftygenesindonesia.com\\\/de\\\/shop\\\/religiose-hakelmuster\\\/bethlehem-weihnachtskrippe\\\/#breadcrumb\",\"itemListElement\":[{\"@type\":\"ListItem\",\"position\":1,\"name\":\"Home\",\"item\":\"https:\\\/\\\/craftygenesindonesia.com\\\/de\\\/\"},{\"@type\":\"ListItem\",\"position\":2,\"name\":\"Mustershop\",\"item\":\"https:\\\/\\\/craftygenesindonesia.com\\\/de\\\/muster-shop\\\/\"},{\"@type\":\"ListItem\",\"position\":3,\"name\":\"Bethlehem Weihnachtskrippe\"}]},{\"@type\":\"WebSite\",\"@id\":\"https:\\\/\\\/craftygenesindonesia.com\\\/de\\\/#website\",\"url\":\"https:\\\/\\\/craftygenesindonesia.com\\\/de\\\/\",\"name\":\"Craftygenesindonesia\",\"description\":\"\",\"publisher\":{\"@id\":\"https:\\\/\\\/craftygenesindonesia.com\\\/de\\\/#organization\"},\"potentialAction\":[{\"@type\":\"SearchAction\",\"target\":{\"@type\":\"EntryPoint\",\"urlTemplate\":\"https:\\\/\\\/craftygenesindonesia.com\\\/de\\\/?s={search_term_string}\"},\"query-input\":{\"@type\":\"PropertyValueSpecification\",\"valueRequired\":true,\"valueName\":\"search_term_string\"}}],\"inLanguage\":\"de\"},{\"@type\":\"Organization\",\"@id\":\"https:\\\/\\\/craftygenesindonesia.com\\\/de\\\/#organization\",\"name\":\"Craftygenesindonesia\",\"url\":\"https:\\\/\\\/craftygenesindonesia.com\\\/de\\\/\",\"logo\":{\"@type\":\"ImageObject\",\"inLanguage\":\"de\",\"@id\":\"https:\\\/\\\/craftygenesindonesia.com\\\/de\\\/#\\\/schema\\\/logo\\\/image\\\/\",\"url\":\"https:\\\/\\\/craftygenesindonesia.com\\\/wp-content\\\/uploads\\\/2025\\\/11\\\/cropped-Copy-of-Craftygenesindonesia.jpg\",\"contentUrl\":\"https:\\\/\\\/craftygenesindonesia.com\\\/wp-content\\\/uploads\\\/2025\\\/11\\\/cropped-Copy-of-Craftygenesindonesia.jpg\",\"width\":180,\"height\":60,\"caption\":\"Craftygenesindonesia\"},\"image\":{\"@id\":\"https:\\\/\\\/craftygenesindonesia.com\\\/de\\\/#\\\/schema\\\/logo\\\/image\\\/\"}}]}<\/script>\n<!-- \/ Yoast SEO plugin. -->","yoast_head_json":{"title":"Bethlehem Weihnachtskrippe H\u00e4kelmuster - Craftygenesindonesia","description":"Kaufen Sie hier mein H\u00e4kelmuster \"Bethlehem Weihnachtskrippe\". Das All-in-One-H\u00e4kelmuster ist auch bei Haked, Etsy & Ravelry erh\u00e4ltlich","robots":{"index":"index","follow":"follow","max-snippet":"max-snippet:-1","max-image-preview":"max-image-preview:large","max-video-preview":"max-video-preview:-1"},"canonical":"https:\/\/craftygenesindonesia.com\/de\/shop\/religiose-hakelmuster\/bethlehem-weihnachtskrippe\/","og_locale":"de_DE","og_type":"article","og_title":"\"Bethlehem-Krippe\" H\u00e4kelmuster","og_description":"Kaufen Sie hier mein H\u00e4kelmuster \"Bethlehem Weihnachtskrippe\". Das All-in-One-H\u00e4kelmuster ist auch bei Haked, Etsy & Ravelry erh\u00e4ltlich","og_url":"https:\/\/craftygenesindonesia.com\/de\/shop\/religiose-hakelmuster\/bethlehem-weihnachtskrippe\/","og_site_name":"Craftygenesindonesia","article_modified_time":"2026-03-23T03:14:06+00:00","og_image":[{"url":"https:\/\/craftygenesindonesia.com\/wp-content\/uploads\/2024\/07\/Copy-of-Bethlehem-Nativity-Set-300x300.jpg","type":"","width":"","height":""}],"twitter_card":"summary_large_image","twitter_misc":{"Gesch\u00e4tzte Lesezeit":"2\u00a0Minuten"},"schema":{"@context":"https:\/\/schema.org","@graph":[{"@type":"WebPage","@id":"https:\/\/craftygenesindonesia.com\/de\/shop\/religiose-hakelmuster\/bethlehem-weihnachtskrippe\/","url":"https:\/\/craftygenesindonesia.com\/de\/shop\/religiose-hakelmuster\/bethlehem-weihnachtskrippe\/","name":"Bethlehem Weihnachtskrippe H\u00e4kelmuster - Craftygenesindonesia","isPartOf":{"@id":"https:\/\/craftygenesindonesia.com\/de\/#website"},"primaryImageOfPage":{"@id":"https:\/\/craftygenesindonesia.com\/de\/shop\/religiose-hakelmuster\/bethlehem-weihnachtskrippe\/#primaryimage"},"image":{"@id":"https:\/\/craftygenesindonesia.com\/de\/shop\/religiose-hakelmuster\/bethlehem-weihnachtskrippe\/#primaryimage"},"thumbnailUrl":"https:\/\/craftygenesindonesia.com\/wp-content\/uploads\/2024\/07\/Bethlehem-Nativity-Set.jpg","datePublished":"2024-07-05T23:06:27+00:00","dateModified":"2026-03-23T03:14:06+00:00","description":"Kaufen Sie hier mein H\u00e4kelmuster \"Bethlehem Weihnachtskrippe\". Das All-in-One-H\u00e4kelmuster ist auch bei Haked, Etsy & Ravelry erh\u00e4ltlich","breadcrumb":{"@id":"https:\/\/craftygenesindonesia.com\/de\/shop\/religiose-hakelmuster\/bethlehem-weihnachtskrippe\/#breadcrumb"},"inLanguage":"de","potentialAction":[{"@type":"ReadAction","target":["https:\/\/craftygenesindonesia.com\/de\/shop\/religiose-hakelmuster\/bethlehem-weihnachtskrippe\/"]}]},{"@type":"ImageObject","inLanguage":"de","@id":"https:\/\/craftygenesindonesia.com\/de\/shop\/religiose-hakelmuster\/bethlehem-weihnachtskrippe\/#primaryimage","url":"https:\/\/craftygenesindonesia.com\/wp-content\/uploads\/2024\/07\/Bethlehem-Nativity-Set.jpg","contentUrl":"https:\/\/craftygenesindonesia.com\/wp-content\/uploads\/2024\/07\/Bethlehem-Nativity-Set.jpg","width":1080,"height":1080,"caption":"crochet nativity set with holy family, dromedary, ox, donkey, shepherd, sheep, wise men, well, pots, broom, stable, palm tree"},{"@type":"BreadcrumbList","@id":"https:\/\/craftygenesindonesia.com\/de\/shop\/religiose-hakelmuster\/bethlehem-weihnachtskrippe\/#breadcrumb","itemListElement":[{"@type":"ListItem","position":1,"name":"Home","item":"https:\/\/craftygenesindonesia.com\/de\/"},{"@type":"ListItem","position":2,"name":"Mustershop","item":"https:\/\/craftygenesindonesia.com\/de\/muster-shop\/"},{"@type":"ListItem","position":3,"name":"Bethlehem Weihnachtskrippe"}]},{"@type":"WebSite","@id":"https:\/\/craftygenesindonesia.com\/de\/#website","url":"https:\/\/craftygenesindonesia.com\/de\/","name":"Craftygenesindonesia","description":"","publisher":{"@id":"https:\/\/craftygenesindonesia.com\/de\/#organization"},"potentialAction":[{"@type":"SearchAction","target":{"@type":"EntryPoint","urlTemplate":"https:\/\/craftygenesindonesia.com\/de\/?s={search_term_string}"},"query-input":{"@type":"PropertyValueSpecification","valueRequired":true,"valueName":"search_term_string"}}],"inLanguage":"de"},{"@type":"Organization","@id":"https:\/\/craftygenesindonesia.com\/de\/#organization","name":"Craftygenesindonesia","url":"https:\/\/craftygenesindonesia.com\/de\/","logo":{"@type":"ImageObject","inLanguage":"de","@id":"https:\/\/craftygenesindonesia.com\/de\/#\/schema\/logo\/image\/","url":"https:\/\/craftygenesindonesia.com\/wp-content\/uploads\/2025\/11\/cropped-Copy-of-Craftygenesindonesia.jpg","contentUrl":"https:\/\/craftygenesindonesia.com\/wp-content\/uploads\/2025\/11\/cropped-Copy-of-Craftygenesindonesia.jpg","width":180,"height":60,"caption":"Craftygenesindonesia"},"image":{"@id":"https:\/\/craftygenesindonesia.com\/de\/#\/schema\/logo\/image\/"}}]}},"_links":{"self":[{"href":"https:\/\/craftygenesindonesia.com\/de\/wp-json\/wp\/v2\/product\/987528449","targetHints":{"allow":["GET"]}}],"collection":[{"href":"https:\/\/craftygenesindonesia.com\/de\/wp-json\/wp\/v2\/product"}],"about":[{"href":"https:\/\/craftygenesindonesia.com\/de\/wp-json\/wp\/v2\/types\/product"}],"replies":[{"embeddable":true,"href":"https:\/\/craftygenesindonesia.com\/de\/wp-json\/wp\/v2\/comments?post=987528449"}],"wp:featuredmedia":[{"embeddable":true,"href":"https:\/\/craftygenesindonesia.com\/de\/wp-json\/wp\/v2\/media\/987528463"}],"wp:attachment":[{"href":"https:\/\/craftygenesindonesia.com\/de\/wp-json\/wp\/v2\/media?parent=987528449"}],"wp:term":[{"taxonomy":"product_brand","embeddable":true,"href":"https:\/\/craftygenesindonesia.com\/de\/wp-json\/wp\/v2\/product_brand?post=987528449"},{"taxonomy":"product_cat","embeddable":true,"href":"https:\/\/craftygenesindonesia.com\/de\/wp-json\/wp\/v2\/product_cat?post=987528449"},{"taxonomy":"product_tag","embeddable":true,"href":"https:\/\/craftygenesindonesia.com\/de\/wp-json\/wp\/v2\/product_tag?post=987528449"}],"curies":[{"name":"wp","href":"https:\/\/api.w.org\/{rel}","templated":true}]}}