{"id":987528426,"date":"2024-08-30T12:30:43","date_gmt":"2024-08-30T04:30:43","guid":{"rendered":"https:\/\/craftygenesindonesia.com\/shop\/unkategorisiert\/for-all-our-guardian-dames-stricken\/"},"modified":"2026-03-23T11:08:57","modified_gmt":"2026-03-23T03:08:57","slug":"for-all-our-guardian-dames-stricken","status":"publish","type":"product","link":"https:\/\/craftygenesindonesia.com\/de\/shop\/militar-de\/for-all-our-guardian-dames-stricken\/","title":{"rendered":"For All Our Guardian Dames (Stricken)"},"content":{"rendered":"<p>Gr\u00f6\u00dfe: jede Dame ist 27,5cm\/10,8inch gro\u00df (sie werden 15% kleiner sein, wenn Sie &#8220;Fingering&#8221;-Garn wie Catona verwenden)<\/p>\n<p>&nbsp;<\/p>\n<p>Garn: DK-Garn (z. B. Scheepjes Softfun) in folgenden Farben: hautfarben, wei\u00df, braun, schwarz, beige, dunkelbraun, blau, hellblau, grau, rot<\/p>\n<p>&nbsp;<\/p>\n<p>Stricknadeln: 2,5 mm gerade Stricknadeln<\/p>\n<p>&nbsp;<\/p>\n<p>Au\u00dferdem brauchst du: F\u00fcllung, Stopfnadel, Schere, Bleistift, Lineal, Klebstoff, 1,5 mm dicken (Blumen-)Aludraht, Schere, 5 mm dicke Pappe, zwei schwarze 12-mm-Kn\u00f6pfe oder Puppenaugen mit flacher R\u00fcckseite, 3 Wattest\u00e4bchen (damit die K\u00f6pfe nicht abfallen), ein St\u00fcck Filz (die Farbe ist nicht wichtig, da dies f\u00fcr den Boden der Plattform ist, den niemand sieht), Stecknadeln<\/p>\n<p>&nbsp;<\/p>\n<p>Dieses Muster ist ein schriftliches Muster mit vielen Bildern, um Ihnen zu helfen. Wenn Sie Fragen haben, schicken Sie mir eine Nachricht an: craftygenesindonesia@gmail.com<\/p>\n<p>&nbsp;<\/p>\n<p><strong>-Dieses Muster ist nur f\u00fcr den pers\u00f6nlichen Gebrauch bestimmt und ist mit einem COPYRIGHT versehen. Daher darf das Muster NICHT kopiert, verkauft, weiterverkauft, \u00fcbersetzt, als eigenes Design beansprucht, verteilt, geteilt, ver\u00f6ffentlicht, online in irgendeiner Form ohne meine Erlaubnis gepostet werden. Nicht einmal ein Teil davon!!! <\/strong><\/p>\n<p>&nbsp;<\/p>\n<p><strong>-Sie d\u00fcrfen das fertige Produkt in kleinen Mengen verkaufen, ABER NICHT DAS MUSTER SELBST! Erw\u00e4hnen Sie, dass das Schnittmuster von Craftygenesindonesia ist und wo man es kaufen kann <\/strong><\/p>\n","protected":false},"excerpt":{"rendered":"<p>Dieses Strickmuster ist ideal f\u00fcr alle, die die vielen Frauen ehren wollen, die dienen oder gedient haben. Es ist ein einfaches Strickmuster, das nur mit geraden Stricknadeln gestrickt wird.<\/p>\n","protected":false},"featured_media":987528427,"comment_status":"open","ping_status":"closed","template":"","meta":{"_acf_changed":false},"product_brand":[],"product_cat":[12182,12295],"product_tag":[12186,12253,12319,12321,12322,12320,12189,12190,12323,12324,12188,12187,12185],"class_list":{"0":"post-987528426","1":"product","2":"type-product","3":"status-publish","4":"has-post-thumbnail","6":"product_cat-militar-de","7":"product_cat-strickmuster","8":"product_tag-armee","9":"product_tag-gedenkstatte","10":"product_tag-gedenktag","11":"product_tag-luftwaffe","12":"product_tag-marine-de-2","13":"product_tag-marine-de","14":"product_tag-militar-de","15":"product_tag-mohn","16":"product_tag-pilot-de","17":"product_tag-seemann","18":"product_tag-soldat-de","19":"product_tag-tag-des-gedenkens","20":"product_tag-tag-des-waffenstillstands","21":"pa_available_on-craftygenesindonesia","22":"pa_available_on-etsy","23":"pa_available_on-haked-nl","24":"pa_available_on-payhip","25":"pa_available_on-ravelry","26":"pa_languages-franzoesisch","27":"pa_languages-niederlaendisch","28":"pa_languages-spanisch","29":"pa_languages-us-englisch","31":"first","32":"instock","33":"downloadable","34":"virtual","35":"purchasable","36":"product-type-simple"},"acf":[],"yoast_head":"<!-- This site is optimized with the Yoast SEO plugin v27.3 - https:\/\/yoast.com\/product\/yoast-seo-wordpress\/ -->\n<title>For All Our Guardian Dames (Stricken) - Craftygenesindonesia<\/title>\n<meta name=\"description\" content=\"Kaufen Sie hier mein Milit\u00e4rstrickmuster &quot;For All Our Guardian Dames&quot;. Das einfach zu befolgende Strickmuster ist auch auf Etsy, Haked,nl, Ravelry erh\u00e4ltlich\" \/>\n<meta name=\"robots\" content=\"index, follow, max-snippet:-1, max-image-preview:large, max-video-preview:-1\" \/>\n<link rel=\"canonical\" href=\"https:\/\/craftygenesindonesia.com\/de\/shop\/militar-de\/for-all-our-guardian-dames-stricken\/\" \/>\n<meta property=\"og:locale\" content=\"de_DE\" \/>\n<meta property=\"og:type\" content=\"article\" \/>\n<meta property=\"og:title\" content=\"&quot;For All Our Guardian Dames&quot; Milit\u00e4rstrickmuster\" \/>\n<meta property=\"og:description\" content=\"Kaufen Sie hier mein Milit\u00e4rstrickmuster &quot;For All Our Guardian Dames&quot;. Das einfach zu befolgende Strickmuster ist auch auf Etsy, Haked,nl, Ravelry erh\u00e4ltlich\" \/>\n<meta property=\"og:url\" content=\"https:\/\/craftygenesindonesia.com\/de\/shop\/militar-de\/for-all-our-guardian-dames-stricken\/\" \/>\n<meta property=\"og:site_name\" content=\"Craftygenesindonesia\" \/>\n<meta property=\"article:modified_time\" content=\"2026-03-23T03:08:57+00:00\" \/>\n<meta property=\"og:image\" content=\"https:\/\/craftygenesindonesia.com\/wp-content\/uploads\/2024\/08\/For-All-Our-Guardian-Ladies-300x300.jpg\" \/>\n<meta name=\"twitter:card\" content=\"summary_large_image\" \/>\n<meta name=\"twitter:label1\" content=\"Gesch\u00e4tzte Lesezeit\" \/>\n\t<meta name=\"twitter:data1\" content=\"2\u00a0Minuten\" \/>\n<script type=\"application\/ld+json\" class=\"yoast-schema-graph\">{\"@context\":\"https:\\\/\\\/schema.org\",\"@graph\":[{\"@type\":\"WebPage\",\"@id\":\"https:\\\/\\\/craftygenesindonesia.com\\\/de\\\/shop\\\/militar-de\\\/for-all-our-guardian-dames-stricken\\\/\",\"url\":\"https:\\\/\\\/craftygenesindonesia.com\\\/de\\\/shop\\\/militar-de\\\/for-all-our-guardian-dames-stricken\\\/\",\"name\":\"For All Our Guardian Dames (Stricken) - Craftygenesindonesia\",\"isPartOf\":{\"@id\":\"https:\\\/\\\/craftygenesindonesia.com\\\/de\\\/#website\"},\"primaryImageOfPage\":{\"@id\":\"https:\\\/\\\/craftygenesindonesia.com\\\/de\\\/shop\\\/militar-de\\\/for-all-our-guardian-dames-stricken\\\/#primaryimage\"},\"image\":{\"@id\":\"https:\\\/\\\/craftygenesindonesia.com\\\/de\\\/shop\\\/militar-de\\\/for-all-our-guardian-dames-stricken\\\/#primaryimage\"},\"thumbnailUrl\":\"https:\\\/\\\/craftygenesindonesia.com\\\/wp-content\\\/uploads\\\/2024\\\/08\\\/For-All-Our-Guardian-Ladies.jpg\",\"datePublished\":\"2024-08-30T04:30:43+00:00\",\"dateModified\":\"2026-03-23T03:08:57+00:00\",\"description\":\"Kaufen Sie hier mein Milit\u00e4rstrickmuster \\\"For All Our Guardian Dames\\\". Das einfach zu befolgende Strickmuster ist auch auf Etsy, Haked,nl, Ravelry erh\u00e4ltlich\",\"breadcrumb\":{\"@id\":\"https:\\\/\\\/craftygenesindonesia.com\\\/de\\\/shop\\\/militar-de\\\/for-all-our-guardian-dames-stricken\\\/#breadcrumb\"},\"inLanguage\":\"de\",\"potentialAction\":[{\"@type\":\"ReadAction\",\"target\":[\"https:\\\/\\\/craftygenesindonesia.com\\\/de\\\/shop\\\/militar-de\\\/for-all-our-guardian-dames-stricken\\\/\"]}]},{\"@type\":\"ImageObject\",\"inLanguage\":\"de\",\"@id\":\"https:\\\/\\\/craftygenesindonesia.com\\\/de\\\/shop\\\/militar-de\\\/for-all-our-guardian-dames-stricken\\\/#primaryimage\",\"url\":\"https:\\\/\\\/craftygenesindonesia.com\\\/wp-content\\\/uploads\\\/2024\\\/08\\\/For-All-Our-Guardian-Ladies.jpg\",\"contentUrl\":\"https:\\\/\\\/craftygenesindonesia.com\\\/wp-content\\\/uploads\\\/2024\\\/08\\\/For-All-Our-Guardian-Ladies.jpg\",\"width\":1080,\"height\":1080,\"caption\":\"knitted soldier, knitted pilot, knitted sailor, knitted poppy\"},{\"@type\":\"BreadcrumbList\",\"@id\":\"https:\\\/\\\/craftygenesindonesia.com\\\/de\\\/shop\\\/militar-de\\\/for-all-our-guardian-dames-stricken\\\/#breadcrumb\",\"itemListElement\":[{\"@type\":\"ListItem\",\"position\":1,\"name\":\"Home\",\"item\":\"https:\\\/\\\/craftygenesindonesia.com\\\/de\\\/\"},{\"@type\":\"ListItem\",\"position\":2,\"name\":\"Mustershop\",\"item\":\"https:\\\/\\\/craftygenesindonesia.com\\\/de\\\/muster-shop\\\/\"},{\"@type\":\"ListItem\",\"position\":3,\"name\":\"For All Our Guardian Dames (Stricken)\"}]},{\"@type\":\"WebSite\",\"@id\":\"https:\\\/\\\/craftygenesindonesia.com\\\/de\\\/#website\",\"url\":\"https:\\\/\\\/craftygenesindonesia.com\\\/de\\\/\",\"name\":\"Craftygenesindonesia\",\"description\":\"\",\"publisher\":{\"@id\":\"https:\\\/\\\/craftygenesindonesia.com\\\/de\\\/#organization\"},\"potentialAction\":[{\"@type\":\"SearchAction\",\"target\":{\"@type\":\"EntryPoint\",\"urlTemplate\":\"https:\\\/\\\/craftygenesindonesia.com\\\/de\\\/?s={search_term_string}\"},\"query-input\":{\"@type\":\"PropertyValueSpecification\",\"valueRequired\":true,\"valueName\":\"search_term_string\"}}],\"inLanguage\":\"de\"},{\"@type\":\"Organization\",\"@id\":\"https:\\\/\\\/craftygenesindonesia.com\\\/de\\\/#organization\",\"name\":\"Craftygenesindonesia\",\"url\":\"https:\\\/\\\/craftygenesindonesia.com\\\/de\\\/\",\"logo\":{\"@type\":\"ImageObject\",\"inLanguage\":\"de\",\"@id\":\"https:\\\/\\\/craftygenesindonesia.com\\\/de\\\/#\\\/schema\\\/logo\\\/image\\\/\",\"url\":\"https:\\\/\\\/craftygenesindonesia.com\\\/wp-content\\\/uploads\\\/2025\\\/11\\\/cropped-Copy-of-Craftygenesindonesia.jpg\",\"contentUrl\":\"https:\\\/\\\/craftygenesindonesia.com\\\/wp-content\\\/uploads\\\/2025\\\/11\\\/cropped-Copy-of-Craftygenesindonesia.jpg\",\"width\":180,\"height\":60,\"caption\":\"Craftygenesindonesia\"},\"image\":{\"@id\":\"https:\\\/\\\/craftygenesindonesia.com\\\/de\\\/#\\\/schema\\\/logo\\\/image\\\/\"}}]}<\/script>\n<!-- \/ Yoast SEO plugin. -->","yoast_head_json":{"title":"For All Our Guardian Dames (Stricken) - Craftygenesindonesia","description":"Kaufen Sie hier mein Milit\u00e4rstrickmuster \"For All Our Guardian Dames\". Das einfach zu befolgende Strickmuster ist auch auf Etsy, Haked,nl, Ravelry erh\u00e4ltlich","robots":{"index":"index","follow":"follow","max-snippet":"max-snippet:-1","max-image-preview":"max-image-preview:large","max-video-preview":"max-video-preview:-1"},"canonical":"https:\/\/craftygenesindonesia.com\/de\/shop\/militar-de\/for-all-our-guardian-dames-stricken\/","og_locale":"de_DE","og_type":"article","og_title":"\"For All Our Guardian Dames\" Milit\u00e4rstrickmuster","og_description":"Kaufen Sie hier mein Milit\u00e4rstrickmuster \"For All Our Guardian Dames\". Das einfach zu befolgende Strickmuster ist auch auf Etsy, Haked,nl, Ravelry erh\u00e4ltlich","og_url":"https:\/\/craftygenesindonesia.com\/de\/shop\/militar-de\/for-all-our-guardian-dames-stricken\/","og_site_name":"Craftygenesindonesia","article_modified_time":"2026-03-23T03:08:57+00:00","og_image":[{"url":"https:\/\/craftygenesindonesia.com\/wp-content\/uploads\/2024\/08\/For-All-Our-Guardian-Ladies-300x300.jpg","type":"","width":"","height":""}],"twitter_card":"summary_large_image","twitter_misc":{"Gesch\u00e4tzte Lesezeit":"2\u00a0Minuten"},"schema":{"@context":"https:\/\/schema.org","@graph":[{"@type":"WebPage","@id":"https:\/\/craftygenesindonesia.com\/de\/shop\/militar-de\/for-all-our-guardian-dames-stricken\/","url":"https:\/\/craftygenesindonesia.com\/de\/shop\/militar-de\/for-all-our-guardian-dames-stricken\/","name":"For All Our Guardian Dames (Stricken) - Craftygenesindonesia","isPartOf":{"@id":"https:\/\/craftygenesindonesia.com\/de\/#website"},"primaryImageOfPage":{"@id":"https:\/\/craftygenesindonesia.com\/de\/shop\/militar-de\/for-all-our-guardian-dames-stricken\/#primaryimage"},"image":{"@id":"https:\/\/craftygenesindonesia.com\/de\/shop\/militar-de\/for-all-our-guardian-dames-stricken\/#primaryimage"},"thumbnailUrl":"https:\/\/craftygenesindonesia.com\/wp-content\/uploads\/2024\/08\/For-All-Our-Guardian-Ladies.jpg","datePublished":"2024-08-30T04:30:43+00:00","dateModified":"2026-03-23T03:08:57+00:00","description":"Kaufen Sie hier mein Milit\u00e4rstrickmuster \"For All Our Guardian Dames\". Das einfach zu befolgende Strickmuster ist auch auf Etsy, Haked,nl, Ravelry erh\u00e4ltlich","breadcrumb":{"@id":"https:\/\/craftygenesindonesia.com\/de\/shop\/militar-de\/for-all-our-guardian-dames-stricken\/#breadcrumb"},"inLanguage":"de","potentialAction":[{"@type":"ReadAction","target":["https:\/\/craftygenesindonesia.com\/de\/shop\/militar-de\/for-all-our-guardian-dames-stricken\/"]}]},{"@type":"ImageObject","inLanguage":"de","@id":"https:\/\/craftygenesindonesia.com\/de\/shop\/militar-de\/for-all-our-guardian-dames-stricken\/#primaryimage","url":"https:\/\/craftygenesindonesia.com\/wp-content\/uploads\/2024\/08\/For-All-Our-Guardian-Ladies.jpg","contentUrl":"https:\/\/craftygenesindonesia.com\/wp-content\/uploads\/2024\/08\/For-All-Our-Guardian-Ladies.jpg","width":1080,"height":1080,"caption":"knitted soldier, knitted pilot, knitted sailor, knitted poppy"},{"@type":"BreadcrumbList","@id":"https:\/\/craftygenesindonesia.com\/de\/shop\/militar-de\/for-all-our-guardian-dames-stricken\/#breadcrumb","itemListElement":[{"@type":"ListItem","position":1,"name":"Home","item":"https:\/\/craftygenesindonesia.com\/de\/"},{"@type":"ListItem","position":2,"name":"Mustershop","item":"https:\/\/craftygenesindonesia.com\/de\/muster-shop\/"},{"@type":"ListItem","position":3,"name":"For All Our Guardian Dames (Stricken)"}]},{"@type":"WebSite","@id":"https:\/\/craftygenesindonesia.com\/de\/#website","url":"https:\/\/craftygenesindonesia.com\/de\/","name":"Craftygenesindonesia","description":"","publisher":{"@id":"https:\/\/craftygenesindonesia.com\/de\/#organization"},"potentialAction":[{"@type":"SearchAction","target":{"@type":"EntryPoint","urlTemplate":"https:\/\/craftygenesindonesia.com\/de\/?s={search_term_string}"},"query-input":{"@type":"PropertyValueSpecification","valueRequired":true,"valueName":"search_term_string"}}],"inLanguage":"de"},{"@type":"Organization","@id":"https:\/\/craftygenesindonesia.com\/de\/#organization","name":"Craftygenesindonesia","url":"https:\/\/craftygenesindonesia.com\/de\/","logo":{"@type":"ImageObject","inLanguage":"de","@id":"https:\/\/craftygenesindonesia.com\/de\/#\/schema\/logo\/image\/","url":"https:\/\/craftygenesindonesia.com\/wp-content\/uploads\/2025\/11\/cropped-Copy-of-Craftygenesindonesia.jpg","contentUrl":"https:\/\/craftygenesindonesia.com\/wp-content\/uploads\/2025\/11\/cropped-Copy-of-Craftygenesindonesia.jpg","width":180,"height":60,"caption":"Craftygenesindonesia"},"image":{"@id":"https:\/\/craftygenesindonesia.com\/de\/#\/schema\/logo\/image\/"}}]}},"_links":{"self":[{"href":"https:\/\/craftygenesindonesia.com\/de\/wp-json\/wp\/v2\/product\/987528426","targetHints":{"allow":["GET"]}}],"collection":[{"href":"https:\/\/craftygenesindonesia.com\/de\/wp-json\/wp\/v2\/product"}],"about":[{"href":"https:\/\/craftygenesindonesia.com\/de\/wp-json\/wp\/v2\/types\/product"}],"replies":[{"embeddable":true,"href":"https:\/\/craftygenesindonesia.com\/de\/wp-json\/wp\/v2\/comments?post=987528426"}],"wp:featuredmedia":[{"embeddable":true,"href":"https:\/\/craftygenesindonesia.com\/de\/wp-json\/wp\/v2\/media\/987528427"}],"wp:attachment":[{"href":"https:\/\/craftygenesindonesia.com\/de\/wp-json\/wp\/v2\/media?parent=987528426"}],"wp:term":[{"taxonomy":"product_brand","embeddable":true,"href":"https:\/\/craftygenesindonesia.com\/de\/wp-json\/wp\/v2\/product_brand?post=987528426"},{"taxonomy":"product_cat","embeddable":true,"href":"https:\/\/craftygenesindonesia.com\/de\/wp-json\/wp\/v2\/product_cat?post=987528426"},{"taxonomy":"product_tag","embeddable":true,"href":"https:\/\/craftygenesindonesia.com\/de\/wp-json\/wp\/v2\/product_tag?post=987528426"}],"curies":[{"name":"wp","href":"https:\/\/api.w.org\/{rel}","templated":true}]}}