{"id":987528417,"date":"2024-09-14T12:31:14","date_gmt":"2024-09-14T04:31:14","guid":{"rendered":"https:\/\/craftygenesindonesia.com\/shop\/unkategorisiert\/livina-herbstausgabe\/"},"modified":"2026-03-23T11:06:13","modified_gmt":"2026-03-23T03:06:13","slug":"livina-herbstausgabe","status":"publish","type":"product","link":"https:\/\/craftygenesindonesia.com\/de\/shop\/damen-und-herren-hakelmuster\/livina-de\/livina-herbstausgabe\/","title":{"rendered":"Livina, Herbstausgabe"},"content":{"rendered":"<p>Gr\u00f6\u00dfe: 14x29x29cm\/ 5.5&#215;11.5&#215;11.5\u201d<\/p>\n<p>&nbsp;<\/p>\n<p>Garn: Dieses Muster wird mit einem f\u00fcr Amigurumi geeigneten Garn der St\u00e4rke &#8220;FINGERING&#8221; und einer H\u00e4kelnadel der Gr\u00f6\u00dfe 2mm hergestellt.<\/p>\n<p>&nbsp;<\/p>\n<p>Sie ben\u00f6tigen folgende Farben: hautfarben, cremefarben, hellorange, dunkelbraun, kastanienbraun, moosgr\u00fcn, goldbraun, schwarz, cremefarben, hellbeige, gr\u00fcn, gelb, wei\u00df, rot, schokoladenbraun, terracotta<\/p>\n<p>&nbsp;<\/p>\n<p>Au\u00dferdem ben\u00f6tigen Sie: F\u00fcllung, Filzstifte, Schere, Bleistift, Lineal, Klebstoff, N\u00e4hnadeln, 5 mm dicke Pappe**, Glotzaugen mit 5 mm Durchmesser (2 St\u00fcck), 1 Wattest\u00e4bchen, 2 mm dicken Aluminiumdraht (oder Blumendraht)<\/p>\n<p><em>**Die Pappe wird f\u00fcr einige der kleinen Gegenst\u00e4nde wie den Pilz und das Fass verwendet. Die Pappe im Hintergrund und auf der Plattform kann durch Sperrholz ersetzt werden. <\/em><\/p>\n<p>&nbsp;<\/p>\n<p>H\u00e4kelnadel: 2mm<\/p>\n<p>&nbsp;<\/p>\n<p>Dieses Muster ist ein schriftliches Muster mit vielen Bildern, um Ihnen zu helfen. Wenn Sie Fragen haben, schicken Sie mir eine Nachricht an: craftygenesindonesia@gmail.com<\/p>\n<p>&nbsp;<\/p>\n<p><strong>-Dieses Muster ist nur f\u00fcr den pers\u00f6nlichen Gebrauch bestimmt und ist mit einem COPYRIGHT versehen. Daher darf das Muster NICHT kopiert, verkauft, weiterverkauft, \u00fcbersetzt, als eigenes Design beansprucht, verteilt, geteilt, ver\u00f6ffentlicht, online in irgendeiner Form ohne meine Erlaubnis gepostet werden. Nicht einmal ein Teil davon!!! <\/strong><\/p>\n<p>&nbsp;<\/p>\n<p><strong>-Sie d\u00fcrfen das fertige Produkt in kleinen Mengen verkaufen, ABER NICHT DAS MUSTER SELBST! Erw\u00e4hnen Sie, dass das Schnittmuster von Craftygenesindonesia ist und wo man es kaufen kann <\/strong><\/p>\n","protected":false},"excerpt":{"rendered":"<p>Dies ist der erste Teil meiner neuen Livina-Serie. Hier sitzt sie auf einer Bank und trinkt ihren Kaffee, w\u00e4hrend sie von K\u00fcrbissen, Bl\u00e4ttern, einer niedlichen Spinne, &#8230; umgeben ist. Es ist ein einfaches Muster, das Sie einfach haben m\u00fcssen, wenn Sie den Herbst (Herbst) lieben<\/p>\n","protected":false},"featured_media":987529941,"comment_status":"open","ping_status":"closed","template":"","meta":{"_acf_changed":false},"product_brand":[],"product_cat":[12177,12226],"product_tag":[12286,12303,12317,12312,12243,12313,12304,12310,12308,12302,12316,12305,12307,12309,12314,12306,12311,12318,12315],"class_list":{"0":"post-987528417","1":"product","2":"type-product","3":"status-publish","4":"has-post-thumbnail","6":"product_cat-damen-und-herren-hakelmuster","7":"product_cat-livina-de","8":"product_tag-bank","9":"product_tag-baum","10":"product_tag-becher","11":"product_tag-blatt","12":"product_tag-dame","13":"product_tag-fass","14":"product_tag-halloween-de","15":"product_tag-herbst-de","16":"product_tag-herbst","17":"product_tag-hut","18":"product_tag-kaffee","19":"product_tag-kurbis","20":"product_tag-madchen","21":"product_tag-pilz","22":"product_tag-sonnenblume","23":"product_tag-spinne","24":"product_tag-squash-de","25":"product_tag-tasse-de","26":"product_tag-wand","27":"pa_available_on-craftygenesindonesia","28":"pa_available_on-etsy","29":"pa_available_on-haked-nl","30":"pa_available_on-payhip","31":"pa_available_on-ravelry","32":"pa_languages-deutsch","33":"pa_languages-franzoesisch","34":"pa_languages-niederlaendisch","35":"pa_languages-spanisch","36":"pa_languages-us-englisch","38":"first","39":"instock","40":"downloadable","41":"virtual","42":"purchasable","43":"product-type-simple"},"acf":[],"yoast_head":"<!-- This site is optimized with the Yoast SEO plugin v27.3 - https:\/\/yoast.com\/product\/yoast-seo-wordpress\/ -->\n<title>Livina, Herbstausgabe H\u00e4kelmuster - Craftygenesindonesia<\/title>\n<meta name=\"description\" content=\"Kaufen Sie hier mein Livina, Herbstausgabe H\u00e4kelmuster. Das H\u00e4kelmuster ist auch erh\u00e4ltlich auf Etsy, Haked.nl, Ravelry, Payhip\" \/>\n<meta name=\"robots\" content=\"index, follow, max-snippet:-1, max-image-preview:large, max-video-preview:-1\" \/>\n<link rel=\"canonical\" href=\"https:\/\/craftygenesindonesia.com\/de\/shop\/damen-und-herren-hakelmuster\/livina-de\/livina-herbstausgabe\/\" \/>\n<meta property=\"og:locale\" content=\"de_DE\" \/>\n<meta property=\"og:type\" content=\"article\" \/>\n<meta property=\"og:title\" content=\"&quot;Livina, Herbstausgabe&quot; H\u00e4kelmuster\" \/>\n<meta property=\"og:description\" content=\"Kaufen Sie hier mein Livina, Herbstausgabe H\u00e4kelmuster. Das H\u00e4kelmuster ist auch erh\u00e4ltlich auf Etsy, Haked.nl, Ravelry, Payhip\" \/>\n<meta property=\"og:url\" content=\"https:\/\/craftygenesindonesia.com\/de\/shop\/damen-und-herren-hakelmuster\/livina-de\/livina-herbstausgabe\/\" \/>\n<meta property=\"og:site_name\" content=\"Craftygenesindonesia\" \/>\n<meta property=\"article:modified_time\" content=\"2026-03-23T03:06:13+00:00\" \/>\n<meta property=\"og:image\" content=\"https:\/\/craftygenesindonesia.com\/wp-content\/uploads\/2024\/09\/Livina-Autumn-1.jpg\" \/>\n\t<meta property=\"og:image:width\" content=\"1080\" \/>\n\t<meta property=\"og:image:height\" content=\"1080\" \/>\n\t<meta property=\"og:image:type\" content=\"image\/jpeg\" \/>\n<meta name=\"twitter:card\" content=\"summary_large_image\" \/>\n<meta name=\"twitter:label1\" content=\"Gesch\u00e4tzte Lesezeit\" \/>\n\t<meta name=\"twitter:data1\" content=\"2\u00a0Minuten\" \/>\n<script type=\"application\/ld+json\" class=\"yoast-schema-graph\">{\"@context\":\"https:\\\/\\\/schema.org\",\"@graph\":[{\"@type\":\"WebPage\",\"@id\":\"https:\\\/\\\/craftygenesindonesia.com\\\/de\\\/shop\\\/damen-und-herren-hakelmuster\\\/livina-de\\\/livina-herbstausgabe\\\/\",\"url\":\"https:\\\/\\\/craftygenesindonesia.com\\\/de\\\/shop\\\/damen-und-herren-hakelmuster\\\/livina-de\\\/livina-herbstausgabe\\\/\",\"name\":\"Livina, Herbstausgabe H\u00e4kelmuster - Craftygenesindonesia\",\"isPartOf\":{\"@id\":\"https:\\\/\\\/craftygenesindonesia.com\\\/de\\\/#website\"},\"primaryImageOfPage\":{\"@id\":\"https:\\\/\\\/craftygenesindonesia.com\\\/de\\\/shop\\\/damen-und-herren-hakelmuster\\\/livina-de\\\/livina-herbstausgabe\\\/#primaryimage\"},\"image\":{\"@id\":\"https:\\\/\\\/craftygenesindonesia.com\\\/de\\\/shop\\\/damen-und-herren-hakelmuster\\\/livina-de\\\/livina-herbstausgabe\\\/#primaryimage\"},\"thumbnailUrl\":\"https:\\\/\\\/craftygenesindonesia.com\\\/wp-content\\\/uploads\\\/2024\\\/09\\\/Livina-Autumn-1.jpg\",\"datePublished\":\"2024-09-14T04:31:14+00:00\",\"dateModified\":\"2026-03-23T03:06:13+00:00\",\"description\":\"Kaufen Sie hier mein Livina, Herbstausgabe H\u00e4kelmuster. Das H\u00e4kelmuster ist auch erh\u00e4ltlich auf Etsy, Haked.nl, Ravelry, Payhip\",\"breadcrumb\":{\"@id\":\"https:\\\/\\\/craftygenesindonesia.com\\\/de\\\/shop\\\/damen-und-herren-hakelmuster\\\/livina-de\\\/livina-herbstausgabe\\\/#breadcrumb\"},\"inLanguage\":\"de\",\"potentialAction\":[{\"@type\":\"ReadAction\",\"target\":[\"https:\\\/\\\/craftygenesindonesia.com\\\/de\\\/shop\\\/damen-und-herren-hakelmuster\\\/livina-de\\\/livina-herbstausgabe\\\/\"]}]},{\"@type\":\"ImageObject\",\"inLanguage\":\"de\",\"@id\":\"https:\\\/\\\/craftygenesindonesia.com\\\/de\\\/shop\\\/damen-und-herren-hakelmuster\\\/livina-de\\\/livina-herbstausgabe\\\/#primaryimage\",\"url\":\"https:\\\/\\\/craftygenesindonesia.com\\\/wp-content\\\/uploads\\\/2024\\\/09\\\/Livina-Autumn-1.jpg\",\"contentUrl\":\"https:\\\/\\\/craftygenesindonesia.com\\\/wp-content\\\/uploads\\\/2024\\\/09\\\/Livina-Autumn-1.jpg\",\"width\":1080,\"height\":1080,\"caption\":\"crochet lady sitting on bench with coffee, surrounded by sunflowers, pumpkins, a barrel, leafs, mushrooms\"},{\"@type\":\"BreadcrumbList\",\"@id\":\"https:\\\/\\\/craftygenesindonesia.com\\\/de\\\/shop\\\/damen-und-herren-hakelmuster\\\/livina-de\\\/livina-herbstausgabe\\\/#breadcrumb\",\"itemListElement\":[{\"@type\":\"ListItem\",\"position\":1,\"name\":\"Home\",\"item\":\"https:\\\/\\\/craftygenesindonesia.com\\\/de\\\/\"},{\"@type\":\"ListItem\",\"position\":2,\"name\":\"Mustershop\",\"item\":\"https:\\\/\\\/craftygenesindonesia.com\\\/de\\\/muster-shop\\\/\"},{\"@type\":\"ListItem\",\"position\":3,\"name\":\"Livina, Herbstausgabe\"}]},{\"@type\":\"WebSite\",\"@id\":\"https:\\\/\\\/craftygenesindonesia.com\\\/de\\\/#website\",\"url\":\"https:\\\/\\\/craftygenesindonesia.com\\\/de\\\/\",\"name\":\"Craftygenesindonesia\",\"description\":\"\",\"publisher\":{\"@id\":\"https:\\\/\\\/craftygenesindonesia.com\\\/de\\\/#organization\"},\"potentialAction\":[{\"@type\":\"SearchAction\",\"target\":{\"@type\":\"EntryPoint\",\"urlTemplate\":\"https:\\\/\\\/craftygenesindonesia.com\\\/de\\\/?s={search_term_string}\"},\"query-input\":{\"@type\":\"PropertyValueSpecification\",\"valueRequired\":true,\"valueName\":\"search_term_string\"}}],\"inLanguage\":\"de\"},{\"@type\":\"Organization\",\"@id\":\"https:\\\/\\\/craftygenesindonesia.com\\\/de\\\/#organization\",\"name\":\"Craftygenesindonesia\",\"url\":\"https:\\\/\\\/craftygenesindonesia.com\\\/de\\\/\",\"logo\":{\"@type\":\"ImageObject\",\"inLanguage\":\"de\",\"@id\":\"https:\\\/\\\/craftygenesindonesia.com\\\/de\\\/#\\\/schema\\\/logo\\\/image\\\/\",\"url\":\"https:\\\/\\\/craftygenesindonesia.com\\\/wp-content\\\/uploads\\\/2025\\\/11\\\/cropped-Copy-of-Craftygenesindonesia.jpg\",\"contentUrl\":\"https:\\\/\\\/craftygenesindonesia.com\\\/wp-content\\\/uploads\\\/2025\\\/11\\\/cropped-Copy-of-Craftygenesindonesia.jpg\",\"width\":180,\"height\":60,\"caption\":\"Craftygenesindonesia\"},\"image\":{\"@id\":\"https:\\\/\\\/craftygenesindonesia.com\\\/de\\\/#\\\/schema\\\/logo\\\/image\\\/\"}}]}<\/script>\n<!-- \/ Yoast SEO plugin. -->","yoast_head_json":{"title":"Livina, Herbstausgabe H\u00e4kelmuster - Craftygenesindonesia","description":"Kaufen Sie hier mein Livina, Herbstausgabe H\u00e4kelmuster. Das H\u00e4kelmuster ist auch erh\u00e4ltlich auf Etsy, Haked.nl, Ravelry, Payhip","robots":{"index":"index","follow":"follow","max-snippet":"max-snippet:-1","max-image-preview":"max-image-preview:large","max-video-preview":"max-video-preview:-1"},"canonical":"https:\/\/craftygenesindonesia.com\/de\/shop\/damen-und-herren-hakelmuster\/livina-de\/livina-herbstausgabe\/","og_locale":"de_DE","og_type":"article","og_title":"\"Livina, Herbstausgabe\" H\u00e4kelmuster","og_description":"Kaufen Sie hier mein Livina, Herbstausgabe H\u00e4kelmuster. Das H\u00e4kelmuster ist auch erh\u00e4ltlich auf Etsy, Haked.nl, Ravelry, Payhip","og_url":"https:\/\/craftygenesindonesia.com\/de\/shop\/damen-und-herren-hakelmuster\/livina-de\/livina-herbstausgabe\/","og_site_name":"Craftygenesindonesia","article_modified_time":"2026-03-23T03:06:13+00:00","og_image":[{"width":1080,"height":1080,"url":"https:\/\/craftygenesindonesia.com\/wp-content\/uploads\/2024\/09\/Livina-Autumn-1.jpg","type":"image\/jpeg"}],"twitter_card":"summary_large_image","twitter_misc":{"Gesch\u00e4tzte Lesezeit":"2\u00a0Minuten"},"schema":{"@context":"https:\/\/schema.org","@graph":[{"@type":"WebPage","@id":"https:\/\/craftygenesindonesia.com\/de\/shop\/damen-und-herren-hakelmuster\/livina-de\/livina-herbstausgabe\/","url":"https:\/\/craftygenesindonesia.com\/de\/shop\/damen-und-herren-hakelmuster\/livina-de\/livina-herbstausgabe\/","name":"Livina, Herbstausgabe H\u00e4kelmuster - Craftygenesindonesia","isPartOf":{"@id":"https:\/\/craftygenesindonesia.com\/de\/#website"},"primaryImageOfPage":{"@id":"https:\/\/craftygenesindonesia.com\/de\/shop\/damen-und-herren-hakelmuster\/livina-de\/livina-herbstausgabe\/#primaryimage"},"image":{"@id":"https:\/\/craftygenesindonesia.com\/de\/shop\/damen-und-herren-hakelmuster\/livina-de\/livina-herbstausgabe\/#primaryimage"},"thumbnailUrl":"https:\/\/craftygenesindonesia.com\/wp-content\/uploads\/2024\/09\/Livina-Autumn-1.jpg","datePublished":"2024-09-14T04:31:14+00:00","dateModified":"2026-03-23T03:06:13+00:00","description":"Kaufen Sie hier mein Livina, Herbstausgabe H\u00e4kelmuster. Das H\u00e4kelmuster ist auch erh\u00e4ltlich auf Etsy, Haked.nl, Ravelry, Payhip","breadcrumb":{"@id":"https:\/\/craftygenesindonesia.com\/de\/shop\/damen-und-herren-hakelmuster\/livina-de\/livina-herbstausgabe\/#breadcrumb"},"inLanguage":"de","potentialAction":[{"@type":"ReadAction","target":["https:\/\/craftygenesindonesia.com\/de\/shop\/damen-und-herren-hakelmuster\/livina-de\/livina-herbstausgabe\/"]}]},{"@type":"ImageObject","inLanguage":"de","@id":"https:\/\/craftygenesindonesia.com\/de\/shop\/damen-und-herren-hakelmuster\/livina-de\/livina-herbstausgabe\/#primaryimage","url":"https:\/\/craftygenesindonesia.com\/wp-content\/uploads\/2024\/09\/Livina-Autumn-1.jpg","contentUrl":"https:\/\/craftygenesindonesia.com\/wp-content\/uploads\/2024\/09\/Livina-Autumn-1.jpg","width":1080,"height":1080,"caption":"crochet lady sitting on bench with coffee, surrounded by sunflowers, pumpkins, a barrel, leafs, mushrooms"},{"@type":"BreadcrumbList","@id":"https:\/\/craftygenesindonesia.com\/de\/shop\/damen-und-herren-hakelmuster\/livina-de\/livina-herbstausgabe\/#breadcrumb","itemListElement":[{"@type":"ListItem","position":1,"name":"Home","item":"https:\/\/craftygenesindonesia.com\/de\/"},{"@type":"ListItem","position":2,"name":"Mustershop","item":"https:\/\/craftygenesindonesia.com\/de\/muster-shop\/"},{"@type":"ListItem","position":3,"name":"Livina, Herbstausgabe"}]},{"@type":"WebSite","@id":"https:\/\/craftygenesindonesia.com\/de\/#website","url":"https:\/\/craftygenesindonesia.com\/de\/","name":"Craftygenesindonesia","description":"","publisher":{"@id":"https:\/\/craftygenesindonesia.com\/de\/#organization"},"potentialAction":[{"@type":"SearchAction","target":{"@type":"EntryPoint","urlTemplate":"https:\/\/craftygenesindonesia.com\/de\/?s={search_term_string}"},"query-input":{"@type":"PropertyValueSpecification","valueRequired":true,"valueName":"search_term_string"}}],"inLanguage":"de"},{"@type":"Organization","@id":"https:\/\/craftygenesindonesia.com\/de\/#organization","name":"Craftygenesindonesia","url":"https:\/\/craftygenesindonesia.com\/de\/","logo":{"@type":"ImageObject","inLanguage":"de","@id":"https:\/\/craftygenesindonesia.com\/de\/#\/schema\/logo\/image\/","url":"https:\/\/craftygenesindonesia.com\/wp-content\/uploads\/2025\/11\/cropped-Copy-of-Craftygenesindonesia.jpg","contentUrl":"https:\/\/craftygenesindonesia.com\/wp-content\/uploads\/2025\/11\/cropped-Copy-of-Craftygenesindonesia.jpg","width":180,"height":60,"caption":"Craftygenesindonesia"},"image":{"@id":"https:\/\/craftygenesindonesia.com\/de\/#\/schema\/logo\/image\/"}}]}},"_links":{"self":[{"href":"https:\/\/craftygenesindonesia.com\/de\/wp-json\/wp\/v2\/product\/987528417","targetHints":{"allow":["GET"]}}],"collection":[{"href":"https:\/\/craftygenesindonesia.com\/de\/wp-json\/wp\/v2\/product"}],"about":[{"href":"https:\/\/craftygenesindonesia.com\/de\/wp-json\/wp\/v2\/types\/product"}],"replies":[{"embeddable":true,"href":"https:\/\/craftygenesindonesia.com\/de\/wp-json\/wp\/v2\/comments?post=987528417"}],"wp:featuredmedia":[{"embeddable":true,"href":"https:\/\/craftygenesindonesia.com\/de\/wp-json\/wp\/v2\/media\/987529941"}],"wp:attachment":[{"href":"https:\/\/craftygenesindonesia.com\/de\/wp-json\/wp\/v2\/media?parent=987528417"}],"wp:term":[{"taxonomy":"product_brand","embeddable":true,"href":"https:\/\/craftygenesindonesia.com\/de\/wp-json\/wp\/v2\/product_brand?post=987528417"},{"taxonomy":"product_cat","embeddable":true,"href":"https:\/\/craftygenesindonesia.com\/de\/wp-json\/wp\/v2\/product_cat?post=987528417"},{"taxonomy":"product_tag","embeddable":true,"href":"https:\/\/craftygenesindonesia.com\/de\/wp-json\/wp\/v2\/product_tag?post=987528417"}],"curies":[{"name":"wp","href":"https:\/\/api.w.org\/{rel}","templated":true}]}}