{"id":987528408,"date":"2024-09-20T16:51:46","date_gmt":"2024-09-20T08:51:46","guid":{"rendered":"https:\/\/craftygenesindonesia.com\/shop\/unkategorisiert\/sagrada-familia-krippe-stricken\/"},"modified":"2026-03-23T08:26:00","modified_gmt":"2026-03-23T00:26:00","slug":"sagrada-familia-krippe-stricken","status":"publish","type":"product","link":"https:\/\/craftygenesindonesia.com\/de\/shop\/strickmuster\/sagrada-familia-krippe-stricken\/","title":{"rendered":"Sagrada Familia-Krippe (Stricken)"},"content":{"rendered":"<p><strong>Abmessungen: <\/strong><\/p>\n<ul>\n<li>Stall: 33x30x20cm\/ 13&#215;11.8&#215;7.8inch<\/li>\n<li>Maria: 14cm\/ 5.5 inch<\/li>\n<li>Joseph: 23cm\/ 9 inch<\/li>\n<\/ul>\n<p>&nbsp;<\/p>\n<p><strong>Garn<\/strong>: &#8220;FINGERING&#8221;-Garn wie Catona, Catania, &#8230; in diesen Farben: hautfarben, blau, cremefarben, hellbraun, dunkelbraun, dunkelgr\u00fcn, salbeigr\u00fcn, schokoladenbraun, dunkelbeige, terracotta<\/p>\n<p>&nbsp;<\/p>\n<p><strong>Stricknadeln<\/strong>: 2 mm &#8211; gerade Stricknadeln<\/p>\n<p>&nbsp;<\/p>\n<p><strong>Weitere Dinge, die du brauchst<\/strong>: F\u00fcllung, Schere, Bleistift, Lineal, Kleber, N\u00e4hnadeln, Stopfnadel, 2 Spie\u00dfe oder Essst\u00e4bchen, stabile und starke 3 mm dicke Pappe, 3 mm dicker Filz (die Farbe spielt keine Rolle), kleine Aquariensteine<\/p>\n<p>&nbsp;<\/p>\n<p>Dieses Muster ist ein schriftliches Muster mit vielen Bildern, um Ihnen zu helfen. Wenn Sie Fragen haben, schicken Sie mir eine Nachricht an: craftygenesindonesia@gmail.com<\/p>\n<p>&nbsp;<\/p>\n<p><strong>-Dieses Muster ist nur f\u00fcr den pers\u00f6nlichen Gebrauch bestimmt und ist mit einem COPYRIGHT versehen. Daher darf das Muster NICHT kopiert, verkauft, weiterverkauft, \u00fcbersetzt, als eigenes Design beansprucht, verteilt, geteilt, ver\u00f6ffentlicht, online in irgendeiner Form ohne meine Erlaubnis gepostet werden. Nicht einmal ein Teil davon!!! <\/strong><\/p>\n<p>&nbsp;<\/p>\n<p><strong>-Sie d\u00fcrfen das fertige Produkt in kleinen Mengen verkaufen, ABER NICHT DAS MUSTER SELBST! Erw\u00e4hnen Sie, dass das Schnittmuster von Craftygenesindonesia ist und wo man es kaufen kann <\/strong><\/p>\n","protected":false},"excerpt":{"rendered":"<p>WICHTIG: Dies ist ein Strickmuster, KEIN H\u00e4kelmuster.<\/p>\n<p>Es ist ein wunderbares Muster f\u00fcr alle, die gerne stricken und nach einer sch\u00f6nen, aber einfach zu machenden Krippe suchen. Jesus, Maria, Josef, der Stall und der Topf sind alle gestrickt. Den Besen habe ich selbst gestrickt und die Anleitung daf\u00fcr ist im Muster enthalten. Die Kieselsteine sind Aquarienkieselsteine, die ich aufgeklebt habe.<\/p>\n","protected":false},"featured_media":987528409,"comment_status":"open","ping_status":"closed","template":"","meta":{"_acf_changed":false},"product_brand":[],"product_cat":[12297,12295,12296],"product_tag":[12147,12148,12149,12145,12155,12135,12137,12150,12151,12237,12134,12138,12140,12143,12523,12144],"class_list":{"0":"post-987528408","1":"product","2":"type-product","3":"status-publish","4":"has-post-thumbnail","6":"product_cat-krippenstrickmuster","7":"product_cat-strickmuster","8":"product_cat-weihnachtsstrickmuster","9":"product_tag-christian-de","10":"product_tag-heilige-maria-de","11":"product_tag-heilige-maria-de-2","12":"product_tag-heilige-maria","13":"product_tag-heilige-st-maria","14":"product_tag-jesus-de","15":"product_tag-joseph-de","16":"product_tag-jungfrau-maria","17":"product_tag-katholisch","18":"product_tag-katholischer-heiliger","19":"product_tag-krippenspiel","20":"product_tag-maria","21":"product_tag-nativity-de","22":"product_tag-stall","23":"product_tag-weihnachtsdekoration-de","24":"product_tag-weihnachtskrippe","25":"pa_available_on-craftygenesindonesia","26":"pa_available_on-etsy","27":"pa_available_on-haked-nl","28":"pa_available_on-payhip","29":"pa_available_on-ravelry","30":"pa_languages-franzoesisch","31":"pa_languages-niederlaendisch","32":"pa_languages-portugiesisch","33":"pa_languages-spanisch","34":"pa_languages-us-englisch","36":"first","37":"instock","38":"downloadable","39":"virtual","40":"purchasable","41":"product-type-simple"},"acf":[],"yoast_head":"<!-- This site is optimized with the Yoast SEO plugin v27.4 - https:\/\/yoast.com\/product\/yoast-seo-wordpress\/ -->\n<title>Sagrada Familia-Krippe (Stricken) - Craftygenesindonesia<\/title>\n<meta name=\"description\" content=\"Kaufen Sie hier mein Strickmuster f\u00fcr die &quot;Sagrada Familia-Krippe&quot;. Das einfach zu befolgende Strickmuster ist auch auf Etsy, Haked.nl, Ravelry\" \/>\n<meta name=\"robots\" content=\"index, follow, max-snippet:-1, max-image-preview:large, max-video-preview:-1\" \/>\n<link rel=\"canonical\" href=\"https:\/\/craftygenesindonesia.com\/de\/shop\/strickmuster\/sagrada-familia-krippe-stricken\/\" \/>\n<meta property=\"og:locale\" content=\"de_DE\" \/>\n<meta property=\"og:type\" content=\"article\" \/>\n<meta property=\"og:title\" content=\"Strickmuster &quot;Sagrada Familia-Krippe&quot;\" \/>\n<meta property=\"og:description\" content=\"Kaufen Sie hier mein Strickmuster f\u00fcr die &quot;Sagrada Familia-Krippe&quot;. Das einfach zu befolgende Strickmuster ist auch auf Etsy, Haked.nl, Ravelry\" \/>\n<meta property=\"og:url\" content=\"https:\/\/craftygenesindonesia.com\/de\/shop\/strickmuster\/sagrada-familia-krippe-stricken\/\" \/>\n<meta property=\"og:site_name\" content=\"Craftygenesindonesia\" \/>\n<meta property=\"article:modified_time\" content=\"2026-03-23T00:26:00+00:00\" \/>\n<meta property=\"og:image\" content=\"https:\/\/craftygenesindonesia.com\/wp-content\/uploads\/2024\/09\/1-1-300x300.jpg\" \/>\n<meta name=\"twitter:card\" content=\"summary_large_image\" \/>\n<meta name=\"twitter:label1\" content=\"Gesch\u00e4tzte Lesezeit\" \/>\n\t<meta name=\"twitter:data1\" content=\"1\u00a0Minute\" \/>\n<script type=\"application\/ld+json\" class=\"yoast-schema-graph\">{\"@context\":\"https:\\\/\\\/schema.org\",\"@graph\":[{\"@type\":\"WebPage\",\"@id\":\"https:\\\/\\\/craftygenesindonesia.com\\\/de\\\/shop\\\/strickmuster\\\/sagrada-familia-krippe-stricken\\\/\",\"url\":\"https:\\\/\\\/craftygenesindonesia.com\\\/de\\\/shop\\\/strickmuster\\\/sagrada-familia-krippe-stricken\\\/\",\"name\":\"Sagrada Familia-Krippe (Stricken) - Craftygenesindonesia\",\"isPartOf\":{\"@id\":\"https:\\\/\\\/craftygenesindonesia.com\\\/de\\\/#website\"},\"primaryImageOfPage\":{\"@id\":\"https:\\\/\\\/craftygenesindonesia.com\\\/de\\\/shop\\\/strickmuster\\\/sagrada-familia-krippe-stricken\\\/#primaryimage\"},\"image\":{\"@id\":\"https:\\\/\\\/craftygenesindonesia.com\\\/de\\\/shop\\\/strickmuster\\\/sagrada-familia-krippe-stricken\\\/#primaryimage\"},\"thumbnailUrl\":\"https:\\\/\\\/craftygenesindonesia.com\\\/wp-content\\\/uploads\\\/2024\\\/09\\\/1-1.jpg\",\"datePublished\":\"2024-09-20T08:51:46+00:00\",\"dateModified\":\"2026-03-23T00:26:00+00:00\",\"description\":\"Kaufen Sie hier mein Strickmuster f\u00fcr die \\\"Sagrada Familia-Krippe\\\". Das einfach zu befolgende Strickmuster ist auch auf Etsy, Haked.nl, Ravelry\",\"breadcrumb\":{\"@id\":\"https:\\\/\\\/craftygenesindonesia.com\\\/de\\\/shop\\\/strickmuster\\\/sagrada-familia-krippe-stricken\\\/#breadcrumb\"},\"inLanguage\":\"de\",\"potentialAction\":[{\"@type\":\"ReadAction\",\"target\":[\"https:\\\/\\\/craftygenesindonesia.com\\\/de\\\/shop\\\/strickmuster\\\/sagrada-familia-krippe-stricken\\\/\"]}]},{\"@type\":\"ImageObject\",\"inLanguage\":\"de\",\"@id\":\"https:\\\/\\\/craftygenesindonesia.com\\\/de\\\/shop\\\/strickmuster\\\/sagrada-familia-krippe-stricken\\\/#primaryimage\",\"url\":\"https:\\\/\\\/craftygenesindonesia.com\\\/wp-content\\\/uploads\\\/2024\\\/09\\\/1-1.jpg\",\"contentUrl\":\"https:\\\/\\\/craftygenesindonesia.com\\\/wp-content\\\/uploads\\\/2024\\\/09\\\/1-1.jpg\",\"width\":1080,\"height\":1080,\"caption\":\"knitted nativity set, knitted holy family, knitting pattern Jesus and Mary and Joseph, Christmas knitting pattern\"},{\"@type\":\"BreadcrumbList\",\"@id\":\"https:\\\/\\\/craftygenesindonesia.com\\\/de\\\/shop\\\/strickmuster\\\/sagrada-familia-krippe-stricken\\\/#breadcrumb\",\"itemListElement\":[{\"@type\":\"ListItem\",\"position\":1,\"name\":\"Home\",\"item\":\"https:\\\/\\\/craftygenesindonesia.com\\\/de\\\/\"},{\"@type\":\"ListItem\",\"position\":2,\"name\":\"Mustershop\",\"item\":\"https:\\\/\\\/craftygenesindonesia.com\\\/de\\\/muster-shop\\\/\"},{\"@type\":\"ListItem\",\"position\":3,\"name\":\"Sagrada Familia-Krippe (Stricken)\"}]},{\"@type\":\"WebSite\",\"@id\":\"https:\\\/\\\/craftygenesindonesia.com\\\/de\\\/#website\",\"url\":\"https:\\\/\\\/craftygenesindonesia.com\\\/de\\\/\",\"name\":\"Craftygenesindonesia\",\"description\":\"\",\"publisher\":{\"@id\":\"https:\\\/\\\/craftygenesindonesia.com\\\/de\\\/#organization\"},\"potentialAction\":[{\"@type\":\"SearchAction\",\"target\":{\"@type\":\"EntryPoint\",\"urlTemplate\":\"https:\\\/\\\/craftygenesindonesia.com\\\/de\\\/?s={search_term_string}\"},\"query-input\":{\"@type\":\"PropertyValueSpecification\",\"valueRequired\":true,\"valueName\":\"search_term_string\"}}],\"inLanguage\":\"de\"},{\"@type\":\"Organization\",\"@id\":\"https:\\\/\\\/craftygenesindonesia.com\\\/de\\\/#organization\",\"name\":\"Craftygenesindonesia\",\"url\":\"https:\\\/\\\/craftygenesindonesia.com\\\/de\\\/\",\"logo\":{\"@type\":\"ImageObject\",\"inLanguage\":\"de\",\"@id\":\"https:\\\/\\\/craftygenesindonesia.com\\\/de\\\/#\\\/schema\\\/logo\\\/image\\\/\",\"url\":\"https:\\\/\\\/craftygenesindonesia.com\\\/wp-content\\\/uploads\\\/2025\\\/11\\\/cropped-Copy-of-Craftygenesindonesia.jpg\",\"contentUrl\":\"https:\\\/\\\/craftygenesindonesia.com\\\/wp-content\\\/uploads\\\/2025\\\/11\\\/cropped-Copy-of-Craftygenesindonesia.jpg\",\"width\":180,\"height\":60,\"caption\":\"Craftygenesindonesia\"},\"image\":{\"@id\":\"https:\\\/\\\/craftygenesindonesia.com\\\/de\\\/#\\\/schema\\\/logo\\\/image\\\/\"}}]}<\/script>\n<!-- \/ Yoast SEO plugin. -->","yoast_head_json":{"title":"Sagrada Familia-Krippe (Stricken) - Craftygenesindonesia","description":"Kaufen Sie hier mein Strickmuster f\u00fcr die \"Sagrada Familia-Krippe\". Das einfach zu befolgende Strickmuster ist auch auf Etsy, Haked.nl, Ravelry","robots":{"index":"index","follow":"follow","max-snippet":"max-snippet:-1","max-image-preview":"max-image-preview:large","max-video-preview":"max-video-preview:-1"},"canonical":"https:\/\/craftygenesindonesia.com\/de\/shop\/strickmuster\/sagrada-familia-krippe-stricken\/","og_locale":"de_DE","og_type":"article","og_title":"Strickmuster \"Sagrada Familia-Krippe\"","og_description":"Kaufen Sie hier mein Strickmuster f\u00fcr die \"Sagrada Familia-Krippe\". Das einfach zu befolgende Strickmuster ist auch auf Etsy, Haked.nl, Ravelry","og_url":"https:\/\/craftygenesindonesia.com\/de\/shop\/strickmuster\/sagrada-familia-krippe-stricken\/","og_site_name":"Craftygenesindonesia","article_modified_time":"2026-03-23T00:26:00+00:00","og_image":[{"url":"https:\/\/craftygenesindonesia.com\/wp-content\/uploads\/2024\/09\/1-1-300x300.jpg","type":"","width":"","height":""}],"twitter_card":"summary_large_image","twitter_misc":{"Gesch\u00e4tzte Lesezeit":"1\u00a0Minute"},"schema":{"@context":"https:\/\/schema.org","@graph":[{"@type":"WebPage","@id":"https:\/\/craftygenesindonesia.com\/de\/shop\/strickmuster\/sagrada-familia-krippe-stricken\/","url":"https:\/\/craftygenesindonesia.com\/de\/shop\/strickmuster\/sagrada-familia-krippe-stricken\/","name":"Sagrada Familia-Krippe (Stricken) - Craftygenesindonesia","isPartOf":{"@id":"https:\/\/craftygenesindonesia.com\/de\/#website"},"primaryImageOfPage":{"@id":"https:\/\/craftygenesindonesia.com\/de\/shop\/strickmuster\/sagrada-familia-krippe-stricken\/#primaryimage"},"image":{"@id":"https:\/\/craftygenesindonesia.com\/de\/shop\/strickmuster\/sagrada-familia-krippe-stricken\/#primaryimage"},"thumbnailUrl":"https:\/\/craftygenesindonesia.com\/wp-content\/uploads\/2024\/09\/1-1.jpg","datePublished":"2024-09-20T08:51:46+00:00","dateModified":"2026-03-23T00:26:00+00:00","description":"Kaufen Sie hier mein Strickmuster f\u00fcr die \"Sagrada Familia-Krippe\". Das einfach zu befolgende Strickmuster ist auch auf Etsy, Haked.nl, Ravelry","breadcrumb":{"@id":"https:\/\/craftygenesindonesia.com\/de\/shop\/strickmuster\/sagrada-familia-krippe-stricken\/#breadcrumb"},"inLanguage":"de","potentialAction":[{"@type":"ReadAction","target":["https:\/\/craftygenesindonesia.com\/de\/shop\/strickmuster\/sagrada-familia-krippe-stricken\/"]}]},{"@type":"ImageObject","inLanguage":"de","@id":"https:\/\/craftygenesindonesia.com\/de\/shop\/strickmuster\/sagrada-familia-krippe-stricken\/#primaryimage","url":"https:\/\/craftygenesindonesia.com\/wp-content\/uploads\/2024\/09\/1-1.jpg","contentUrl":"https:\/\/craftygenesindonesia.com\/wp-content\/uploads\/2024\/09\/1-1.jpg","width":1080,"height":1080,"caption":"knitted nativity set, knitted holy family, knitting pattern Jesus and Mary and Joseph, Christmas knitting pattern"},{"@type":"BreadcrumbList","@id":"https:\/\/craftygenesindonesia.com\/de\/shop\/strickmuster\/sagrada-familia-krippe-stricken\/#breadcrumb","itemListElement":[{"@type":"ListItem","position":1,"name":"Home","item":"https:\/\/craftygenesindonesia.com\/de\/"},{"@type":"ListItem","position":2,"name":"Mustershop","item":"https:\/\/craftygenesindonesia.com\/de\/muster-shop\/"},{"@type":"ListItem","position":3,"name":"Sagrada Familia-Krippe (Stricken)"}]},{"@type":"WebSite","@id":"https:\/\/craftygenesindonesia.com\/de\/#website","url":"https:\/\/craftygenesindonesia.com\/de\/","name":"Craftygenesindonesia","description":"","publisher":{"@id":"https:\/\/craftygenesindonesia.com\/de\/#organization"},"potentialAction":[{"@type":"SearchAction","target":{"@type":"EntryPoint","urlTemplate":"https:\/\/craftygenesindonesia.com\/de\/?s={search_term_string}"},"query-input":{"@type":"PropertyValueSpecification","valueRequired":true,"valueName":"search_term_string"}}],"inLanguage":"de"},{"@type":"Organization","@id":"https:\/\/craftygenesindonesia.com\/de\/#organization","name":"Craftygenesindonesia","url":"https:\/\/craftygenesindonesia.com\/de\/","logo":{"@type":"ImageObject","inLanguage":"de","@id":"https:\/\/craftygenesindonesia.com\/de\/#\/schema\/logo\/image\/","url":"https:\/\/craftygenesindonesia.com\/wp-content\/uploads\/2025\/11\/cropped-Copy-of-Craftygenesindonesia.jpg","contentUrl":"https:\/\/craftygenesindonesia.com\/wp-content\/uploads\/2025\/11\/cropped-Copy-of-Craftygenesindonesia.jpg","width":180,"height":60,"caption":"Craftygenesindonesia"},"image":{"@id":"https:\/\/craftygenesindonesia.com\/de\/#\/schema\/logo\/image\/"}}]}},"_links":{"self":[{"href":"https:\/\/craftygenesindonesia.com\/de\/wp-json\/wp\/v2\/product\/987528408","targetHints":{"allow":["GET"]}}],"collection":[{"href":"https:\/\/craftygenesindonesia.com\/de\/wp-json\/wp\/v2\/product"}],"about":[{"href":"https:\/\/craftygenesindonesia.com\/de\/wp-json\/wp\/v2\/types\/product"}],"replies":[{"embeddable":true,"href":"https:\/\/craftygenesindonesia.com\/de\/wp-json\/wp\/v2\/comments?post=987528408"}],"wp:featuredmedia":[{"embeddable":true,"href":"https:\/\/craftygenesindonesia.com\/de\/wp-json\/wp\/v2\/media\/987528409"}],"wp:attachment":[{"href":"https:\/\/craftygenesindonesia.com\/de\/wp-json\/wp\/v2\/media?parent=987528408"}],"wp:term":[{"taxonomy":"product_brand","embeddable":true,"href":"https:\/\/craftygenesindonesia.com\/de\/wp-json\/wp\/v2\/product_brand?post=987528408"},{"taxonomy":"product_cat","embeddable":true,"href":"https:\/\/craftygenesindonesia.com\/de\/wp-json\/wp\/v2\/product_cat?post=987528408"},{"taxonomy":"product_tag","embeddable":true,"href":"https:\/\/craftygenesindonesia.com\/de\/wp-json\/wp\/v2\/product_tag?post=987528408"}],"curies":[{"name":"wp","href":"https:\/\/api.w.org\/{rel}","templated":true}]}}