{"id":987528396,"date":"2024-10-05T12:35:37","date_gmt":"2024-10-05T04:35:37","guid":{"rendered":"https:\/\/craftygenesindonesia.com\/shop\/unkategorisiert\/livina-weihnachtsausgabe\/"},"modified":"2026-03-23T08:09:58","modified_gmt":"2026-03-23T00:09:58","slug":"livina-weihnachtsausgabe","status":"publish","type":"product","link":"https:\/\/craftygenesindonesia.com\/de\/shop\/damen-und-herren-hakelmuster\/livina-de\/livina-weihnachtsausgabe\/","title":{"rendered":"Livina Weihnachtsausgabe"},"content":{"rendered":"<p>Gr\u00f6\u00dfe: 14x29x29cm\/ 5.5&#215;11.5&#215;11.5\u201d<\/p>\n<p>Garn: Dieses Muster wird mit einem f\u00fcr Amigurumi geeigneten Garn der St\u00e4rke &#8220;FINGERING&#8221; und einer H\u00e4kelnadel der Gr\u00f6\u00dfe 2mm hergestellt.<\/p>\n<p>Sie ben\u00f6tigen folgende Farben: dunkelbraun, kastanienbraun, schokoladenbraun, hautfarben, rot, gr\u00fcn, goldbraun, schwarz, graubraun, orange, gelb, wei\u00df, grau, hellgrau<\/p>\n<p>Sie ben\u00f6tigen au\u00dferdem wei\u00dfes Chenille-\/Samtgarn<\/p>\n<p>Au\u00dferdem brauchen Sie: F\u00fcllung, Schere, Bleistift, Lineal, Klebstoff, Klebenadel, 5mm dicke Pappe, N\u00e4hnadeln, 1 Wattest\u00e4bchen, Filzblatt (Farbe spielt keine Rolle), 10mm goldfarbene Gl\u00f6ckchen, 30x40mm Schl\u00fcsselanh\u00e4ngerheftchen, 7 &amp; 5mm goldfarbene Perlen, zwei 30mm goldfarbene Sterne, 25mm goldfarbener Ring, Grillspie\u00df, 4 Pop-\u00d6sen oder Perlen mit flacher R\u00fcckseite von 15mm Durchmesser<\/p>\n<p>**Die Pappe wird f\u00fcr einige kleine Objekte wie den Weihnachtsbaum, den Kamin und &#8230;. verwendet. Die Pappe im Hintergrund und auf der Plattform kann durch Sperrholz ersetzt werden.<\/p>\n<p>H\u00e4kelnadel: 2mm<\/p>\n<p>&nbsp;<\/p>\n<p>Dieses Muster ist ein schriftliches Muster mit vielen Bildern, um Ihnen zu helfen. Wenn Sie Fragen haben, schicken Sie mir eine Nachricht an: craftygenesindonesia@gmail.com<\/p>\n<p><strong>-Dieses Muster ist nur f\u00fcr den pers\u00f6nlichen Gebrauch bestimmt und ist mit einem COPYRIGHT versehen. Daher darf das Muster NICHT kopiert, verkauft, weiterverkauft, \u00fcbersetzt, als eigenes Design beansprucht, verteilt, geteilt, ver\u00f6ffentlicht, online in irgendeiner Form ohne meine Erlaubnis gepostet werden. Nicht einmal ein Teil davon!!! <\/strong><\/p>\n<p><strong>-Sie d\u00fcrfen das fertige Produkt in kleinen Mengen verkaufen, ABER NICHT DAS MUSTER SELBST! Erw\u00e4hnen Sie, dass das Schnittmuster von Craftygenesindonesia ist und wo man es kaufen kann <\/strong><\/p>\n","protected":false},"excerpt":{"rendered":"<p>Dies ist die zweite Ausgabe meiner Livina-Serie (und es werden nat\u00fcrlich noch viele weitere folgen). Diesmal sitzt Livina in ihrem Wohnzimmer mit einem Buch, w\u00e4hrend ihre Katze vor dem Weihnachtsbaum spielt. Es gibt auch einen kleinen Engel, einen Kamin und sogar eine Kuckucksuhr.<\/p>\n","protected":false},"featured_media":987528406,"comment_status":"open","ping_status":"closed","template":"","meta":{"_acf_changed":false},"product_brand":[],"product_cat":[12177,12226,12130],"product_tag":[12167,12286,12283,12292,12259,12293,12284,12289,12282,12234,12141,12287,12165,12290,12258,12254,12280,12288,12285,12281,12291,12294],"class_list":{"0":"post-987528396","1":"product","2":"type-product","3":"status-publish","4":"has-post-thumbnail","6":"product_cat-damen-und-herren-hakelmuster","7":"product_cat-livina-de","8":"product_cat-weihnachts-hakelmuster","9":"product_tag-antike-uhr","10":"product_tag-bank","11":"product_tag-bibel","12":"product_tag-buch","13":"product_tag-glocken","14":"product_tag-kamin","15":"product_tag-kerze","16":"product_tag-kerzen","17":"product_tag-kuckucksuhr","18":"product_tag-livina-de","19":"product_tag-stern","20":"product_tag-teppich","21":"product_tag-uhr","22":"product_tag-weihnachtsbaum","23":"product_tag-weihnachtsdekoration","24":"product_tag-weihnachtsengel","25":"product_tag-weihnachtsfrau","26":"product_tag-weihnachtshaus","27":"product_tag-weihnachtskerzen","28":"product_tag-weihnachtskranz","29":"product_tag-weihnachtsschmuck","30":"product_tag-wohnstube","31":"pa_available_on-craftygenesindonesia","32":"pa_available_on-etsy","33":"pa_available_on-haked-nl","34":"pa_available_on-payhip","35":"pa_available_on-ravelry","36":"pa_languages-deutsch","37":"pa_languages-franzoesisch","38":"pa_languages-niederlaendisch","39":"pa_languages-portugiesisch","40":"pa_languages-spanisch","41":"pa_languages-us-englisch","43":"first","44":"instock","45":"downloadable","46":"virtual","47":"purchasable","48":"product-type-simple"},"acf":[],"yoast_head":"<!-- This site is optimized with the Yoast SEO plugin v27.3 - https:\/\/yoast.com\/product\/yoast-seo-wordpress\/ -->\n<title>Livina Weihnachtsausgabe H\u00e4kelmuster - Craftygenesindonesia<\/title>\n<meta name=\"description\" content=\"Kaufen Sie hier mein H\u00e4kelmuster &quot;Livina Weihnachtsausgabe&quot;. Das einfach zu befolgende H\u00e4kelmuster ist auch auf Etsy, Haked.nl, Ravelry, Payhip\" \/>\n<meta name=\"robots\" content=\"index, follow, max-snippet:-1, max-image-preview:large, max-video-preview:-1\" \/>\n<link rel=\"canonical\" href=\"https:\/\/craftygenesindonesia.com\/de\/shop\/damen-und-herren-hakelmuster\/livina-de\/livina-weihnachtsausgabe\/\" \/>\n<meta property=\"og:locale\" content=\"de_DE\" \/>\n<meta property=\"og:type\" content=\"article\" \/>\n<meta property=\"og:title\" content=\"&quot;Livina Weihnachtsedition&quot; H\u00e4kelmuster\" \/>\n<meta property=\"og:description\" content=\"Kaufen Sie hier mein H\u00e4kelmuster &quot;Livina Weihnachtsausgabe&quot;. Das einfach zu befolgende H\u00e4kelmuster ist auch auf Etsy, Haked.nl, Ravelry, Payhip\" \/>\n<meta property=\"og:url\" content=\"https:\/\/craftygenesindonesia.com\/de\/shop\/damen-und-herren-hakelmuster\/livina-de\/livina-weihnachtsausgabe\/\" \/>\n<meta property=\"og:site_name\" content=\"Craftygenesindonesia\" \/>\n<meta property=\"article:modified_time\" content=\"2026-03-23T00:09:58+00:00\" \/>\n<meta property=\"og:image\" content=\"https:\/\/craftygenesindonesia.com\/wp-content\/uploads\/2024\/10\/Livina-Christmas-300x300.jpg\" \/>\n<meta name=\"twitter:card\" content=\"summary_large_image\" \/>\n<meta name=\"twitter:label1\" content=\"Gesch\u00e4tzte Lesezeit\" \/>\n\t<meta name=\"twitter:data1\" content=\"2\u00a0Minuten\" \/>\n<script type=\"application\/ld+json\" class=\"yoast-schema-graph\">{\"@context\":\"https:\\\/\\\/schema.org\",\"@graph\":[{\"@type\":\"WebPage\",\"@id\":\"https:\\\/\\\/craftygenesindonesia.com\\\/de\\\/shop\\\/damen-und-herren-hakelmuster\\\/livina-de\\\/livina-weihnachtsausgabe\\\/\",\"url\":\"https:\\\/\\\/craftygenesindonesia.com\\\/de\\\/shop\\\/damen-und-herren-hakelmuster\\\/livina-de\\\/livina-weihnachtsausgabe\\\/\",\"name\":\"Livina Weihnachtsausgabe H\u00e4kelmuster - Craftygenesindonesia\",\"isPartOf\":{\"@id\":\"https:\\\/\\\/craftygenesindonesia.com\\\/de\\\/#website\"},\"primaryImageOfPage\":{\"@id\":\"https:\\\/\\\/craftygenesindonesia.com\\\/de\\\/shop\\\/damen-und-herren-hakelmuster\\\/livina-de\\\/livina-weihnachtsausgabe\\\/#primaryimage\"},\"image\":{\"@id\":\"https:\\\/\\\/craftygenesindonesia.com\\\/de\\\/shop\\\/damen-und-herren-hakelmuster\\\/livina-de\\\/livina-weihnachtsausgabe\\\/#primaryimage\"},\"thumbnailUrl\":\"https:\\\/\\\/craftygenesindonesia.com\\\/wp-content\\\/uploads\\\/2024\\\/10\\\/Livina-Christmas.jpg\",\"datePublished\":\"2024-10-05T04:35:37+00:00\",\"dateModified\":\"2026-03-23T00:09:58+00:00\",\"description\":\"Kaufen Sie hier mein H\u00e4kelmuster \\\"Livina Weihnachtsausgabe\\\". Das einfach zu befolgende H\u00e4kelmuster ist auch auf Etsy, Haked.nl, Ravelry, Payhip\",\"breadcrumb\":{\"@id\":\"https:\\\/\\\/craftygenesindonesia.com\\\/de\\\/shop\\\/damen-und-herren-hakelmuster\\\/livina-de\\\/livina-weihnachtsausgabe\\\/#breadcrumb\"},\"inLanguage\":\"de\",\"potentialAction\":[{\"@type\":\"ReadAction\",\"target\":[\"https:\\\/\\\/craftygenesindonesia.com\\\/de\\\/shop\\\/damen-und-herren-hakelmuster\\\/livina-de\\\/livina-weihnachtsausgabe\\\/\"]}]},{\"@type\":\"ImageObject\",\"inLanguage\":\"de\",\"@id\":\"https:\\\/\\\/craftygenesindonesia.com\\\/de\\\/shop\\\/damen-und-herren-hakelmuster\\\/livina-de\\\/livina-weihnachtsausgabe\\\/#primaryimage\",\"url\":\"https:\\\/\\\/craftygenesindonesia.com\\\/wp-content\\\/uploads\\\/2024\\\/10\\\/Livina-Christmas.jpg\",\"contentUrl\":\"https:\\\/\\\/craftygenesindonesia.com\\\/wp-content\\\/uploads\\\/2024\\\/10\\\/Livina-Christmas.jpg\",\"width\":945,\"height\":945,\"caption\":\"crochet Christmas lady in a crochet Christmas living room with a Christmas tree, angel, candles, cuckoo clock, Christmas wreath, cat, Chrstmas tree skirt, fire place\"},{\"@type\":\"BreadcrumbList\",\"@id\":\"https:\\\/\\\/craftygenesindonesia.com\\\/de\\\/shop\\\/damen-und-herren-hakelmuster\\\/livina-de\\\/livina-weihnachtsausgabe\\\/#breadcrumb\",\"itemListElement\":[{\"@type\":\"ListItem\",\"position\":1,\"name\":\"Home\",\"item\":\"https:\\\/\\\/craftygenesindonesia.com\\\/de\\\/\"},{\"@type\":\"ListItem\",\"position\":2,\"name\":\"Mustershop\",\"item\":\"https:\\\/\\\/craftygenesindonesia.com\\\/de\\\/muster-shop\\\/\"},{\"@type\":\"ListItem\",\"position\":3,\"name\":\"Livina Weihnachtsausgabe\"}]},{\"@type\":\"WebSite\",\"@id\":\"https:\\\/\\\/craftygenesindonesia.com\\\/de\\\/#website\",\"url\":\"https:\\\/\\\/craftygenesindonesia.com\\\/de\\\/\",\"name\":\"Craftygenesindonesia\",\"description\":\"\",\"publisher\":{\"@id\":\"https:\\\/\\\/craftygenesindonesia.com\\\/de\\\/#organization\"},\"potentialAction\":[{\"@type\":\"SearchAction\",\"target\":{\"@type\":\"EntryPoint\",\"urlTemplate\":\"https:\\\/\\\/craftygenesindonesia.com\\\/de\\\/?s={search_term_string}\"},\"query-input\":{\"@type\":\"PropertyValueSpecification\",\"valueRequired\":true,\"valueName\":\"search_term_string\"}}],\"inLanguage\":\"de\"},{\"@type\":\"Organization\",\"@id\":\"https:\\\/\\\/craftygenesindonesia.com\\\/de\\\/#organization\",\"name\":\"Craftygenesindonesia\",\"url\":\"https:\\\/\\\/craftygenesindonesia.com\\\/de\\\/\",\"logo\":{\"@type\":\"ImageObject\",\"inLanguage\":\"de\",\"@id\":\"https:\\\/\\\/craftygenesindonesia.com\\\/de\\\/#\\\/schema\\\/logo\\\/image\\\/\",\"url\":\"https:\\\/\\\/craftygenesindonesia.com\\\/wp-content\\\/uploads\\\/2025\\\/11\\\/cropped-Copy-of-Craftygenesindonesia.jpg\",\"contentUrl\":\"https:\\\/\\\/craftygenesindonesia.com\\\/wp-content\\\/uploads\\\/2025\\\/11\\\/cropped-Copy-of-Craftygenesindonesia.jpg\",\"width\":180,\"height\":60,\"caption\":\"Craftygenesindonesia\"},\"image\":{\"@id\":\"https:\\\/\\\/craftygenesindonesia.com\\\/de\\\/#\\\/schema\\\/logo\\\/image\\\/\"}}]}<\/script>\n<!-- \/ Yoast SEO plugin. -->","yoast_head_json":{"title":"Livina Weihnachtsausgabe H\u00e4kelmuster - Craftygenesindonesia","description":"Kaufen Sie hier mein H\u00e4kelmuster \"Livina Weihnachtsausgabe\". Das einfach zu befolgende H\u00e4kelmuster ist auch auf Etsy, Haked.nl, Ravelry, Payhip","robots":{"index":"index","follow":"follow","max-snippet":"max-snippet:-1","max-image-preview":"max-image-preview:large","max-video-preview":"max-video-preview:-1"},"canonical":"https:\/\/craftygenesindonesia.com\/de\/shop\/damen-und-herren-hakelmuster\/livina-de\/livina-weihnachtsausgabe\/","og_locale":"de_DE","og_type":"article","og_title":"\"Livina Weihnachtsedition\" H\u00e4kelmuster","og_description":"Kaufen Sie hier mein H\u00e4kelmuster \"Livina Weihnachtsausgabe\". Das einfach zu befolgende H\u00e4kelmuster ist auch auf Etsy, Haked.nl, Ravelry, Payhip","og_url":"https:\/\/craftygenesindonesia.com\/de\/shop\/damen-und-herren-hakelmuster\/livina-de\/livina-weihnachtsausgabe\/","og_site_name":"Craftygenesindonesia","article_modified_time":"2026-03-23T00:09:58+00:00","og_image":[{"url":"https:\/\/craftygenesindonesia.com\/wp-content\/uploads\/2024\/10\/Livina-Christmas-300x300.jpg","type":"","width":"","height":""}],"twitter_card":"summary_large_image","twitter_misc":{"Gesch\u00e4tzte Lesezeit":"2\u00a0Minuten"},"schema":{"@context":"https:\/\/schema.org","@graph":[{"@type":"WebPage","@id":"https:\/\/craftygenesindonesia.com\/de\/shop\/damen-und-herren-hakelmuster\/livina-de\/livina-weihnachtsausgabe\/","url":"https:\/\/craftygenesindonesia.com\/de\/shop\/damen-und-herren-hakelmuster\/livina-de\/livina-weihnachtsausgabe\/","name":"Livina Weihnachtsausgabe H\u00e4kelmuster - Craftygenesindonesia","isPartOf":{"@id":"https:\/\/craftygenesindonesia.com\/de\/#website"},"primaryImageOfPage":{"@id":"https:\/\/craftygenesindonesia.com\/de\/shop\/damen-und-herren-hakelmuster\/livina-de\/livina-weihnachtsausgabe\/#primaryimage"},"image":{"@id":"https:\/\/craftygenesindonesia.com\/de\/shop\/damen-und-herren-hakelmuster\/livina-de\/livina-weihnachtsausgabe\/#primaryimage"},"thumbnailUrl":"https:\/\/craftygenesindonesia.com\/wp-content\/uploads\/2024\/10\/Livina-Christmas.jpg","datePublished":"2024-10-05T04:35:37+00:00","dateModified":"2026-03-23T00:09:58+00:00","description":"Kaufen Sie hier mein H\u00e4kelmuster \"Livina Weihnachtsausgabe\". Das einfach zu befolgende H\u00e4kelmuster ist auch auf Etsy, Haked.nl, Ravelry, Payhip","breadcrumb":{"@id":"https:\/\/craftygenesindonesia.com\/de\/shop\/damen-und-herren-hakelmuster\/livina-de\/livina-weihnachtsausgabe\/#breadcrumb"},"inLanguage":"de","potentialAction":[{"@type":"ReadAction","target":["https:\/\/craftygenesindonesia.com\/de\/shop\/damen-und-herren-hakelmuster\/livina-de\/livina-weihnachtsausgabe\/"]}]},{"@type":"ImageObject","inLanguage":"de","@id":"https:\/\/craftygenesindonesia.com\/de\/shop\/damen-und-herren-hakelmuster\/livina-de\/livina-weihnachtsausgabe\/#primaryimage","url":"https:\/\/craftygenesindonesia.com\/wp-content\/uploads\/2024\/10\/Livina-Christmas.jpg","contentUrl":"https:\/\/craftygenesindonesia.com\/wp-content\/uploads\/2024\/10\/Livina-Christmas.jpg","width":945,"height":945,"caption":"crochet Christmas lady in a crochet Christmas living room with a Christmas tree, angel, candles, cuckoo clock, Christmas wreath, cat, Chrstmas tree skirt, fire place"},{"@type":"BreadcrumbList","@id":"https:\/\/craftygenesindonesia.com\/de\/shop\/damen-und-herren-hakelmuster\/livina-de\/livina-weihnachtsausgabe\/#breadcrumb","itemListElement":[{"@type":"ListItem","position":1,"name":"Home","item":"https:\/\/craftygenesindonesia.com\/de\/"},{"@type":"ListItem","position":2,"name":"Mustershop","item":"https:\/\/craftygenesindonesia.com\/de\/muster-shop\/"},{"@type":"ListItem","position":3,"name":"Livina Weihnachtsausgabe"}]},{"@type":"WebSite","@id":"https:\/\/craftygenesindonesia.com\/de\/#website","url":"https:\/\/craftygenesindonesia.com\/de\/","name":"Craftygenesindonesia","description":"","publisher":{"@id":"https:\/\/craftygenesindonesia.com\/de\/#organization"},"potentialAction":[{"@type":"SearchAction","target":{"@type":"EntryPoint","urlTemplate":"https:\/\/craftygenesindonesia.com\/de\/?s={search_term_string}"},"query-input":{"@type":"PropertyValueSpecification","valueRequired":true,"valueName":"search_term_string"}}],"inLanguage":"de"},{"@type":"Organization","@id":"https:\/\/craftygenesindonesia.com\/de\/#organization","name":"Craftygenesindonesia","url":"https:\/\/craftygenesindonesia.com\/de\/","logo":{"@type":"ImageObject","inLanguage":"de","@id":"https:\/\/craftygenesindonesia.com\/de\/#\/schema\/logo\/image\/","url":"https:\/\/craftygenesindonesia.com\/wp-content\/uploads\/2025\/11\/cropped-Copy-of-Craftygenesindonesia.jpg","contentUrl":"https:\/\/craftygenesindonesia.com\/wp-content\/uploads\/2025\/11\/cropped-Copy-of-Craftygenesindonesia.jpg","width":180,"height":60,"caption":"Craftygenesindonesia"},"image":{"@id":"https:\/\/craftygenesindonesia.com\/de\/#\/schema\/logo\/image\/"}}]}},"_links":{"self":[{"href":"https:\/\/craftygenesindonesia.com\/de\/wp-json\/wp\/v2\/product\/987528396","targetHints":{"allow":["GET"]}}],"collection":[{"href":"https:\/\/craftygenesindonesia.com\/de\/wp-json\/wp\/v2\/product"}],"about":[{"href":"https:\/\/craftygenesindonesia.com\/de\/wp-json\/wp\/v2\/types\/product"}],"replies":[{"embeddable":true,"href":"https:\/\/craftygenesindonesia.com\/de\/wp-json\/wp\/v2\/comments?post=987528396"}],"wp:featuredmedia":[{"embeddable":true,"href":"https:\/\/craftygenesindonesia.com\/de\/wp-json\/wp\/v2\/media\/987528406"}],"wp:attachment":[{"href":"https:\/\/craftygenesindonesia.com\/de\/wp-json\/wp\/v2\/media?parent=987528396"}],"wp:term":[{"taxonomy":"product_brand","embeddable":true,"href":"https:\/\/craftygenesindonesia.com\/de\/wp-json\/wp\/v2\/product_brand?post=987528396"},{"taxonomy":"product_cat","embeddable":true,"href":"https:\/\/craftygenesindonesia.com\/de\/wp-json\/wp\/v2\/product_cat?post=987528396"},{"taxonomy":"product_tag","embeddable":true,"href":"https:\/\/craftygenesindonesia.com\/de\/wp-json\/wp\/v2\/product_tag?post=987528396"}],"curies":[{"name":"wp","href":"https:\/\/api.w.org\/{rel}","templated":true}]}}