{"id":987528330,"date":"2025-01-17T20:09:49","date_gmt":"2025-01-17T12:09:49","guid":{"rendered":"https:\/\/craftygenesindonesia.com\/shop\/unkategorisiert\/maria-josef-und-esel\/"},"modified":"2026-03-23T06:49:22","modified_gmt":"2026-03-22T22:49:22","slug":"maria-josef-und-esel","status":"publish","type":"product","link":"https:\/\/craftygenesindonesia.com\/de\/shop\/religiose-hakelmuster\/maria-josef-und-esel\/","title":{"rendered":"Maria, Josef und Esel"},"content":{"rendered":"<p><strong>Gr\u00f6\u00dfe: <\/strong><\/p>\n<ul>\n<li>Sitzende Maria (= vom Kopf bis zum Hintern): 23cm\/ 9inch<\/li>\n<li>Joseph: 36cm\/ 14inch<\/li>\n<li>Esel: Nase bis Schwanz: 28cm\/ 11inch, H\u00f6he: 18cm\/ 7inch<\/li>\n<li>Das ganze Set: Breite: 35cm\/ 13.7inch, H\u00f6he: 42cm\/ 16.5inch<\/li>\n<\/ul>\n<p>&nbsp;<\/p>\n<p><strong>Garn<\/strong>: &#8220;FINGERING&#8221;-Garn (Gr\u00f6\u00dfe 3) wie Catona, Catania, &#8230;<\/p>\n<p>Farben: sandfarben, mokka, bronze, dunkelbraun, kastanienbraun, hautfarben, hellrosa, blau, wei\u00df, schwarz, cremefarben, olivgr\u00fcn, braun<\/p>\n<p>&nbsp;<\/p>\n<p><strong>Au\u00dferdem brauchst du<\/strong>: F\u00fcllung, Schere, Filzstifte, Gobelin-Nadel, Klebstoff, Klebepistole, 5 mm dicke Pappe, 3 mm dicken Aluminiumdraht, Schneidezange, 1 langes Holzst\u00e4bchen, 2 S\u00e4tze schwarze 10-mm-Sicherheitsaugen <strong>oder<\/strong> 2 S\u00e4tze schwarze 10-mm-Klebepuppenaugen, N\u00e4hnadeln, 2 Wattest\u00e4bchen<\/p>\n<p>&nbsp;<\/p>\n<p><strong>H\u00e4kelnadel<\/strong>: 2mm<\/p>\n<p>&nbsp;<\/p>\n<p>Dieses Muster ist ein schriftliches Muster mit vielen Bildern, um Ihnen zu helfen. Wenn Sie Fragen haben, schicken Sie mir eine Nachricht an: craftygenesindonesia@gmail.com<\/p>\n<p>&nbsp;<\/p>\n<p><strong>-Dieses Muster ist nur f\u00fcr den pers\u00f6nlichen Gebrauch bestimmt und ist mit einem COPYRIGHT versehen. Daher darf das Muster NICHT kopiert, verkauft, weiterverkauft, \u00fcbersetzt, als eigenes Design beansprucht, verteilt, geteilt, ver\u00f6ffentlicht, online in irgendeiner Form ohne meine Erlaubnis gepostet werden. Nicht einmal ein Teil davon!!! <\/strong><\/p>\n<p>&nbsp;<\/p>\n<p><strong>-Sie d\u00fcrfen das fertige Produkt in kleinen Mengen verkaufen, ABER NICHT DAS MUSTER SELBST! Erw\u00e4hnen Sie, dass das Schnittmuster von Craftygenesindonesia ist und wo man es kaufen kann <\/strong><\/p>\n","protected":false},"excerpt":{"rendered":"<p>In diesem 3in1 H\u00e4kelmuster erhalten Sie das Muster f\u00fcr eine schwangere Maria, Josef und ihren Esel. Es ist alles im H\u00e4kelmuster enthalten, mit vielen Bildern, die Ihnen helfen.<\/p>\n","protected":false},"featured_media":987528331,"comment_status":"open","ping_status":"closed","template":"","meta":{"_acf_changed":false},"product_brand":[],"product_cat":[12129,12195],"product_tag":[12239,12145,12148,12149,12155,12137,12150,12151,12237,12138,12238,12240],"class_list":{"0":"post-987528330","1":"product","2":"type-product","3":"status-publish","4":"has-post-thumbnail","6":"product_cat-religiose-hakelmuster","7":"product_cat-tierische-hakelmuster","8":"product_tag-esel","9":"product_tag-heilige-maria","10":"product_tag-heilige-maria-de","11":"product_tag-heilige-maria-de-2","12":"product_tag-heilige-st-maria","13":"product_tag-joseph-de","14":"product_tag-jungfrau-maria","15":"product_tag-katholisch","16":"product_tag-katholischer-heiliger","17":"product_tag-maria","18":"product_tag-religious-de","19":"product_tag-tierisch-bunt","20":"pa_available_on-craftygenesindonesia","21":"pa_available_on-etsy","22":"pa_available_on-haked-nl","23":"pa_available_on-payhip","24":"pa_available_on-ravelry","25":"pa_languages-deutsch","26":"pa_languages-franzoesisch","27":"pa_languages-niederlaendisch","28":"pa_languages-spanisch","29":"pa_languages-us-englisch","31":"first","32":"instock","33":"downloadable","34":"virtual","35":"purchasable","36":"product-type-simple"},"acf":[],"yoast_head":"<!-- This site is optimized with the Yoast SEO plugin v27.3 - https:\/\/yoast.com\/product\/yoast-seo-wordpress\/ -->\n<title>Maria, Josef und Esel H\u00e4kelmuster - Craftygenesindonesia<\/title>\n<meta name=\"description\" content=\"Kaufen Sie hier mein H\u00e4kelmuster &quot;Maria, Josef und Esel&quot;. Das einfache H\u00e4kelmuster ist auch erh\u00e4ltlich auf Etsy, Haked.nl, Ravelry, Payhip\" \/>\n<meta name=\"robots\" content=\"index, follow, max-snippet:-1, max-image-preview:large, max-video-preview:-1\" \/>\n<link rel=\"canonical\" href=\"https:\/\/craftygenesindonesia.com\/de\/shop\/religiose-hakelmuster\/maria-josef-und-esel\/\" \/>\n<meta property=\"og:locale\" content=\"de_DE\" \/>\n<meta property=\"og:type\" content=\"article\" \/>\n<meta property=\"og:title\" content=\"&quot;Maria, Josef und Esel&quot; H\u00e4kelmuster\" \/>\n<meta property=\"og:description\" content=\"Kaufen Sie hier mein H\u00e4kelmuster &quot;Maria, Josef und Esel&quot;. Das einfache H\u00e4kelmuster ist auch erh\u00e4ltlich auf Etsy, Haked.nl, Ravelry, Payhip\" \/>\n<meta property=\"og:url\" content=\"https:\/\/craftygenesindonesia.com\/de\/shop\/religiose-hakelmuster\/maria-josef-und-esel\/\" \/>\n<meta property=\"og:site_name\" content=\"Craftygenesindonesia\" \/>\n<meta property=\"article:modified_time\" content=\"2026-03-22T22:49:22+00:00\" \/>\n<meta property=\"og:image\" content=\"https:\/\/craftygenesindonesia.com\/wp-content\/uploads\/2025\/01\/1-300x300.jpg\" \/>\n<meta name=\"twitter:card\" content=\"summary_large_image\" \/>\n<meta name=\"twitter:label1\" content=\"Gesch\u00e4tzte Lesezeit\" \/>\n\t<meta name=\"twitter:data1\" content=\"2\u00a0Minuten\" \/>\n<script type=\"application\/ld+json\" class=\"yoast-schema-graph\">{\"@context\":\"https:\\\/\\\/schema.org\",\"@graph\":[{\"@type\":\"WebPage\",\"@id\":\"https:\\\/\\\/craftygenesindonesia.com\\\/de\\\/shop\\\/religiose-hakelmuster\\\/maria-josef-und-esel\\\/\",\"url\":\"https:\\\/\\\/craftygenesindonesia.com\\\/de\\\/shop\\\/religiose-hakelmuster\\\/maria-josef-und-esel\\\/\",\"name\":\"Maria, Josef und Esel H\u00e4kelmuster - Craftygenesindonesia\",\"isPartOf\":{\"@id\":\"https:\\\/\\\/craftygenesindonesia.com\\\/de\\\/#website\"},\"primaryImageOfPage\":{\"@id\":\"https:\\\/\\\/craftygenesindonesia.com\\\/de\\\/shop\\\/religiose-hakelmuster\\\/maria-josef-und-esel\\\/#primaryimage\"},\"image\":{\"@id\":\"https:\\\/\\\/craftygenesindonesia.com\\\/de\\\/shop\\\/religiose-hakelmuster\\\/maria-josef-und-esel\\\/#primaryimage\"},\"thumbnailUrl\":\"https:\\\/\\\/craftygenesindonesia.com\\\/wp-content\\\/uploads\\\/2025\\\/01\\\/1.jpg\",\"datePublished\":\"2025-01-17T12:09:49+00:00\",\"dateModified\":\"2026-03-22T22:49:22+00:00\",\"description\":\"Kaufen Sie hier mein H\u00e4kelmuster \\\"Maria, Josef und Esel\\\". Das einfache H\u00e4kelmuster ist auch erh\u00e4ltlich auf Etsy, Haked.nl, Ravelry, Payhip\",\"breadcrumb\":{\"@id\":\"https:\\\/\\\/craftygenesindonesia.com\\\/de\\\/shop\\\/religiose-hakelmuster\\\/maria-josef-und-esel\\\/#breadcrumb\"},\"inLanguage\":\"de\",\"potentialAction\":[{\"@type\":\"ReadAction\",\"target\":[\"https:\\\/\\\/craftygenesindonesia.com\\\/de\\\/shop\\\/religiose-hakelmuster\\\/maria-josef-und-esel\\\/\"]}]},{\"@type\":\"ImageObject\",\"inLanguage\":\"de\",\"@id\":\"https:\\\/\\\/craftygenesindonesia.com\\\/de\\\/shop\\\/religiose-hakelmuster\\\/maria-josef-und-esel\\\/#primaryimage\",\"url\":\"https:\\\/\\\/craftygenesindonesia.com\\\/wp-content\\\/uploads\\\/2025\\\/01\\\/1.jpg\",\"contentUrl\":\"https:\\\/\\\/craftygenesindonesia.com\\\/wp-content\\\/uploads\\\/2025\\\/01\\\/1.jpg\",\"width\":1080,\"height\":1080,\"caption\":\"crochet pregnant Virgin Mary with Joseph and donkey\"},{\"@type\":\"BreadcrumbList\",\"@id\":\"https:\\\/\\\/craftygenesindonesia.com\\\/de\\\/shop\\\/religiose-hakelmuster\\\/maria-josef-und-esel\\\/#breadcrumb\",\"itemListElement\":[{\"@type\":\"ListItem\",\"position\":1,\"name\":\"Home\",\"item\":\"https:\\\/\\\/craftygenesindonesia.com\\\/de\\\/\"},{\"@type\":\"ListItem\",\"position\":2,\"name\":\"Mustershop\",\"item\":\"https:\\\/\\\/craftygenesindonesia.com\\\/de\\\/muster-shop\\\/\"},{\"@type\":\"ListItem\",\"position\":3,\"name\":\"Maria, Josef und Esel\"}]},{\"@type\":\"WebSite\",\"@id\":\"https:\\\/\\\/craftygenesindonesia.com\\\/de\\\/#website\",\"url\":\"https:\\\/\\\/craftygenesindonesia.com\\\/de\\\/\",\"name\":\"Craftygenesindonesia\",\"description\":\"\",\"publisher\":{\"@id\":\"https:\\\/\\\/craftygenesindonesia.com\\\/de\\\/#organization\"},\"potentialAction\":[{\"@type\":\"SearchAction\",\"target\":{\"@type\":\"EntryPoint\",\"urlTemplate\":\"https:\\\/\\\/craftygenesindonesia.com\\\/de\\\/?s={search_term_string}\"},\"query-input\":{\"@type\":\"PropertyValueSpecification\",\"valueRequired\":true,\"valueName\":\"search_term_string\"}}],\"inLanguage\":\"de\"},{\"@type\":\"Organization\",\"@id\":\"https:\\\/\\\/craftygenesindonesia.com\\\/de\\\/#organization\",\"name\":\"Craftygenesindonesia\",\"url\":\"https:\\\/\\\/craftygenesindonesia.com\\\/de\\\/\",\"logo\":{\"@type\":\"ImageObject\",\"inLanguage\":\"de\",\"@id\":\"https:\\\/\\\/craftygenesindonesia.com\\\/de\\\/#\\\/schema\\\/logo\\\/image\\\/\",\"url\":\"https:\\\/\\\/craftygenesindonesia.com\\\/wp-content\\\/uploads\\\/2025\\\/11\\\/cropped-Copy-of-Craftygenesindonesia.jpg\",\"contentUrl\":\"https:\\\/\\\/craftygenesindonesia.com\\\/wp-content\\\/uploads\\\/2025\\\/11\\\/cropped-Copy-of-Craftygenesindonesia.jpg\",\"width\":180,\"height\":60,\"caption\":\"Craftygenesindonesia\"},\"image\":{\"@id\":\"https:\\\/\\\/craftygenesindonesia.com\\\/de\\\/#\\\/schema\\\/logo\\\/image\\\/\"}}]}<\/script>\n<!-- \/ Yoast SEO plugin. -->","yoast_head_json":{"title":"Maria, Josef und Esel H\u00e4kelmuster - Craftygenesindonesia","description":"Kaufen Sie hier mein H\u00e4kelmuster \"Maria, Josef und Esel\". Das einfache H\u00e4kelmuster ist auch erh\u00e4ltlich auf Etsy, Haked.nl, Ravelry, Payhip","robots":{"index":"index","follow":"follow","max-snippet":"max-snippet:-1","max-image-preview":"max-image-preview:large","max-video-preview":"max-video-preview:-1"},"canonical":"https:\/\/craftygenesindonesia.com\/de\/shop\/religiose-hakelmuster\/maria-josef-und-esel\/","og_locale":"de_DE","og_type":"article","og_title":"\"Maria, Josef und Esel\" H\u00e4kelmuster","og_description":"Kaufen Sie hier mein H\u00e4kelmuster \"Maria, Josef und Esel\". Das einfache H\u00e4kelmuster ist auch erh\u00e4ltlich auf Etsy, Haked.nl, Ravelry, Payhip","og_url":"https:\/\/craftygenesindonesia.com\/de\/shop\/religiose-hakelmuster\/maria-josef-und-esel\/","og_site_name":"Craftygenesindonesia","article_modified_time":"2026-03-22T22:49:22+00:00","og_image":[{"url":"https:\/\/craftygenesindonesia.com\/wp-content\/uploads\/2025\/01\/1-300x300.jpg","type":"","width":"","height":""}],"twitter_card":"summary_large_image","twitter_misc":{"Gesch\u00e4tzte Lesezeit":"2\u00a0Minuten"},"schema":{"@context":"https:\/\/schema.org","@graph":[{"@type":"WebPage","@id":"https:\/\/craftygenesindonesia.com\/de\/shop\/religiose-hakelmuster\/maria-josef-und-esel\/","url":"https:\/\/craftygenesindonesia.com\/de\/shop\/religiose-hakelmuster\/maria-josef-und-esel\/","name":"Maria, Josef und Esel H\u00e4kelmuster - Craftygenesindonesia","isPartOf":{"@id":"https:\/\/craftygenesindonesia.com\/de\/#website"},"primaryImageOfPage":{"@id":"https:\/\/craftygenesindonesia.com\/de\/shop\/religiose-hakelmuster\/maria-josef-und-esel\/#primaryimage"},"image":{"@id":"https:\/\/craftygenesindonesia.com\/de\/shop\/religiose-hakelmuster\/maria-josef-und-esel\/#primaryimage"},"thumbnailUrl":"https:\/\/craftygenesindonesia.com\/wp-content\/uploads\/2025\/01\/1.jpg","datePublished":"2025-01-17T12:09:49+00:00","dateModified":"2026-03-22T22:49:22+00:00","description":"Kaufen Sie hier mein H\u00e4kelmuster \"Maria, Josef und Esel\". Das einfache H\u00e4kelmuster ist auch erh\u00e4ltlich auf Etsy, Haked.nl, Ravelry, Payhip","breadcrumb":{"@id":"https:\/\/craftygenesindonesia.com\/de\/shop\/religiose-hakelmuster\/maria-josef-und-esel\/#breadcrumb"},"inLanguage":"de","potentialAction":[{"@type":"ReadAction","target":["https:\/\/craftygenesindonesia.com\/de\/shop\/religiose-hakelmuster\/maria-josef-und-esel\/"]}]},{"@type":"ImageObject","inLanguage":"de","@id":"https:\/\/craftygenesindonesia.com\/de\/shop\/religiose-hakelmuster\/maria-josef-und-esel\/#primaryimage","url":"https:\/\/craftygenesindonesia.com\/wp-content\/uploads\/2025\/01\/1.jpg","contentUrl":"https:\/\/craftygenesindonesia.com\/wp-content\/uploads\/2025\/01\/1.jpg","width":1080,"height":1080,"caption":"crochet pregnant Virgin Mary with Joseph and donkey"},{"@type":"BreadcrumbList","@id":"https:\/\/craftygenesindonesia.com\/de\/shop\/religiose-hakelmuster\/maria-josef-und-esel\/#breadcrumb","itemListElement":[{"@type":"ListItem","position":1,"name":"Home","item":"https:\/\/craftygenesindonesia.com\/de\/"},{"@type":"ListItem","position":2,"name":"Mustershop","item":"https:\/\/craftygenesindonesia.com\/de\/muster-shop\/"},{"@type":"ListItem","position":3,"name":"Maria, Josef und Esel"}]},{"@type":"WebSite","@id":"https:\/\/craftygenesindonesia.com\/de\/#website","url":"https:\/\/craftygenesindonesia.com\/de\/","name":"Craftygenesindonesia","description":"","publisher":{"@id":"https:\/\/craftygenesindonesia.com\/de\/#organization"},"potentialAction":[{"@type":"SearchAction","target":{"@type":"EntryPoint","urlTemplate":"https:\/\/craftygenesindonesia.com\/de\/?s={search_term_string}"},"query-input":{"@type":"PropertyValueSpecification","valueRequired":true,"valueName":"search_term_string"}}],"inLanguage":"de"},{"@type":"Organization","@id":"https:\/\/craftygenesindonesia.com\/de\/#organization","name":"Craftygenesindonesia","url":"https:\/\/craftygenesindonesia.com\/de\/","logo":{"@type":"ImageObject","inLanguage":"de","@id":"https:\/\/craftygenesindonesia.com\/de\/#\/schema\/logo\/image\/","url":"https:\/\/craftygenesindonesia.com\/wp-content\/uploads\/2025\/11\/cropped-Copy-of-Craftygenesindonesia.jpg","contentUrl":"https:\/\/craftygenesindonesia.com\/wp-content\/uploads\/2025\/11\/cropped-Copy-of-Craftygenesindonesia.jpg","width":180,"height":60,"caption":"Craftygenesindonesia"},"image":{"@id":"https:\/\/craftygenesindonesia.com\/de\/#\/schema\/logo\/image\/"}}]}},"_links":{"self":[{"href":"https:\/\/craftygenesindonesia.com\/de\/wp-json\/wp\/v2\/product\/987528330","targetHints":{"allow":["GET"]}}],"collection":[{"href":"https:\/\/craftygenesindonesia.com\/de\/wp-json\/wp\/v2\/product"}],"about":[{"href":"https:\/\/craftygenesindonesia.com\/de\/wp-json\/wp\/v2\/types\/product"}],"replies":[{"embeddable":true,"href":"https:\/\/craftygenesindonesia.com\/de\/wp-json\/wp\/v2\/comments?post=987528330"}],"wp:featuredmedia":[{"embeddable":true,"href":"https:\/\/craftygenesindonesia.com\/de\/wp-json\/wp\/v2\/media\/987528331"}],"wp:attachment":[{"href":"https:\/\/craftygenesindonesia.com\/de\/wp-json\/wp\/v2\/media?parent=987528330"}],"wp:term":[{"taxonomy":"product_brand","embeddable":true,"href":"https:\/\/craftygenesindonesia.com\/de\/wp-json\/wp\/v2\/product_brand?post=987528330"},{"taxonomy":"product_cat","embeddable":true,"href":"https:\/\/craftygenesindonesia.com\/de\/wp-json\/wp\/v2\/product_cat?post=987528330"},{"taxonomy":"product_tag","embeddable":true,"href":"https:\/\/craftygenesindonesia.com\/de\/wp-json\/wp\/v2\/product_tag?post=987528330"}],"curies":[{"name":"wp","href":"https:\/\/api.w.org\/{rel}","templated":true}]}}