{"id":987528310,"date":"2025-02-14T16:30:17","date_gmt":"2025-02-14T08:30:17","guid":{"rendered":"https:\/\/craftygenesindonesia.com\/shop\/unkategorisiert\/lola-hoergeraete-edition\/"},"modified":"2026-03-19T05:38:05","modified_gmt":"2026-03-18T21:38:05","slug":"lola-hoergeraete-edition","status":"publish","type":"product","link":"https:\/\/craftygenesindonesia.com\/de\/shop\/lola-puppen-hakelmuster\/lola-hoergeraete-edition\/","title":{"rendered":"Lola, H\u00f6rger\u00e4te-Edition"},"content":{"rendered":"<p>Gr\u00f6\u00dfe: 48 cm (inkl. Beine)<\/p>\n<p>Garn: Garn der St\u00e4rke DK, z. B. Catona Softfun oder 4-f\u00e4diges Milk-Cotton-Garn, in diesen Farben: <a href=\"https:\/\/haked.nl\/product\/garen-katoen-acryl-mix-scheepjes-softfun-2466-peach\/\" target=\"_blank\" rel=\"noopener\">skin color<\/a>, <a href=\"https:\/\/haked.nl\/product\/garen-katoen-acryl-mix-scheepjes-softfun-2412-snow\/\" target=\"_blank\" rel=\"noopener\">white<\/a>, <a href=\"https:\/\/haked.nl\/product\/garen-katoen-acryl-mix-scheepjes-softfun-2495-hot-pink\/\" target=\"_blank\" rel=\"noopener\">pink<\/a>, <a href=\"https:\/\/haked.nl\/product\/garen-katoen-acryl-mix-scheepjes-softfun-2636-soft-coral\/\" target=\"_blank\" rel=\"noopener\">salmon<\/a>, <a href=\"https:\/\/haked.nl\/product\/garen-katoen-acryl-mix-scheepjes-softfun-2518-canary\/\" target=\"_blank\" rel=\"noopener\">yellow<\/a>, <a href=\"https:\/\/haked.nl\/product\/garen-katoen-acryl-mix-scheepjes-softfun-2654-magenta\/\" target=\"_blank\" rel=\"noopener\">magenta<\/a>, <a href=\"https:\/\/haked.nl\/product\/garen-katoen-acryl-mix-scheepjes-softfun-2410-candy-apple\/\" target=\"_blank\" rel=\"noopener\">red<\/a>, <a href=\"https:\/\/haked.nl\/product\/garen-katoen-acryl-mix-scheepjes-softfun-2408-black\/\" target=\"_blank\" rel=\"noopener\">black<\/a>, <a href=\"https:\/\/haked.nl\/product\/garen-katoen-acryl-mix-scheepjes-softfun-2621-mustard\/\" target=\"_blank\" rel=\"noopener\">brown<\/a>, <a href=\"https:\/\/haked.nl\/product\/garen-katoen-acryl-mix-scheepjes-softfun-2629-azure\/\" target=\"_blank\" rel=\"noopener\">blue<\/a><\/p>\n<p>&nbsp;<\/p>\n<p><strong>**Diese Puppe wird etwa 10\u201315 % kleiner ausfallen, wenn sie aus Garn der St\u00e4rke \u201eFINGERING\u201c wie Catona, Catania usw. gefertigt wird.<\/strong><\/p>\n<p>&nbsp;<\/p>\n<p>Au\u00dferdem ben\u00f6tigst du: F\u00fcllmaterial, eine Schere, eine Tapisserienadel, Stecknadeln, zwei schwarze 14-mm-Sicherheitsaugen, einen Rundstab oder einen dicken Essst\u00e4bchen, damit der Kopf nicht herunterf\u00e4llt<\/p>\n<p>&nbsp;<\/p>\n<p>H\u00e4kelnadel: 2.5mm<\/p>\n<p>&nbsp;<\/p>\n<p>Diese Anleitung ist eine schriftliche Anleitung mit vielen Bildern, die dir helfen sollen. Wenn du Fragen hast, schreib mir eine Nachricht an: craftygenesindonesia@gmail.com <\/p>\n<p>&nbsp;<\/p>\n<p><strong>\u2013 Diese Anleitung ist ausschlie\u00dflich f\u00fcr den pers\u00f6nlichen Gebrauch bestimmt und unterliegt dem Urheberrecht. Daher darf die Anleitung ohne meine Genehmigung in keiner Form kopiert, verkauft, weiterverkauft, \u00fcbersetzt, als eigenes Design ausgegeben, verbreitet, geteilt, ver\u00f6ffentlicht oder online gestellt werden.  Nicht einmal ansatzweise!!!<\/strong><\/p>\n<p>&nbsp;<\/p>\n<p><strong>&#8211; Sie d\u00fcrfen das fertige Produkt in kleinen Mengen verkaufen, ABER NICHT DIE ANLEITUNG SELBST! Bitte geben Sie an, dass die Anleitung von Craftygenesindonesia stammt und wo sie erh\u00e4ltlich ist. <\/strong><\/p>\n","protected":false},"excerpt":{"rendered":"<p>Diese einfache H\u00e4kelanleitung habe ich zu Ehren meiner Nichte entworfen. Ich dachte, es w\u00e4re wunderbar f\u00fcr sie, eine Puppe mit H\u00f6rger\u00e4ten zu haben, genau wie sie selbst. <\/p>\n","protected":false},"featured_media":987528311,"comment_status":"open","ping_status":"closed","template":"","meta":{"_acf_changed":false},"product_brand":[],"product_cat":[12218,12217],"product_tag":[12222,12220,12224,12219,12221,12223],"class_list":{"0":"post-987528310","1":"product","2":"type-product","3":"status-publish","4":"has-post-thumbnail","6":"product_cat-kinder-puppen-hakeln-muster","7":"product_cat-lola-puppen-hakelmuster","8":"product_tag-babypuppe","9":"product_tag-hakelpuppe","10":"product_tag-horgerat","11":"product_tag-kinderpuppen","12":"product_tag-puppe","13":"product_tag-rosa-de","14":"pa_available_on-craftygenesindonesia","15":"pa_available_on-etsy","16":"pa_available_on-haked-nl","17":"pa_available_on-payhip","18":"pa_available_on-ravelry","19":"pa_languages-deutsch","20":"pa_languages-franzoesisch","21":"pa_languages-niederlaendisch","22":"pa_languages-spanisch","23":"pa_languages-us-englisch","25":"first","26":"instock","27":"downloadable","28":"virtual","29":"purchasable","30":"product-type-simple"},"acf":[],"yoast_head":"<!-- This site is optimized with the Yoast SEO plugin v27.3 - https:\/\/yoast.com\/product\/yoast-seo-wordpress\/ -->\n<title>Lola, H\u00f6rger\u00e4te-Edition H\u00e4kelmuster - Craftygenesindonesia<\/title>\n<meta name=\"description\" content=\"Hier kannst du meine H\u00e4kelanleitung \u201eLola, Ausgabe f\u00fcr H\u00f6rger\u00e4te\u201c kaufen. Die einfache H\u00e4kelanleitung ist auch auf Etsy, Haked.nl, Ravelry und Payhip erh\u00e4ltlich.\" \/>\n<meta name=\"robots\" content=\"index, follow, max-snippet:-1, max-image-preview:large, max-video-preview:-1\" \/>\n<link rel=\"canonical\" href=\"https:\/\/craftygenesindonesia.com\/de\/shop\/lola-puppen-hakelmuster\/lola-hoergeraete-edition\/\" \/>\n<meta property=\"og:locale\" content=\"de_DE\" \/>\n<meta property=\"og:type\" content=\"article\" \/>\n<meta property=\"og:title\" content=\"&quot;Lola, H\u00f6rger\u00e4te-Edition&quot; H\u00e4kelmuster\" \/>\n<meta property=\"og:description\" content=\"Hier kannst du meine H\u00e4kelanleitung \u201eLola, Ausgabe f\u00fcr H\u00f6rger\u00e4te\u201c kaufen. Die einfache H\u00e4kelanleitung ist auch auf Etsy, Haked.nl, Ravelry und Payhip erh\u00e4ltlich.\" \/>\n<meta property=\"og:url\" content=\"https:\/\/craftygenesindonesia.com\/de\/shop\/lola-puppen-hakelmuster\/lola-hoergeraete-edition\/\" \/>\n<meta property=\"og:site_name\" content=\"Craftygenesindonesia\" \/>\n<meta property=\"article:modified_time\" content=\"2026-03-18T21:38:05+00:00\" \/>\n<meta property=\"og:image\" content=\"https:\/\/craftygenesindonesia.com\/wp-content\/uploads\/2025\/02\/1-300x300.jpg\" \/>\n<meta name=\"twitter:card\" content=\"summary_large_image\" \/>\n<meta name=\"twitter:label1\" content=\"Gesch\u00e4tzte Lesezeit\" \/>\n\t<meta name=\"twitter:data1\" content=\"1\u00a0Minute\" \/>\n<script type=\"application\/ld+json\" class=\"yoast-schema-graph\">{\"@context\":\"https:\\\/\\\/schema.org\",\"@graph\":[{\"@type\":\"WebPage\",\"@id\":\"https:\\\/\\\/craftygenesindonesia.com\\\/de\\\/shop\\\/lola-puppen-hakelmuster\\\/lola-hoergeraete-edition\\\/\",\"url\":\"https:\\\/\\\/craftygenesindonesia.com\\\/de\\\/shop\\\/lola-puppen-hakelmuster\\\/lola-hoergeraete-edition\\\/\",\"name\":\"Lola, H\u00f6rger\u00e4te-Edition H\u00e4kelmuster - Craftygenesindonesia\",\"isPartOf\":{\"@id\":\"https:\\\/\\\/craftygenesindonesia.com\\\/de\\\/#website\"},\"primaryImageOfPage\":{\"@id\":\"https:\\\/\\\/craftygenesindonesia.com\\\/de\\\/shop\\\/lola-puppen-hakelmuster\\\/lola-hoergeraete-edition\\\/#primaryimage\"},\"image\":{\"@id\":\"https:\\\/\\\/craftygenesindonesia.com\\\/de\\\/shop\\\/lola-puppen-hakelmuster\\\/lola-hoergeraete-edition\\\/#primaryimage\"},\"thumbnailUrl\":\"https:\\\/\\\/craftygenesindonesia.com\\\/wp-content\\\/uploads\\\/2025\\\/02\\\/1.jpg\",\"datePublished\":\"2025-02-14T08:30:17+00:00\",\"dateModified\":\"2026-03-18T21:38:05+00:00\",\"description\":\"Hier kannst du meine H\u00e4kelanleitung \u201eLola, Ausgabe f\u00fcr H\u00f6rger\u00e4te\u201c kaufen. Die einfache H\u00e4kelanleitung ist auch auf Etsy, Haked.nl, Ravelry und Payhip erh\u00e4ltlich.\",\"breadcrumb\":{\"@id\":\"https:\\\/\\\/craftygenesindonesia.com\\\/de\\\/shop\\\/lola-puppen-hakelmuster\\\/lola-hoergeraete-edition\\\/#breadcrumb\"},\"inLanguage\":\"de\",\"potentialAction\":[{\"@type\":\"ReadAction\",\"target\":[\"https:\\\/\\\/craftygenesindonesia.com\\\/de\\\/shop\\\/lola-puppen-hakelmuster\\\/lola-hoergeraete-edition\\\/\"]}]},{\"@type\":\"ImageObject\",\"inLanguage\":\"de\",\"@id\":\"https:\\\/\\\/craftygenesindonesia.com\\\/de\\\/shop\\\/lola-puppen-hakelmuster\\\/lola-hoergeraete-edition\\\/#primaryimage\",\"url\":\"https:\\\/\\\/craftygenesindonesia.com\\\/wp-content\\\/uploads\\\/2025\\\/02\\\/1.jpg\",\"contentUrl\":\"https:\\\/\\\/craftygenesindonesia.com\\\/wp-content\\\/uploads\\\/2025\\\/02\\\/1.jpg\",\"width\":1080,\"height\":1080,\"caption\":\"H\u00e4kelpuppe in einem rosa Kleid und mit H\u00f6rger\u00e4ten\"},{\"@type\":\"BreadcrumbList\",\"@id\":\"https:\\\/\\\/craftygenesindonesia.com\\\/de\\\/shop\\\/lola-puppen-hakelmuster\\\/lola-hoergeraete-edition\\\/#breadcrumb\",\"itemListElement\":[{\"@type\":\"ListItem\",\"position\":1,\"name\":\"Home\",\"item\":\"https:\\\/\\\/craftygenesindonesia.com\\\/de\\\/\"},{\"@type\":\"ListItem\",\"position\":2,\"name\":\"Mustershop\",\"item\":\"https:\\\/\\\/craftygenesindonesia.com\\\/de\\\/muster-shop\\\/\"},{\"@type\":\"ListItem\",\"position\":3,\"name\":\"Lola, H\u00f6rger\u00e4te-Edition\"}]},{\"@type\":\"WebSite\",\"@id\":\"https:\\\/\\\/craftygenesindonesia.com\\\/de\\\/#website\",\"url\":\"https:\\\/\\\/craftygenesindonesia.com\\\/de\\\/\",\"name\":\"Craftygenesindonesia\",\"description\":\"\",\"publisher\":{\"@id\":\"https:\\\/\\\/craftygenesindonesia.com\\\/de\\\/#organization\"},\"potentialAction\":[{\"@type\":\"SearchAction\",\"target\":{\"@type\":\"EntryPoint\",\"urlTemplate\":\"https:\\\/\\\/craftygenesindonesia.com\\\/de\\\/?s={search_term_string}\"},\"query-input\":{\"@type\":\"PropertyValueSpecification\",\"valueRequired\":true,\"valueName\":\"search_term_string\"}}],\"inLanguage\":\"de\"},{\"@type\":\"Organization\",\"@id\":\"https:\\\/\\\/craftygenesindonesia.com\\\/de\\\/#organization\",\"name\":\"Craftygenesindonesia\",\"url\":\"https:\\\/\\\/craftygenesindonesia.com\\\/de\\\/\",\"logo\":{\"@type\":\"ImageObject\",\"inLanguage\":\"de\",\"@id\":\"https:\\\/\\\/craftygenesindonesia.com\\\/de\\\/#\\\/schema\\\/logo\\\/image\\\/\",\"url\":\"https:\\\/\\\/craftygenesindonesia.com\\\/wp-content\\\/uploads\\\/2025\\\/11\\\/cropped-Copy-of-Craftygenesindonesia.jpg\",\"contentUrl\":\"https:\\\/\\\/craftygenesindonesia.com\\\/wp-content\\\/uploads\\\/2025\\\/11\\\/cropped-Copy-of-Craftygenesindonesia.jpg\",\"width\":180,\"height\":60,\"caption\":\"Craftygenesindonesia\"},\"image\":{\"@id\":\"https:\\\/\\\/craftygenesindonesia.com\\\/de\\\/#\\\/schema\\\/logo\\\/image\\\/\"}}]}<\/script>\n<!-- \/ Yoast SEO plugin. -->","yoast_head_json":{"title":"Lola, H\u00f6rger\u00e4te-Edition H\u00e4kelmuster - Craftygenesindonesia","description":"Hier kannst du meine H\u00e4kelanleitung \u201eLola, Ausgabe f\u00fcr H\u00f6rger\u00e4te\u201c kaufen. Die einfache H\u00e4kelanleitung ist auch auf Etsy, Haked.nl, Ravelry und Payhip erh\u00e4ltlich.","robots":{"index":"index","follow":"follow","max-snippet":"max-snippet:-1","max-image-preview":"max-image-preview:large","max-video-preview":"max-video-preview:-1"},"canonical":"https:\/\/craftygenesindonesia.com\/de\/shop\/lola-puppen-hakelmuster\/lola-hoergeraete-edition\/","og_locale":"de_DE","og_type":"article","og_title":"\"Lola, H\u00f6rger\u00e4te-Edition\" H\u00e4kelmuster","og_description":"Hier kannst du meine H\u00e4kelanleitung \u201eLola, Ausgabe f\u00fcr H\u00f6rger\u00e4te\u201c kaufen. Die einfache H\u00e4kelanleitung ist auch auf Etsy, Haked.nl, Ravelry und Payhip erh\u00e4ltlich.","og_url":"https:\/\/craftygenesindonesia.com\/de\/shop\/lola-puppen-hakelmuster\/lola-hoergeraete-edition\/","og_site_name":"Craftygenesindonesia","article_modified_time":"2026-03-18T21:38:05+00:00","og_image":[{"url":"https:\/\/craftygenesindonesia.com\/wp-content\/uploads\/2025\/02\/1-300x300.jpg","type":"","width":"","height":""}],"twitter_card":"summary_large_image","twitter_misc":{"Gesch\u00e4tzte Lesezeit":"1\u00a0Minute"},"schema":{"@context":"https:\/\/schema.org","@graph":[{"@type":"WebPage","@id":"https:\/\/craftygenesindonesia.com\/de\/shop\/lola-puppen-hakelmuster\/lola-hoergeraete-edition\/","url":"https:\/\/craftygenesindonesia.com\/de\/shop\/lola-puppen-hakelmuster\/lola-hoergeraete-edition\/","name":"Lola, H\u00f6rger\u00e4te-Edition H\u00e4kelmuster - Craftygenesindonesia","isPartOf":{"@id":"https:\/\/craftygenesindonesia.com\/de\/#website"},"primaryImageOfPage":{"@id":"https:\/\/craftygenesindonesia.com\/de\/shop\/lola-puppen-hakelmuster\/lola-hoergeraete-edition\/#primaryimage"},"image":{"@id":"https:\/\/craftygenesindonesia.com\/de\/shop\/lola-puppen-hakelmuster\/lola-hoergeraete-edition\/#primaryimage"},"thumbnailUrl":"https:\/\/craftygenesindonesia.com\/wp-content\/uploads\/2025\/02\/1.jpg","datePublished":"2025-02-14T08:30:17+00:00","dateModified":"2026-03-18T21:38:05+00:00","description":"Hier kannst du meine H\u00e4kelanleitung \u201eLola, Ausgabe f\u00fcr H\u00f6rger\u00e4te\u201c kaufen. Die einfache H\u00e4kelanleitung ist auch auf Etsy, Haked.nl, Ravelry und Payhip erh\u00e4ltlich.","breadcrumb":{"@id":"https:\/\/craftygenesindonesia.com\/de\/shop\/lola-puppen-hakelmuster\/lola-hoergeraete-edition\/#breadcrumb"},"inLanguage":"de","potentialAction":[{"@type":"ReadAction","target":["https:\/\/craftygenesindonesia.com\/de\/shop\/lola-puppen-hakelmuster\/lola-hoergeraete-edition\/"]}]},{"@type":"ImageObject","inLanguage":"de","@id":"https:\/\/craftygenesindonesia.com\/de\/shop\/lola-puppen-hakelmuster\/lola-hoergeraete-edition\/#primaryimage","url":"https:\/\/craftygenesindonesia.com\/wp-content\/uploads\/2025\/02\/1.jpg","contentUrl":"https:\/\/craftygenesindonesia.com\/wp-content\/uploads\/2025\/02\/1.jpg","width":1080,"height":1080,"caption":"H\u00e4kelpuppe in einem rosa Kleid und mit H\u00f6rger\u00e4ten"},{"@type":"BreadcrumbList","@id":"https:\/\/craftygenesindonesia.com\/de\/shop\/lola-puppen-hakelmuster\/lola-hoergeraete-edition\/#breadcrumb","itemListElement":[{"@type":"ListItem","position":1,"name":"Home","item":"https:\/\/craftygenesindonesia.com\/de\/"},{"@type":"ListItem","position":2,"name":"Mustershop","item":"https:\/\/craftygenesindonesia.com\/de\/muster-shop\/"},{"@type":"ListItem","position":3,"name":"Lola, H\u00f6rger\u00e4te-Edition"}]},{"@type":"WebSite","@id":"https:\/\/craftygenesindonesia.com\/de\/#website","url":"https:\/\/craftygenesindonesia.com\/de\/","name":"Craftygenesindonesia","description":"","publisher":{"@id":"https:\/\/craftygenesindonesia.com\/de\/#organization"},"potentialAction":[{"@type":"SearchAction","target":{"@type":"EntryPoint","urlTemplate":"https:\/\/craftygenesindonesia.com\/de\/?s={search_term_string}"},"query-input":{"@type":"PropertyValueSpecification","valueRequired":true,"valueName":"search_term_string"}}],"inLanguage":"de"},{"@type":"Organization","@id":"https:\/\/craftygenesindonesia.com\/de\/#organization","name":"Craftygenesindonesia","url":"https:\/\/craftygenesindonesia.com\/de\/","logo":{"@type":"ImageObject","inLanguage":"de","@id":"https:\/\/craftygenesindonesia.com\/de\/#\/schema\/logo\/image\/","url":"https:\/\/craftygenesindonesia.com\/wp-content\/uploads\/2025\/11\/cropped-Copy-of-Craftygenesindonesia.jpg","contentUrl":"https:\/\/craftygenesindonesia.com\/wp-content\/uploads\/2025\/11\/cropped-Copy-of-Craftygenesindonesia.jpg","width":180,"height":60,"caption":"Craftygenesindonesia"},"image":{"@id":"https:\/\/craftygenesindonesia.com\/de\/#\/schema\/logo\/image\/"}}]}},"_links":{"self":[{"href":"https:\/\/craftygenesindonesia.com\/de\/wp-json\/wp\/v2\/product\/987528310","targetHints":{"allow":["GET"]}}],"collection":[{"href":"https:\/\/craftygenesindonesia.com\/de\/wp-json\/wp\/v2\/product"}],"about":[{"href":"https:\/\/craftygenesindonesia.com\/de\/wp-json\/wp\/v2\/types\/product"}],"replies":[{"embeddable":true,"href":"https:\/\/craftygenesindonesia.com\/de\/wp-json\/wp\/v2\/comments?post=987528310"}],"wp:featuredmedia":[{"embeddable":true,"href":"https:\/\/craftygenesindonesia.com\/de\/wp-json\/wp\/v2\/media\/987528311"}],"wp:attachment":[{"href":"https:\/\/craftygenesindonesia.com\/de\/wp-json\/wp\/v2\/media?parent=987528310"}],"wp:term":[{"taxonomy":"product_brand","embeddable":true,"href":"https:\/\/craftygenesindonesia.com\/de\/wp-json\/wp\/v2\/product_brand?post=987528310"},{"taxonomy":"product_cat","embeddable":true,"href":"https:\/\/craftygenesindonesia.com\/de\/wp-json\/wp\/v2\/product_cat?post=987528310"},{"taxonomy":"product_tag","embeddable":true,"href":"https:\/\/craftygenesindonesia.com\/de\/wp-json\/wp\/v2\/product_tag?post=987528310"}],"curies":[{"name":"wp","href":"https:\/\/api.w.org\/{rel}","templated":true}]}}