{"id":987528296,"date":"2025-03-28T17:35:48","date_gmt":"2025-03-28T09:35:48","guid":{"rendered":"https:\/\/craftygenesindonesia.com\/shop\/unkategorisiert\/joanies-ostergarten\/"},"modified":"2026-03-18T20:51:34","modified_gmt":"2026-03-18T12:51:34","slug":"joanies-ostergarten","status":"publish","type":"product","link":"https:\/\/craftygenesindonesia.com\/de\/shop\/tierische-hakelmuster\/joanies-ostergarten\/","title":{"rendered":"Joanie&#8217;s Ostergarten"},"content":{"rendered":"<p><strong>Gr\u00f6\u00dfe<\/strong>: mit DK-Garn wie z.B. Softfun: 25x27x22cm\/ 9.8&#215;10.6&#215;8.6inch<\/p>\n<p><em>**Dies sind die Ma\u00dfe f\u00fcr Garn der St\u00e4rke DK. Wenn Sie &#8220;FINGERING&#8221;-Garn verwenden, wird das fertige St\u00fcck 10-15% kleiner sein. <\/em><\/p>\n<p>&nbsp;<\/p>\n<p><strong>Garn<\/strong>: DK-Garn wie Catona Softfun oder 4ply Milchbaumwollgarn, in diesen Farben: wei\u00df, pfirsichfarben, gelb, hellt\u00fcrkis, beige, ziegelbraun, lila, hellgelb, rosa, orange, lachsfarben, neongr\u00fcn, schwarz<\/p>\n<p>&nbsp;<\/p>\n<p><strong>**Das fertige St\u00fcck wird etwa 10-15% kleiner, wenn es mit &#8220;FINGERING&#8221;-Garnen wie Catona, Catania, &#8230;<\/strong><\/p>\n<p>&nbsp;<\/p>\n<p><strong>Weitere Dinge, die du brauchst<\/strong>: F\u00fcllung, Filzstifte, Schere, Gobelin-Nadel, 12-mm-Glitzer-Sicherheitsaugen, 9-mm-Sicherheitsnase, 5 mm dicke Pappe, Kleber, Klebepistole, ein Blatt Kunstgras, ein Blatt Papier (billiges Papier oder sogar Zeitungspapier ist gut), ein Blatt Filz (die Farbe spielt keine Rolle)<\/p>\n<p>&nbsp;<\/p>\n<p><strong>H\u00e4kelnadel:<\/strong> 2.5mm<\/p>\n<p>&nbsp;<\/p>\n<p>Dieses Muster ist ein schriftliches Muster mit vielen Bildern, um Ihnen zu helfen. Wenn Sie Fragen haben, schicken Sie mir eine Nachricht an: craftygenesindonesia@gmail.com<\/p>\n<p>&nbsp;<\/p>\n<p><strong>-Dieses Muster ist nur f\u00fcr den pers\u00f6nlichen Gebrauch bestimmt und ist mit einem COPYRIGHT versehen. Daher darf das Muster NICHT kopiert, verkauft, weiterverkauft, \u00fcbersetzt, als eigenes Design beansprucht, verteilt, geteilt, ver\u00f6ffentlicht, online in irgendeiner Form ohne meine Erlaubnis gepostet werden. Nicht einmal ein Teil davon!!! <\/strong><\/p>\n<p>&nbsp;<\/p>\n<p><strong>-Sie d\u00fcrfen das fertige Produkt in kleinen Mengen verkaufen, ABER NICHT DAS MUSTER SELBST! Erw\u00e4hnen Sie, dass das Schnittmuster von Craftygenesindonesia ist und wo man es kaufen kann <\/strong><\/p>\n","protected":false},"excerpt":{"rendered":"<p>Dies ist ein lustiges Oster-Muster f\u00fcr einen Osterhasen (kann als Schl\u00fcsselanh\u00e4nger verwendet werden) in ihrem Ostergarten. Alles, was Sie auf dem Bild sehen, ist enthalten<\/p>\n","protected":false},"featured_media":987528297,"comment_status":"open","ping_status":"closed","template":"","meta":{"_acf_changed":false},"product_brand":[],"product_cat":[12196,12195],"product_tag":[12205,12197,12208,12210,12198,12204,12203,12201,12207,12202,12200,12199,12209,12206],"class_list":{"0":"post-987528296","1":"product","2":"type-product","3":"status-publish","4":"has-post-thumbnail","6":"product_cat-ostern-hakelmuster","7":"product_cat-tierische-hakelmuster","8":"product_tag-blume","9":"product_tag-blumen","10":"product_tag-garten","11":"product_tag-gras-de","12":"product_tag-hase","13":"product_tag-kuken","14":"product_tag-osterei","15":"product_tag-osterhase","16":"product_tag-osterhasenohren","17":"product_tag-osterkuken","18":"product_tag-ostern","19":"product_tag-schmetterling","20":"product_tag-sonne","21":"product_tag-tur","22":"pa_available_on-craftygenesindonesia","23":"pa_available_on-etsy","24":"pa_available_on-haked-nl","25":"pa_available_on-payhip","26":"pa_available_on-ravelry","27":"pa_languages-deutsch","28":"pa_languages-franzoesisch","29":"pa_languages-niederlaendisch","30":"pa_languages-spanisch","31":"pa_languages-us-englisch","33":"first","34":"instock","35":"sale","36":"downloadable","37":"virtual","38":"purchasable","39":"product-type-simple"},"acf":[],"yoast_head":"<!-- This site is optimized with the Yoast SEO plugin v27.3 - https:\/\/yoast.com\/product\/yoast-seo-wordpress\/ -->\n<title>Joanie&#039;s Ostergarten H\u00e4kelmuster - Craftygenesindonesia<\/title>\n<meta name=\"description\" content=\"Kaufen Sie hier mein H\u00e4kelmuster &quot;Joanie&#039;s Ostergarten&quot;. Das einfache H\u00e4kelmuster ist auch erh\u00e4ltlich auf Etsy, Haked.nl, Ravelry\" \/>\n<meta name=\"robots\" content=\"index, follow, max-snippet:-1, max-image-preview:large, max-video-preview:-1\" \/>\n<link rel=\"canonical\" href=\"https:\/\/craftygenesindonesia.com\/de\/shop\/tierische-hakelmuster\/joanies-ostergarten\/\" \/>\n<meta property=\"og:locale\" content=\"de_DE\" \/>\n<meta property=\"og:type\" content=\"article\" \/>\n<meta property=\"og:title\" content=\"&quot;Joanie&#039;s Ostergarten&quot; H\u00e4kelmuster\" \/>\n<meta property=\"og:description\" content=\"Kaufen Sie hier mein H\u00e4kelmuster &quot;Joanie&#039;s Ostergarten&quot;. Das einfache H\u00e4kelmuster ist auch erh\u00e4ltlich auf Etsy, Haked.nl, Ravelry\" \/>\n<meta property=\"og:url\" content=\"https:\/\/craftygenesindonesia.com\/de\/shop\/tierische-hakelmuster\/joanies-ostergarten\/\" \/>\n<meta property=\"og:site_name\" content=\"Craftygenesindonesia\" \/>\n<meta property=\"article:modified_time\" content=\"2026-03-18T12:51:34+00:00\" \/>\n<meta property=\"og:image\" content=\"https:\/\/craftygenesindonesia.com\/wp-content\/uploads\/2025\/03\/1-1-300x300.jpg\" \/>\n<meta name=\"twitter:card\" content=\"summary_large_image\" \/>\n<meta name=\"twitter:label1\" content=\"Gesch\u00e4tzte Lesezeit\" \/>\n\t<meta name=\"twitter:data1\" content=\"2\u00a0Minuten\" \/>\n<script type=\"application\/ld+json\" class=\"yoast-schema-graph\">{\"@context\":\"https:\\\/\\\/schema.org\",\"@graph\":[{\"@type\":\"WebPage\",\"@id\":\"https:\\\/\\\/craftygenesindonesia.com\\\/de\\\/shop\\\/tierische-hakelmuster\\\/joanies-ostergarten\\\/\",\"url\":\"https:\\\/\\\/craftygenesindonesia.com\\\/de\\\/shop\\\/tierische-hakelmuster\\\/joanies-ostergarten\\\/\",\"name\":\"Joanie's Ostergarten H\u00e4kelmuster - Craftygenesindonesia\",\"isPartOf\":{\"@id\":\"https:\\\/\\\/craftygenesindonesia.com\\\/de\\\/#website\"},\"primaryImageOfPage\":{\"@id\":\"https:\\\/\\\/craftygenesindonesia.com\\\/de\\\/shop\\\/tierische-hakelmuster\\\/joanies-ostergarten\\\/#primaryimage\"},\"image\":{\"@id\":\"https:\\\/\\\/craftygenesindonesia.com\\\/de\\\/shop\\\/tierische-hakelmuster\\\/joanies-ostergarten\\\/#primaryimage\"},\"thumbnailUrl\":\"https:\\\/\\\/craftygenesindonesia.com\\\/wp-content\\\/uploads\\\/2025\\\/03\\\/1-1.jpg\",\"datePublished\":\"2025-03-28T09:35:48+00:00\",\"dateModified\":\"2026-03-18T12:51:34+00:00\",\"description\":\"Kaufen Sie hier mein H\u00e4kelmuster \\\"Joanie's Ostergarten\\\". Das einfache H\u00e4kelmuster ist auch erh\u00e4ltlich auf Etsy, Haked.nl, Ravelry\",\"breadcrumb\":{\"@id\":\"https:\\\/\\\/craftygenesindonesia.com\\\/de\\\/shop\\\/tierische-hakelmuster\\\/joanies-ostergarten\\\/#breadcrumb\"},\"inLanguage\":\"de\",\"potentialAction\":[{\"@type\":\"ReadAction\",\"target\":[\"https:\\\/\\\/craftygenesindonesia.com\\\/de\\\/shop\\\/tierische-hakelmuster\\\/joanies-ostergarten\\\/\"]}]},{\"@type\":\"ImageObject\",\"inLanguage\":\"de\",\"@id\":\"https:\\\/\\\/craftygenesindonesia.com\\\/de\\\/shop\\\/tierische-hakelmuster\\\/joanies-ostergarten\\\/#primaryimage\",\"url\":\"https:\\\/\\\/craftygenesindonesia.com\\\/wp-content\\\/uploads\\\/2025\\\/03\\\/1-1.jpg\",\"contentUrl\":\"https:\\\/\\\/craftygenesindonesia.com\\\/wp-content\\\/uploads\\\/2025\\\/03\\\/1-1.jpg\",\"width\":1080,\"height\":1080,\"caption\":\"crochet Easter bunny in crochet Easter garden with Easter eggs, butterflies, flower, Easter chick, sun\"},{\"@type\":\"BreadcrumbList\",\"@id\":\"https:\\\/\\\/craftygenesindonesia.com\\\/de\\\/shop\\\/tierische-hakelmuster\\\/joanies-ostergarten\\\/#breadcrumb\",\"itemListElement\":[{\"@type\":\"ListItem\",\"position\":1,\"name\":\"Home\",\"item\":\"https:\\\/\\\/craftygenesindonesia.com\\\/de\\\/\"},{\"@type\":\"ListItem\",\"position\":2,\"name\":\"Mustershop\",\"item\":\"https:\\\/\\\/craftygenesindonesia.com\\\/de\\\/muster-shop\\\/\"},{\"@type\":\"ListItem\",\"position\":3,\"name\":\"Joanie&#8217;s Ostergarten\"}]},{\"@type\":\"WebSite\",\"@id\":\"https:\\\/\\\/craftygenesindonesia.com\\\/de\\\/#website\",\"url\":\"https:\\\/\\\/craftygenesindonesia.com\\\/de\\\/\",\"name\":\"Craftygenesindonesia\",\"description\":\"\",\"publisher\":{\"@id\":\"https:\\\/\\\/craftygenesindonesia.com\\\/de\\\/#organization\"},\"potentialAction\":[{\"@type\":\"SearchAction\",\"target\":{\"@type\":\"EntryPoint\",\"urlTemplate\":\"https:\\\/\\\/craftygenesindonesia.com\\\/de\\\/?s={search_term_string}\"},\"query-input\":{\"@type\":\"PropertyValueSpecification\",\"valueRequired\":true,\"valueName\":\"search_term_string\"}}],\"inLanguage\":\"de\"},{\"@type\":\"Organization\",\"@id\":\"https:\\\/\\\/craftygenesindonesia.com\\\/de\\\/#organization\",\"name\":\"Craftygenesindonesia\",\"url\":\"https:\\\/\\\/craftygenesindonesia.com\\\/de\\\/\",\"logo\":{\"@type\":\"ImageObject\",\"inLanguage\":\"de\",\"@id\":\"https:\\\/\\\/craftygenesindonesia.com\\\/de\\\/#\\\/schema\\\/logo\\\/image\\\/\",\"url\":\"https:\\\/\\\/craftygenesindonesia.com\\\/wp-content\\\/uploads\\\/2025\\\/11\\\/cropped-Copy-of-Craftygenesindonesia.jpg\",\"contentUrl\":\"https:\\\/\\\/craftygenesindonesia.com\\\/wp-content\\\/uploads\\\/2025\\\/11\\\/cropped-Copy-of-Craftygenesindonesia.jpg\",\"width\":180,\"height\":60,\"caption\":\"Craftygenesindonesia\"},\"image\":{\"@id\":\"https:\\\/\\\/craftygenesindonesia.com\\\/de\\\/#\\\/schema\\\/logo\\\/image\\\/\"}}]}<\/script>\n<!-- \/ Yoast SEO plugin. -->","yoast_head_json":{"title":"Joanie's Ostergarten H\u00e4kelmuster - Craftygenesindonesia","description":"Kaufen Sie hier mein H\u00e4kelmuster \"Joanie's Ostergarten\". Das einfache H\u00e4kelmuster ist auch erh\u00e4ltlich auf Etsy, Haked.nl, Ravelry","robots":{"index":"index","follow":"follow","max-snippet":"max-snippet:-1","max-image-preview":"max-image-preview:large","max-video-preview":"max-video-preview:-1"},"canonical":"https:\/\/craftygenesindonesia.com\/de\/shop\/tierische-hakelmuster\/joanies-ostergarten\/","og_locale":"de_DE","og_type":"article","og_title":"\"Joanie's Ostergarten\" H\u00e4kelmuster","og_description":"Kaufen Sie hier mein H\u00e4kelmuster \"Joanie's Ostergarten\". Das einfache H\u00e4kelmuster ist auch erh\u00e4ltlich auf Etsy, Haked.nl, Ravelry","og_url":"https:\/\/craftygenesindonesia.com\/de\/shop\/tierische-hakelmuster\/joanies-ostergarten\/","og_site_name":"Craftygenesindonesia","article_modified_time":"2026-03-18T12:51:34+00:00","og_image":[{"url":"https:\/\/craftygenesindonesia.com\/wp-content\/uploads\/2025\/03\/1-1-300x300.jpg","type":"","width":"","height":""}],"twitter_card":"summary_large_image","twitter_misc":{"Gesch\u00e4tzte Lesezeit":"2\u00a0Minuten"},"schema":{"@context":"https:\/\/schema.org","@graph":[{"@type":"WebPage","@id":"https:\/\/craftygenesindonesia.com\/de\/shop\/tierische-hakelmuster\/joanies-ostergarten\/","url":"https:\/\/craftygenesindonesia.com\/de\/shop\/tierische-hakelmuster\/joanies-ostergarten\/","name":"Joanie's Ostergarten H\u00e4kelmuster - Craftygenesindonesia","isPartOf":{"@id":"https:\/\/craftygenesindonesia.com\/de\/#website"},"primaryImageOfPage":{"@id":"https:\/\/craftygenesindonesia.com\/de\/shop\/tierische-hakelmuster\/joanies-ostergarten\/#primaryimage"},"image":{"@id":"https:\/\/craftygenesindonesia.com\/de\/shop\/tierische-hakelmuster\/joanies-ostergarten\/#primaryimage"},"thumbnailUrl":"https:\/\/craftygenesindonesia.com\/wp-content\/uploads\/2025\/03\/1-1.jpg","datePublished":"2025-03-28T09:35:48+00:00","dateModified":"2026-03-18T12:51:34+00:00","description":"Kaufen Sie hier mein H\u00e4kelmuster \"Joanie's Ostergarten\". Das einfache H\u00e4kelmuster ist auch erh\u00e4ltlich auf Etsy, Haked.nl, Ravelry","breadcrumb":{"@id":"https:\/\/craftygenesindonesia.com\/de\/shop\/tierische-hakelmuster\/joanies-ostergarten\/#breadcrumb"},"inLanguage":"de","potentialAction":[{"@type":"ReadAction","target":["https:\/\/craftygenesindonesia.com\/de\/shop\/tierische-hakelmuster\/joanies-ostergarten\/"]}]},{"@type":"ImageObject","inLanguage":"de","@id":"https:\/\/craftygenesindonesia.com\/de\/shop\/tierische-hakelmuster\/joanies-ostergarten\/#primaryimage","url":"https:\/\/craftygenesindonesia.com\/wp-content\/uploads\/2025\/03\/1-1.jpg","contentUrl":"https:\/\/craftygenesindonesia.com\/wp-content\/uploads\/2025\/03\/1-1.jpg","width":1080,"height":1080,"caption":"crochet Easter bunny in crochet Easter garden with Easter eggs, butterflies, flower, Easter chick, sun"},{"@type":"BreadcrumbList","@id":"https:\/\/craftygenesindonesia.com\/de\/shop\/tierische-hakelmuster\/joanies-ostergarten\/#breadcrumb","itemListElement":[{"@type":"ListItem","position":1,"name":"Home","item":"https:\/\/craftygenesindonesia.com\/de\/"},{"@type":"ListItem","position":2,"name":"Mustershop","item":"https:\/\/craftygenesindonesia.com\/de\/muster-shop\/"},{"@type":"ListItem","position":3,"name":"Joanie&#8217;s Ostergarten"}]},{"@type":"WebSite","@id":"https:\/\/craftygenesindonesia.com\/de\/#website","url":"https:\/\/craftygenesindonesia.com\/de\/","name":"Craftygenesindonesia","description":"","publisher":{"@id":"https:\/\/craftygenesindonesia.com\/de\/#organization"},"potentialAction":[{"@type":"SearchAction","target":{"@type":"EntryPoint","urlTemplate":"https:\/\/craftygenesindonesia.com\/de\/?s={search_term_string}"},"query-input":{"@type":"PropertyValueSpecification","valueRequired":true,"valueName":"search_term_string"}}],"inLanguage":"de"},{"@type":"Organization","@id":"https:\/\/craftygenesindonesia.com\/de\/#organization","name":"Craftygenesindonesia","url":"https:\/\/craftygenesindonesia.com\/de\/","logo":{"@type":"ImageObject","inLanguage":"de","@id":"https:\/\/craftygenesindonesia.com\/de\/#\/schema\/logo\/image\/","url":"https:\/\/craftygenesindonesia.com\/wp-content\/uploads\/2025\/11\/cropped-Copy-of-Craftygenesindonesia.jpg","contentUrl":"https:\/\/craftygenesindonesia.com\/wp-content\/uploads\/2025\/11\/cropped-Copy-of-Craftygenesindonesia.jpg","width":180,"height":60,"caption":"Craftygenesindonesia"},"image":{"@id":"https:\/\/craftygenesindonesia.com\/de\/#\/schema\/logo\/image\/"}}]}},"_links":{"self":[{"href":"https:\/\/craftygenesindonesia.com\/de\/wp-json\/wp\/v2\/product\/987528296","targetHints":{"allow":["GET"]}}],"collection":[{"href":"https:\/\/craftygenesindonesia.com\/de\/wp-json\/wp\/v2\/product"}],"about":[{"href":"https:\/\/craftygenesindonesia.com\/de\/wp-json\/wp\/v2\/types\/product"}],"replies":[{"embeddable":true,"href":"https:\/\/craftygenesindonesia.com\/de\/wp-json\/wp\/v2\/comments?post=987528296"}],"wp:featuredmedia":[{"embeddable":true,"href":"https:\/\/craftygenesindonesia.com\/de\/wp-json\/wp\/v2\/media\/987528297"}],"wp:attachment":[{"href":"https:\/\/craftygenesindonesia.com\/de\/wp-json\/wp\/v2\/media?parent=987528296"}],"wp:term":[{"taxonomy":"product_brand","embeddable":true,"href":"https:\/\/craftygenesindonesia.com\/de\/wp-json\/wp\/v2\/product_brand?post=987528296"},{"taxonomy":"product_cat","embeddable":true,"href":"https:\/\/craftygenesindonesia.com\/de\/wp-json\/wp\/v2\/product_cat?post=987528296"},{"taxonomy":"product_tag","embeddable":true,"href":"https:\/\/craftygenesindonesia.com\/de\/wp-json\/wp\/v2\/product_tag?post=987528296"}],"curies":[{"name":"wp","href":"https:\/\/api.w.org\/{rel}","templated":true}]}}