{"id":987528285,"date":"2025-04-08T20:28:10","date_gmt":"2025-04-08T12:28:10","guid":{"rendered":"https:\/\/craftygenesindonesia.com\/shop\/unkategorisiert\/for-the-fallen-monument-grosser-soldat\/"},"modified":"2026-03-18T20:30:14","modified_gmt":"2026-03-18T12:30:14","slug":"for-the-fallen-monument-grosser-soldat","status":"publish","type":"product","link":"https:\/\/craftygenesindonesia.com\/de\/shop\/damen-und-herren-hakelmuster\/for-the-fallen-monument-grosser-soldat\/","title":{"rendered":"For the Fallen Monument (gro\u00dfer Soldat)"},"content":{"rendered":"<p>Gr\u00f6\u00dfe: 38 cm (einschlie\u00dflich Plateau)<\/p>\n<p>&nbsp;<\/p>\n<p><strong>Garn<\/strong>: Garn der St\u00e4rke \u201eFINGERING\u201c, z. B. Catona, Catania,\u2026 in folgenden Farben: T\u00fcrkis, Dunkel-T\u00fcrkis, Graubraun, Schwarz, Rot<\/p>\n<p>Garn bei Haked.nl kaufen: <a href=\"https:\/\/haked.nl\/product\/benodigdheden-for-the-fallen-monument\/\">Benodigdheden For the fallen monument &#8211; Haked<\/a><\/p>\n<p>Au\u00dferdem ben\u00f6tigst du: 2 mm starken Aluminiumdraht, eine Schneidezange, Buchstabenbl\u00f6cke f\u00fcr den Schriftzug \u201eLest we forget\u201c, 5 mm starken Karton, Kleber, eine Hei\u00dfklebepistole, F\u00fcllmaterial, Maschenmarkierer, eine Schere und einen Bleistift<\/p>\n<p>&nbsp;<\/p>\n<p>H\u00e4kelnadel: 2mm<\/p>\n<p>&nbsp;<\/p>\n<p>Diese Anleitung ist eine schriftliche Anleitung mit vielen Bildern, die dir helfen sollen. Wenn du Fragen hast, schreib mir eine Nachricht an: craftygenesindonesia@gmail.com <\/p>\n<p>&nbsp;<\/p>\n<p><strong>\u2013 Diese Anleitung ist ausschlie\u00dflich f\u00fcr den pers\u00f6nlichen Gebrauch bestimmt und unterliegt dem Urheberrecht. Daher darf die Anleitung ohne meine Genehmigung in keiner Form kopiert, verkauft, weiterverkauft, \u00fcbersetzt, als eigenes Design ausgegeben, verbreitet, geteilt, ver\u00f6ffentlicht oder online gestellt werden.  Nicht einmal ansatzweise!!!<\/strong><\/p>\n<p>&nbsp;<\/p>\n<p><strong>&#8211; Sie d\u00fcrfen das fertige Produkt in kleinen Mengen verkaufen, ABER NICHT DIE ANLEITUNG SELBST! Bitte geben Sie an, dass die Anleitung von Craftygenesindonesia stammt und wo sie erh\u00e4ltlich ist. <\/strong><\/p>\n","protected":false},"excerpt":{"rendered":"<p>Dieses Soldaten-Denkmal ist eine einfache H\u00e4kelanleitung, die ich entworfen habe, um die vielen tapferen M\u00e4nner und Frauen zu ehren, die ihrem Land gedient haben oder derzeit dienen. Die Anleitung enth\u00e4lt ein Mohnblumenmotiv als Hommage an ihre Opfer. <\/p>\n","protected":false},"featured_media":987528286,"comment_status":"open","ping_status":"closed","template":"","meta":{"_acf_changed":false},"product_brand":[],"product_cat":[12177,12182],"product_tag":[12186,12191,12184,12189,12190,12188,12183,12187,12185,12193,12194,12192],"class_list":{"0":"post-987528285","1":"product","2":"type-product","3":"status-publish","4":"has-post-thumbnail","6":"product_cat-damen-und-herren-hakelmuster","7":"product_cat-militar-de","8":"product_tag-armee","9":"product_tag-denkmal","10":"product_tag-fur-die-gefallenen","11":"product_tag-militar-de","12":"product_tag-mohn","13":"product_tag-soldat-de","14":"product_tag-statue-de","15":"product_tag-tag-des-gedenkens","16":"product_tag-tag-des-waffenstillstands","17":"product_tag-ve-tag","18":"product_tag-weapon-de","19":"product_tag-weltkrieg","20":"pa_available_on-craftygenesindonesia","21":"pa_available_on-etsy","22":"pa_available_on-haked-nl","23":"pa_available_on-payhip","24":"pa_available_on-ravelry","25":"pa_languages-deutsch","26":"pa_languages-franzoesisch","27":"pa_languages-grossbritannien-englisch","28":"pa_languages-niederlaendisch","29":"pa_languages-spanisch","30":"pa_languages-us-englisch","32":"first","33":"instock","34":"downloadable","35":"virtual","36":"purchasable","37":"product-type-simple"},"acf":[],"yoast_head":"<!-- This site is optimized with the Yoast SEO plugin v27.4 - https:\/\/yoast.com\/product\/yoast-seo-wordpress\/ -->\n<title>For the Fallen Monument (gro\u00dfer Soldat) H\u00e4kelmuster - Craftygenesindonesia<\/title>\n<meta name=\"description\" content=\"Hier kannst du meine H\u00e4kelanleitung \u201eFor The Fallen Monument\u201c f\u00fcr einen Soldaten kaufen. Die einfache Anleitung ist auch auf Etsy, Haked.nl und Ravelry erh\u00e4ltlich.\" \/>\n<meta name=\"robots\" content=\"index, follow, max-snippet:-1, max-image-preview:large, max-video-preview:-1\" \/>\n<link rel=\"canonical\" href=\"https:\/\/craftygenesindonesia.com\/de\/shop\/damen-und-herren-hakelmuster\/for-the-fallen-monument-grosser-soldat\/\" \/>\n<meta property=\"og:locale\" content=\"de_DE\" \/>\n<meta property=\"og:type\" content=\"article\" \/>\n<meta property=\"og:title\" content=\"&quot;For The Fallen Monument&quot; Soldat h\u00e4keln Muster\" \/>\n<meta property=\"og:description\" content=\"Hier kannst du meine H\u00e4kelanleitung \u201eFor The Fallen Monument\u201c f\u00fcr einen Soldaten kaufen. Die einfache Anleitung ist auch auf Etsy, Haked.nl und Ravelry erh\u00e4ltlich.\" \/>\n<meta property=\"og:url\" content=\"https:\/\/craftygenesindonesia.com\/de\/shop\/damen-und-herren-hakelmuster\/for-the-fallen-monument-grosser-soldat\/\" \/>\n<meta property=\"og:site_name\" content=\"Craftygenesindonesia\" \/>\n<meta property=\"article:modified_time\" content=\"2026-03-18T12:30:14+00:00\" \/>\n<meta property=\"og:image\" content=\"https:\/\/craftygenesindonesia.com\/wp-content\/uploads\/2025\/04\/1-300x300.jpg\" \/>\n<meta name=\"twitter:card\" content=\"summary_large_image\" \/>\n<meta name=\"twitter:label1\" content=\"Gesch\u00e4tzte Lesezeit\" \/>\n\t<meta name=\"twitter:data1\" content=\"1\u00a0Minute\" \/>\n<script type=\"application\/ld+json\" class=\"yoast-schema-graph\">{\"@context\":\"https:\\\/\\\/schema.org\",\"@graph\":[{\"@type\":\"WebPage\",\"@id\":\"https:\\\/\\\/craftygenesindonesia.com\\\/de\\\/shop\\\/damen-und-herren-hakelmuster\\\/for-the-fallen-monument-grosser-soldat\\\/\",\"url\":\"https:\\\/\\\/craftygenesindonesia.com\\\/de\\\/shop\\\/damen-und-herren-hakelmuster\\\/for-the-fallen-monument-grosser-soldat\\\/\",\"name\":\"For the Fallen Monument (gro\u00dfer Soldat) H\u00e4kelmuster - Craftygenesindonesia\",\"isPartOf\":{\"@id\":\"https:\\\/\\\/craftygenesindonesia.com\\\/de\\\/#website\"},\"primaryImageOfPage\":{\"@id\":\"https:\\\/\\\/craftygenesindonesia.com\\\/de\\\/shop\\\/damen-und-herren-hakelmuster\\\/for-the-fallen-monument-grosser-soldat\\\/#primaryimage\"},\"image\":{\"@id\":\"https:\\\/\\\/craftygenesindonesia.com\\\/de\\\/shop\\\/damen-und-herren-hakelmuster\\\/for-the-fallen-monument-grosser-soldat\\\/#primaryimage\"},\"thumbnailUrl\":\"https:\\\/\\\/craftygenesindonesia.com\\\/wp-content\\\/uploads\\\/2025\\\/04\\\/1.jpg\",\"datePublished\":\"2025-04-08T12:28:10+00:00\",\"dateModified\":\"2026-03-18T12:30:14+00:00\",\"description\":\"Hier kannst du meine H\u00e4kelanleitung \u201eFor The Fallen Monument\u201c f\u00fcr einen Soldaten kaufen. Die einfache Anleitung ist auch auf Etsy, Haked.nl und Ravelry erh\u00e4ltlich.\",\"breadcrumb\":{\"@id\":\"https:\\\/\\\/craftygenesindonesia.com\\\/de\\\/shop\\\/damen-und-herren-hakelmuster\\\/for-the-fallen-monument-grosser-soldat\\\/#breadcrumb\"},\"inLanguage\":\"de\",\"potentialAction\":[{\"@type\":\"ReadAction\",\"target\":[\"https:\\\/\\\/craftygenesindonesia.com\\\/de\\\/shop\\\/damen-und-herren-hakelmuster\\\/for-the-fallen-monument-grosser-soldat\\\/\"]}]},{\"@type\":\"ImageObject\",\"inLanguage\":\"de\",\"@id\":\"https:\\\/\\\/craftygenesindonesia.com\\\/de\\\/shop\\\/damen-und-herren-hakelmuster\\\/for-the-fallen-monument-grosser-soldat\\\/#primaryimage\",\"url\":\"https:\\\/\\\/craftygenesindonesia.com\\\/wp-content\\\/uploads\\\/2025\\\/04\\\/1.jpg\",\"contentUrl\":\"https:\\\/\\\/craftygenesindonesia.com\\\/wp-content\\\/uploads\\\/2025\\\/04\\\/1.jpg\",\"width\":1080,\"height\":1080,\"caption\":\"H\u00e4kel-Soldaten-Denkmal mit Mohnblumen\"},{\"@type\":\"BreadcrumbList\",\"@id\":\"https:\\\/\\\/craftygenesindonesia.com\\\/de\\\/shop\\\/damen-und-herren-hakelmuster\\\/for-the-fallen-monument-grosser-soldat\\\/#breadcrumb\",\"itemListElement\":[{\"@type\":\"ListItem\",\"position\":1,\"name\":\"Home\",\"item\":\"https:\\\/\\\/craftygenesindonesia.com\\\/de\\\/\"},{\"@type\":\"ListItem\",\"position\":2,\"name\":\"Mustershop\",\"item\":\"https:\\\/\\\/craftygenesindonesia.com\\\/de\\\/muster-shop\\\/\"},{\"@type\":\"ListItem\",\"position\":3,\"name\":\"For the Fallen Monument (gro\u00dfer Soldat)\"}]},{\"@type\":\"WebSite\",\"@id\":\"https:\\\/\\\/craftygenesindonesia.com\\\/de\\\/#website\",\"url\":\"https:\\\/\\\/craftygenesindonesia.com\\\/de\\\/\",\"name\":\"Craftygenesindonesia\",\"description\":\"\",\"publisher\":{\"@id\":\"https:\\\/\\\/craftygenesindonesia.com\\\/de\\\/#organization\"},\"potentialAction\":[{\"@type\":\"SearchAction\",\"target\":{\"@type\":\"EntryPoint\",\"urlTemplate\":\"https:\\\/\\\/craftygenesindonesia.com\\\/de\\\/?s={search_term_string}\"},\"query-input\":{\"@type\":\"PropertyValueSpecification\",\"valueRequired\":true,\"valueName\":\"search_term_string\"}}],\"inLanguage\":\"de\"},{\"@type\":\"Organization\",\"@id\":\"https:\\\/\\\/craftygenesindonesia.com\\\/de\\\/#organization\",\"name\":\"Craftygenesindonesia\",\"url\":\"https:\\\/\\\/craftygenesindonesia.com\\\/de\\\/\",\"logo\":{\"@type\":\"ImageObject\",\"inLanguage\":\"de\",\"@id\":\"https:\\\/\\\/craftygenesindonesia.com\\\/de\\\/#\\\/schema\\\/logo\\\/image\\\/\",\"url\":\"https:\\\/\\\/craftygenesindonesia.com\\\/wp-content\\\/uploads\\\/2025\\\/11\\\/cropped-Copy-of-Craftygenesindonesia.jpg\",\"contentUrl\":\"https:\\\/\\\/craftygenesindonesia.com\\\/wp-content\\\/uploads\\\/2025\\\/11\\\/cropped-Copy-of-Craftygenesindonesia.jpg\",\"width\":180,\"height\":60,\"caption\":\"Craftygenesindonesia\"},\"image\":{\"@id\":\"https:\\\/\\\/craftygenesindonesia.com\\\/de\\\/#\\\/schema\\\/logo\\\/image\\\/\"}}]}<\/script>\n<!-- \/ Yoast SEO plugin. -->","yoast_head_json":{"title":"For the Fallen Monument (gro\u00dfer Soldat) H\u00e4kelmuster - Craftygenesindonesia","description":"Hier kannst du meine H\u00e4kelanleitung \u201eFor The Fallen Monument\u201c f\u00fcr einen Soldaten kaufen. Die einfache Anleitung ist auch auf Etsy, Haked.nl und Ravelry erh\u00e4ltlich.","robots":{"index":"index","follow":"follow","max-snippet":"max-snippet:-1","max-image-preview":"max-image-preview:large","max-video-preview":"max-video-preview:-1"},"canonical":"https:\/\/craftygenesindonesia.com\/de\/shop\/damen-und-herren-hakelmuster\/for-the-fallen-monument-grosser-soldat\/","og_locale":"de_DE","og_type":"article","og_title":"\"For The Fallen Monument\" Soldat h\u00e4keln Muster","og_description":"Hier kannst du meine H\u00e4kelanleitung \u201eFor The Fallen Monument\u201c f\u00fcr einen Soldaten kaufen. Die einfache Anleitung ist auch auf Etsy, Haked.nl und Ravelry erh\u00e4ltlich.","og_url":"https:\/\/craftygenesindonesia.com\/de\/shop\/damen-und-herren-hakelmuster\/for-the-fallen-monument-grosser-soldat\/","og_site_name":"Craftygenesindonesia","article_modified_time":"2026-03-18T12:30:14+00:00","og_image":[{"url":"https:\/\/craftygenesindonesia.com\/wp-content\/uploads\/2025\/04\/1-300x300.jpg","type":"","width":"","height":""}],"twitter_card":"summary_large_image","twitter_misc":{"Gesch\u00e4tzte Lesezeit":"1\u00a0Minute"},"schema":{"@context":"https:\/\/schema.org","@graph":[{"@type":"WebPage","@id":"https:\/\/craftygenesindonesia.com\/de\/shop\/damen-und-herren-hakelmuster\/for-the-fallen-monument-grosser-soldat\/","url":"https:\/\/craftygenesindonesia.com\/de\/shop\/damen-und-herren-hakelmuster\/for-the-fallen-monument-grosser-soldat\/","name":"For the Fallen Monument (gro\u00dfer Soldat) H\u00e4kelmuster - Craftygenesindonesia","isPartOf":{"@id":"https:\/\/craftygenesindonesia.com\/de\/#website"},"primaryImageOfPage":{"@id":"https:\/\/craftygenesindonesia.com\/de\/shop\/damen-und-herren-hakelmuster\/for-the-fallen-monument-grosser-soldat\/#primaryimage"},"image":{"@id":"https:\/\/craftygenesindonesia.com\/de\/shop\/damen-und-herren-hakelmuster\/for-the-fallen-monument-grosser-soldat\/#primaryimage"},"thumbnailUrl":"https:\/\/craftygenesindonesia.com\/wp-content\/uploads\/2025\/04\/1.jpg","datePublished":"2025-04-08T12:28:10+00:00","dateModified":"2026-03-18T12:30:14+00:00","description":"Hier kannst du meine H\u00e4kelanleitung \u201eFor The Fallen Monument\u201c f\u00fcr einen Soldaten kaufen. Die einfache Anleitung ist auch auf Etsy, Haked.nl und Ravelry erh\u00e4ltlich.","breadcrumb":{"@id":"https:\/\/craftygenesindonesia.com\/de\/shop\/damen-und-herren-hakelmuster\/for-the-fallen-monument-grosser-soldat\/#breadcrumb"},"inLanguage":"de","potentialAction":[{"@type":"ReadAction","target":["https:\/\/craftygenesindonesia.com\/de\/shop\/damen-und-herren-hakelmuster\/for-the-fallen-monument-grosser-soldat\/"]}]},{"@type":"ImageObject","inLanguage":"de","@id":"https:\/\/craftygenesindonesia.com\/de\/shop\/damen-und-herren-hakelmuster\/for-the-fallen-monument-grosser-soldat\/#primaryimage","url":"https:\/\/craftygenesindonesia.com\/wp-content\/uploads\/2025\/04\/1.jpg","contentUrl":"https:\/\/craftygenesindonesia.com\/wp-content\/uploads\/2025\/04\/1.jpg","width":1080,"height":1080,"caption":"H\u00e4kel-Soldaten-Denkmal mit Mohnblumen"},{"@type":"BreadcrumbList","@id":"https:\/\/craftygenesindonesia.com\/de\/shop\/damen-und-herren-hakelmuster\/for-the-fallen-monument-grosser-soldat\/#breadcrumb","itemListElement":[{"@type":"ListItem","position":1,"name":"Home","item":"https:\/\/craftygenesindonesia.com\/de\/"},{"@type":"ListItem","position":2,"name":"Mustershop","item":"https:\/\/craftygenesindonesia.com\/de\/muster-shop\/"},{"@type":"ListItem","position":3,"name":"For the Fallen Monument (gro\u00dfer Soldat)"}]},{"@type":"WebSite","@id":"https:\/\/craftygenesindonesia.com\/de\/#website","url":"https:\/\/craftygenesindonesia.com\/de\/","name":"Craftygenesindonesia","description":"","publisher":{"@id":"https:\/\/craftygenesindonesia.com\/de\/#organization"},"potentialAction":[{"@type":"SearchAction","target":{"@type":"EntryPoint","urlTemplate":"https:\/\/craftygenesindonesia.com\/de\/?s={search_term_string}"},"query-input":{"@type":"PropertyValueSpecification","valueRequired":true,"valueName":"search_term_string"}}],"inLanguage":"de"},{"@type":"Organization","@id":"https:\/\/craftygenesindonesia.com\/de\/#organization","name":"Craftygenesindonesia","url":"https:\/\/craftygenesindonesia.com\/de\/","logo":{"@type":"ImageObject","inLanguage":"de","@id":"https:\/\/craftygenesindonesia.com\/de\/#\/schema\/logo\/image\/","url":"https:\/\/craftygenesindonesia.com\/wp-content\/uploads\/2025\/11\/cropped-Copy-of-Craftygenesindonesia.jpg","contentUrl":"https:\/\/craftygenesindonesia.com\/wp-content\/uploads\/2025\/11\/cropped-Copy-of-Craftygenesindonesia.jpg","width":180,"height":60,"caption":"Craftygenesindonesia"},"image":{"@id":"https:\/\/craftygenesindonesia.com\/de\/#\/schema\/logo\/image\/"}}]}},"_links":{"self":[{"href":"https:\/\/craftygenesindonesia.com\/de\/wp-json\/wp\/v2\/product\/987528285","targetHints":{"allow":["GET"]}}],"collection":[{"href":"https:\/\/craftygenesindonesia.com\/de\/wp-json\/wp\/v2\/product"}],"about":[{"href":"https:\/\/craftygenesindonesia.com\/de\/wp-json\/wp\/v2\/types\/product"}],"replies":[{"embeddable":true,"href":"https:\/\/craftygenesindonesia.com\/de\/wp-json\/wp\/v2\/comments?post=987528285"}],"wp:featuredmedia":[{"embeddable":true,"href":"https:\/\/craftygenesindonesia.com\/de\/wp-json\/wp\/v2\/media\/987528286"}],"wp:attachment":[{"href":"https:\/\/craftygenesindonesia.com\/de\/wp-json\/wp\/v2\/media?parent=987528285"}],"wp:term":[{"taxonomy":"product_brand","embeddable":true,"href":"https:\/\/craftygenesindonesia.com\/de\/wp-json\/wp\/v2\/product_brand?post=987528285"},{"taxonomy":"product_cat","embeddable":true,"href":"https:\/\/craftygenesindonesia.com\/de\/wp-json\/wp\/v2\/product_cat?post=987528285"},{"taxonomy":"product_tag","embeddable":true,"href":"https:\/\/craftygenesindonesia.com\/de\/wp-json\/wp\/v2\/product_tag?post=987528285"}],"curies":[{"name":"wp","href":"https:\/\/api.w.org\/{rel}","templated":true}]}}