{"id":987528246,"date":"2025-06-13T10:23:43","date_gmt":"2025-06-13T02:23:43","guid":{"rendered":"https:\/\/craftygenesindonesia.com\/shop\/unkategorisiert\/puppenkleid-1\/"},"modified":"2026-03-18T19:33:37","modified_gmt":"2026-03-18T11:33:37","slug":"puppenkleid-1","status":"publish","type":"product","link":"https:\/\/craftygenesindonesia.com\/de\/shop\/puppenkleider\/puppenkleid-1\/","title":{"rendered":"Puppenkleid 1"},"content":{"rendered":"<p>Dieses Kleid wird aus leichtem Garn (3) und einer 2-mm-H\u00e4kelnadel gefertigt.<\/p>\n<p>Sie ben\u00f6tigen 1 Farbe Ihrer Wahl (210\u2013235 Meter \/ 230\u2013360 Yards) (Marken wie Catona, Catania, Rainbow usw. sind alle sehr gut geeignet)<\/p>\n<p>Au\u00dferdem ben\u00f6tigst du: Maschenmarkierer \u2013 Schere \u2013 Tapisserienadel<\/p>\n<p>H\u00e4kelnadel: Gr\u00f6\u00dfe 2mm<\/p>\n<p>Diese H\u00e4kelanleitung enth\u00e4lt eine schriftliche Anleitung und viele Bilder, die dir helfen sollen. Solltest du dennoch Fragen haben, kannst du dich gerne an mich wenden unter: <a href=\"mailto:craftygenesindonesia@gmail.com\">craftygenesindonesia@gmail.com<\/a> <\/p>\n<p><strong>Diese Anleitung ist ausschlie\u00dflich f\u00fcr den pers\u00f6nlichen Gebrauch bestimmt und unterliegt dem Urheberrecht. Die Anleitung darf daher ohne meine Zustimmung in keiner Form kopiert, verkauft, weiterverkauft, \u00fcbersetzt, als eigenes Design ausgegeben, verbreitet, geteilt, ver\u00f6ffentlicht oder online gestellt werden.  Nicht einmal ansatzweise!!!<\/strong><\/p>\n<p><strong>Sie d\u00fcrfen das fertige Kleid in kleinen St\u00fcckzahlen verkaufen, ABER NICHT DAS MUSTER SELBST! Bitte geben Sie an, dass das Muster von Craftygenesindonesia stammt und wo es erh\u00e4ltlich ist. <\/strong><\/p>\n","protected":false},"excerpt":{"rendered":"<p>Dies ist ein einfaches und leicht zu befolgendes H\u00e4kelmuster f\u00fcr ein wundersch\u00f6nes Modepuppenkleid.<\/p>\n","protected":false},"featured_media":987528251,"comment_status":"open","ping_status":"closed","template":"","meta":{"_acf_changed":false},"product_brand":[],"product_cat":[12157],"product_tag":[12158,12161,12163,12162],"class_list":{"0":"post-987528246","1":"product","2":"type-product","3":"status-publish","4":"has-post-thumbnail","6":"product_cat-puppenkleider","7":"product_tag-barbie-de","8":"product_tag-blaues-kleid","9":"product_tag-modepuppe","10":"product_tag-puppenkleid","11":"pa_available_on-craftygenesindonesia","12":"pa_available_on-ravelry","13":"pa_languages-franzoesisch","14":"pa_languages-niederlaendisch","15":"pa_languages-spanisch","16":"pa_languages-us-englisch","18":"first","19":"instock","20":"downloadable","21":"virtual","22":"purchasable","23":"product-type-simple"},"acf":[],"yoast_head":"<!-- This site is optimized with the Yoast SEO plugin v27.3 - https:\/\/yoast.com\/product\/yoast-seo-wordpress\/ -->\n<title>Puppenkleid 1 H\u00e4kelmuster - Craftygenesindonesia<\/title>\n<meta name=\"description\" content=\"Hier kannst du meine H\u00e4kelanleitung \u201eDoll Dress 1\u201c kaufen. Die einfache H\u00e4kelanleitung ist auch auf Ravelry in vier verschiedenen Sprachen erh\u00e4ltlich.\" \/>\n<meta name=\"robots\" content=\"index, follow, max-snippet:-1, max-image-preview:large, max-video-preview:-1\" \/>\n<link rel=\"canonical\" href=\"https:\/\/craftygenesindonesia.com\/de\/shop\/puppenkleider\/puppenkleid-1\/\" \/>\n<meta property=\"og:locale\" content=\"de_DE\" \/>\n<meta property=\"og:type\" content=\"article\" \/>\n<meta property=\"og:title\" content=\"Puppenkleid 1 H\u00e4kelmuster\" \/>\n<meta property=\"og:description\" content=\"Hier kannst du meine H\u00e4kelanleitung \u201eDoll Dress 1\u201c kaufen. Die einfache H\u00e4kelanleitung ist auch auf Ravelry in vier verschiedenen Sprachen erh\u00e4ltlich.\" \/>\n<meta property=\"og:url\" content=\"https:\/\/craftygenesindonesia.com\/de\/shop\/puppenkleider\/puppenkleid-1\/\" \/>\n<meta property=\"og:site_name\" content=\"Craftygenesindonesia\" \/>\n<meta property=\"article:modified_time\" content=\"2026-03-18T11:33:37+00:00\" \/>\n<meta property=\"og:image\" content=\"https:\/\/craftygenesindonesia.com\/wp-content\/uploads\/2023\/05\/Untitled-design-2024-02-09T055330.720-300x300.jpg\" \/>\n<meta name=\"twitter:card\" content=\"summary_large_image\" \/>\n<meta name=\"twitter:label1\" content=\"Gesch\u00e4tzte Lesezeit\" \/>\n\t<meta name=\"twitter:data1\" content=\"1\u00a0Minute\" \/>\n<script type=\"application\/ld+json\" class=\"yoast-schema-graph\">{\"@context\":\"https:\\\/\\\/schema.org\",\"@graph\":[{\"@type\":\"WebPage\",\"@id\":\"https:\\\/\\\/craftygenesindonesia.com\\\/de\\\/shop\\\/puppenkleider\\\/puppenkleid-1\\\/\",\"url\":\"https:\\\/\\\/craftygenesindonesia.com\\\/de\\\/shop\\\/puppenkleider\\\/puppenkleid-1\\\/\",\"name\":\"Puppenkleid 1 H\u00e4kelmuster - Craftygenesindonesia\",\"isPartOf\":{\"@id\":\"https:\\\/\\\/craftygenesindonesia.com\\\/de\\\/#website\"},\"primaryImageOfPage\":{\"@id\":\"https:\\\/\\\/craftygenesindonesia.com\\\/de\\\/shop\\\/puppenkleider\\\/puppenkleid-1\\\/#primaryimage\"},\"image\":{\"@id\":\"https:\\\/\\\/craftygenesindonesia.com\\\/de\\\/shop\\\/puppenkleider\\\/puppenkleid-1\\\/#primaryimage\"},\"thumbnailUrl\":\"https:\\\/\\\/craftygenesindonesia.com\\\/wp-content\\\/uploads\\\/2023\\\/05\\\/Untitled-design-2024-02-09T055330.720.jpg\",\"datePublished\":\"2025-06-13T02:23:43+00:00\",\"dateModified\":\"2026-03-18T11:33:37+00:00\",\"description\":\"Hier kannst du meine H\u00e4kelanleitung \u201eDoll Dress 1\u201c kaufen. Die einfache H\u00e4kelanleitung ist auch auf Ravelry in vier verschiedenen Sprachen erh\u00e4ltlich.\",\"breadcrumb\":{\"@id\":\"https:\\\/\\\/craftygenesindonesia.com\\\/de\\\/shop\\\/puppenkleider\\\/puppenkleid-1\\\/#breadcrumb\"},\"inLanguage\":\"de\",\"potentialAction\":[{\"@type\":\"ReadAction\",\"target\":[\"https:\\\/\\\/craftygenesindonesia.com\\\/de\\\/shop\\\/puppenkleider\\\/puppenkleid-1\\\/\"]}]},{\"@type\":\"ImageObject\",\"inLanguage\":\"de\",\"@id\":\"https:\\\/\\\/craftygenesindonesia.com\\\/de\\\/shop\\\/puppenkleider\\\/puppenkleid-1\\\/#primaryimage\",\"url\":\"https:\\\/\\\/craftygenesindonesia.com\\\/wp-content\\\/uploads\\\/2023\\\/05\\\/Untitled-design-2024-02-09T055330.720.jpg\",\"contentUrl\":\"https:\\\/\\\/craftygenesindonesia.com\\\/wp-content\\\/uploads\\\/2023\\\/05\\\/Untitled-design-2024-02-09T055330.720.jpg\",\"width\":1080,\"height\":1080,\"caption\":\"Kleid 1\"},{\"@type\":\"BreadcrumbList\",\"@id\":\"https:\\\/\\\/craftygenesindonesia.com\\\/de\\\/shop\\\/puppenkleider\\\/puppenkleid-1\\\/#breadcrumb\",\"itemListElement\":[{\"@type\":\"ListItem\",\"position\":1,\"name\":\"Home\",\"item\":\"https:\\\/\\\/craftygenesindonesia.com\\\/de\\\/\"},{\"@type\":\"ListItem\",\"position\":2,\"name\":\"Mustershop\",\"item\":\"https:\\\/\\\/craftygenesindonesia.com\\\/de\\\/muster-shop\\\/\"},{\"@type\":\"ListItem\",\"position\":3,\"name\":\"Puppenkleid 1\"}]},{\"@type\":\"WebSite\",\"@id\":\"https:\\\/\\\/craftygenesindonesia.com\\\/de\\\/#website\",\"url\":\"https:\\\/\\\/craftygenesindonesia.com\\\/de\\\/\",\"name\":\"Craftygenesindonesia\",\"description\":\"\",\"publisher\":{\"@id\":\"https:\\\/\\\/craftygenesindonesia.com\\\/de\\\/#organization\"},\"potentialAction\":[{\"@type\":\"SearchAction\",\"target\":{\"@type\":\"EntryPoint\",\"urlTemplate\":\"https:\\\/\\\/craftygenesindonesia.com\\\/de\\\/?s={search_term_string}\"},\"query-input\":{\"@type\":\"PropertyValueSpecification\",\"valueRequired\":true,\"valueName\":\"search_term_string\"}}],\"inLanguage\":\"de\"},{\"@type\":\"Organization\",\"@id\":\"https:\\\/\\\/craftygenesindonesia.com\\\/de\\\/#organization\",\"name\":\"Craftygenesindonesia\",\"url\":\"https:\\\/\\\/craftygenesindonesia.com\\\/de\\\/\",\"logo\":{\"@type\":\"ImageObject\",\"inLanguage\":\"de\",\"@id\":\"https:\\\/\\\/craftygenesindonesia.com\\\/de\\\/#\\\/schema\\\/logo\\\/image\\\/\",\"url\":\"https:\\\/\\\/craftygenesindonesia.com\\\/wp-content\\\/uploads\\\/2025\\\/11\\\/cropped-Copy-of-Craftygenesindonesia.jpg\",\"contentUrl\":\"https:\\\/\\\/craftygenesindonesia.com\\\/wp-content\\\/uploads\\\/2025\\\/11\\\/cropped-Copy-of-Craftygenesindonesia.jpg\",\"width\":180,\"height\":60,\"caption\":\"Craftygenesindonesia\"},\"image\":{\"@id\":\"https:\\\/\\\/craftygenesindonesia.com\\\/de\\\/#\\\/schema\\\/logo\\\/image\\\/\"}}]}<\/script>\n<!-- \/ Yoast SEO plugin. -->","yoast_head_json":{"title":"Puppenkleid 1 H\u00e4kelmuster - Craftygenesindonesia","description":"Hier kannst du meine H\u00e4kelanleitung \u201eDoll Dress 1\u201c kaufen. Die einfache H\u00e4kelanleitung ist auch auf Ravelry in vier verschiedenen Sprachen erh\u00e4ltlich.","robots":{"index":"index","follow":"follow","max-snippet":"max-snippet:-1","max-image-preview":"max-image-preview:large","max-video-preview":"max-video-preview:-1"},"canonical":"https:\/\/craftygenesindonesia.com\/de\/shop\/puppenkleider\/puppenkleid-1\/","og_locale":"de_DE","og_type":"article","og_title":"Puppenkleid 1 H\u00e4kelmuster","og_description":"Hier kannst du meine H\u00e4kelanleitung \u201eDoll Dress 1\u201c kaufen. Die einfache H\u00e4kelanleitung ist auch auf Ravelry in vier verschiedenen Sprachen erh\u00e4ltlich.","og_url":"https:\/\/craftygenesindonesia.com\/de\/shop\/puppenkleider\/puppenkleid-1\/","og_site_name":"Craftygenesindonesia","article_modified_time":"2026-03-18T11:33:37+00:00","og_image":[{"url":"https:\/\/craftygenesindonesia.com\/wp-content\/uploads\/2023\/05\/Untitled-design-2024-02-09T055330.720-300x300.jpg","type":"","width":"","height":""}],"twitter_card":"summary_large_image","twitter_misc":{"Gesch\u00e4tzte Lesezeit":"1\u00a0Minute"},"schema":{"@context":"https:\/\/schema.org","@graph":[{"@type":"WebPage","@id":"https:\/\/craftygenesindonesia.com\/de\/shop\/puppenkleider\/puppenkleid-1\/","url":"https:\/\/craftygenesindonesia.com\/de\/shop\/puppenkleider\/puppenkleid-1\/","name":"Puppenkleid 1 H\u00e4kelmuster - Craftygenesindonesia","isPartOf":{"@id":"https:\/\/craftygenesindonesia.com\/de\/#website"},"primaryImageOfPage":{"@id":"https:\/\/craftygenesindonesia.com\/de\/shop\/puppenkleider\/puppenkleid-1\/#primaryimage"},"image":{"@id":"https:\/\/craftygenesindonesia.com\/de\/shop\/puppenkleider\/puppenkleid-1\/#primaryimage"},"thumbnailUrl":"https:\/\/craftygenesindonesia.com\/wp-content\/uploads\/2023\/05\/Untitled-design-2024-02-09T055330.720.jpg","datePublished":"2025-06-13T02:23:43+00:00","dateModified":"2026-03-18T11:33:37+00:00","description":"Hier kannst du meine H\u00e4kelanleitung \u201eDoll Dress 1\u201c kaufen. Die einfache H\u00e4kelanleitung ist auch auf Ravelry in vier verschiedenen Sprachen erh\u00e4ltlich.","breadcrumb":{"@id":"https:\/\/craftygenesindonesia.com\/de\/shop\/puppenkleider\/puppenkleid-1\/#breadcrumb"},"inLanguage":"de","potentialAction":[{"@type":"ReadAction","target":["https:\/\/craftygenesindonesia.com\/de\/shop\/puppenkleider\/puppenkleid-1\/"]}]},{"@type":"ImageObject","inLanguage":"de","@id":"https:\/\/craftygenesindonesia.com\/de\/shop\/puppenkleider\/puppenkleid-1\/#primaryimage","url":"https:\/\/craftygenesindonesia.com\/wp-content\/uploads\/2023\/05\/Untitled-design-2024-02-09T055330.720.jpg","contentUrl":"https:\/\/craftygenesindonesia.com\/wp-content\/uploads\/2023\/05\/Untitled-design-2024-02-09T055330.720.jpg","width":1080,"height":1080,"caption":"Kleid 1"},{"@type":"BreadcrumbList","@id":"https:\/\/craftygenesindonesia.com\/de\/shop\/puppenkleider\/puppenkleid-1\/#breadcrumb","itemListElement":[{"@type":"ListItem","position":1,"name":"Home","item":"https:\/\/craftygenesindonesia.com\/de\/"},{"@type":"ListItem","position":2,"name":"Mustershop","item":"https:\/\/craftygenesindonesia.com\/de\/muster-shop\/"},{"@type":"ListItem","position":3,"name":"Puppenkleid 1"}]},{"@type":"WebSite","@id":"https:\/\/craftygenesindonesia.com\/de\/#website","url":"https:\/\/craftygenesindonesia.com\/de\/","name":"Craftygenesindonesia","description":"","publisher":{"@id":"https:\/\/craftygenesindonesia.com\/de\/#organization"},"potentialAction":[{"@type":"SearchAction","target":{"@type":"EntryPoint","urlTemplate":"https:\/\/craftygenesindonesia.com\/de\/?s={search_term_string}"},"query-input":{"@type":"PropertyValueSpecification","valueRequired":true,"valueName":"search_term_string"}}],"inLanguage":"de"},{"@type":"Organization","@id":"https:\/\/craftygenesindonesia.com\/de\/#organization","name":"Craftygenesindonesia","url":"https:\/\/craftygenesindonesia.com\/de\/","logo":{"@type":"ImageObject","inLanguage":"de","@id":"https:\/\/craftygenesindonesia.com\/de\/#\/schema\/logo\/image\/","url":"https:\/\/craftygenesindonesia.com\/wp-content\/uploads\/2025\/11\/cropped-Copy-of-Craftygenesindonesia.jpg","contentUrl":"https:\/\/craftygenesindonesia.com\/wp-content\/uploads\/2025\/11\/cropped-Copy-of-Craftygenesindonesia.jpg","width":180,"height":60,"caption":"Craftygenesindonesia"},"image":{"@id":"https:\/\/craftygenesindonesia.com\/de\/#\/schema\/logo\/image\/"}}]}},"_links":{"self":[{"href":"https:\/\/craftygenesindonesia.com\/de\/wp-json\/wp\/v2\/product\/987528246","targetHints":{"allow":["GET"]}}],"collection":[{"href":"https:\/\/craftygenesindonesia.com\/de\/wp-json\/wp\/v2\/product"}],"about":[{"href":"https:\/\/craftygenesindonesia.com\/de\/wp-json\/wp\/v2\/types\/product"}],"replies":[{"embeddable":true,"href":"https:\/\/craftygenesindonesia.com\/de\/wp-json\/wp\/v2\/comments?post=987528246"}],"wp:featuredmedia":[{"embeddable":true,"href":"https:\/\/craftygenesindonesia.com\/de\/wp-json\/wp\/v2\/media\/987528251"}],"wp:attachment":[{"href":"https:\/\/craftygenesindonesia.com\/de\/wp-json\/wp\/v2\/media?parent=987528246"}],"wp:term":[{"taxonomy":"product_brand","embeddable":true,"href":"https:\/\/craftygenesindonesia.com\/de\/wp-json\/wp\/v2\/product_brand?post=987528246"},{"taxonomy":"product_cat","embeddable":true,"href":"https:\/\/craftygenesindonesia.com\/de\/wp-json\/wp\/v2\/product_cat?post=987528246"},{"taxonomy":"product_tag","embeddable":true,"href":"https:\/\/craftygenesindonesia.com\/de\/wp-json\/wp\/v2\/product_tag?post=987528246"}],"curies":[{"name":"wp","href":"https:\/\/api.w.org\/{rel}","templated":true}]}}