{"id":987528241,"date":"2025-06-15T10:08:19","date_gmt":"2025-06-15T02:08:19","guid":{"rendered":"https:\/\/craftygenesindonesia.com\/shop\/unkategorisiert\/meerjungfrauenschwanz\/"},"modified":"2026-03-18T19:18:23","modified_gmt":"2026-03-18T11:18:23","slug":"meerjungfrauenschwanz","status":"publish","type":"product","link":"https:\/\/craftygenesindonesia.com\/de\/shop\/puppenkleider\/meerjungfrauenschwanz\/","title":{"rendered":"Meerjungfrauenschwanz"},"content":{"rendered":"<p>Dieser Schwanz wird aus Garn der St\u00e4rke \u201eFINGERING\u201c und einer 2-mm-H\u00e4kelnadel gefertigt.<\/p>\n<p>Du ben\u00f6tigst 1 Farbe deiner Wahl (75\u201385 Meter\/85\u201395 Yards) (Marken wie Catona, Catania, Rainbow usw. sind alle sehr gut geeignet)<\/p>\n<p>Au\u00dferdem ben\u00f6tigst du: Maschenmarkierer \u2013 Schere \u2013 Tapisserienadel<\/p>\n<p>H\u00e4kelnadel: 2mm<\/p>\n<p>Diese Anleitung ist eine schriftliche Anleitung mit vielen Bildern, die dir helfen sollen. Falls du noch Fragen hast, schreib mir bitte eine Nachricht an: <a href=\"mailto:craftygenesindonesia@gmail.com\">craftygenesindonesia@gmail.com<\/a> <\/p>\n<p><strong>Diese Anleitung ist ausschlie\u00dflich f\u00fcr den pers\u00f6nlichen Gebrauch bestimmt und unterliegt dem Urheberrecht. Die Anleitung darf daher ohne meine Zustimmung in keiner Form kopiert, verkauft, weiterverkauft, \u00fcbersetzt, als eigenes Design ausgegeben, verbreitet, geteilt, ver\u00f6ffentlicht oder online gestellt werden.  Nicht einmal ansatzweise!!!<\/strong><\/p>\n<p><strong>Du darfst das fertige Produkt in kleinen Mengen verkaufen, ABER NICHT DIE ANLEITUNG SELBST! Bitte gib an, dass die Anleitung von Craftygenesindonesia stammt und wo sie erh\u00e4ltlich ist. <\/strong><\/p>\n","protected":false},"excerpt":{"rendered":"<p>Dies ist ein schnelles und einfaches H\u00e4kelmuster f\u00fcr einen sch\u00f6nen Meerjungfrauenschwanz mit BH-Oberteil, der den meisten Modepuppen passt.<\/p>\n","protected":false},"featured_media":987528245,"comment_status":"open","ping_status":"closed","template":"","meta":{"_acf_changed":false},"product_brand":[],"product_cat":[12157],"product_tag":[12158,12159,12160],"class_list":{"0":"post-987528241","1":"product","2":"type-product","3":"status-publish","4":"has-post-thumbnail","6":"product_cat-puppenkleider","7":"product_tag-barbie-de","8":"product_tag-meerjungfrau","9":"product_tag-schwanz","10":"pa_available_on-craftygenesindonesia","11":"pa_available_on-ravelry","12":"pa_languages-deutsch","13":"pa_languages-franzoesisch","14":"pa_languages-niederlaendisch","15":"pa_languages-spanisch","16":"pa_languages-us-englisch","18":"first","19":"instock","20":"downloadable","21":"virtual","22":"purchasable","23":"product-type-simple"},"acf":[],"yoast_head":"<!-- This site is optimized with the Yoast SEO plugin v27.4 - https:\/\/yoast.com\/product\/yoast-seo-wordpress\/ -->\n<title>Meerjungfrauenschwanz H\u00e4kelmuster - Craftygenesindonesia<\/title>\n<meta name=\"description\" content=\"Hier kannst du meine H\u00e4kelanleitung \u201eMeerjungfrauenflosse\u201c kaufen. Die einfache H\u00e4kelanleitung f\u00fcr eine Meerjungfrauenflosse ist auch auf Ravelry in mehreren Sprachen erh\u00e4ltlich.\" \/>\n<meta name=\"robots\" content=\"index, follow, max-snippet:-1, max-image-preview:large, max-video-preview:-1\" \/>\n<link rel=\"canonical\" href=\"https:\/\/craftygenesindonesia.com\/de\/shop\/puppenkleider\/meerjungfrauenschwanz\/\" \/>\n<meta property=\"og:locale\" content=\"de_DE\" \/>\n<meta property=\"og:type\" content=\"article\" \/>\n<meta property=\"og:title\" content=\"Meerjungfrauenschwanz-H\u00e4kelmuster\" \/>\n<meta property=\"og:description\" content=\"Hier kannst du meine H\u00e4kelanleitung \u201eMeerjungfrauenflosse\u201c kaufen. Die einfache H\u00e4kelanleitung f\u00fcr eine Meerjungfrauenflosse ist auch auf Ravelry in mehreren Sprachen erh\u00e4ltlich.\" \/>\n<meta property=\"og:url\" content=\"https:\/\/craftygenesindonesia.com\/de\/shop\/puppenkleider\/meerjungfrauenschwanz\/\" \/>\n<meta property=\"og:site_name\" content=\"Craftygenesindonesia\" \/>\n<meta property=\"article:modified_time\" content=\"2026-03-18T11:18:23+00:00\" \/>\n<meta property=\"og:image\" content=\"https:\/\/craftygenesindonesia.com\/wp-content\/uploads\/2023\/05\/Barbie-Mermaid-Tail-300x300.jpg\" \/>\n<meta name=\"twitter:card\" content=\"summary_large_image\" \/>\n<meta name=\"twitter:label1\" content=\"Gesch\u00e4tzte Lesezeit\" \/>\n\t<meta name=\"twitter:data1\" content=\"1\u00a0Minute\" \/>\n<script type=\"application\/ld+json\" class=\"yoast-schema-graph\">{\"@context\":\"https:\\\/\\\/schema.org\",\"@graph\":[{\"@type\":\"WebPage\",\"@id\":\"https:\\\/\\\/craftygenesindonesia.com\\\/de\\\/shop\\\/puppenkleider\\\/meerjungfrauenschwanz\\\/\",\"url\":\"https:\\\/\\\/craftygenesindonesia.com\\\/de\\\/shop\\\/puppenkleider\\\/meerjungfrauenschwanz\\\/\",\"name\":\"Meerjungfrauenschwanz H\u00e4kelmuster - Craftygenesindonesia\",\"isPartOf\":{\"@id\":\"https:\\\/\\\/craftygenesindonesia.com\\\/de\\\/#website\"},\"primaryImageOfPage\":{\"@id\":\"https:\\\/\\\/craftygenesindonesia.com\\\/de\\\/shop\\\/puppenkleider\\\/meerjungfrauenschwanz\\\/#primaryimage\"},\"image\":{\"@id\":\"https:\\\/\\\/craftygenesindonesia.com\\\/de\\\/shop\\\/puppenkleider\\\/meerjungfrauenschwanz\\\/#primaryimage\"},\"thumbnailUrl\":\"https:\\\/\\\/craftygenesindonesia.com\\\/wp-content\\\/uploads\\\/2023\\\/05\\\/Barbie-Mermaid-Tail.jpg\",\"datePublished\":\"2025-06-15T02:08:19+00:00\",\"dateModified\":\"2026-03-18T11:18:23+00:00\",\"description\":\"Hier kannst du meine H\u00e4kelanleitung \u201eMeerjungfrauenflosse\u201c kaufen. Die einfache H\u00e4kelanleitung f\u00fcr eine Meerjungfrauenflosse ist auch auf Ravelry in mehreren Sprachen erh\u00e4ltlich.\",\"breadcrumb\":{\"@id\":\"https:\\\/\\\/craftygenesindonesia.com\\\/de\\\/shop\\\/puppenkleider\\\/meerjungfrauenschwanz\\\/#breadcrumb\"},\"inLanguage\":\"de\",\"potentialAction\":[{\"@type\":\"ReadAction\",\"target\":[\"https:\\\/\\\/craftygenesindonesia.com\\\/de\\\/shop\\\/puppenkleider\\\/meerjungfrauenschwanz\\\/\"]}]},{\"@type\":\"ImageObject\",\"inLanguage\":\"de\",\"@id\":\"https:\\\/\\\/craftygenesindonesia.com\\\/de\\\/shop\\\/puppenkleider\\\/meerjungfrauenschwanz\\\/#primaryimage\",\"url\":\"https:\\\/\\\/craftygenesindonesia.com\\\/wp-content\\\/uploads\\\/2023\\\/05\\\/Barbie-Mermaid-Tail.jpg\",\"contentUrl\":\"https:\\\/\\\/craftygenesindonesia.com\\\/wp-content\\\/uploads\\\/2023\\\/05\\\/Barbie-Mermaid-Tail.jpg\",\"width\":1080,\"height\":1080,\"caption\":\"H\u00e4kelanleitung f\u00fcr eine Barbie-Meerjungfrauenflosse\"},{\"@type\":\"BreadcrumbList\",\"@id\":\"https:\\\/\\\/craftygenesindonesia.com\\\/de\\\/shop\\\/puppenkleider\\\/meerjungfrauenschwanz\\\/#breadcrumb\",\"itemListElement\":[{\"@type\":\"ListItem\",\"position\":1,\"name\":\"Home\",\"item\":\"https:\\\/\\\/craftygenesindonesia.com\\\/de\\\/\"},{\"@type\":\"ListItem\",\"position\":2,\"name\":\"Mustershop\",\"item\":\"https:\\\/\\\/craftygenesindonesia.com\\\/de\\\/muster-shop\\\/\"},{\"@type\":\"ListItem\",\"position\":3,\"name\":\"Meerjungfrauenschwanz\"}]},{\"@type\":\"WebSite\",\"@id\":\"https:\\\/\\\/craftygenesindonesia.com\\\/de\\\/#website\",\"url\":\"https:\\\/\\\/craftygenesindonesia.com\\\/de\\\/\",\"name\":\"Craftygenesindonesia\",\"description\":\"\",\"publisher\":{\"@id\":\"https:\\\/\\\/craftygenesindonesia.com\\\/de\\\/#organization\"},\"potentialAction\":[{\"@type\":\"SearchAction\",\"target\":{\"@type\":\"EntryPoint\",\"urlTemplate\":\"https:\\\/\\\/craftygenesindonesia.com\\\/de\\\/?s={search_term_string}\"},\"query-input\":{\"@type\":\"PropertyValueSpecification\",\"valueRequired\":true,\"valueName\":\"search_term_string\"}}],\"inLanguage\":\"de\"},{\"@type\":\"Organization\",\"@id\":\"https:\\\/\\\/craftygenesindonesia.com\\\/de\\\/#organization\",\"name\":\"Craftygenesindonesia\",\"url\":\"https:\\\/\\\/craftygenesindonesia.com\\\/de\\\/\",\"logo\":{\"@type\":\"ImageObject\",\"inLanguage\":\"de\",\"@id\":\"https:\\\/\\\/craftygenesindonesia.com\\\/de\\\/#\\\/schema\\\/logo\\\/image\\\/\",\"url\":\"https:\\\/\\\/craftygenesindonesia.com\\\/wp-content\\\/uploads\\\/2025\\\/11\\\/cropped-Copy-of-Craftygenesindonesia.jpg\",\"contentUrl\":\"https:\\\/\\\/craftygenesindonesia.com\\\/wp-content\\\/uploads\\\/2025\\\/11\\\/cropped-Copy-of-Craftygenesindonesia.jpg\",\"width\":180,\"height\":60,\"caption\":\"Craftygenesindonesia\"},\"image\":{\"@id\":\"https:\\\/\\\/craftygenesindonesia.com\\\/de\\\/#\\\/schema\\\/logo\\\/image\\\/\"}}]}<\/script>\n<!-- \/ Yoast SEO plugin. -->","yoast_head_json":{"title":"Meerjungfrauenschwanz H\u00e4kelmuster - Craftygenesindonesia","description":"Hier kannst du meine H\u00e4kelanleitung \u201eMeerjungfrauenflosse\u201c kaufen. Die einfache H\u00e4kelanleitung f\u00fcr eine Meerjungfrauenflosse ist auch auf Ravelry in mehreren Sprachen erh\u00e4ltlich.","robots":{"index":"index","follow":"follow","max-snippet":"max-snippet:-1","max-image-preview":"max-image-preview:large","max-video-preview":"max-video-preview:-1"},"canonical":"https:\/\/craftygenesindonesia.com\/de\/shop\/puppenkleider\/meerjungfrauenschwanz\/","og_locale":"de_DE","og_type":"article","og_title":"Meerjungfrauenschwanz-H\u00e4kelmuster","og_description":"Hier kannst du meine H\u00e4kelanleitung \u201eMeerjungfrauenflosse\u201c kaufen. Die einfache H\u00e4kelanleitung f\u00fcr eine Meerjungfrauenflosse ist auch auf Ravelry in mehreren Sprachen erh\u00e4ltlich.","og_url":"https:\/\/craftygenesindonesia.com\/de\/shop\/puppenkleider\/meerjungfrauenschwanz\/","og_site_name":"Craftygenesindonesia","article_modified_time":"2026-03-18T11:18:23+00:00","og_image":[{"url":"https:\/\/craftygenesindonesia.com\/wp-content\/uploads\/2023\/05\/Barbie-Mermaid-Tail-300x300.jpg","type":"","width":"","height":""}],"twitter_card":"summary_large_image","twitter_misc":{"Gesch\u00e4tzte Lesezeit":"1\u00a0Minute"},"schema":{"@context":"https:\/\/schema.org","@graph":[{"@type":"WebPage","@id":"https:\/\/craftygenesindonesia.com\/de\/shop\/puppenkleider\/meerjungfrauenschwanz\/","url":"https:\/\/craftygenesindonesia.com\/de\/shop\/puppenkleider\/meerjungfrauenschwanz\/","name":"Meerjungfrauenschwanz H\u00e4kelmuster - Craftygenesindonesia","isPartOf":{"@id":"https:\/\/craftygenesindonesia.com\/de\/#website"},"primaryImageOfPage":{"@id":"https:\/\/craftygenesindonesia.com\/de\/shop\/puppenkleider\/meerjungfrauenschwanz\/#primaryimage"},"image":{"@id":"https:\/\/craftygenesindonesia.com\/de\/shop\/puppenkleider\/meerjungfrauenschwanz\/#primaryimage"},"thumbnailUrl":"https:\/\/craftygenesindonesia.com\/wp-content\/uploads\/2023\/05\/Barbie-Mermaid-Tail.jpg","datePublished":"2025-06-15T02:08:19+00:00","dateModified":"2026-03-18T11:18:23+00:00","description":"Hier kannst du meine H\u00e4kelanleitung \u201eMeerjungfrauenflosse\u201c kaufen. Die einfache H\u00e4kelanleitung f\u00fcr eine Meerjungfrauenflosse ist auch auf Ravelry in mehreren Sprachen erh\u00e4ltlich.","breadcrumb":{"@id":"https:\/\/craftygenesindonesia.com\/de\/shop\/puppenkleider\/meerjungfrauenschwanz\/#breadcrumb"},"inLanguage":"de","potentialAction":[{"@type":"ReadAction","target":["https:\/\/craftygenesindonesia.com\/de\/shop\/puppenkleider\/meerjungfrauenschwanz\/"]}]},{"@type":"ImageObject","inLanguage":"de","@id":"https:\/\/craftygenesindonesia.com\/de\/shop\/puppenkleider\/meerjungfrauenschwanz\/#primaryimage","url":"https:\/\/craftygenesindonesia.com\/wp-content\/uploads\/2023\/05\/Barbie-Mermaid-Tail.jpg","contentUrl":"https:\/\/craftygenesindonesia.com\/wp-content\/uploads\/2023\/05\/Barbie-Mermaid-Tail.jpg","width":1080,"height":1080,"caption":"H\u00e4kelanleitung f\u00fcr eine Barbie-Meerjungfrauenflosse"},{"@type":"BreadcrumbList","@id":"https:\/\/craftygenesindonesia.com\/de\/shop\/puppenkleider\/meerjungfrauenschwanz\/#breadcrumb","itemListElement":[{"@type":"ListItem","position":1,"name":"Home","item":"https:\/\/craftygenesindonesia.com\/de\/"},{"@type":"ListItem","position":2,"name":"Mustershop","item":"https:\/\/craftygenesindonesia.com\/de\/muster-shop\/"},{"@type":"ListItem","position":3,"name":"Meerjungfrauenschwanz"}]},{"@type":"WebSite","@id":"https:\/\/craftygenesindonesia.com\/de\/#website","url":"https:\/\/craftygenesindonesia.com\/de\/","name":"Craftygenesindonesia","description":"","publisher":{"@id":"https:\/\/craftygenesindonesia.com\/de\/#organization"},"potentialAction":[{"@type":"SearchAction","target":{"@type":"EntryPoint","urlTemplate":"https:\/\/craftygenesindonesia.com\/de\/?s={search_term_string}"},"query-input":{"@type":"PropertyValueSpecification","valueRequired":true,"valueName":"search_term_string"}}],"inLanguage":"de"},{"@type":"Organization","@id":"https:\/\/craftygenesindonesia.com\/de\/#organization","name":"Craftygenesindonesia","url":"https:\/\/craftygenesindonesia.com\/de\/","logo":{"@type":"ImageObject","inLanguage":"de","@id":"https:\/\/craftygenesindonesia.com\/de\/#\/schema\/logo\/image\/","url":"https:\/\/craftygenesindonesia.com\/wp-content\/uploads\/2025\/11\/cropped-Copy-of-Craftygenesindonesia.jpg","contentUrl":"https:\/\/craftygenesindonesia.com\/wp-content\/uploads\/2025\/11\/cropped-Copy-of-Craftygenesindonesia.jpg","width":180,"height":60,"caption":"Craftygenesindonesia"},"image":{"@id":"https:\/\/craftygenesindonesia.com\/de\/#\/schema\/logo\/image\/"}}]}},"_links":{"self":[{"href":"https:\/\/craftygenesindonesia.com\/de\/wp-json\/wp\/v2\/product\/987528241","targetHints":{"allow":["GET"]}}],"collection":[{"href":"https:\/\/craftygenesindonesia.com\/de\/wp-json\/wp\/v2\/product"}],"about":[{"href":"https:\/\/craftygenesindonesia.com\/de\/wp-json\/wp\/v2\/types\/product"}],"replies":[{"embeddable":true,"href":"https:\/\/craftygenesindonesia.com\/de\/wp-json\/wp\/v2\/comments?post=987528241"}],"wp:featuredmedia":[{"embeddable":true,"href":"https:\/\/craftygenesindonesia.com\/de\/wp-json\/wp\/v2\/media\/987528245"}],"wp:attachment":[{"href":"https:\/\/craftygenesindonesia.com\/de\/wp-json\/wp\/v2\/media?parent=987528241"}],"wp:term":[{"taxonomy":"product_brand","embeddable":true,"href":"https:\/\/craftygenesindonesia.com\/de\/wp-json\/wp\/v2\/product_brand?post=987528241"},{"taxonomy":"product_cat","embeddable":true,"href":"https:\/\/craftygenesindonesia.com\/de\/wp-json\/wp\/v2\/product_cat?post=987528241"},{"taxonomy":"product_tag","embeddable":true,"href":"https:\/\/craftygenesindonesia.com\/de\/wp-json\/wp\/v2\/product_tag?post=987528241"}],"curies":[{"name":"wp","href":"https:\/\/api.w.org\/{rel}","templated":true}]}}