{"id":987528233,"date":"2025-07-15T07:16:22","date_gmt":"2025-07-14T23:16:22","guid":{"rendered":"https:\/\/craftygenesindonesia.com\/shop\/unkategorisiert\/noche-santa-krippe\/"},"modified":"2026-03-18T19:01:50","modified_gmt":"2026-03-18T11:01:50","slug":"noche-santa-krippe","status":"publish","type":"product","link":"https:\/\/craftygenesindonesia.com\/de\/shop\/religiose-hakelmuster\/noche-santa-krippe\/","title":{"rendered":"Noche Santa Krippe"},"content":{"rendered":"<p><b>Dateityp<\/b>: H\u00e4kelmuster &#8211; digitaler Download, kein physischer Gegenstand<\/p>\n<p>Verf\u00fcgbare Sprachen: Englisch (US- und britische Begriffe), Niederl\u00e4ndisch, Franz\u00f6sisch, Spanisch, Deutsch, Italienisch<\/p>\n<p>Ma\u00dfe des fertigen Artikels: 51 x 40 x 30 cm \/ 20 x 15,7 x 11,8 Zoll<\/p>\n<p><b>Garnsorte<\/b>: Garn der St\u00e4rke &#8220;Fingerling&#8221; = Gr\u00f6\u00dfe 3<\/p>\n<p><b>Empfohlene Marken<\/b>: Catona by Scheepjes, Durable Coral, &#8230;<\/p>\n<p>Ben\u00f6tigte Garnfarben: Hautfarbe, Blau, Creme, Dunkelbraun, Olivgr\u00fcn, Senfbraun, Ziegelrot, Gelb, Schwarz, Dunkelbeige, Grau, Leuchtgelb, Dunkelblau, Gr\u00fcn, Dunkelgr\u00fcn, Violett, Dunkel-T\u00fcrkis, Hellgrau<\/p>\n<p>*Kaufen Sie das Catona-Garn hier auf Haked.nl (nur in Europa): <a href=\"https:\/\/haked.nl\/product\/benodigdheden-noche-santa-kerststal-scheepjes-catona\/\">https:\/\/haked.nl\/product\/benodigdheden-noche-santa-kerststal-scheepjes-catona\/<\/a><\/p>\n<p>*Kaufen Sie das strapazierf\u00e4hige Korallengarn hier auf Haked.nl (nur in Europa) (etwas g\u00fcnstiger als Catona)): <a href=\"https:\/\/haked.nl\/product\/benodigdheden-noche-santa-kerststal-durable-coral\/\">https:\/\/haked.nl\/product\/benodigdheden-noche-santa-kerststal-durable-coral\/ <\/a> <\/p>\n<p>Farbkarte: auf Ihrer Download-Seite verf\u00fcgbar<\/p>\n<p><b>H\u00e4kelnadelgr\u00f6\u00dfe<\/b>: 2mm<\/p>\n<p>Au\u00dferdem ben\u00f6tigst du: F\u00fcllmaterial, Maschenmarkierer, Schere, Bleistift, Lineal, Kleber, Hei\u00dfklebepistole, Stecknadeln, 2 mm starken Karton, 6 mm starken Karton(**), 2 mm starken Aluminiumdraht, Schneidezange, 5 Wattest\u00e4bchen, Filz (die Farbe spielt keine Rolle, da man den Filz nach Fertigstellung nicht mehr sieht), 1 Holz-Essst\u00e4bchen, selbstklebende Sterne, Kunstdiamanten aus Plastik<\/p>\n<p><b>Copyright und Hilfe-Informationen:<\/b><\/p>\n<p>Dieses Muster ist ein schriftliches Muster (digital) mit vielen Bildern, um Ihnen zu helfen.<span class=\"Apple-converted-space\">  <\/span>Wenn Sie Fragen zum Muster haben, schicken Sie mir eine E-Mail an <a href=\"mailto:craftygenesindonesia@gmail.com\">Craftygenesindonesia@gmail.com<\/a><\/p>\n<p>Dieses digitale H\u00e4kelmuster ist nur f\u00fcr den pers\u00f6nlichen Gebrauch bestimmt und unterliegt dem Copyright.<span class=\"Apple-converted-space\">  <\/span>Daher d\u00fcrfen Sie ohne meine Erlaubnis nicht kopieren, verkaufen, weiterverkaufen, \u00fcbersetzen, als Ihr eigenes Design ausgeben, verteilen, teilen, ver\u00f6ffentlichen, nur posten, &#8230; in irgendeiner Weise oder Form.<span class=\"Apple-converted-space\">  <\/span>Nicht einmal ein Teil davon!<\/p>\n<p>Sie d\u00fcrfen das fertige Produkt oder den Gegenstand in kleinen Mengen verkaufen, aber nicht das H\u00e4kelmuster selbst!<span class=\"Apple-converted-space\">  <\/span>Bitte erw\u00e4hnen Sie, dass das H\u00e4kelmuster von mir, Craftygenesindonesia, stammt und wo man es kaufen kann.<\/p>\n","protected":false},"excerpt":{"rendered":"<p>Das ist meine Krippe f\u00fcr 2025! Sie ist f\u00fcr alle gedacht, die nicht viel Platz in ihrer Wohnung haben, sich aber trotzdem eine recht vollst\u00e4ndige Krippe w\u00fcnschen. Alles, was ihr auf den Bildern seht, ist im Lieferumfang enthalten!  <\/p>\n<p>&nbsp;<\/p>\n","protected":false},"featured_media":987530563,"comment_status":"open","ping_status":"closed","template":"","meta":{"_acf_changed":false},"product_brand":[],"product_cat":[12131,12129,12132,12130],"product_tag":[12136,12147,12139,12152,12142,12148,12149,12145,12155,12156,12135,12137,12150,12151,12134,12138,12140,12153,12143,12141,12146,12144,12154],"class_list":{"0":"post-987528233","1":"product","2":"type-product","3":"status-publish","4":"has-post-thumbnail","6":"product_cat-krippen-hakelmuster","7":"product_cat-religiose-hakelmuster","8":"product_cat-vorbestellung","9":"product_cat-weihnachts-hakelmuster","10":"product_tag-bethlehem-de","11":"product_tag-christian-de","12":"product_tag-drei-konige","13":"product_tag-drei-weise-manner","14":"product_tag-heilige-familie","15":"product_tag-heilige-maria-de","16":"product_tag-heilige-maria-de-2","17":"product_tag-heilige-maria","18":"product_tag-heilige-st-maria","19":"product_tag-himmel","20":"product_tag-jesus-de","21":"product_tag-joseph-de","22":"product_tag-jungfrau-maria","23":"product_tag-katholisch","24":"product_tag-krippenspiel","25":"product_tag-maria","26":"product_tag-nativity-de","27":"product_tag-palme","28":"product_tag-stall","29":"product_tag-stern","30":"product_tag-sterne","31":"product_tag-weihnachtskrippe","32":"product_tag-xmas-de","33":"pa_available_on-craftygenesindonesia","34":"pa_available_on-etsy","35":"pa_available_on-haked-nl","36":"pa_available_on-payhip","37":"pa_available_on-ravelry","38":"pa_languages-deutsch","39":"pa_languages-franzoesisch","40":"pa_languages-grossbritannien-englisch","41":"pa_languages-italienisch","42":"pa_languages-niederlaendisch","43":"pa_languages-spanisch","44":"pa_languages-us-englisch","46":"first","47":"instock","48":"downloadable","49":"virtual","50":"purchasable","51":"product-type-simple"},"acf":[],"yoast_head":"<!-- This site is optimized with the Yoast SEO plugin v27.4 - https:\/\/yoast.com\/product\/yoast-seo-wordpress\/ -->\n<title>Noche Santa Krippe H\u00e4kelmuster - Craftygenesindonesia<\/title>\n<meta name=\"description\" content=\"Purchase here my &quot;Noche Santa Nativity Set&quot; crochet pattern. The easy crochet pattern is also available on Etsy, Haked.nl, Ravelry, Payhip\" \/>\n<meta name=\"robots\" content=\"index, follow, max-snippet:-1, max-image-preview:large, max-video-preview:-1\" \/>\n<link rel=\"canonical\" href=\"https:\/\/craftygenesindonesia.com\/de\/shop\/religiose-hakelmuster\/noche-santa-krippe\/\" \/>\n<meta property=\"og:locale\" content=\"de_DE\" \/>\n<meta property=\"og:type\" content=\"article\" \/>\n<meta property=\"og:title\" content=\"Noche Santa Krippe\" \/>\n<meta property=\"og:description\" content=\"Hier kannst du meine H\u00e4kelanleitung \u201eNoche Santa Nativity Set\u201c kaufen. Die einfache H\u00e4kelanleitung ist auch auf Etsy, Haked.nl, Ravelry und Payhip erh\u00e4ltlich.\" \/>\n<meta property=\"og:url\" content=\"https:\/\/craftygenesindonesia.com\/de\/shop\/religiose-hakelmuster\/noche-santa-krippe\/\" \/>\n<meta property=\"og:site_name\" content=\"Craftygenesindonesia\" \/>\n<meta property=\"article:modified_time\" content=\"2026-03-18T11:01:50+00:00\" \/>\n<meta property=\"og:image\" content=\"https:\/\/craftygenesindonesia.com\/wp-content\/uploads\/2025\/07\/Noche-Santa-Nativity-Set.jpg\" \/>\n\t<meta property=\"og:image:width\" content=\"1080\" \/>\n\t<meta property=\"og:image:height\" content=\"1080\" \/>\n\t<meta property=\"og:image:type\" content=\"image\/jpeg\" \/>\n<meta name=\"twitter:card\" content=\"summary_large_image\" \/>\n<meta name=\"twitter:label1\" content=\"Gesch\u00e4tzte Lesezeit\" \/>\n\t<meta name=\"twitter:data1\" content=\"2\u00a0Minuten\" \/>\n<script type=\"application\/ld+json\" class=\"yoast-schema-graph\">{\"@context\":\"https:\\\/\\\/schema.org\",\"@graph\":[{\"@type\":\"WebPage\",\"@id\":\"https:\\\/\\\/craftygenesindonesia.com\\\/de\\\/shop\\\/religiose-hakelmuster\\\/noche-santa-krippe\\\/\",\"url\":\"https:\\\/\\\/craftygenesindonesia.com\\\/de\\\/shop\\\/religiose-hakelmuster\\\/noche-santa-krippe\\\/\",\"name\":\"Noche Santa Krippe H\u00e4kelmuster - Craftygenesindonesia\",\"isPartOf\":{\"@id\":\"https:\\\/\\\/craftygenesindonesia.com\\\/de\\\/#website\"},\"primaryImageOfPage\":{\"@id\":\"https:\\\/\\\/craftygenesindonesia.com\\\/de\\\/shop\\\/religiose-hakelmuster\\\/noche-santa-krippe\\\/#primaryimage\"},\"image\":{\"@id\":\"https:\\\/\\\/craftygenesindonesia.com\\\/de\\\/shop\\\/religiose-hakelmuster\\\/noche-santa-krippe\\\/#primaryimage\"},\"thumbnailUrl\":\"https:\\\/\\\/craftygenesindonesia.com\\\/wp-content\\\/uploads\\\/2025\\\/07\\\/Noche-Santa-Nativity-Set.jpg\",\"datePublished\":\"2025-07-14T23:16:22+00:00\",\"dateModified\":\"2026-03-18T11:01:50+00:00\",\"description\":\"Purchase here my \\\"Noche Santa Nativity Set\\\" crochet pattern. The easy crochet pattern is also available on Etsy, Haked.nl, Ravelry, Payhip\",\"breadcrumb\":{\"@id\":\"https:\\\/\\\/craftygenesindonesia.com\\\/de\\\/shop\\\/religiose-hakelmuster\\\/noche-santa-krippe\\\/#breadcrumb\"},\"inLanguage\":\"de\",\"potentialAction\":[{\"@type\":\"ReadAction\",\"target\":[\"https:\\\/\\\/craftygenesindonesia.com\\\/de\\\/shop\\\/religiose-hakelmuster\\\/noche-santa-krippe\\\/\"]}]},{\"@type\":\"ImageObject\",\"inLanguage\":\"de\",\"@id\":\"https:\\\/\\\/craftygenesindonesia.com\\\/de\\\/shop\\\/religiose-hakelmuster\\\/noche-santa-krippe\\\/#primaryimage\",\"url\":\"https:\\\/\\\/craftygenesindonesia.com\\\/wp-content\\\/uploads\\\/2025\\\/07\\\/Noche-Santa-Nativity-Set.jpg\",\"contentUrl\":\"https:\\\/\\\/craftygenesindonesia.com\\\/wp-content\\\/uploads\\\/2025\\\/07\\\/Noche-Santa-Nativity-Set.jpg\",\"width\":1080,\"height\":1080,\"caption\":\"geh\u00e4keltes Krippenset\"},{\"@type\":\"BreadcrumbList\",\"@id\":\"https:\\\/\\\/craftygenesindonesia.com\\\/de\\\/shop\\\/religiose-hakelmuster\\\/noche-santa-krippe\\\/#breadcrumb\",\"itemListElement\":[{\"@type\":\"ListItem\",\"position\":1,\"name\":\"Home\",\"item\":\"https:\\\/\\\/craftygenesindonesia.com\\\/de\\\/\"},{\"@type\":\"ListItem\",\"position\":2,\"name\":\"Mustershop\",\"item\":\"https:\\\/\\\/craftygenesindonesia.com\\\/de\\\/muster-shop\\\/\"},{\"@type\":\"ListItem\",\"position\":3,\"name\":\"Noche Santa Krippe\"}]},{\"@type\":\"WebSite\",\"@id\":\"https:\\\/\\\/craftygenesindonesia.com\\\/de\\\/#website\",\"url\":\"https:\\\/\\\/craftygenesindonesia.com\\\/de\\\/\",\"name\":\"Craftygenesindonesia\",\"description\":\"\",\"publisher\":{\"@id\":\"https:\\\/\\\/craftygenesindonesia.com\\\/de\\\/#organization\"},\"potentialAction\":[{\"@type\":\"SearchAction\",\"target\":{\"@type\":\"EntryPoint\",\"urlTemplate\":\"https:\\\/\\\/craftygenesindonesia.com\\\/de\\\/?s={search_term_string}\"},\"query-input\":{\"@type\":\"PropertyValueSpecification\",\"valueRequired\":true,\"valueName\":\"search_term_string\"}}],\"inLanguage\":\"de\"},{\"@type\":\"Organization\",\"@id\":\"https:\\\/\\\/craftygenesindonesia.com\\\/de\\\/#organization\",\"name\":\"Craftygenesindonesia\",\"url\":\"https:\\\/\\\/craftygenesindonesia.com\\\/de\\\/\",\"logo\":{\"@type\":\"ImageObject\",\"inLanguage\":\"de\",\"@id\":\"https:\\\/\\\/craftygenesindonesia.com\\\/de\\\/#\\\/schema\\\/logo\\\/image\\\/\",\"url\":\"https:\\\/\\\/craftygenesindonesia.com\\\/wp-content\\\/uploads\\\/2025\\\/11\\\/cropped-Copy-of-Craftygenesindonesia.jpg\",\"contentUrl\":\"https:\\\/\\\/craftygenesindonesia.com\\\/wp-content\\\/uploads\\\/2025\\\/11\\\/cropped-Copy-of-Craftygenesindonesia.jpg\",\"width\":180,\"height\":60,\"caption\":\"Craftygenesindonesia\"},\"image\":{\"@id\":\"https:\\\/\\\/craftygenesindonesia.com\\\/de\\\/#\\\/schema\\\/logo\\\/image\\\/\"}}]}<\/script>\n<!-- \/ Yoast SEO plugin. -->","yoast_head_json":{"title":"Noche Santa Krippe H\u00e4kelmuster - Craftygenesindonesia","description":"Purchase here my \"Noche Santa Nativity Set\" crochet pattern. The easy crochet pattern is also available on Etsy, Haked.nl, Ravelry, Payhip","robots":{"index":"index","follow":"follow","max-snippet":"max-snippet:-1","max-image-preview":"max-image-preview:large","max-video-preview":"max-video-preview:-1"},"canonical":"https:\/\/craftygenesindonesia.com\/de\/shop\/religiose-hakelmuster\/noche-santa-krippe\/","og_locale":"de_DE","og_type":"article","og_title":"Noche Santa Krippe","og_description":"Hier kannst du meine H\u00e4kelanleitung \u201eNoche Santa Nativity Set\u201c kaufen. Die einfache H\u00e4kelanleitung ist auch auf Etsy, Haked.nl, Ravelry und Payhip erh\u00e4ltlich.","og_url":"https:\/\/craftygenesindonesia.com\/de\/shop\/religiose-hakelmuster\/noche-santa-krippe\/","og_site_name":"Craftygenesindonesia","article_modified_time":"2026-03-18T11:01:50+00:00","og_image":[{"width":1080,"height":1080,"url":"https:\/\/craftygenesindonesia.com\/wp-content\/uploads\/2025\/07\/Noche-Santa-Nativity-Set.jpg","type":"image\/jpeg"}],"twitter_card":"summary_large_image","twitter_misc":{"Gesch\u00e4tzte Lesezeit":"2\u00a0Minuten"},"schema":{"@context":"https:\/\/schema.org","@graph":[{"@type":"WebPage","@id":"https:\/\/craftygenesindonesia.com\/de\/shop\/religiose-hakelmuster\/noche-santa-krippe\/","url":"https:\/\/craftygenesindonesia.com\/de\/shop\/religiose-hakelmuster\/noche-santa-krippe\/","name":"Noche Santa Krippe H\u00e4kelmuster - Craftygenesindonesia","isPartOf":{"@id":"https:\/\/craftygenesindonesia.com\/de\/#website"},"primaryImageOfPage":{"@id":"https:\/\/craftygenesindonesia.com\/de\/shop\/religiose-hakelmuster\/noche-santa-krippe\/#primaryimage"},"image":{"@id":"https:\/\/craftygenesindonesia.com\/de\/shop\/religiose-hakelmuster\/noche-santa-krippe\/#primaryimage"},"thumbnailUrl":"https:\/\/craftygenesindonesia.com\/wp-content\/uploads\/2025\/07\/Noche-Santa-Nativity-Set.jpg","datePublished":"2025-07-14T23:16:22+00:00","dateModified":"2026-03-18T11:01:50+00:00","description":"Purchase here my \"Noche Santa Nativity Set\" crochet pattern. The easy crochet pattern is also available on Etsy, Haked.nl, Ravelry, Payhip","breadcrumb":{"@id":"https:\/\/craftygenesindonesia.com\/de\/shop\/religiose-hakelmuster\/noche-santa-krippe\/#breadcrumb"},"inLanguage":"de","potentialAction":[{"@type":"ReadAction","target":["https:\/\/craftygenesindonesia.com\/de\/shop\/religiose-hakelmuster\/noche-santa-krippe\/"]}]},{"@type":"ImageObject","inLanguage":"de","@id":"https:\/\/craftygenesindonesia.com\/de\/shop\/religiose-hakelmuster\/noche-santa-krippe\/#primaryimage","url":"https:\/\/craftygenesindonesia.com\/wp-content\/uploads\/2025\/07\/Noche-Santa-Nativity-Set.jpg","contentUrl":"https:\/\/craftygenesindonesia.com\/wp-content\/uploads\/2025\/07\/Noche-Santa-Nativity-Set.jpg","width":1080,"height":1080,"caption":"geh\u00e4keltes Krippenset"},{"@type":"BreadcrumbList","@id":"https:\/\/craftygenesindonesia.com\/de\/shop\/religiose-hakelmuster\/noche-santa-krippe\/#breadcrumb","itemListElement":[{"@type":"ListItem","position":1,"name":"Home","item":"https:\/\/craftygenesindonesia.com\/de\/"},{"@type":"ListItem","position":2,"name":"Mustershop","item":"https:\/\/craftygenesindonesia.com\/de\/muster-shop\/"},{"@type":"ListItem","position":3,"name":"Noche Santa Krippe"}]},{"@type":"WebSite","@id":"https:\/\/craftygenesindonesia.com\/de\/#website","url":"https:\/\/craftygenesindonesia.com\/de\/","name":"Craftygenesindonesia","description":"","publisher":{"@id":"https:\/\/craftygenesindonesia.com\/de\/#organization"},"potentialAction":[{"@type":"SearchAction","target":{"@type":"EntryPoint","urlTemplate":"https:\/\/craftygenesindonesia.com\/de\/?s={search_term_string}"},"query-input":{"@type":"PropertyValueSpecification","valueRequired":true,"valueName":"search_term_string"}}],"inLanguage":"de"},{"@type":"Organization","@id":"https:\/\/craftygenesindonesia.com\/de\/#organization","name":"Craftygenesindonesia","url":"https:\/\/craftygenesindonesia.com\/de\/","logo":{"@type":"ImageObject","inLanguage":"de","@id":"https:\/\/craftygenesindonesia.com\/de\/#\/schema\/logo\/image\/","url":"https:\/\/craftygenesindonesia.com\/wp-content\/uploads\/2025\/11\/cropped-Copy-of-Craftygenesindonesia.jpg","contentUrl":"https:\/\/craftygenesindonesia.com\/wp-content\/uploads\/2025\/11\/cropped-Copy-of-Craftygenesindonesia.jpg","width":180,"height":60,"caption":"Craftygenesindonesia"},"image":{"@id":"https:\/\/craftygenesindonesia.com\/de\/#\/schema\/logo\/image\/"}}]}},"_links":{"self":[{"href":"https:\/\/craftygenesindonesia.com\/de\/wp-json\/wp\/v2\/product\/987528233","targetHints":{"allow":["GET"]}}],"collection":[{"href":"https:\/\/craftygenesindonesia.com\/de\/wp-json\/wp\/v2\/product"}],"about":[{"href":"https:\/\/craftygenesindonesia.com\/de\/wp-json\/wp\/v2\/types\/product"}],"replies":[{"embeddable":true,"href":"https:\/\/craftygenesindonesia.com\/de\/wp-json\/wp\/v2\/comments?post=987528233"}],"wp:featuredmedia":[{"embeddable":true,"href":"https:\/\/craftygenesindonesia.com\/de\/wp-json\/wp\/v2\/media\/987530563"}],"wp:attachment":[{"href":"https:\/\/craftygenesindonesia.com\/de\/wp-json\/wp\/v2\/media?parent=987528233"}],"wp:term":[{"taxonomy":"product_brand","embeddable":true,"href":"https:\/\/craftygenesindonesia.com\/de\/wp-json\/wp\/v2\/product_brand?post=987528233"},{"taxonomy":"product_cat","embeddable":true,"href":"https:\/\/craftygenesindonesia.com\/de\/wp-json\/wp\/v2\/product_cat?post=987528233"},{"taxonomy":"product_tag","embeddable":true,"href":"https:\/\/craftygenesindonesia.com\/de\/wp-json\/wp\/v2\/product_tag?post=987528233"}],"curies":[{"name":"wp","href":"https:\/\/api.w.org\/{rel}","templated":true}]}}