{"id":987528206,"date":"2022-05-10T13:59:09","date_gmt":"2022-05-10T05:59:09","guid":{"rendered":"https:\/\/craftygenesindonesia.com\/haftungsausschluss\/"},"modified":"2026-03-25T11:50:21","modified_gmt":"2026-03-25T03:50:21","slug":"haftungsausschluss","status":"publish","type":"page","link":"https:\/\/craftygenesindonesia.com\/de\/haftungsausschluss\/","title":{"rendered":"Haftungsausschluss"},"content":{"rendered":"<div class=\"et_pb_section_0 et_pb_section et_section_regular et_flex_section\">\n<div class=\"et_pb_row_0 et_pb_row et_flex_row et_flex_column_24_24 et_flex_column_24_24_tablet et_flex_column_24_24_phone\">\n<div class=\"et_pb_column_0 et_pb_column et-last-child et_flex_column et_pb_css_mix_blend_mode_passthrough et_flex_column_24_24 et_flex_column_24_24_tablet et_flex_column_24_24_phone\">\n<div class=\"et_pb_text_0 et_pb_text et_pb_bg_layout_light et_pb_module et_flex_module\"><div class=\"et_pb_text_inner\"><h2><strong>Haftungsausschluss<\/strong><\/h2>\n<p><strong><\/strong><\/p>\n<p>Die auf Craftygenesindonesia bereitgestellten Informationen werden in gutem Glauben und zu allgemeinen Informations- und Bildungszwecken im Zusammenhang mit H\u00e4keln, Stricken und Basteln ver\u00f6ffentlicht.<\/p>\n<p>Obwohl alle Anstrengungen unternommen werden, um sicherzustellen, dass die Informationen auf dieser Website korrekt und aktuell sind, \u00fcbernimmt Craftygenesindonesia keine Gew\u00e4hr f\u00fcr die Vollst\u00e4ndigkeit, Zuverl\u00e4ssigkeit oder Richtigkeit der auf dieser Website ver\u00f6ffentlichten Informationen.<\/p>\n<p>Jede Handlung, die Sie auf der Grundlage der auf dieser Website enthaltenen Informationen vornehmen, erfolgt ausschlie\u00dflich auf eigenes Risiko. Craftygenesindonesia haftet nicht f\u00fcr Verluste, Sch\u00e4den oder Verletzungen, die sich aus der Nutzung dieser Website oder der bereitgestellten Informationen ergeben. <\/p>\n<hr>\n<h2><\/h2>\n<h2>Haftungsausschluss zu Handarbeiten und Schnittmustern<\/h2>\n<p>Die auf dieser Website bereitgestellten H\u00e4kel- und Strickanleitungen richten sich an Personen, die \u00fcber die erforderlichen Kenntnisse und Erfahrungen verf\u00fcgen, um handgefertigte Artikel sicher herzustellen.<\/p>\n<p>Craftygenesindonesia kann nicht garantieren, dass jede Anleitung bei jedem Nutzer genau gleich funktioniert, da die Ergebnisse je nach folgenden Faktoren variieren k\u00f6nnen:<\/p>\n<ul>\n<li>Garnauswahl<\/li>\n<li>H\u00e4kelnadel- oder Stricknadelst\u00e4rke<\/li>\n<li>Spannung oder Messger\u00e4t<\/li>\n<li>Individuelle Handwerkstechniken<\/li>\n<li>Verwendete Materialien<\/li>\n<\/ul>\n<p>Die Nutzer sind daf\u00fcr verantwortlich, sicherzustellen, dass die von ihnen verwendeten Materialien und Werkzeuge f\u00fcr ihre Projekte geeignet sind.<\/p>\n<p>Craftygenesindonesia \u00fcbernimmt keine Haftung f\u00fcr Sch\u00e4den an Materialien, Werkzeugen oder fertigen Produkten, die durch die Verwendung von Schnittmustern oder Anleitungen dieser Website entstehen.<\/p>\n<hr>\n<h2><\/h2>\n<h2>Haftungsausschluss<\/h2>\n<p>Beim H\u00e4keln und Stricken werden Werkzeuge wie H\u00e4kelnadeln, Stricknadeln, Scheren und anderes Handarbeitszubeh\u00f6r verwendet.<\/p>\n<p>Benutzer sollten stets sorgf\u00e4ltig arbeiten und bei der Verwendung von Handwerkswerkzeugen die entsprechenden Sicherheitsvorkehrungen beachten.<\/p>\n<p>Craftygenesindonesia \u00fcbernimmt keine Haftung f\u00fcr:<\/p>\n<ul>\n<li>Verletzungen durch die Verwendung von Handwerkswerkzeugen<\/li>\n<li>Sch\u00e4den, die bei der Erstellung von Projekten entstehen<\/li>\n<li>Unsachgem\u00e4\u00dfer Gebrauch von Materialien oder Ger\u00e4ten<\/li>\n<\/ul>\n<p>Alle Bastelarbeiten erfolgen auf eigene Gefahr.<\/p>\n<hr>\n<h2><\/h2>\n<h2>Haftungsausschluss f\u00fcr Fertigprodukte<\/h2>\n<p>Die auf dieser Website verf\u00fcgbaren Schnittmuster sind f\u00fcr die Herstellung handgefertigter Artikel bestimmt. Craftygenesindonesia \u00fcbernimmt keine Verantwortung f\u00fcr die Qualit\u00e4t, Sicherheit oder Leistungsf\u00e4higkeit der fertigen Artikel, die von anderen unter Verwendung dieser Schnittmuster hergestellt werden. <\/p>\n<p>Werden die fertigen Gegenst\u00e4nde verkauft oder an andere weitergegeben, \u00fcbernimmt die Person, die diese Gegenst\u00e4nde herstellt und weitergibt, die volle Verantwortung f\u00fcr deren Sicherheit und Eignung.<\/p>\n<hr>\n<h2><\/h2>\n<h2>Haftungsausschluss f\u00fcr externe Links<\/h2>\n<p>Diese Website kann zu Informationszwecken oder aus Gr\u00fcnden der Benutzerfreundlichkeit Links zu externen Websites enthalten.<\/p>\n<p>Craftygenesindonesia hat keinen Einfluss auf die Inhalte, Richtlinien oder Praktiken dieser externen Websites und kann deren Richtigkeit, Zuverl\u00e4ssigkeit oder Sicherheit nicht garantieren.<\/p>\n<p>Die Aufnahme externer Links bedeutet nicht, dass wir die Inhalte dieser Websites bef\u00fcrworten.<\/p>\n<p>Benutzer sollten die Nutzungsbedingungen und Datenschutzrichtlinien aller externen Websites, die sie besuchen, lesen.<\/p>\n<hr>\n<h2><\/h2>\n<h2>Haftungsausschluss f\u00fcr digitale Produkte<\/h2>\n<p>Alle auf dieser Website verkauften oder bereitgestellten digitalen Produkte, einschlie\u00dflich H\u00e4kel- und Strickanleitungen, werden als herunterladbare Dateien bereitgestellt.<\/p>\n<p>Craftygenesindonesia \u00fcbernimmt keine Verantwortung f\u00fcr Probleme im Zusammenhang mit:<\/p>\n<ul>\n<li>Ger\u00e4tekompatibilit\u00e4t<\/li>\n<li>Software zum \u00d6ffnen von Dateien<\/li>\n<li>Probleme mit der Internetverbindung<\/li>\n<li>Speicherung oder Verlust von Dateien nach dem Herunterladen<\/li>\n<\/ul>\n<p>Es liegt in der Verantwortung des K\u00e4ufers, sicherzustellen, dass sein Ger\u00e4t g\u00e4ngige Dateiformate wie PDF herunterladen und \u00f6ffnen kann.<\/p>\n<hr>\n<h2><\/h2>\n<h2>Haftungsausschluss zu Partnerprogrammen und Empfehlungen<\/h2>\n<p>Von Zeit zu Zeit empfiehlt Craftygenesindonesia m\u00f6glicherweise Werkzeuge, Garne, B\u00fccher oder andere Produkte rund ums Handarbeiten.<\/p>\n<p>Diese Empfehlungen basieren auf pers\u00f6nlichen Erfahrungen oder Meinungen und dienen ausschlie\u00dflich zu Informationszwecken.<\/p>\n<p>Craftygenesindonesia \u00fcbernimmt keine Gew\u00e4hr f\u00fcr die Qualit\u00e4t, Sicherheit oder Leistungsf\u00e4higkeit von Produkten, die bei Drittanbietern erworben wurden.<\/p>\n<hr>\n<h2><\/h2>\n<h2>\u00c4nderungen an diesem Haftungsausschluss<\/h2>\n<p>Craftygenesindonesia beh\u00e4lt sich das Recht vor, diesen Haftungsausschluss jederzeit ohne vorherige Ank\u00fcndigung zu aktualisieren, anzupassen oder zu \u00e4ndern.<\/p>\n<p>Mit der Nutzung dieser Website erkl\u00e4ren Sie sich mit diesem Haftungsausschluss und allen k\u00fcnftigen Aktualisierungen einverstanden.<\/p>\n<\/div><\/div>\n<\/div>\n<\/div>\n<\/div>","protected":false},"excerpt":{"rendered":"","protected":false},"author":1,"featured_media":0,"parent":0,"menu_order":0,"comment_status":"closed","ping_status":"closed","template":"","meta":{"_acf_changed":false,"footnotes":""},"class_list":["post-987528206","page","type-page","status-publish","hentry"],"acf":[],"yoast_head":"<!-- This site is optimized with the Yoast SEO plugin v27.4 - https:\/\/yoast.com\/product\/yoast-seo-wordpress\/ -->\n<title>Haftungsausschluss - Craftygenesindonesia<\/title>\n<meta name=\"description\" content=\"Dies ist meine Seite f\u00fcr den Haftungsausschluss.\" \/>\n<meta name=\"robots\" content=\"index, follow, max-snippet:-1, max-image-preview:large, max-video-preview:-1\" \/>\n<link rel=\"canonical\" href=\"https:\/\/craftygenesindonesia.com\/de\/haftungsausschluss\/\" \/>\n<meta property=\"og:locale\" content=\"de_DE\" \/>\n<meta property=\"og:type\" content=\"article\" \/>\n<meta property=\"og:title\" content=\"Haftungsausschluss - Craftygenesindonesia\" \/>\n<meta property=\"og:description\" content=\"Dies ist meine Seite f\u00fcr den Haftungsausschluss.\" \/>\n<meta property=\"og:url\" content=\"https:\/\/craftygenesindonesia.com\/de\/haftungsausschluss\/\" \/>\n<meta property=\"og:site_name\" content=\"Craftygenesindonesia\" \/>\n<meta property=\"article:modified_time\" content=\"2026-03-25T03:50:21+00:00\" \/>\n<meta name=\"twitter:card\" content=\"summary_large_image\" \/>\n<script type=\"application\/ld+json\" class=\"yoast-schema-graph\">{\"@context\":\"https:\\\/\\\/schema.org\",\"@graph\":[{\"@type\":\"WebPage\",\"@id\":\"https:\\\/\\\/craftygenesindonesia.com\\\/de\\\/haftungsausschluss\\\/\",\"url\":\"https:\\\/\\\/craftygenesindonesia.com\\\/de\\\/haftungsausschluss\\\/\",\"name\":\"Haftungsausschluss - Craftygenesindonesia\",\"isPartOf\":{\"@id\":\"https:\\\/\\\/craftygenesindonesia.com\\\/de\\\/#website\"},\"datePublished\":\"2022-05-10T05:59:09+00:00\",\"dateModified\":\"2026-03-25T03:50:21+00:00\",\"description\":\"Dies ist meine Seite f\u00fcr den Haftungsausschluss.\",\"breadcrumb\":{\"@id\":\"https:\\\/\\\/craftygenesindonesia.com\\\/de\\\/haftungsausschluss\\\/#breadcrumb\"},\"inLanguage\":\"de\",\"potentialAction\":[{\"@type\":\"ReadAction\",\"target\":[\"https:\\\/\\\/craftygenesindonesia.com\\\/de\\\/haftungsausschluss\\\/\"]}]},{\"@type\":\"BreadcrumbList\",\"@id\":\"https:\\\/\\\/craftygenesindonesia.com\\\/de\\\/haftungsausschluss\\\/#breadcrumb\",\"itemListElement\":[{\"@type\":\"ListItem\",\"position\":1,\"name\":\"Home\",\"item\":\"https:\\\/\\\/craftygenesindonesia.com\\\/de\\\/\"},{\"@type\":\"ListItem\",\"position\":2,\"name\":\"Haftungsausschluss\"}]},{\"@type\":\"WebSite\",\"@id\":\"https:\\\/\\\/craftygenesindonesia.com\\\/de\\\/#website\",\"url\":\"https:\\\/\\\/craftygenesindonesia.com\\\/de\\\/\",\"name\":\"Craftygenesindonesia\",\"description\":\"\",\"publisher\":{\"@id\":\"https:\\\/\\\/craftygenesindonesia.com\\\/de\\\/#organization\"},\"potentialAction\":[{\"@type\":\"SearchAction\",\"target\":{\"@type\":\"EntryPoint\",\"urlTemplate\":\"https:\\\/\\\/craftygenesindonesia.com\\\/de\\\/?s={search_term_string}\"},\"query-input\":{\"@type\":\"PropertyValueSpecification\",\"valueRequired\":true,\"valueName\":\"search_term_string\"}}],\"inLanguage\":\"de\"},{\"@type\":\"Organization\",\"@id\":\"https:\\\/\\\/craftygenesindonesia.com\\\/de\\\/#organization\",\"name\":\"Craftygenesindonesia\",\"url\":\"https:\\\/\\\/craftygenesindonesia.com\\\/de\\\/\",\"logo\":{\"@type\":\"ImageObject\",\"inLanguage\":\"de\",\"@id\":\"https:\\\/\\\/craftygenesindonesia.com\\\/de\\\/#\\\/schema\\\/logo\\\/image\\\/\",\"url\":\"https:\\\/\\\/craftygenesindonesia.com\\\/wp-content\\\/uploads\\\/2025\\\/11\\\/cropped-Copy-of-Craftygenesindonesia.jpg\",\"contentUrl\":\"https:\\\/\\\/craftygenesindonesia.com\\\/wp-content\\\/uploads\\\/2025\\\/11\\\/cropped-Copy-of-Craftygenesindonesia.jpg\",\"width\":180,\"height\":60,\"caption\":\"Craftygenesindonesia\"},\"image\":{\"@id\":\"https:\\\/\\\/craftygenesindonesia.com\\\/de\\\/#\\\/schema\\\/logo\\\/image\\\/\"}}]}<\/script>\n<!-- \/ Yoast SEO plugin. -->","yoast_head_json":{"title":"Haftungsausschluss - Craftygenesindonesia","description":"Dies ist meine Seite f\u00fcr den Haftungsausschluss.","robots":{"index":"index","follow":"follow","max-snippet":"max-snippet:-1","max-image-preview":"max-image-preview:large","max-video-preview":"max-video-preview:-1"},"canonical":"https:\/\/craftygenesindonesia.com\/de\/haftungsausschluss\/","og_locale":"de_DE","og_type":"article","og_title":"Haftungsausschluss - Craftygenesindonesia","og_description":"Dies ist meine Seite f\u00fcr den Haftungsausschluss.","og_url":"https:\/\/craftygenesindonesia.com\/de\/haftungsausschluss\/","og_site_name":"Craftygenesindonesia","article_modified_time":"2026-03-25T03:50:21+00:00","twitter_card":"summary_large_image","schema":{"@context":"https:\/\/schema.org","@graph":[{"@type":"WebPage","@id":"https:\/\/craftygenesindonesia.com\/de\/haftungsausschluss\/","url":"https:\/\/craftygenesindonesia.com\/de\/haftungsausschluss\/","name":"Haftungsausschluss - Craftygenesindonesia","isPartOf":{"@id":"https:\/\/craftygenesindonesia.com\/de\/#website"},"datePublished":"2022-05-10T05:59:09+00:00","dateModified":"2026-03-25T03:50:21+00:00","description":"Dies ist meine Seite f\u00fcr den Haftungsausschluss.","breadcrumb":{"@id":"https:\/\/craftygenesindonesia.com\/de\/haftungsausschluss\/#breadcrumb"},"inLanguage":"de","potentialAction":[{"@type":"ReadAction","target":["https:\/\/craftygenesindonesia.com\/de\/haftungsausschluss\/"]}]},{"@type":"BreadcrumbList","@id":"https:\/\/craftygenesindonesia.com\/de\/haftungsausschluss\/#breadcrumb","itemListElement":[{"@type":"ListItem","position":1,"name":"Home","item":"https:\/\/craftygenesindonesia.com\/de\/"},{"@type":"ListItem","position":2,"name":"Haftungsausschluss"}]},{"@type":"WebSite","@id":"https:\/\/craftygenesindonesia.com\/de\/#website","url":"https:\/\/craftygenesindonesia.com\/de\/","name":"Craftygenesindonesia","description":"","publisher":{"@id":"https:\/\/craftygenesindonesia.com\/de\/#organization"},"potentialAction":[{"@type":"SearchAction","target":{"@type":"EntryPoint","urlTemplate":"https:\/\/craftygenesindonesia.com\/de\/?s={search_term_string}"},"query-input":{"@type":"PropertyValueSpecification","valueRequired":true,"valueName":"search_term_string"}}],"inLanguage":"de"},{"@type":"Organization","@id":"https:\/\/craftygenesindonesia.com\/de\/#organization","name":"Craftygenesindonesia","url":"https:\/\/craftygenesindonesia.com\/de\/","logo":{"@type":"ImageObject","inLanguage":"de","@id":"https:\/\/craftygenesindonesia.com\/de\/#\/schema\/logo\/image\/","url":"https:\/\/craftygenesindonesia.com\/wp-content\/uploads\/2025\/11\/cropped-Copy-of-Craftygenesindonesia.jpg","contentUrl":"https:\/\/craftygenesindonesia.com\/wp-content\/uploads\/2025\/11\/cropped-Copy-of-Craftygenesindonesia.jpg","width":180,"height":60,"caption":"Craftygenesindonesia"},"image":{"@id":"https:\/\/craftygenesindonesia.com\/de\/#\/schema\/logo\/image\/"}}]}},"_links":{"self":[{"href":"https:\/\/craftygenesindonesia.com\/de\/wp-json\/wp\/v2\/pages\/987528206","targetHints":{"allow":["GET"]}}],"collection":[{"href":"https:\/\/craftygenesindonesia.com\/de\/wp-json\/wp\/v2\/pages"}],"about":[{"href":"https:\/\/craftygenesindonesia.com\/de\/wp-json\/wp\/v2\/types\/page"}],"author":[{"embeddable":true,"href":"https:\/\/craftygenesindonesia.com\/de\/wp-json\/wp\/v2\/users\/1"}],"replies":[{"embeddable":true,"href":"https:\/\/craftygenesindonesia.com\/de\/wp-json\/wp\/v2\/comments?post=987528206"}],"version-history":[{"count":5,"href":"https:\/\/craftygenesindonesia.com\/de\/wp-json\/wp\/v2\/pages\/987528206\/revisions"}],"predecessor-version":[{"id":987540160,"href":"https:\/\/craftygenesindonesia.com\/de\/wp-json\/wp\/v2\/pages\/987528206\/revisions\/987540160"}],"wp:attachment":[{"href":"https:\/\/craftygenesindonesia.com\/de\/wp-json\/wp\/v2\/media?parent=987528206"}],"curies":[{"name":"wp","href":"https:\/\/api.w.org\/{rel}","templated":true}]}}